{"id":2307,"date":"2022-06-05T10:15:37","date_gmt":"2022-06-05T10:15:37","guid":{"rendered":"https:\/\/www.zakupynaryby.pl\/?page_id=2307"},"modified":"2025-12-26T11:49:03","modified_gmt":"2025-12-26T10:49:03","slug":"polityka-prywatnosci","status":"publish","type":"page","link":"https:\/\/zakupynaryby.pl\/index.php\/polityka-prywatnosci\/","title":{"rendered":"Polityka prywatno\u015bci"},"content":{"rendered":"\t\t<div data-elementor-type=\"wp-page\" data-elementor-id=\"2307\" class=\"elementor elementor-2307\">\n\t\t\t\t\t\t<div class=\"elementor-inner\">\n\t\t\t\t<div class=\"elementor-section-wrap\">\n\t\t\t\t\t\t\t\t\t<section class=\"elementor-section elementor-top-section elementor-element elementor-element-1903503d elementor-section-boxed elementor-section-height-default elementor-section-height-default\" data-id=\"1903503d\" data-element_type=\"section\">\n\t\t\t\t\t\t<div class=\"elementor-container elementor-column-gap-default\">\n\t\t\t\t\t\t\t<div class=\"elementor-row\">\n\t\t\t\t\t<div class=\"aux-parallax-section elementor-column elementor-col-100 elementor-top-column elementor-element elementor-element-5bd6d0d0\" data-id=\"5bd6d0d0\" data-element_type=\"column\">\n\t\t\t<div class=\"elementor-column-wrap elementor-element-populated\">\n\t\t\t\t\t\t\t<div class=\"elementor-widget-wrap\">\n\t\t\t\t\t\t<div class=\"elementor-element elementor-element-51e02f8 elementor-widget elementor-widget-text-editor\" data-id=\"51e02f8\" data-element_type=\"widget\" data-widget_type=\"text-editor.default\">\n\t\t\t\t<div class=\"elementor-widget-container\">\n\t\t\t\t\t\t\t\t<div class=\"elementor-text-editor elementor-clearfix\">\n\t\t\t\t<p>Niniejsza Polityka prywatno\u015bci okre\u015bla zasady gromadzenia, przetwarzania i wykorzystywania danych osobowych pozyskanych od Pa\u0144stwa przez sklep internetowy zakupynaryby.pl, prowadzony pod www.zakupynaryby.pl (dalej zwan\u0105 Witryn\u0105) przez <br \/>KSR Bogdan Nowak, <br \/>ul. Modli\u0144ska 34, <br \/>05-110 Jab\u0142onna , <br \/>NIP: 5271733183, <br \/>Regon: 381383537, <br \/>tel.kont.+48 602 687 677 <br \/>(dalej zwanego Sklepem Internetowym).<\/p><p>Sklep internetowy dok\u0142ada wszelkich stara\u0144 w celu zapewnienia poszanowania Pa\u0144stwa prywatno\u015bci i ochrony udzielonych informacji osobowych podczas korzystania z Witryny i dokonywania zakup\u00f3w w ramach sklepu oraz w tym celu podejmuje wszelkie niezb\u0119dne dzia\u0142ania.<\/p><p>Jakie dane zbiera sklep internetowy w spos\u00f3b automatyczny podczas korzystania z Witryny?<br \/>Sklep internetowy nie zbiera w spos\u00f3b automatyczny \u017cadnych danych, z wyj\u0105tkiem danych zawartych w plikach cookies podczas samego korzystania z Witryny.<br \/>Pliki cookies to ma\u0142e pliki tekstowe wysy\u0142ane przez sklep internetowy i przechowywane na Pa\u0144stwa komputerze zawieraj\u0105ce pewne informacje zwi\u0105zane z korzystaniem przez Pa\u0144stwa z Witryny i Sklepu Internetowego. <br \/>Wykorzystywane przez sklep internetowy pliki cookies mog\u0105 mie\u0107 charakter tymczasowy lub trwa\u0142y. <br \/>Tymczasowe pliki cookies s\u0105 usuwane z chwil\u0105 zamkni\u0119cia przegl\u0105darki, natomiast sta\u0142e pliki cookies s\u0105 przechowywane tak\u017ce po zako\u0144czeniu korzystania przez Pa\u0144stwa z Witryny i s\u0142u\u017c\u0105 do przechowywania informacji takich jak Pa\u0144stwa has\u0142o czy login, co przyspiesza i u\u0142atwia korzystanie z Witryny.<\/p><p>Sklep internetowy wykorzystuje pliki cookie w nast\u0119puj\u0105cych celach:<br \/>&#8211; przechowywania informacji o zalogowaniu klienta<br \/>&#8211; przechowywania zawarto\u015bci koszyka<br \/>&#8211; Google Analytics &#8211; statystyki<\/p><p>W ka\u017cdym wypadku mog\u0105 Pa\u0144stwo zablokowa\u0107 instalowanie plik\u00f3w cookies lub usun\u0105\u0107 sta\u0142e pliki cookies, wykorzystuj\u0105c stosowne opcje Pa\u0144stwa przegl\u0105darki internetowej. <br \/>W razie problem\u00f3w doradzamy skorzysta\u0107 z pliku pomocy przegl\u0105darki lub skontaktowa\u0107 si\u0119 z producentem przegl\u0105darki, z kt\u00f3rej Pa\u0144stwo korzystacie.<\/p><p>Obok plik\u00f3w cookies sklep internetowy mo\u017ce r\u00f3wnie\u017c gromadzi\u0107 dane zwyczajowo zbierane przez administrator\u00f3w system\u00f3w internetowych w ramach tzw. log\u00f3w lub plik\u00f3w dziennika.<br \/>Informacje zawarte w logach mog\u0105 obejmowa\u0107 m.in. Pa\u0144stwa adres IP, rodzaj platformy i przegl\u0105darki internetowej, dostawc\u0119 Internetu oraz adres strony, z kt\u00f3rej weszli\u015bcie Pa\u0144stwo na Witryn\u0119.<\/p><p>Jakie dane zbiera sklep internetowy podczas rejestracji i dokonywania zakup\u00f3w?<\/p><p>Sklep internetowy b\u0119dzie od Pa\u0144stwa zbiera\u0142 nast\u0119puj\u0105ce dane osobowe za po\u015brednictwem Witryny oraz innych form komunikacji, w przypadku dokonywania zakup\u00f3w i procesu rejestracji na Witrynie:<br \/>1) nazwisko i imi\u0119,<br \/>2) adres do realizacji wysy\u0142ki zam\u00f3wienia,<br \/>3) adres poczty elektronicznej,<br \/>4) numer telefonu.<br \/>Podanie powy\u017cszych danych jest dobrowolne lecz konieczne dla dokonania rejestracji lub realizacji procesu zakupu w ramach Witryny lub poprzez inn\u0105 forme kontaktu.<\/p><p>Podanie powy\u017cszych danych jest dobrowolne i wymaga Pa\u0144stwa zgody, jest jednak konieczne dla realizacji wskazanych powy\u017cej cel\u00f3w. <br \/>Podkre\u015blamy, \u017ce nie musz\u0105 Pa\u0144stwo podawa\u0107 tych danych, je\u017celi nie chc\u0105 Pa\u0144stwo korzysta\u0107 ze wskazanych powy\u017cej mo\u017cliwo\u015bci. <br \/>Przys\u0142uguje Pa\u0144stwu prawo dost\u0119pu do tre\u015bci swoich danych osobowych oraz prawo ich poprawiania.<br \/>W celu realizacji tego uprawnienia prosimy o korzystanie z opcji w ramach swojego konta.<\/p><p>Podstawa prawna przetwarzania danych osobowych klient\u00f3w sklepu jest oparta o Rozporz\u0105dzenie Parlamentu Europejskiego i Rady (UE) 2016\/679 z dnia 27 kwietnia 2016 r. w sprawie ochrony os\u00f3b fizycznych i w sprawie swobodnego przep\u0142ywu takich danych oraz uchylenia dyrektywy 95\/46\/WE (RODO).<br \/>Podstaw\u0105 przetwarzania danych osobowych w tym przypadku jest: &#8222;umowa sprzeda\u017cy lub dzia\u0142ania podejmowane na \u017c\u0105danie Kupuj\u0105cego, zmierzaj\u0105ce do jej zawarcia (art. 6 ust. 1 lit. b RODO), ci\u0105\u017c\u0105cy na Sprzedawcy obowi\u0105zek prawny zwi\u0105zany z rachunkowo\u015bci\u0105 (art. 6 ust. 1 lit. c) oraz prawnie uzasadniony interes Sprzedawcy, polegaj\u0105cy na przetwarzaniu danych w celu ustalenia, dochodzenia lub obrony ewentualnych roszcze\u0144 (art. 6 ust. 1 lit. f RODO).<\/p><p>Udost\u0119pnienie informacji<br \/>W celu realizacji umowy sklep internetowy mo\u017ce udost\u0119pnia\u0107 zebrane od Pa\u0144stwa dane do nast\u0119puj\u0105cych podmiot\u00f3w tj. firmy kurierskie, operator\u00f3w system\u00f3w p\u0142atno\u015bci, firmy obs\u0142uguj\u0105ce reklamacje.<br \/>W takich przypadkach ilo\u015b\u0107 przekazywanych danych ograniczona jest do wymaganego minimum.<br \/>Ponadto, podane przez Pa\u0144stwa informacje mog\u0105 zosta\u0107 udost\u0119pnione w\u0142a\u015bciwym organom w\u0142adzy publicznej, je\u017celi wymagaj\u0105 tego obowi\u0105zuj\u0105ce przepisy prawa.<\/p><p>\u015arodki techniczne i Pa\u0144stwa obowi\u0105zki<br \/>Sklep internetowy dok\u0142ada wszelkich mo\u017cliwych stara\u0144, aby zabezpieczy\u0107 Pa\u0144stwa dane i ochroni\u0107 je przed dzia\u0142aniami os\u00f3b trzecich. <br \/>Stosujemy wszelkie niezb\u0119dne zabezpieczenia serwer\u00f3w, po\u0142\u0105cze\u0144 i Witryny w celu ochrony Pa\u0144stwa danych, dost\u0119p do serwera jest zabezpieczony zar\u00f3wno przed dost\u0119pem zdalnym (informatycznym), jak i fizycznym.<br \/>Podj\u0119te przez nas dzia\u0142ania mog\u0105 okaza\u0107 si\u0119 jednak niewystarczaj\u0105ce, je\u017celi sami nie zachowaj\u0105 Pa\u0144stwo zasad bezpiecze\u0144stwa. W szczeg\u00f3lno\u015bci musz\u0105 Pa\u0144stwo zachowa\u0107 w poufno\u015bci danych potrzebnych do logowania w Witrynie i nie udost\u0119pnia\u0107 ich osobom trzecim. <br \/>Prosz\u0119 pami\u0119ta\u0107, \u017ce sklep internetowy nie b\u0119dzie zwraca\u0142 si\u0119 do Pa\u0144stwa o ich podanie, z wyj\u0105tkiem podania ich w trakcie logowania na Witrynie.<br \/>W celu uniemo\u017cliwienia korzystania z pa\u0144stwa konta osobom nieuprawnionym prosimy si\u0119 wylogowa\u0107 po zako\u0144czeniu korzystania z Witryny.<\/p><p>W jaki spos\u00f3b mo\u017cecie Pa\u0144stwo korzysta\u0107 z przys\u0142uguj\u0105cych praw?<br \/>Macie Pa\u0144stwo mo\u017cliwo\u015b\u0107 podgl\u0105du i edycji Pa\u0144stwa danych, w ka\u017cdym czasie, w ramach Witryny, po zalogowaniu si\u0119 z u\u017cyciem adresu e-mail oraz has\u0142a. <br \/>W sytuacji, gdy zapomnicie Pa\u0144stwo has\u0142a lub wyst\u0105pienia innych problem\u00f3w z logowaniem, prosimy o kontakt pod adresem: kontakt@zakupynaryby.pl<br \/>Przys\u0142uguje Pa\u0144stwo prawo do \u017c\u0105dania informacji o tre\u015bci przechowywanych na Pa\u0144stwa temat danych, jak r\u00f3wnie\u017c prawo do \u017c\u0105dania zmiany, usuni\u0119cia danych (o ile nie jest to sprzeczne z obowi\u0105zuj\u0105cymi przepisami skarbowymi), a tak\u017ce prawo do sprostowania b\u0142\u0119d\u00f3w, uzupe\u0142nienia lub uaktualnienia Pa\u0144stwa danych.<br \/>Macie Pa\u0144stwo r\u00f3wnie\u017c mo\u017cliwo\u015b\u0107 wniesienia sprzeciwu wobec przetwarzania Pa\u0144stwa danych osobowych w celach marketingowych. <br \/>Prosimy w tym celu o kontakt pod adresem: kontakt@zakupynaryby.pl<\/p><p>Inne strony internetowe<br \/>W ramach Witryny mog\u0105 pojawia\u0107 si\u0119 okresowo linki do innych stron internetowych. <br \/>Takie strony internetowe dzia\u0142aj\u0105 niezale\u017cnie od Witryny i nie s\u0105 w \u017caden spos\u00f3b nadzorowane przez sklep internetowy. <br \/>Strony te mog\u0105 posiada\u0107 w\u0142asne polityki dotycz\u0105ce prywatno\u015bci, z kt\u00f3rymi zalecamy zapozna\u0107 si\u0119.<br \/>Sklep internetowy nie ponosi odpowiedzialno\u015bci za zasady post\u0119powania z danymi w ramach tych stron.<\/p><p>Pytania i zastrze\u017cenia dotycz\u0105ce niniejszej Polityki prywatno\u015bci mog\u0105 by\u0107 przez Pa\u0144stwa zadane pod adresem: kontakt@zakupynaryby.pl<\/p>\t\t\t\t\t<\/div>\n\t\t\t\t\t\t<\/div>\n\t\t\t\t<\/div>\n\t\t\t\t\t\t<\/div>\n\t\t\t\t\t<\/div>\n\t\t<\/div>\n\t\t\t\t\t\t\t\t<\/div>\n\t\t\t\t\t<\/div>\n\t\t<\/section>\n\t\t\t\t\t\t\t\t\t<\/div>\n\t\t\t<\/div>\n\t\t\t\t\t<\/div>\n\t\t","protected":false},"excerpt":{"rendered":"<p>Niniejsza Polityka prywatno\u015bci okre\u015bla zasady gromadzenia, przetwarzania i wykorzystywania danych osobowych pozyskanych od Pa\u0144stwa przez sklep internetowy zakupynaryby.pl, prowadzony pod www.zakupynaryby.pl (dalej zwan\u0105 Witryn\u0105) przez KSR Bogdan Nowak, ul. Modli\u0144ska 34, 05-110 Jab\u0142onna , NIP: 5271733183, Regon: 381383537, tel.kont.+48 602 687 677 (dalej zwanego Sklepem Internetowym). Sklep internetowy dok\u0142ada wszelkich stara\u0144 w celu zapewnienia poszanowania [&hellip;]<\/p>\n","protected":false},"author":2,"featured_media":0,"parent":0,"menu_order":0,"comment_status":"closed","ping_status":"closed","template":"","meta":{"footnotes":""},"class_list":["post-2307","page","type-page","status-publish","hentry"],"yoast_head":"<!-- This site is optimized with the Yoast SEO plugin v27.4 - https:\/\/yoast.com\/product\/yoast-seo-wordpress\/ -->\n<title>Polityka prywatno\u015bci - Formy w\u0119dkarskie<\/title>\n<meta name=\"robots\" content=\"index, follow, max-snippet:-1, max-image-preview:large, max-video-preview:-1\" \/>\n<link rel=\"canonical\" href=\"https:\/\/zakupynaryby.pl\/index.php\/polityka-prywatnosci\/\" \/>\n<meta property=\"og:locale\" content=\"pl_PL\" \/>\n<meta property=\"og:type\" content=\"article\" \/>\n<meta property=\"og:title\" content=\"Polityka prywatno\u015bci - Formy w\u0119dkarskie\" \/>\n<meta property=\"og:description\" content=\"Niniejsza Polityka prywatno\u015bci okre\u015bla zasady gromadzenia, przetwarzania i wykorzystywania danych osobowych pozyskanych od Pa\u0144stwa przez sklep internetowy zakupynaryby.pl, prowadzony pod www.zakupynaryby.pl (dalej zwan\u0105 Witryn\u0105) przez KSR Bogdan Nowak, ul. Modli\u0144ska 34, 05-110 Jab\u0142onna , NIP: 5271733183, Regon: 381383537, tel.kont.+48 602 687 677 (dalej zwanego Sklepem Internetowym). Sklep internetowy dok\u0142ada wszelkich stara\u0144 w celu zapewnienia poszanowania [&hellip;]\" \/>\n<meta property=\"og:url\" content=\"https:\/\/zakupynaryby.pl\/index.php\/polityka-prywatnosci\/\" \/>\n<meta property=\"og:site_name\" content=\"Formy w\u0119dkarskie\" \/>\n<meta property=\"article:modified_time\" content=\"2025-12-26T10:49:03+00:00\" \/>\n<meta name=\"twitter:card\" content=\"summary_large_image\" \/>\n<meta name=\"twitter:label1\" content=\"Szacowany czas czytania\" \/>\n\t<meta name=\"twitter:data1\" content=\"6 minut\" \/>\n<script type=\"application\/ld+json\" class=\"yoast-schema-graph\">{\"@context\":\"https:\\\/\\\/schema.org\",\"@graph\":[{\"@type\":\"WebPage\",\"@id\":\"https:\\\/\\\/zakupynaryby.pl\\\/index.php\\\/polityka-prywatnosci\\\/\",\"url\":\"https:\\\/\\\/zakupynaryby.pl\\\/index.php\\\/polityka-prywatnosci\\\/\",\"name\":\"Polityka prywatno\u015bci - Formy w\u0119dkarskie\",\"isPartOf\":{\"@id\":\"https:\\\/\\\/zakupynaryby.pl\\\/#website\"},\"datePublished\":\"2022-06-05T10:15:37+00:00\",\"dateModified\":\"2025-12-26T10:49:03+00:00\",\"breadcrumb\":{\"@id\":\"https:\\\/\\\/zakupynaryby.pl\\\/index.php\\\/polityka-prywatnosci\\\/#breadcrumb\"},\"inLanguage\":\"pl-PL\",\"potentialAction\":[{\"@type\":\"ReadAction\",\"target\":[\"https:\\\/\\\/zakupynaryby.pl\\\/index.php\\\/polityka-prywatnosci\\\/\"]}]},{\"@type\":\"BreadcrumbList\",\"@id\":\"https:\\\/\\\/zakupynaryby.pl\\\/index.php\\\/polityka-prywatnosci\\\/#breadcrumb\",\"itemListElement\":[{\"@type\":\"ListItem\",\"position\":1,\"name\":\"Strona g\u0142\u00f3wna\",\"item\":\"https:\\\/\\\/zakupynaryby.pl\\\/\"},{\"@type\":\"ListItem\",\"position\":2,\"name\":\"Polityka prywatno\u015bci\"}]},{\"@type\":\"WebSite\",\"@id\":\"https:\\\/\\\/zakupynaryby.pl\\\/#website\",\"url\":\"https:\\\/\\\/zakupynaryby.pl\\\/\",\"name\":\"Formy w\u0119dkarskie\",\"description\":\"Formy do odlewania ci\u0119\u017cark&oacute;w w\u0119dkarskich\",\"publisher\":{\"@id\":\"https:\\\/\\\/zakupynaryby.pl\\\/#organization\"},\"potentialAction\":[{\"@type\":\"SearchAction\",\"target\":{\"@type\":\"EntryPoint\",\"urlTemplate\":\"https:\\\/\\\/zakupynaryby.pl\\\/?s={search_term_string}\"},\"query-input\":{\"@type\":\"PropertyValueSpecification\",\"valueRequired\":true,\"valueName\":\"search_term_string\"}}],\"inLanguage\":\"pl-PL\"},{\"@type\":\"Organization\",\"@id\":\"https:\\\/\\\/zakupynaryby.pl\\\/#organization\",\"name\":\"Formy w\u0119dkarskie\",\"url\":\"https:\\\/\\\/zakupynaryby.pl\\\/\",\"logo\":{\"@type\":\"ImageObject\",\"inLanguage\":\"pl-PL\",\"@id\":\"https:\\\/\\\/zakupynaryby.pl\\\/#\\\/schema\\\/logo\\\/image\\\/\",\"url\":\"https:\\\/\\\/zakupynaryby.pl\\\/wp-content\\\/uploads\\\/2022\\\/05\\\/zakupy.jpg\",\"contentUrl\":\"https:\\\/\\\/zakupynaryby.pl\\\/wp-content\\\/uploads\\\/2022\\\/05\\\/zakupy.jpg\",\"width\":500,\"height\":153,\"caption\":\"Formy w\u0119dkarskie\"},\"image\":{\"@id\":\"https:\\\/\\\/zakupynaryby.pl\\\/#\\\/schema\\\/logo\\\/image\\\/\"}}]}<\/script>\n<!-- \/ Yoast SEO plugin. -->","yoast_head_json":{"title":"Polityka prywatno\u015bci - Formy w\u0119dkarskie","robots":{"index":"index","follow":"follow","max-snippet":"max-snippet:-1","max-image-preview":"max-image-preview:large","max-video-preview":"max-video-preview:-1"},"canonical":"https:\/\/zakupynaryby.pl\/index.php\/polityka-prywatnosci\/","og_locale":"pl_PL","og_type":"article","og_title":"Polityka prywatno\u015bci - Formy w\u0119dkarskie","og_description":"Niniejsza Polityka prywatno\u015bci okre\u015bla zasady gromadzenia, przetwarzania i wykorzystywania danych osobowych pozyskanych od Pa\u0144stwa przez sklep internetowy zakupynaryby.pl, prowadzony pod www.zakupynaryby.pl (dalej zwan\u0105 Witryn\u0105) przez KSR Bogdan Nowak, ul. Modli\u0144ska 34, 05-110 Jab\u0142onna , NIP: 5271733183, Regon: 381383537, tel.kont.+48 602 687 677 (dalej zwanego Sklepem Internetowym). Sklep internetowy dok\u0142ada wszelkich stara\u0144 w celu zapewnienia poszanowania [&hellip;]","og_url":"https:\/\/zakupynaryby.pl\/index.php\/polityka-prywatnosci\/","og_site_name":"Formy w\u0119dkarskie","article_modified_time":"2025-12-26T10:49:03+00:00","twitter_card":"summary_large_image","twitter_misc":{"Szacowany czas czytania":"6 minut"},"schema":{"@context":"https:\/\/schema.org","@graph":[{"@type":"WebPage","@id":"https:\/\/zakupynaryby.pl\/index.php\/polityka-prywatnosci\/","url":"https:\/\/zakupynaryby.pl\/index.php\/polityka-prywatnosci\/","name":"Polityka prywatno\u015bci - Formy w\u0119dkarskie","isPartOf":{"@id":"https:\/\/zakupynaryby.pl\/#website"},"datePublished":"2022-06-05T10:15:37+00:00","dateModified":"2025-12-26T10:49:03+00:00","breadcrumb":{"@id":"https:\/\/zakupynaryby.pl\/index.php\/polityka-prywatnosci\/#breadcrumb"},"inLanguage":"pl-PL","potentialAction":[{"@type":"ReadAction","target":["https:\/\/zakupynaryby.pl\/index.php\/polityka-prywatnosci\/"]}]},{"@type":"BreadcrumbList","@id":"https:\/\/zakupynaryby.pl\/index.php\/polityka-prywatnosci\/#breadcrumb","itemListElement":[{"@type":"ListItem","position":1,"name":"Strona g\u0142\u00f3wna","item":"https:\/\/zakupynaryby.pl\/"},{"@type":"ListItem","position":2,"name":"Polityka prywatno\u015bci"}]},{"@type":"WebSite","@id":"https:\/\/zakupynaryby.pl\/#website","url":"https:\/\/zakupynaryby.pl\/","name":"Formy w\u0119dkarskie","description":"Formy do odlewania ci\u0119\u017cark&oacute;w w\u0119dkarskich","publisher":{"@id":"https:\/\/zakupynaryby.pl\/#organization"},"potentialAction":[{"@type":"SearchAction","target":{"@type":"EntryPoint","urlTemplate":"https:\/\/zakupynaryby.pl\/?s={search_term_string}"},"query-input":{"@type":"PropertyValueSpecification","valueRequired":true,"valueName":"search_term_string"}}],"inLanguage":"pl-PL"},{"@type":"Organization","@id":"https:\/\/zakupynaryby.pl\/#organization","name":"Formy w\u0119dkarskie","url":"https:\/\/zakupynaryby.pl\/","logo":{"@type":"ImageObject","inLanguage":"pl-PL","@id":"https:\/\/zakupynaryby.pl\/#\/schema\/logo\/image\/","url":"https:\/\/zakupynaryby.pl\/wp-content\/uploads\/2022\/05\/zakupy.jpg","contentUrl":"https:\/\/zakupynaryby.pl\/wp-content\/uploads\/2022\/05\/zakupy.jpg","width":500,"height":153,"caption":"Formy w\u0119dkarskie"},"image":{"@id":"https:\/\/zakupynaryby.pl\/#\/schema\/logo\/image\/"}}]}},"_links":{"self":[{"href":"https:\/\/zakupynaryby.pl\/index.php\/wp-json\/wp\/v2\/pages\/2307","targetHints":{"allow":["GET"]}}],"collection":[{"href":"https:\/\/zakupynaryby.pl\/index.php\/wp-json\/wp\/v2\/pages"}],"about":[{"href":"https:\/\/zakupynaryby.pl\/index.php\/wp-json\/wp\/v2\/types\/page"}],"author":[{"embeddable":true,"href":"https:\/\/zakupynaryby.pl\/index.php\/wp-json\/wp\/v2\/users\/2"}],"replies":[{"embeddable":true,"href":"https:\/\/zakupynaryby.pl\/index.php\/wp-json\/wp\/v2\/comments?post=2307"}],"version-history":[{"count":5,"href":"https:\/\/zakupynaryby.pl\/index.php\/wp-json\/wp\/v2\/pages\/2307\/revisions"}],"predecessor-version":[{"id":7353,"href":"https:\/\/zakupynaryby.pl\/index.php\/wp-json\/wp\/v2\/pages\/2307\/revisions\/7353"}],"wp:attachment":[{"href":"https:\/\/zakupynaryby.pl\/index.php\/wp-json\/wp\/v2\/media?parent=2307"}],"curies":[{"name":"wp","href":"https:\/\/api.w.org\/{rel}","templated":true}]}}