{"id":1067,"date":"2022-05-20T20:57:01","date_gmt":"2022-05-20T18:57:01","guid":{"rendered":"https:\/\/www.zakupynaryby.pl\/?post_type=product&#038;p=1067"},"modified":"2025-06-05T11:04:59","modified_gmt":"2025-06-05T09:04:59","slug":"haki-vmc-5150-barbarian-rozmiar-12-0-5-sztuk","status":"publish","type":"product","link":"https:\/\/zakupynaryby.pl\/index.php\/product\/haki-vmc-5150-barbarian-rozmiar-12-0-5-sztuk\/","title":{"rendered":"Haki jigowe VMC 5150RD Barbarian <br> Rozmiar 12\/0 ( 5 sztuk )"},"content":{"rendered":"<p>Haki jigowe VMC 5150 &#8211; Barbarian \u00ae Jig 90\u00b0<\/p>\n<p>Jedne z najlepszych i najbardziej poszukiwanych hak\u00f3w na rynku ze wzgl\u0119du na ich kszta\u0142t oraz u\u017cyty materia\u0142 z przeznaczeniem do \u0142owienia du\u017cych ryb tak\u017ce w s\u0142onej wodzie.<br \/>\nS\u0105 to jedne z najlepszych i niewiarygodnie mocnych ostrz.<\/p>\n<p>Ostrze typu &#8211; Needle Cone<br \/>\nTo technika ostrzenia, kt\u00f3ra gromadzi metalowe w\u0142\u00f3kna i \u015bciska je w kierunku \u015brodka ostrza.<br \/>\nDzi\u0119ki \u015bcis\u0142ej kompresji, a nie ci\u0119ciu, VMC \u00ae stworzy\u0142o ostrze r\u00f3wne, a jednocze\u015bnie lepsze pod wzgl\u0119dem ostro\u015bci.<\/p>\n<p>Hak typu Barbarian \u00ae<br \/>\nUnikalny kszta\u0142t to szybsza i bardziej bezproblemowa penetracja ostrza oraz o 25% lepsza szybko\u015b\u0107 zacinania.<br \/>\nUnikalna geometria kszta\u0142tu VMC \u00ae Barbarian \u00ae zwi\u0119ksza odporno\u015b\u0107 haczyka na rozginanie.<\/p>\n<p>Specjalny techniczny \u0142uk kolankowy<br \/>\nUnikalna konstrukcja techniczna krzywizny \u0142uku kolankowego haka pozwala na maksymalny transfer energii w kierunku ostrza podczas zacinania.<br \/>\nKolanko w kszta\u0142cie litery V blokuje ryb\u0119 blisko trzonu haka, wywieraj\u0105c mniejszy nacisk na ostrze.<br \/>\nZapobiega to rozginaniu haczyka przez du\u017ce ryby.<br \/>\nPo zaci\u0119cia i w trakcie holu, kszta\u0142t ten nie pozwala na samoczynne uwolnienie si\u0119 ryby.<\/p>\n<p>Materia\u0142 &#8211; Hi Carbon Steel<br \/>\nVMC \u00ae wykorzystuje wysokiej jako\u015bci stal wysokow\u0119glow\u0105, aby uzyska\u0107 cie\u0144szy hak o najwy\u017cszej jako\u015bci i trwa\u0142o\u015bci.<br \/>\nW\u0119giel stabilizuje \u017celazo podczas zmian temperatury, a im wy\u017cszy poziom w\u0119gla, tym silniejsza stal.<\/p>\n","protected":false},"excerpt":{"rendered":"<p>Haki jigowe VMC 5150 &#8211; Barbarian \u00ae Jig 90\u00b0<\/p>\n<p>Jedne z najlepszych i najbardziej poszukiwanych hak\u00f3w na rynku ze wzgl\u0119du na ich kszta\u0142t oraz u\u017cyty materia\u0142 z przeznaczeniem do \u0142owienia du\u017cych ryb tak\u017ce w s\u0142onej wodzie.<br \/>\nS\u0105 to jedne z najlepszych i niewiarygodnie mocnych ostrz.<\/p>\n<p>Pakowane po 5 szt w opakowaniu.<\/p>\n<p>Hak w kolorze czerwonym.<\/p>\n","protected":false},"featured_media":6562,"template":"","meta":[],"product_brand":[],"product_cat":[65,50,16],"product_tag":[],"class_list":{"0":"post-1067","1":"product","2":"type-product","3":"status-publish","4":"has-post-thumbnail","6":"product_cat-vmc-5150","7":"product_cat-haki-i-kotwice","8":"product_cat-wszystkie-produkty","10":"first","11":"instock","12":"shipping-taxable","13":"purchasable","14":"product-type-simple"},"yoast_head":"<!-- This site is optimized with the Yoast SEO plugin v27.3 - https:\/\/yoast.com\/product\/yoast-seo-wordpress\/ -->\n<title>Haki jigowe VMC 5150RD Barbarian  Rozmiar 12\/0 ( 5 sztuk ) - Formy w\u0119dkarskie<\/title>\n<meta name=\"robots\" content=\"index, follow, max-snippet:-1, max-image-preview:large, max-video-preview:-1\" \/>\n<link rel=\"canonical\" href=\"https:\/\/zakupynaryby.pl\/index.php\/product\/haki-vmc-5150-barbarian-rozmiar-12-0-5-sztuk\/\" \/>\n<meta property=\"og:locale\" content=\"pl_PL\" \/>\n<meta property=\"og:type\" content=\"article\" \/>\n<meta property=\"og:title\" content=\"Haki jigowe VMC 5150RD Barbarian  Rozmiar 12\/0 ( 5 sztuk ) - Formy w\u0119dkarskie\" \/>\n<meta property=\"og:description\" content=\"Haki jigowe VMC 5150 - Barbarian \u00ae Jig 90\u00b0  Jedne z najlepszych i najbardziej poszukiwanych hak\u00f3w na rynku ze wzgl\u0119du na ich kszta\u0142t oraz u\u017cyty materia\u0142 z przeznaczeniem do \u0142owienia du\u017cych ryb tak\u017ce w s\u0142onej wodzie. S\u0105 to jedne z najlepszych i niewiarygodnie mocnych ostrz.  Pakowane po 5 szt w opakowaniu.  Hak w kolorze czerwonym.\" \/>\n<meta property=\"og:url\" content=\"https:\/\/zakupynaryby.pl\/index.php\/product\/haki-vmc-5150-barbarian-rozmiar-12-0-5-sztuk\/\" \/>\n<meta property=\"og:site_name\" content=\"Formy w\u0119dkarskie\" \/>\n<meta property=\"article:modified_time\" content=\"2025-06-05T09:04:59+00:00\" \/>\n<meta property=\"og:image\" content=\"https:\/\/zakupynaryby.pl\/wp-content\/uploads\/2022\/05\/HAK-VMC-5150-12_0-RD-1.jpg\" \/>\n\t<meta property=\"og:image:width\" content=\"600\" \/>\n\t<meta property=\"og:image:height\" content=\"554\" \/>\n\t<meta property=\"og:image:type\" content=\"image\/jpeg\" \/>\n<meta name=\"twitter:card\" content=\"summary_large_image\" \/>\n<meta name=\"twitter:label1\" content=\"Szacowany czas czytania\" \/>\n\t<meta name=\"twitter:data1\" content=\"2 minuty\" \/>\n<script type=\"application\/ld+json\" class=\"yoast-schema-graph\">{\"@context\":\"https:\\\/\\\/schema.org\",\"@graph\":[{\"@type\":\"WebPage\",\"@id\":\"https:\\\/\\\/zakupynaryby.pl\\\/index.php\\\/product\\\/haki-vmc-5150-barbarian-rozmiar-12-0-5-sztuk\\\/\",\"url\":\"https:\\\/\\\/zakupynaryby.pl\\\/index.php\\\/product\\\/haki-vmc-5150-barbarian-rozmiar-12-0-5-sztuk\\\/\",\"name\":\"Haki jigowe VMC 5150RD Barbarian Rozmiar 12\\\/0 ( 5 sztuk ) - Formy w\u0119dkarskie\",\"isPartOf\":{\"@id\":\"https:\\\/\\\/zakupynaryby.pl\\\/#website\"},\"primaryImageOfPage\":{\"@id\":\"https:\\\/\\\/zakupynaryby.pl\\\/index.php\\\/product\\\/haki-vmc-5150-barbarian-rozmiar-12-0-5-sztuk\\\/#primaryimage\"},\"image\":{\"@id\":\"https:\\\/\\\/zakupynaryby.pl\\\/index.php\\\/product\\\/haki-vmc-5150-barbarian-rozmiar-12-0-5-sztuk\\\/#primaryimage\"},\"thumbnailUrl\":\"https:\\\/\\\/zakupynaryby.pl\\\/wp-content\\\/uploads\\\/2022\\\/05\\\/HAK-VMC-5150-12_0-RD-1.jpg\",\"datePublished\":\"2022-05-20T18:57:01+00:00\",\"dateModified\":\"2025-06-05T09:04:59+00:00\",\"breadcrumb\":{\"@id\":\"https:\\\/\\\/zakupynaryby.pl\\\/index.php\\\/product\\\/haki-vmc-5150-barbarian-rozmiar-12-0-5-sztuk\\\/#breadcrumb\"},\"inLanguage\":\"pl-PL\",\"potentialAction\":[{\"@type\":\"ReadAction\",\"target\":[\"https:\\\/\\\/zakupynaryby.pl\\\/index.php\\\/product\\\/haki-vmc-5150-barbarian-rozmiar-12-0-5-sztuk\\\/\"]}]},{\"@type\":\"ImageObject\",\"inLanguage\":\"pl-PL\",\"@id\":\"https:\\\/\\\/zakupynaryby.pl\\\/index.php\\\/product\\\/haki-vmc-5150-barbarian-rozmiar-12-0-5-sztuk\\\/#primaryimage\",\"url\":\"https:\\\/\\\/zakupynaryby.pl\\\/wp-content\\\/uploads\\\/2022\\\/05\\\/HAK-VMC-5150-12_0-RD-1.jpg\",\"contentUrl\":\"https:\\\/\\\/zakupynaryby.pl\\\/wp-content\\\/uploads\\\/2022\\\/05\\\/HAK-VMC-5150-12_0-RD-1.jpg\",\"width\":600,\"height\":554,\"caption\":\"HAK VMC 5150 12_0 RD\"},{\"@type\":\"BreadcrumbList\",\"@id\":\"https:\\\/\\\/zakupynaryby.pl\\\/index.php\\\/product\\\/haki-vmc-5150-barbarian-rozmiar-12-0-5-sztuk\\\/#breadcrumb\",\"itemListElement\":[{\"@type\":\"ListItem\",\"position\":1,\"name\":\"Strona g\u0142\u00f3wna\",\"item\":\"https:\\\/\\\/zakupynaryby.pl\\\/\"},{\"@type\":\"ListItem\",\"position\":2,\"name\":\"Shop\",\"item\":\"https:\\\/\\\/zakupynaryby.pl\\\/index.php\\\/shop\\\/\"},{\"@type\":\"ListItem\",\"position\":3,\"name\":\"Haki jigowe VMC 5150RD Barbarian Rozmiar 12\\\/0 ( 5 sztuk )\"}]},{\"@type\":\"WebSite\",\"@id\":\"https:\\\/\\\/zakupynaryby.pl\\\/#website\",\"url\":\"https:\\\/\\\/zakupynaryby.pl\\\/\",\"name\":\"Formy w\u0119dkarskie\",\"description\":\"Formy do odlewania ci\u0119\u017cark&oacute;w w\u0119dkarskich\",\"publisher\":{\"@id\":\"https:\\\/\\\/zakupynaryby.pl\\\/#organization\"},\"potentialAction\":[{\"@type\":\"SearchAction\",\"target\":{\"@type\":\"EntryPoint\",\"urlTemplate\":\"https:\\\/\\\/zakupynaryby.pl\\\/?s={search_term_string}\"},\"query-input\":{\"@type\":\"PropertyValueSpecification\",\"valueRequired\":true,\"valueName\":\"search_term_string\"}}],\"inLanguage\":\"pl-PL\"},{\"@type\":\"Organization\",\"@id\":\"https:\\\/\\\/zakupynaryby.pl\\\/#organization\",\"name\":\"Formy w\u0119dkarskie\",\"url\":\"https:\\\/\\\/zakupynaryby.pl\\\/\",\"logo\":{\"@type\":\"ImageObject\",\"inLanguage\":\"pl-PL\",\"@id\":\"https:\\\/\\\/zakupynaryby.pl\\\/#\\\/schema\\\/logo\\\/image\\\/\",\"url\":\"https:\\\/\\\/zakupynaryby.pl\\\/wp-content\\\/uploads\\\/2022\\\/05\\\/zakupy.jpg\",\"contentUrl\":\"https:\\\/\\\/zakupynaryby.pl\\\/wp-content\\\/uploads\\\/2022\\\/05\\\/zakupy.jpg\",\"width\":500,\"height\":153,\"caption\":\"Formy w\u0119dkarskie\"},\"image\":{\"@id\":\"https:\\\/\\\/zakupynaryby.pl\\\/#\\\/schema\\\/logo\\\/image\\\/\"}}]}<\/script>\n<!-- \/ Yoast SEO plugin. -->","yoast_head_json":{"title":"Haki jigowe VMC 5150RD Barbarian  Rozmiar 12\/0 ( 5 sztuk ) - Formy w\u0119dkarskie","robots":{"index":"index","follow":"follow","max-snippet":"max-snippet:-1","max-image-preview":"max-image-preview:large","max-video-preview":"max-video-preview:-1"},"canonical":"https:\/\/zakupynaryby.pl\/index.php\/product\/haki-vmc-5150-barbarian-rozmiar-12-0-5-sztuk\/","og_locale":"pl_PL","og_type":"article","og_title":"Haki jigowe VMC 5150RD Barbarian  Rozmiar 12\/0 ( 5 sztuk ) - Formy w\u0119dkarskie","og_description":"Haki jigowe VMC 5150 - Barbarian \u00ae Jig 90\u00b0  Jedne z najlepszych i najbardziej poszukiwanych hak\u00f3w na rynku ze wzgl\u0119du na ich kszta\u0142t oraz u\u017cyty materia\u0142 z przeznaczeniem do \u0142owienia du\u017cych ryb tak\u017ce w s\u0142onej wodzie. S\u0105 to jedne z najlepszych i niewiarygodnie mocnych ostrz.  Pakowane po 5 szt w opakowaniu.  Hak w kolorze czerwonym.","og_url":"https:\/\/zakupynaryby.pl\/index.php\/product\/haki-vmc-5150-barbarian-rozmiar-12-0-5-sztuk\/","og_site_name":"Formy w\u0119dkarskie","article_modified_time":"2025-06-05T09:04:59+00:00","og_image":[{"width":600,"height":554,"url":"https:\/\/zakupynaryby.pl\/wp-content\/uploads\/2022\/05\/HAK-VMC-5150-12_0-RD-1.jpg","type":"image\/jpeg"}],"twitter_card":"summary_large_image","twitter_misc":{"Szacowany czas czytania":"2 minuty"},"schema":{"@context":"https:\/\/schema.org","@graph":[{"@type":"WebPage","@id":"https:\/\/zakupynaryby.pl\/index.php\/product\/haki-vmc-5150-barbarian-rozmiar-12-0-5-sztuk\/","url":"https:\/\/zakupynaryby.pl\/index.php\/product\/haki-vmc-5150-barbarian-rozmiar-12-0-5-sztuk\/","name":"Haki jigowe VMC 5150RD Barbarian Rozmiar 12\/0 ( 5 sztuk ) - Formy w\u0119dkarskie","isPartOf":{"@id":"https:\/\/zakupynaryby.pl\/#website"},"primaryImageOfPage":{"@id":"https:\/\/zakupynaryby.pl\/index.php\/product\/haki-vmc-5150-barbarian-rozmiar-12-0-5-sztuk\/#primaryimage"},"image":{"@id":"https:\/\/zakupynaryby.pl\/index.php\/product\/haki-vmc-5150-barbarian-rozmiar-12-0-5-sztuk\/#primaryimage"},"thumbnailUrl":"https:\/\/zakupynaryby.pl\/wp-content\/uploads\/2022\/05\/HAK-VMC-5150-12_0-RD-1.jpg","datePublished":"2022-05-20T18:57:01+00:00","dateModified":"2025-06-05T09:04:59+00:00","breadcrumb":{"@id":"https:\/\/zakupynaryby.pl\/index.php\/product\/haki-vmc-5150-barbarian-rozmiar-12-0-5-sztuk\/#breadcrumb"},"inLanguage":"pl-PL","potentialAction":[{"@type":"ReadAction","target":["https:\/\/zakupynaryby.pl\/index.php\/product\/haki-vmc-5150-barbarian-rozmiar-12-0-5-sztuk\/"]}]},{"@type":"ImageObject","inLanguage":"pl-PL","@id":"https:\/\/zakupynaryby.pl\/index.php\/product\/haki-vmc-5150-barbarian-rozmiar-12-0-5-sztuk\/#primaryimage","url":"https:\/\/zakupynaryby.pl\/wp-content\/uploads\/2022\/05\/HAK-VMC-5150-12_0-RD-1.jpg","contentUrl":"https:\/\/zakupynaryby.pl\/wp-content\/uploads\/2022\/05\/HAK-VMC-5150-12_0-RD-1.jpg","width":600,"height":554,"caption":"HAK VMC 5150 12_0 RD"},{"@type":"BreadcrumbList","@id":"https:\/\/zakupynaryby.pl\/index.php\/product\/haki-vmc-5150-barbarian-rozmiar-12-0-5-sztuk\/#breadcrumb","itemListElement":[{"@type":"ListItem","position":1,"name":"Strona g\u0142\u00f3wna","item":"https:\/\/zakupynaryby.pl\/"},{"@type":"ListItem","position":2,"name":"Shop","item":"https:\/\/zakupynaryby.pl\/index.php\/shop\/"},{"@type":"ListItem","position":3,"name":"Haki jigowe VMC 5150RD Barbarian Rozmiar 12\/0 ( 5 sztuk )"}]},{"@type":"WebSite","@id":"https:\/\/zakupynaryby.pl\/#website","url":"https:\/\/zakupynaryby.pl\/","name":"Formy w\u0119dkarskie","description":"Formy do odlewania ci\u0119\u017cark&oacute;w w\u0119dkarskich","publisher":{"@id":"https:\/\/zakupynaryby.pl\/#organization"},"potentialAction":[{"@type":"SearchAction","target":{"@type":"EntryPoint","urlTemplate":"https:\/\/zakupynaryby.pl\/?s={search_term_string}"},"query-input":{"@type":"PropertyValueSpecification","valueRequired":true,"valueName":"search_term_string"}}],"inLanguage":"pl-PL"},{"@type":"Organization","@id":"https:\/\/zakupynaryby.pl\/#organization","name":"Formy w\u0119dkarskie","url":"https:\/\/zakupynaryby.pl\/","logo":{"@type":"ImageObject","inLanguage":"pl-PL","@id":"https:\/\/zakupynaryby.pl\/#\/schema\/logo\/image\/","url":"https:\/\/zakupynaryby.pl\/wp-content\/uploads\/2022\/05\/zakupy.jpg","contentUrl":"https:\/\/zakupynaryby.pl\/wp-content\/uploads\/2022\/05\/zakupy.jpg","width":500,"height":153,"caption":"Formy w\u0119dkarskie"},"image":{"@id":"https:\/\/zakupynaryby.pl\/#\/schema\/logo\/image\/"}}]}},"_links":{"self":[{"href":"https:\/\/zakupynaryby.pl\/index.php\/wp-json\/wp\/v2\/product\/1067","targetHints":{"allow":["GET"]}}],"collection":[{"href":"https:\/\/zakupynaryby.pl\/index.php\/wp-json\/wp\/v2\/product"}],"about":[{"href":"https:\/\/zakupynaryby.pl\/index.php\/wp-json\/wp\/v2\/types\/product"}],"wp:featuredmedia":[{"embeddable":true,"href":"https:\/\/zakupynaryby.pl\/index.php\/wp-json\/wp\/v2\/media\/6562"}],"wp:attachment":[{"href":"https:\/\/zakupynaryby.pl\/index.php\/wp-json\/wp\/v2\/media?parent=1067"}],"wp:term":[{"taxonomy":"product_brand","embeddable":true,"href":"https:\/\/zakupynaryby.pl\/index.php\/wp-json\/wp\/v2\/product_brand?post=1067"},{"taxonomy":"product_cat","embeddable":true,"href":"https:\/\/zakupynaryby.pl\/index.php\/wp-json\/wp\/v2\/product_cat?post=1067"},{"taxonomy":"product_tag","embeddable":true,"href":"https:\/\/zakupynaryby.pl\/index.php\/wp-json\/wp\/v2\/product_tag?post=1067"}],"curies":[{"name":"wp","href":"https:\/\/api.w.org\/{rel}","templated":true}]}}