{"id":1180,"date":"2022-05-22T14:15:01","date_gmt":"2022-05-22T12:15:01","guid":{"rendered":"https:\/\/www.zakupynaryby.pl\/?post_type=product&#038;p=1180"},"modified":"2026-03-31T08:58:47","modified_gmt":"2026-03-31T06:58:47","slug":"farba-proszkowa-do-ciezarkow-maskujaca-piach","status":"publish","type":"product","link":"https:\/\/zakupynaryby.pl\/index.php\/product\/farba-proszkowa-do-ciezarkow-maskujaca-piach\/","title":{"rendered":"Farba proszkowa do ci\u0119\u017cark\u00f3w <br> maskuj\u0105ca &#8211; PIACH"},"content":{"rendered":"<p>Farba proszkowa gruboziarnista do malowania ci\u0119\u017cark\u00f3w gruntowych.<\/p>\n<p>Farba skutecznie maskuje ci\u0119\u017carek w wodzie.<\/p>\n<p>Mo\u017cna uzyska\u0107 dwie pow\u0142oki : b\u0142yszcz\u0105c\u0105 lub ziarnist\u0105.<\/p>\n<ul>\n<li>B\u0142yszcz\u0105c\u0105 struktur\u0119 uzyskujemy obtaczaj\u0105c gor\u0105cy ci\u0119\u017carek w farbie a nast\u0119pnie wygrzewamy ponownie.<\/li>\n<li>Ziarnist\u0105 struktur\u0119 uzyskujemy obtaczaj\u0105c gor\u0105cy ci\u0119\u017carek w farbie bez ponownego wygrzania.<\/li>\n<\/ul>\n<p><em>Ci\u0119\u017carki nale\u017cy podgrza\u0107 do 180 stopni C ( np. w piekarniku ), a nast\u0119pnie obtaczamy w farbie.<\/em><br \/>\n<em>Nast\u0119pnym etapem jest wygrzanie ich w 180 stopniach C przez 20 minut i gotowe.<\/em><\/p>\n<p>Pakowana po 50 gram.<\/p>\n","protected":false},"excerpt":{"rendered":"<p><strong>Farba proszkowa gruboziarnista do malowania ci\u0119\u017cark\u00f3w gruntowych.<\/strong><\/p>\n<p><strong>Farba skutecznie maskuje ci\u0119\u017carek w wodzie.<\/strong><\/p>\n<p><strong>Mo\u017cna uzyska\u0107 dwie pow\u0142oki : b\u0142yszcz\u0105c\u0105 lub ziarnist\u0105.<\/strong><\/p>\n<p><strong>Pakowana po 50 gram.<\/strong><\/p>\n<p>&nbsp;<\/p>\n","protected":false},"featured_media":1194,"template":"","meta":[],"product_brand":[],"product_cat":[42,38,16],"product_tag":[],"class_list":{"0":"post-1180","1":"product","2":"type-product","3":"status-publish","4":"has-post-thumbnail","6":"product_cat-farby-maskujace","7":"product_cat-farby-proszkowe","8":"product_cat-wszystkie-produkty","10":"first","11":"instock","12":"shipping-taxable","13":"purchasable","14":"product-type-simple"},"yoast_head":"<!-- This site is optimized with the Yoast SEO plugin v27.3 - https:\/\/yoast.com\/product\/yoast-seo-wordpress\/ -->\n<title>Farba proszkowa do ci\u0119\u017cark\u00f3w<\/title>\n<meta name=\"description\" content=\"Farba proszkowa gruboziarnista do malowania ci\u0119\u017cark\u00f3w gruntowych.Farba skutecznie maskuje ci\u0119\u017carek w wodzie.Mo\u017cna uzyska\u0107 dwie pow\u0142oki : b\u0142yszcz\u0105c\u0105 lub ziarnist\u0105.B\u0142yszcz\u0105c\u0105 stuktur\u0119 uzyskujeme obtaczaj\u0105c gor\u0105cy ci\u0119\u017carek w farbie a nast\u0119pnie wygrzewamy ponownie.Ziarnist\u0105 struktur\u0119 uzyskujemy obtaczaj\u0105c gor\u0105cy ci\u0119\u017carek w farbie bez ponownego wygrzania.Ci\u0119\u017carki nale\u017cy podgrza\u0107 do 180 stopni C ( np. w piekarniku ), a nast\u0119pnie obtaczamy w farbie.Nast\u0119pnym etapem jest wygrzanie ich w 180 stopniach C przez 20 minut i gotowe.Pakowana po 50 gram.\" \/>\n<meta name=\"robots\" content=\"index, follow, max-snippet:-1, max-image-preview:large, max-video-preview:-1\" \/>\n<link rel=\"canonical\" href=\"https:\/\/zakupynaryby.pl\/index.php\/product\/farba-proszkowa-do-ciezarkow-maskujaca-piach\/\" \/>\n<meta property=\"og:locale\" content=\"pl_PL\" \/>\n<meta property=\"og:type\" content=\"article\" \/>\n<meta property=\"og:title\" content=\"Farba proszkowa do ci\u0119\u017cark\u00f3w\" \/>\n<meta property=\"og:description\" content=\"Farba proszkowa gruboziarnista do malowania ci\u0119\u017cark\u00f3w gruntowych.Farba skutecznie maskuje ci\u0119\u017carek w wodzie.Mo\u017cna uzyska\u0107 dwie pow\u0142oki : b\u0142yszcz\u0105c\u0105 lub ziarnist\u0105.B\u0142yszcz\u0105c\u0105 stuktur\u0119 uzyskujeme obtaczaj\u0105c gor\u0105cy ci\u0119\u017carek w farbie a nast\u0119pnie wygrzewamy ponownie.Ziarnist\u0105 struktur\u0119 uzyskujemy obtaczaj\u0105c gor\u0105cy ci\u0119\u017carek w farbie bez ponownego wygrzania.Ci\u0119\u017carki nale\u017cy podgrza\u0107 do 180 stopni C ( np. w piekarniku ), a nast\u0119pnie obtaczamy w farbie.Nast\u0119pnym etapem jest wygrzanie ich w 180 stopniach C przez 20 minut i gotowe.Pakowana po 50 gram.\" \/>\n<meta property=\"og:url\" content=\"https:\/\/zakupynaryby.pl\/index.php\/product\/farba-proszkowa-do-ciezarkow-maskujaca-piach\/\" \/>\n<meta property=\"og:site_name\" content=\"Formy w\u0119dkarskie\" \/>\n<meta property=\"article:modified_time\" content=\"2026-03-31T06:58:47+00:00\" \/>\n<meta property=\"og:image\" content=\"https:\/\/zakupynaryby.pl\/wp-content\/uploads\/2022\/05\/Piasek-b-1-e1735303732659.jpg\" \/>\n\t<meta property=\"og:image:width\" content=\"550\" \/>\n\t<meta property=\"og:image:height\" content=\"523\" \/>\n\t<meta property=\"og:image:type\" content=\"image\/jpeg\" \/>\n<meta name=\"twitter:card\" content=\"summary_large_image\" \/>\n<meta name=\"twitter:label1\" content=\"Szacowany czas czytania\" \/>\n\t<meta name=\"twitter:data1\" content=\"1 minuta\" \/>\n<script type=\"application\/ld+json\" class=\"yoast-schema-graph\">{\"@context\":\"https:\\\/\\\/schema.org\",\"@graph\":[{\"@type\":\"WebPage\",\"@id\":\"https:\\\/\\\/zakupynaryby.pl\\\/index.php\\\/product\\\/farba-proszkowa-do-ciezarkow-maskujaca-piach\\\/\",\"url\":\"https:\\\/\\\/zakupynaryby.pl\\\/index.php\\\/product\\\/farba-proszkowa-do-ciezarkow-maskujaca-piach\\\/\",\"name\":\"Farba proszkowa do ci\u0119\u017cark\u00f3w\",\"isPartOf\":{\"@id\":\"https:\\\/\\\/zakupynaryby.pl\\\/#website\"},\"primaryImageOfPage\":{\"@id\":\"https:\\\/\\\/zakupynaryby.pl\\\/index.php\\\/product\\\/farba-proszkowa-do-ciezarkow-maskujaca-piach\\\/#primaryimage\"},\"image\":{\"@id\":\"https:\\\/\\\/zakupynaryby.pl\\\/index.php\\\/product\\\/farba-proszkowa-do-ciezarkow-maskujaca-piach\\\/#primaryimage\"},\"thumbnailUrl\":\"https:\\\/\\\/zakupynaryby.pl\\\/wp-content\\\/uploads\\\/2022\\\/05\\\/Piasek-b-1-e1735303732659.jpg\",\"datePublished\":\"2022-05-22T12:15:01+00:00\",\"dateModified\":\"2026-03-31T06:58:47+00:00\",\"description\":\"Farba proszkowa gruboziarnista do malowania ci\u0119\u017cark\u00f3w gruntowych.Farba skutecznie maskuje ci\u0119\u017carek w wodzie.Mo\u017cna uzyska\u0107 dwie pow\u0142oki : b\u0142yszcz\u0105c\u0105 lub ziarnist\u0105.B\u0142yszcz\u0105c\u0105 stuktur\u0119 uzyskujeme obtaczaj\u0105c gor\u0105cy ci\u0119\u017carek w farbie a nast\u0119pnie wygrzewamy ponownie.Ziarnist\u0105 struktur\u0119 uzyskujemy obtaczaj\u0105c gor\u0105cy ci\u0119\u017carek w farbie bez ponownego wygrzania.Ci\u0119\u017carki nale\u017cy podgrza\u0107 do 180 stopni C ( np. w piekarniku ), a nast\u0119pnie obtaczamy w farbie.Nast\u0119pnym etapem jest wygrzanie ich w 180 stopniach C przez 20 minut i gotowe.Pakowana po 50 gram.\",\"breadcrumb\":{\"@id\":\"https:\\\/\\\/zakupynaryby.pl\\\/index.php\\\/product\\\/farba-proszkowa-do-ciezarkow-maskujaca-piach\\\/#breadcrumb\"},\"inLanguage\":\"pl-PL\",\"potentialAction\":[{\"@type\":\"ReadAction\",\"target\":[\"https:\\\/\\\/zakupynaryby.pl\\\/index.php\\\/product\\\/farba-proszkowa-do-ciezarkow-maskujaca-piach\\\/\"]}]},{\"@type\":\"ImageObject\",\"inLanguage\":\"pl-PL\",\"@id\":\"https:\\\/\\\/zakupynaryby.pl\\\/index.php\\\/product\\\/farba-proszkowa-do-ciezarkow-maskujaca-piach\\\/#primaryimage\",\"url\":\"https:\\\/\\\/zakupynaryby.pl\\\/wp-content\\\/uploads\\\/2022\\\/05\\\/Piasek-b-1-e1735303732659.jpg\",\"contentUrl\":\"https:\\\/\\\/zakupynaryby.pl\\\/wp-content\\\/uploads\\\/2022\\\/05\\\/Piasek-b-1-e1735303732659.jpg\",\"width\":550,\"height\":523,\"caption\":\"Farba proszkowa maskuj\u0105ca do ci\u0119\u017cark\u00f3w - Piasek\"},{\"@type\":\"BreadcrumbList\",\"@id\":\"https:\\\/\\\/zakupynaryby.pl\\\/index.php\\\/product\\\/farba-proszkowa-do-ciezarkow-maskujaca-piach\\\/#breadcrumb\",\"itemListElement\":[{\"@type\":\"ListItem\",\"position\":1,\"name\":\"Strona g\u0142\u00f3wna\",\"item\":\"https:\\\/\\\/zakupynaryby.pl\\\/\"},{\"@type\":\"ListItem\",\"position\":2,\"name\":\"Shop\",\"item\":\"https:\\\/\\\/zakupynaryby.pl\\\/index.php\\\/shop\\\/\"},{\"@type\":\"ListItem\",\"position\":3,\"name\":\"Farba proszkowa do ci\u0119\u017cark\u00f3w maskuj\u0105ca &#8211; PIACH\"}]},{\"@type\":\"WebSite\",\"@id\":\"https:\\\/\\\/zakupynaryby.pl\\\/#website\",\"url\":\"https:\\\/\\\/zakupynaryby.pl\\\/\",\"name\":\"Formy w\u0119dkarskie\",\"description\":\"Formy do odlewania ci\u0119\u017cark&oacute;w w\u0119dkarskich\",\"publisher\":{\"@id\":\"https:\\\/\\\/zakupynaryby.pl\\\/#organization\"},\"potentialAction\":[{\"@type\":\"SearchAction\",\"target\":{\"@type\":\"EntryPoint\",\"urlTemplate\":\"https:\\\/\\\/zakupynaryby.pl\\\/?s={search_term_string}\"},\"query-input\":{\"@type\":\"PropertyValueSpecification\",\"valueRequired\":true,\"valueName\":\"search_term_string\"}}],\"inLanguage\":\"pl-PL\"},{\"@type\":\"Organization\",\"@id\":\"https:\\\/\\\/zakupynaryby.pl\\\/#organization\",\"name\":\"Formy w\u0119dkarskie\",\"url\":\"https:\\\/\\\/zakupynaryby.pl\\\/\",\"logo\":{\"@type\":\"ImageObject\",\"inLanguage\":\"pl-PL\",\"@id\":\"https:\\\/\\\/zakupynaryby.pl\\\/#\\\/schema\\\/logo\\\/image\\\/\",\"url\":\"https:\\\/\\\/zakupynaryby.pl\\\/wp-content\\\/uploads\\\/2022\\\/05\\\/zakupy.jpg\",\"contentUrl\":\"https:\\\/\\\/zakupynaryby.pl\\\/wp-content\\\/uploads\\\/2022\\\/05\\\/zakupy.jpg\",\"width\":500,\"height\":153,\"caption\":\"Formy w\u0119dkarskie\"},\"image\":{\"@id\":\"https:\\\/\\\/zakupynaryby.pl\\\/#\\\/schema\\\/logo\\\/image\\\/\"}}]}<\/script>\n<!-- \/ Yoast SEO plugin. -->","yoast_head_json":{"title":"Farba proszkowa do ci\u0119\u017cark\u00f3w","description":"Farba proszkowa gruboziarnista do malowania ci\u0119\u017cark\u00f3w gruntowych.Farba skutecznie maskuje ci\u0119\u017carek w wodzie.Mo\u017cna uzyska\u0107 dwie pow\u0142oki : b\u0142yszcz\u0105c\u0105 lub ziarnist\u0105.B\u0142yszcz\u0105c\u0105 stuktur\u0119 uzyskujeme obtaczaj\u0105c gor\u0105cy ci\u0119\u017carek w farbie a nast\u0119pnie wygrzewamy ponownie.Ziarnist\u0105 struktur\u0119 uzyskujemy obtaczaj\u0105c gor\u0105cy ci\u0119\u017carek w farbie bez ponownego wygrzania.Ci\u0119\u017carki nale\u017cy podgrza\u0107 do 180 stopni C ( np. w piekarniku ), a nast\u0119pnie obtaczamy w farbie.Nast\u0119pnym etapem jest wygrzanie ich w 180 stopniach C przez 20 minut i gotowe.Pakowana po 50 gram.","robots":{"index":"index","follow":"follow","max-snippet":"max-snippet:-1","max-image-preview":"max-image-preview:large","max-video-preview":"max-video-preview:-1"},"canonical":"https:\/\/zakupynaryby.pl\/index.php\/product\/farba-proszkowa-do-ciezarkow-maskujaca-piach\/","og_locale":"pl_PL","og_type":"article","og_title":"Farba proszkowa do ci\u0119\u017cark\u00f3w","og_description":"Farba proszkowa gruboziarnista do malowania ci\u0119\u017cark\u00f3w gruntowych.Farba skutecznie maskuje ci\u0119\u017carek w wodzie.Mo\u017cna uzyska\u0107 dwie pow\u0142oki : b\u0142yszcz\u0105c\u0105 lub ziarnist\u0105.B\u0142yszcz\u0105c\u0105 stuktur\u0119 uzyskujeme obtaczaj\u0105c gor\u0105cy ci\u0119\u017carek w farbie a nast\u0119pnie wygrzewamy ponownie.Ziarnist\u0105 struktur\u0119 uzyskujemy obtaczaj\u0105c gor\u0105cy ci\u0119\u017carek w farbie bez ponownego wygrzania.Ci\u0119\u017carki nale\u017cy podgrza\u0107 do 180 stopni C ( np. w piekarniku ), a nast\u0119pnie obtaczamy w farbie.Nast\u0119pnym etapem jest wygrzanie ich w 180 stopniach C przez 20 minut i gotowe.Pakowana po 50 gram.","og_url":"https:\/\/zakupynaryby.pl\/index.php\/product\/farba-proszkowa-do-ciezarkow-maskujaca-piach\/","og_site_name":"Formy w\u0119dkarskie","article_modified_time":"2026-03-31T06:58:47+00:00","og_image":[{"width":550,"height":523,"url":"https:\/\/zakupynaryby.pl\/wp-content\/uploads\/2022\/05\/Piasek-b-1-e1735303732659.jpg","type":"image\/jpeg"}],"twitter_card":"summary_large_image","twitter_misc":{"Szacowany czas czytania":"1 minuta"},"schema":{"@context":"https:\/\/schema.org","@graph":[{"@type":"WebPage","@id":"https:\/\/zakupynaryby.pl\/index.php\/product\/farba-proszkowa-do-ciezarkow-maskujaca-piach\/","url":"https:\/\/zakupynaryby.pl\/index.php\/product\/farba-proszkowa-do-ciezarkow-maskujaca-piach\/","name":"Farba proszkowa do ci\u0119\u017cark\u00f3w","isPartOf":{"@id":"https:\/\/zakupynaryby.pl\/#website"},"primaryImageOfPage":{"@id":"https:\/\/zakupynaryby.pl\/index.php\/product\/farba-proszkowa-do-ciezarkow-maskujaca-piach\/#primaryimage"},"image":{"@id":"https:\/\/zakupynaryby.pl\/index.php\/product\/farba-proszkowa-do-ciezarkow-maskujaca-piach\/#primaryimage"},"thumbnailUrl":"https:\/\/zakupynaryby.pl\/wp-content\/uploads\/2022\/05\/Piasek-b-1-e1735303732659.jpg","datePublished":"2022-05-22T12:15:01+00:00","dateModified":"2026-03-31T06:58:47+00:00","description":"Farba proszkowa gruboziarnista do malowania ci\u0119\u017cark\u00f3w gruntowych.Farba skutecznie maskuje ci\u0119\u017carek w wodzie.Mo\u017cna uzyska\u0107 dwie pow\u0142oki : b\u0142yszcz\u0105c\u0105 lub ziarnist\u0105.B\u0142yszcz\u0105c\u0105 stuktur\u0119 uzyskujeme obtaczaj\u0105c gor\u0105cy ci\u0119\u017carek w farbie a nast\u0119pnie wygrzewamy ponownie.Ziarnist\u0105 struktur\u0119 uzyskujemy obtaczaj\u0105c gor\u0105cy ci\u0119\u017carek w farbie bez ponownego wygrzania.Ci\u0119\u017carki nale\u017cy podgrza\u0107 do 180 stopni C ( np. w piekarniku ), a nast\u0119pnie obtaczamy w farbie.Nast\u0119pnym etapem jest wygrzanie ich w 180 stopniach C przez 20 minut i gotowe.Pakowana po 50 gram.","breadcrumb":{"@id":"https:\/\/zakupynaryby.pl\/index.php\/product\/farba-proszkowa-do-ciezarkow-maskujaca-piach\/#breadcrumb"},"inLanguage":"pl-PL","potentialAction":[{"@type":"ReadAction","target":["https:\/\/zakupynaryby.pl\/index.php\/product\/farba-proszkowa-do-ciezarkow-maskujaca-piach\/"]}]},{"@type":"ImageObject","inLanguage":"pl-PL","@id":"https:\/\/zakupynaryby.pl\/index.php\/product\/farba-proszkowa-do-ciezarkow-maskujaca-piach\/#primaryimage","url":"https:\/\/zakupynaryby.pl\/wp-content\/uploads\/2022\/05\/Piasek-b-1-e1735303732659.jpg","contentUrl":"https:\/\/zakupynaryby.pl\/wp-content\/uploads\/2022\/05\/Piasek-b-1-e1735303732659.jpg","width":550,"height":523,"caption":"Farba proszkowa maskuj\u0105ca do ci\u0119\u017cark\u00f3w - Piasek"},{"@type":"BreadcrumbList","@id":"https:\/\/zakupynaryby.pl\/index.php\/product\/farba-proszkowa-do-ciezarkow-maskujaca-piach\/#breadcrumb","itemListElement":[{"@type":"ListItem","position":1,"name":"Strona g\u0142\u00f3wna","item":"https:\/\/zakupynaryby.pl\/"},{"@type":"ListItem","position":2,"name":"Shop","item":"https:\/\/zakupynaryby.pl\/index.php\/shop\/"},{"@type":"ListItem","position":3,"name":"Farba proszkowa do ci\u0119\u017cark\u00f3w maskuj\u0105ca &#8211; PIACH"}]},{"@type":"WebSite","@id":"https:\/\/zakupynaryby.pl\/#website","url":"https:\/\/zakupynaryby.pl\/","name":"Formy w\u0119dkarskie","description":"Formy do odlewania ci\u0119\u017cark&oacute;w w\u0119dkarskich","publisher":{"@id":"https:\/\/zakupynaryby.pl\/#organization"},"potentialAction":[{"@type":"SearchAction","target":{"@type":"EntryPoint","urlTemplate":"https:\/\/zakupynaryby.pl\/?s={search_term_string}"},"query-input":{"@type":"PropertyValueSpecification","valueRequired":true,"valueName":"search_term_string"}}],"inLanguage":"pl-PL"},{"@type":"Organization","@id":"https:\/\/zakupynaryby.pl\/#organization","name":"Formy w\u0119dkarskie","url":"https:\/\/zakupynaryby.pl\/","logo":{"@type":"ImageObject","inLanguage":"pl-PL","@id":"https:\/\/zakupynaryby.pl\/#\/schema\/logo\/image\/","url":"https:\/\/zakupynaryby.pl\/wp-content\/uploads\/2022\/05\/zakupy.jpg","contentUrl":"https:\/\/zakupynaryby.pl\/wp-content\/uploads\/2022\/05\/zakupy.jpg","width":500,"height":153,"caption":"Formy w\u0119dkarskie"},"image":{"@id":"https:\/\/zakupynaryby.pl\/#\/schema\/logo\/image\/"}}]}},"_links":{"self":[{"href":"https:\/\/zakupynaryby.pl\/index.php\/wp-json\/wp\/v2\/product\/1180","targetHints":{"allow":["GET"]}}],"collection":[{"href":"https:\/\/zakupynaryby.pl\/index.php\/wp-json\/wp\/v2\/product"}],"about":[{"href":"https:\/\/zakupynaryby.pl\/index.php\/wp-json\/wp\/v2\/types\/product"}],"wp:featuredmedia":[{"embeddable":true,"href":"https:\/\/zakupynaryby.pl\/index.php\/wp-json\/wp\/v2\/media\/1194"}],"wp:attachment":[{"href":"https:\/\/zakupynaryby.pl\/index.php\/wp-json\/wp\/v2\/media?parent=1180"}],"wp:term":[{"taxonomy":"product_brand","embeddable":true,"href":"https:\/\/zakupynaryby.pl\/index.php\/wp-json\/wp\/v2\/product_brand?post=1180"},{"taxonomy":"product_cat","embeddable":true,"href":"https:\/\/zakupynaryby.pl\/index.php\/wp-json\/wp\/v2\/product_cat?post=1180"},{"taxonomy":"product_tag","embeddable":true,"href":"https:\/\/zakupynaryby.pl\/index.php\/wp-json\/wp\/v2\/product_tag?post=1180"}],"curies":[{"name":"wp","href":"https:\/\/api.w.org\/{rel}","templated":true}]}}