{"id":1199,"date":"2022-05-22T17:41:00","date_gmt":"2022-05-22T17:41:00","guid":{"rendered":"https:\/\/www.zakupynaryby.pl\/?post_type=product&#038;p=1199"},"modified":"2026-03-30T21:52:39","modified_gmt":"2026-03-30T19:52:39","slug":"glowki-do-kogutow-okragle-gladkie","status":"publish","type":"product","link":"https:\/\/zakupynaryby.pl\/index.php\/product\/glowki-do-kogutow-okragle-gladkie\/","title":{"rendered":"G\u0142\u00f3wki do kogut\u00f3w &#8211; okr\u0105g\u0142e g\u0142adkie <br> 8 10 12 15 18 20 25 30 35 gr."},"content":{"rendered":"<p>G\u0142\u00f3wki do kogut\u00f3w &#8211; okr\u0105g\u0142e g\u0142adkie.<\/p>\n<p>Gramatura: 8 10 12 15 18 20 25 30 35 gr.<\/p>\n<p>Drut nierdzewny formowany w ca\u0142o\u015bci.<\/p>\n<p>Wszystkie g\u0142\u00f3wki wykonane na drucie &#8211; 1,0 mm<\/p>\n<p>Na ka\u017cdej g\u0142\u00f3wce jest gramatura.<\/p>\n<p><a href=\"https:\/\/zakupynaryby.pl\/index.php\/product\/kotwica-vmc-9649-predator-rozmiar-1-0-10-sztuk\/\">Kotwica VMC 9649 PREDATOR Rozmiar 1\/0 ( 10 sztuk )<\/a><\/p>\n<p>&nbsp;<\/p>\n","protected":false},"excerpt":{"rendered":"<p><strong>Gramatura: 8 10 12 15 18 20 25 30 35\u00a0 gr.<\/strong><\/p>\n<p><strong>G\u0142\u00f3wki z oczkiem pod k\u0105tem 45<sup>o<\/sup> .<\/strong><\/p>\n<p><strong>Drut nierdzewny formowany w ca\u0142o\u015bci.<\/strong><\/p>\n<p><strong>Wszystkie g\u0142\u00f3wki wykonane na drucie &#8211; 1,0 mm<\/strong><\/p>\n<p><strong>Na ka\u017cdej g\u0142\u00f3wce jest oznaczona gramatura.<\/strong><\/p>\n","protected":false},"featured_media":3812,"template":"","meta":[],"product_brand":[],"product_cat":[56,75,74,16],"product_tag":[],"class_list":{"0":"post-1199","1":"product","2":"type-product","3":"status-publish","4":"has-post-thumbnail","6":"product_cat-do-jigow","7":"product_cat-glowki-do-kogutow","8":"product_cat-glowki-wedkarskie","9":"product_cat-wszystkie-produkty","11":"first","12":"instock","13":"shipping-taxable","14":"purchasable","15":"product-type-variable"},"yoast_head":"<!-- This site is optimized with the Yoast SEO plugin v27.4 - https:\/\/yoast.com\/product\/yoast-seo-wordpress\/ -->\n<title>G\u0142\u00f3wki do kogut\u00f3w - okr\u0105g\u0142e g\u0142adkie<\/title>\n<meta name=\"description\" content=\"G\u0142\u00f3wki do kogut\u00f3w - okr\u0105g\u0142e g\u0142adkie. Gramatura: 8 10 12 15 18 20 25 30 35 gr. Wszystkie g\u0142\u00f3wki wykonane na drucie 1,0 mm.\" \/>\n<meta name=\"robots\" content=\"index, follow, max-snippet:-1, max-image-preview:large, max-video-preview:-1\" \/>\n<link rel=\"canonical\" href=\"https:\/\/zakupynaryby.pl\/index.php\/product\/glowki-do-kogutow-okragle-gladkie\/\" \/>\n<meta property=\"og:locale\" content=\"pl_PL\" \/>\n<meta property=\"og:type\" content=\"article\" \/>\n<meta property=\"og:title\" content=\"G\u0142\u00f3wki do kogut\u00f3w - okr\u0105g\u0142e g\u0142adkie\" \/>\n<meta property=\"og:description\" content=\"G\u0142\u00f3wki do kogut\u00f3w - okr\u0105g\u0142e g\u0142adkie. Gramatura: 8 10 12 15 18 20 25 30 35 gr. Wszystkie g\u0142\u00f3wki wykonane na drucie 1,0 mm.\" \/>\n<meta property=\"og:url\" content=\"https:\/\/zakupynaryby.pl\/index.php\/product\/glowki-do-kogutow-okragle-gladkie\/\" \/>\n<meta property=\"og:site_name\" content=\"Formy w\u0119dkarskie\" \/>\n<meta property=\"article:modified_time\" content=\"2026-03-30T19:52:39+00:00\" \/>\n<meta property=\"og:image\" content=\"https:\/\/zakupynaryby.pl\/wp-content\/uploads\/2022\/05\/glowka-do-kogutow-2-e1735291205547.jpg\" \/>\n\t<meta property=\"og:image:width\" content=\"550\" \/>\n\t<meta property=\"og:image:height\" content=\"580\" \/>\n\t<meta property=\"og:image:type\" content=\"image\/jpeg\" \/>\n<meta name=\"twitter:card\" content=\"summary_large_image\" \/>\n<meta name=\"twitter:label1\" content=\"Szacowany czas czytania\" \/>\n\t<meta name=\"twitter:data1\" content=\"1 minuta\" \/>\n<script type=\"application\/ld+json\" class=\"yoast-schema-graph\">{\"@context\":\"https:\\\/\\\/schema.org\",\"@graph\":[{\"@type\":\"WebPage\",\"@id\":\"https:\\\/\\\/zakupynaryby.pl\\\/index.php\\\/product\\\/glowki-do-kogutow-okragle-gladkie\\\/\",\"url\":\"https:\\\/\\\/zakupynaryby.pl\\\/index.php\\\/product\\\/glowki-do-kogutow-okragle-gladkie\\\/\",\"name\":\"G\u0142\u00f3wki do kogut\u00f3w - okr\u0105g\u0142e g\u0142adkie\",\"isPartOf\":{\"@id\":\"https:\\\/\\\/zakupynaryby.pl\\\/#website\"},\"primaryImageOfPage\":{\"@id\":\"https:\\\/\\\/zakupynaryby.pl\\\/index.php\\\/product\\\/glowki-do-kogutow-okragle-gladkie\\\/#primaryimage\"},\"image\":{\"@id\":\"https:\\\/\\\/zakupynaryby.pl\\\/index.php\\\/product\\\/glowki-do-kogutow-okragle-gladkie\\\/#primaryimage\"},\"thumbnailUrl\":\"https:\\\/\\\/zakupynaryby.pl\\\/wp-content\\\/uploads\\\/2022\\\/05\\\/glowka-do-kogutow-2-e1735291205547.jpg\",\"datePublished\":\"2022-05-22T17:41:00+00:00\",\"dateModified\":\"2026-03-30T19:52:39+00:00\",\"description\":\"G\u0142\u00f3wki do kogut\u00f3w - okr\u0105g\u0142e g\u0142adkie. Gramatura: 8 10 12 15 18 20 25 30 35 gr. Wszystkie g\u0142\u00f3wki wykonane na drucie 1,0 mm.\",\"breadcrumb\":{\"@id\":\"https:\\\/\\\/zakupynaryby.pl\\\/index.php\\\/product\\\/glowki-do-kogutow-okragle-gladkie\\\/#breadcrumb\"},\"inLanguage\":\"pl-PL\",\"potentialAction\":[{\"@type\":\"ReadAction\",\"target\":[\"https:\\\/\\\/zakupynaryby.pl\\\/index.php\\\/product\\\/glowki-do-kogutow-okragle-gladkie\\\/\"]}]},{\"@type\":\"ImageObject\",\"inLanguage\":\"pl-PL\",\"@id\":\"https:\\\/\\\/zakupynaryby.pl\\\/index.php\\\/product\\\/glowki-do-kogutow-okragle-gladkie\\\/#primaryimage\",\"url\":\"https:\\\/\\\/zakupynaryby.pl\\\/wp-content\\\/uploads\\\/2022\\\/05\\\/glowka-do-kogutow-2-e1735291205547.jpg\",\"contentUrl\":\"https:\\\/\\\/zakupynaryby.pl\\\/wp-content\\\/uploads\\\/2022\\\/05\\\/glowka-do-kogutow-2-e1735291205547.jpg\",\"width\":550,\"height\":580,\"caption\":\"g\u0142\u00f3wka do kogut\u00f3w\"},{\"@type\":\"BreadcrumbList\",\"@id\":\"https:\\\/\\\/zakupynaryby.pl\\\/index.php\\\/product\\\/glowki-do-kogutow-okragle-gladkie\\\/#breadcrumb\",\"itemListElement\":[{\"@type\":\"ListItem\",\"position\":1,\"name\":\"Strona g\u0142\u00f3wna\",\"item\":\"https:\\\/\\\/zakupynaryby.pl\\\/\"},{\"@type\":\"ListItem\",\"position\":2,\"name\":\"Shop\",\"item\":\"https:\\\/\\\/zakupynaryby.pl\\\/index.php\\\/shop\\\/\"},{\"@type\":\"ListItem\",\"position\":3,\"name\":\"G\u0142\u00f3wki do kogut\u00f3w &#8211; okr\u0105g\u0142e g\u0142adkie 8 10 12 15 18 20 25 30 35 gr.\"}]},{\"@type\":\"WebSite\",\"@id\":\"https:\\\/\\\/zakupynaryby.pl\\\/#website\",\"url\":\"https:\\\/\\\/zakupynaryby.pl\\\/\",\"name\":\"Formy w\u0119dkarskie\",\"description\":\"Formy do odlewania ci\u0119\u017cark&oacute;w w\u0119dkarskich\",\"publisher\":{\"@id\":\"https:\\\/\\\/zakupynaryby.pl\\\/#organization\"},\"potentialAction\":[{\"@type\":\"SearchAction\",\"target\":{\"@type\":\"EntryPoint\",\"urlTemplate\":\"https:\\\/\\\/zakupynaryby.pl\\\/?s={search_term_string}\"},\"query-input\":{\"@type\":\"PropertyValueSpecification\",\"valueRequired\":true,\"valueName\":\"search_term_string\"}}],\"inLanguage\":\"pl-PL\"},{\"@type\":\"Organization\",\"@id\":\"https:\\\/\\\/zakupynaryby.pl\\\/#organization\",\"name\":\"Formy w\u0119dkarskie\",\"url\":\"https:\\\/\\\/zakupynaryby.pl\\\/\",\"logo\":{\"@type\":\"ImageObject\",\"inLanguage\":\"pl-PL\",\"@id\":\"https:\\\/\\\/zakupynaryby.pl\\\/#\\\/schema\\\/logo\\\/image\\\/\",\"url\":\"https:\\\/\\\/zakupynaryby.pl\\\/wp-content\\\/uploads\\\/2022\\\/05\\\/zakupy.jpg\",\"contentUrl\":\"https:\\\/\\\/zakupynaryby.pl\\\/wp-content\\\/uploads\\\/2022\\\/05\\\/zakupy.jpg\",\"width\":500,\"height\":153,\"caption\":\"Formy w\u0119dkarskie\"},\"image\":{\"@id\":\"https:\\\/\\\/zakupynaryby.pl\\\/#\\\/schema\\\/logo\\\/image\\\/\"}}]}<\/script>\n<!-- \/ Yoast SEO plugin. -->","yoast_head_json":{"title":"G\u0142\u00f3wki do kogut\u00f3w - okr\u0105g\u0142e g\u0142adkie","description":"G\u0142\u00f3wki do kogut\u00f3w - okr\u0105g\u0142e g\u0142adkie. Gramatura: 8 10 12 15 18 20 25 30 35 gr. Wszystkie g\u0142\u00f3wki wykonane na drucie 1,0 mm.","robots":{"index":"index","follow":"follow","max-snippet":"max-snippet:-1","max-image-preview":"max-image-preview:large","max-video-preview":"max-video-preview:-1"},"canonical":"https:\/\/zakupynaryby.pl\/index.php\/product\/glowki-do-kogutow-okragle-gladkie\/","og_locale":"pl_PL","og_type":"article","og_title":"G\u0142\u00f3wki do kogut\u00f3w - okr\u0105g\u0142e g\u0142adkie","og_description":"G\u0142\u00f3wki do kogut\u00f3w - okr\u0105g\u0142e g\u0142adkie. Gramatura: 8 10 12 15 18 20 25 30 35 gr. Wszystkie g\u0142\u00f3wki wykonane na drucie 1,0 mm.","og_url":"https:\/\/zakupynaryby.pl\/index.php\/product\/glowki-do-kogutow-okragle-gladkie\/","og_site_name":"Formy w\u0119dkarskie","article_modified_time":"2026-03-30T19:52:39+00:00","og_image":[{"width":550,"height":580,"url":"https:\/\/zakupynaryby.pl\/wp-content\/uploads\/2022\/05\/glowka-do-kogutow-2-e1735291205547.jpg","type":"image\/jpeg"}],"twitter_card":"summary_large_image","twitter_misc":{"Szacowany czas czytania":"1 minuta"},"schema":{"@context":"https:\/\/schema.org","@graph":[{"@type":"WebPage","@id":"https:\/\/zakupynaryby.pl\/index.php\/product\/glowki-do-kogutow-okragle-gladkie\/","url":"https:\/\/zakupynaryby.pl\/index.php\/product\/glowki-do-kogutow-okragle-gladkie\/","name":"G\u0142\u00f3wki do kogut\u00f3w - okr\u0105g\u0142e g\u0142adkie","isPartOf":{"@id":"https:\/\/zakupynaryby.pl\/#website"},"primaryImageOfPage":{"@id":"https:\/\/zakupynaryby.pl\/index.php\/product\/glowki-do-kogutow-okragle-gladkie\/#primaryimage"},"image":{"@id":"https:\/\/zakupynaryby.pl\/index.php\/product\/glowki-do-kogutow-okragle-gladkie\/#primaryimage"},"thumbnailUrl":"https:\/\/zakupynaryby.pl\/wp-content\/uploads\/2022\/05\/glowka-do-kogutow-2-e1735291205547.jpg","datePublished":"2022-05-22T17:41:00+00:00","dateModified":"2026-03-30T19:52:39+00:00","description":"G\u0142\u00f3wki do kogut\u00f3w - okr\u0105g\u0142e g\u0142adkie. Gramatura: 8 10 12 15 18 20 25 30 35 gr. Wszystkie g\u0142\u00f3wki wykonane na drucie 1,0 mm.","breadcrumb":{"@id":"https:\/\/zakupynaryby.pl\/index.php\/product\/glowki-do-kogutow-okragle-gladkie\/#breadcrumb"},"inLanguage":"pl-PL","potentialAction":[{"@type":"ReadAction","target":["https:\/\/zakupynaryby.pl\/index.php\/product\/glowki-do-kogutow-okragle-gladkie\/"]}]},{"@type":"ImageObject","inLanguage":"pl-PL","@id":"https:\/\/zakupynaryby.pl\/index.php\/product\/glowki-do-kogutow-okragle-gladkie\/#primaryimage","url":"https:\/\/zakupynaryby.pl\/wp-content\/uploads\/2022\/05\/glowka-do-kogutow-2-e1735291205547.jpg","contentUrl":"https:\/\/zakupynaryby.pl\/wp-content\/uploads\/2022\/05\/glowka-do-kogutow-2-e1735291205547.jpg","width":550,"height":580,"caption":"g\u0142\u00f3wka do kogut\u00f3w"},{"@type":"BreadcrumbList","@id":"https:\/\/zakupynaryby.pl\/index.php\/product\/glowki-do-kogutow-okragle-gladkie\/#breadcrumb","itemListElement":[{"@type":"ListItem","position":1,"name":"Strona g\u0142\u00f3wna","item":"https:\/\/zakupynaryby.pl\/"},{"@type":"ListItem","position":2,"name":"Shop","item":"https:\/\/zakupynaryby.pl\/index.php\/shop\/"},{"@type":"ListItem","position":3,"name":"G\u0142\u00f3wki do kogut\u00f3w &#8211; okr\u0105g\u0142e g\u0142adkie 8 10 12 15 18 20 25 30 35 gr."}]},{"@type":"WebSite","@id":"https:\/\/zakupynaryby.pl\/#website","url":"https:\/\/zakupynaryby.pl\/","name":"Formy w\u0119dkarskie","description":"Formy do odlewania ci\u0119\u017cark&oacute;w w\u0119dkarskich","publisher":{"@id":"https:\/\/zakupynaryby.pl\/#organization"},"potentialAction":[{"@type":"SearchAction","target":{"@type":"EntryPoint","urlTemplate":"https:\/\/zakupynaryby.pl\/?s={search_term_string}"},"query-input":{"@type":"PropertyValueSpecification","valueRequired":true,"valueName":"search_term_string"}}],"inLanguage":"pl-PL"},{"@type":"Organization","@id":"https:\/\/zakupynaryby.pl\/#organization","name":"Formy w\u0119dkarskie","url":"https:\/\/zakupynaryby.pl\/","logo":{"@type":"ImageObject","inLanguage":"pl-PL","@id":"https:\/\/zakupynaryby.pl\/#\/schema\/logo\/image\/","url":"https:\/\/zakupynaryby.pl\/wp-content\/uploads\/2022\/05\/zakupy.jpg","contentUrl":"https:\/\/zakupynaryby.pl\/wp-content\/uploads\/2022\/05\/zakupy.jpg","width":500,"height":153,"caption":"Formy w\u0119dkarskie"},"image":{"@id":"https:\/\/zakupynaryby.pl\/#\/schema\/logo\/image\/"}}]}},"_links":{"self":[{"href":"https:\/\/zakupynaryby.pl\/index.php\/wp-json\/wp\/v2\/product\/1199","targetHints":{"allow":["GET"]}}],"collection":[{"href":"https:\/\/zakupynaryby.pl\/index.php\/wp-json\/wp\/v2\/product"}],"about":[{"href":"https:\/\/zakupynaryby.pl\/index.php\/wp-json\/wp\/v2\/types\/product"}],"wp:featuredmedia":[{"embeddable":true,"href":"https:\/\/zakupynaryby.pl\/index.php\/wp-json\/wp\/v2\/media\/3812"}],"wp:attachment":[{"href":"https:\/\/zakupynaryby.pl\/index.php\/wp-json\/wp\/v2\/media?parent=1199"}],"wp:term":[{"taxonomy":"product_brand","embeddable":true,"href":"https:\/\/zakupynaryby.pl\/index.php\/wp-json\/wp\/v2\/product_brand?post=1199"},{"taxonomy":"product_cat","embeddable":true,"href":"https:\/\/zakupynaryby.pl\/index.php\/wp-json\/wp\/v2\/product_cat?post=1199"},{"taxonomy":"product_tag","embeddable":true,"href":"https:\/\/zakupynaryby.pl\/index.php\/wp-json\/wp\/v2\/product_tag?post=1199"}],"curies":[{"name":"wp","href":"https:\/\/api.w.org\/{rel}","templated":true}]}}