{"id":1253,"date":"2022-05-22T20:09:27","date_gmt":"2022-05-22T18:09:27","guid":{"rendered":"https:\/\/www.zakupynaryby.pl\/?post_type=product&#038;p=1253"},"modified":"2025-10-22T23:10:37","modified_gmt":"2025-10-22T21:10:37","slug":"forma-do-odlewania-jigow-2","status":"publish","type":"product","link":"https:\/\/zakupynaryby.pl\/index.php\/product\/forma-do-odlewania-jigow-2\/","title":{"rendered":"Forma do odlewania jig\u00f3w <br> F-105 (  5 6 8 10 13 17 gr. )"},"content":{"rendered":"<p>Forma do odlewania jig\u00f3w.<\/p>\n<p>Gramatura: 5 6 8 10 13 17 gr.<\/p>\n<p>Pasuj\u0105ce haki :<\/p>\n<p><a href=\"https:\/\/zakupynaryby.pl\/index.php\/product\/haki-vmc-5150-barbarian-rozmiar-3-0-10-sztuk\/\">VMC 5150BN Barbarian 3\/0<\/a><\/p>\n<p><a href=\"https:\/\/zakupynaryby.pl\/index.php\/product\/haki-vmc-5150-barbarian-rozmiar-4-0-10-sztuk\/\">VMC 5150BN Barbarian 4\/0<\/a><\/p>\n<p>&nbsp;<\/p>\n<p>Uwaga dotycz\u0105ca bezpiecze\u0144stwa produktu:<\/p>\n<ul>\n<li>\u2022 Nigdy nie zalewaj mokrej formy.<br \/>\n\u2022 U\u017cywaj okular\u00f3w ochronnych i r\u0119kawic termicznych.<br \/>\n\u2022 Zapewnij odpowiedni\u0105 wentylacj\u0119 w pomieszczeniu pracy.<\/li>\n<\/ul>\n","protected":false},"excerpt":{"rendered":"<p>Gramatura: 5 6 8 10 13 17 gr.<\/p>\n<p>Pasuj\u0105ce haki :<\/p>\n<p><a href=\"https:\/\/zakupynaryby.pl\/index.php\/product\/haki-vmc-5150-barbarian-rozmiar-3-0-10-sztuk\/\">VMC 5150BN Barbarian 3\/0<\/a><\/p>\n<p><a href=\"https:\/\/zakupynaryby.pl\/index.php\/product\/haki-vmc-5150-barbarian-rozmiar-4-0-10-sztuk\/\">VMC 5150BN Barbarian 4\/0<\/a><\/p>\n","protected":false},"featured_media":6556,"template":"","meta":[],"product_brand":[],"product_cat":[55,44,78,16],"product_tag":[],"class_list":{"0":"post-1253","1":"product","2":"type-product","3":"status-publish","4":"has-post-thumbnail","6":"product_cat-jigi","7":"product_cat-formy-ciezarkow","8":"product_cat-formy-wedkarskie","9":"product_cat-wszystkie-produkty","11":"first","12":"outofstock","13":"sold-individually","14":"shipping-taxable","15":"purchasable","16":"product-type-simple"},"yoast_head":"<!-- This site is optimized with the Yoast SEO plugin v27.5 - https:\/\/yoast.com\/product\/yoast-seo-wordpress\/ -->\n<title>Forma do odlewania jig\u00f3w - Formy w\u0119dkarskie<\/title>\n<meta name=\"description\" content=\"Forma do odlewania jig\u00f3w. Gramatura: 5 6 8 10 13 17 gr. Pasuj\u0105ce haki: VMC 5150BN Barbarian 3\/0. VMC 5150BN Barbarian 4\/0.\" \/>\n<meta name=\"robots\" content=\"index, follow, max-snippet:-1, max-image-preview:large, max-video-preview:-1\" \/>\n<link rel=\"canonical\" href=\"https:\/\/zakupynaryby.pl\/index.php\/product\/forma-do-odlewania-jigow-2\/\" \/>\n<meta property=\"og:locale\" content=\"pl_PL\" \/>\n<meta property=\"og:type\" content=\"article\" \/>\n<meta property=\"og:title\" content=\"Forma do odlewania jig\u00f3w - Formy w\u0119dkarskie\" \/>\n<meta property=\"og:description\" content=\"Forma do odlewania jig\u00f3w. Gramatura: 5 6 8 10 13 17 gr. Pasuj\u0105ce haki: VMC 5150BN Barbarian 3\/0. VMC 5150BN Barbarian 4\/0.\" \/>\n<meta property=\"og:url\" content=\"https:\/\/zakupynaryby.pl\/index.php\/product\/forma-do-odlewania-jigow-2\/\" \/>\n<meta property=\"og:site_name\" content=\"Formy w\u0119dkarskie\" \/>\n<meta property=\"article:modified_time\" content=\"2025-10-22T21:10:37+00:00\" \/>\n<meta property=\"og:image\" content=\"https:\/\/zakupynaryby.pl\/wp-content\/uploads\/2022\/05\/F-105-2.jpg\" \/>\n\t<meta property=\"og:image:width\" content=\"600\" \/>\n\t<meta property=\"og:image:height\" content=\"601\" \/>\n\t<meta property=\"og:image:type\" content=\"image\/jpeg\" \/>\n<meta name=\"twitter:card\" content=\"summary_large_image\" \/>\n<meta name=\"twitter:label1\" content=\"Szacowany czas czytania\" \/>\n\t<meta name=\"twitter:data1\" content=\"1 minuta\" \/>\n<script type=\"application\/ld+json\" class=\"yoast-schema-graph\">{\"@context\":\"https:\\\/\\\/schema.org\",\"@graph\":[{\"@type\":\"WebPage\",\"@id\":\"https:\\\/\\\/zakupynaryby.pl\\\/index.php\\\/product\\\/forma-do-odlewania-jigow-2\\\/\",\"url\":\"https:\\\/\\\/zakupynaryby.pl\\\/index.php\\\/product\\\/forma-do-odlewania-jigow-2\\\/\",\"name\":\"Forma do odlewania jig\u00f3w - Formy w\u0119dkarskie\",\"isPartOf\":{\"@id\":\"https:\\\/\\\/zakupynaryby.pl\\\/#website\"},\"primaryImageOfPage\":{\"@id\":\"https:\\\/\\\/zakupynaryby.pl\\\/index.php\\\/product\\\/forma-do-odlewania-jigow-2\\\/#primaryimage\"},\"image\":{\"@id\":\"https:\\\/\\\/zakupynaryby.pl\\\/index.php\\\/product\\\/forma-do-odlewania-jigow-2\\\/#primaryimage\"},\"thumbnailUrl\":\"https:\\\/\\\/zakupynaryby.pl\\\/wp-content\\\/uploads\\\/2022\\\/05\\\/F-105-2.jpg\",\"datePublished\":\"2022-05-22T18:09:27+00:00\",\"dateModified\":\"2025-10-22T21:10:37+00:00\",\"description\":\"Forma do odlewania jig\u00f3w. Gramatura: 5 6 8 10 13 17 gr. Pasuj\u0105ce haki: VMC 5150BN Barbarian 3\\\/0. VMC 5150BN Barbarian 4\\\/0.\",\"breadcrumb\":{\"@id\":\"https:\\\/\\\/zakupynaryby.pl\\\/index.php\\\/product\\\/forma-do-odlewania-jigow-2\\\/#breadcrumb\"},\"inLanguage\":\"pl-PL\",\"potentialAction\":[{\"@type\":\"ReadAction\",\"target\":[\"https:\\\/\\\/zakupynaryby.pl\\\/index.php\\\/product\\\/forma-do-odlewania-jigow-2\\\/\"]}]},{\"@type\":\"ImageObject\",\"inLanguage\":\"pl-PL\",\"@id\":\"https:\\\/\\\/zakupynaryby.pl\\\/index.php\\\/product\\\/forma-do-odlewania-jigow-2\\\/#primaryimage\",\"url\":\"https:\\\/\\\/zakupynaryby.pl\\\/wp-content\\\/uploads\\\/2022\\\/05\\\/F-105-2.jpg\",\"contentUrl\":\"https:\\\/\\\/zakupynaryby.pl\\\/wp-content\\\/uploads\\\/2022\\\/05\\\/F-105-2.jpg\",\"width\":600,\"height\":601,\"caption\":\"Forma do odlewania jig\u00f3w\"},{\"@type\":\"BreadcrumbList\",\"@id\":\"https:\\\/\\\/zakupynaryby.pl\\\/index.php\\\/product\\\/forma-do-odlewania-jigow-2\\\/#breadcrumb\",\"itemListElement\":[{\"@type\":\"ListItem\",\"position\":1,\"name\":\"Strona g\u0142\u00f3wna\",\"item\":\"https:\\\/\\\/zakupynaryby.pl\\\/\"},{\"@type\":\"ListItem\",\"position\":2,\"name\":\"Shop\",\"item\":\"https:\\\/\\\/zakupynaryby.pl\\\/index.php\\\/shop\\\/\"},{\"@type\":\"ListItem\",\"position\":3,\"name\":\"Forma do odlewania jig\u00f3w F-105 ( 5 6 8 10 13 17 gr. )\"}]},{\"@type\":\"WebSite\",\"@id\":\"https:\\\/\\\/zakupynaryby.pl\\\/#website\",\"url\":\"https:\\\/\\\/zakupynaryby.pl\\\/\",\"name\":\"Formy w\u0119dkarskie\",\"description\":\"Formy do odlewania ci\u0119\u017cark&oacute;w w\u0119dkarskich\",\"publisher\":{\"@id\":\"https:\\\/\\\/zakupynaryby.pl\\\/#organization\"},\"potentialAction\":[{\"@type\":\"SearchAction\",\"target\":{\"@type\":\"EntryPoint\",\"urlTemplate\":\"https:\\\/\\\/zakupynaryby.pl\\\/?s={search_term_string}\"},\"query-input\":{\"@type\":\"PropertyValueSpecification\",\"valueRequired\":true,\"valueName\":\"search_term_string\"}}],\"inLanguage\":\"pl-PL\"},{\"@type\":\"Organization\",\"@id\":\"https:\\\/\\\/zakupynaryby.pl\\\/#organization\",\"name\":\"Formy w\u0119dkarskie\",\"url\":\"https:\\\/\\\/zakupynaryby.pl\\\/\",\"logo\":{\"@type\":\"ImageObject\",\"inLanguage\":\"pl-PL\",\"@id\":\"https:\\\/\\\/zakupynaryby.pl\\\/#\\\/schema\\\/logo\\\/image\\\/\",\"url\":\"https:\\\/\\\/zakupynaryby.pl\\\/wp-content\\\/uploads\\\/2022\\\/05\\\/zakupy.jpg\",\"contentUrl\":\"https:\\\/\\\/zakupynaryby.pl\\\/wp-content\\\/uploads\\\/2022\\\/05\\\/zakupy.jpg\",\"width\":500,\"height\":153,\"caption\":\"Formy w\u0119dkarskie\"},\"image\":{\"@id\":\"https:\\\/\\\/zakupynaryby.pl\\\/#\\\/schema\\\/logo\\\/image\\\/\"}}]}<\/script>\n<!-- \/ Yoast SEO plugin. -->","yoast_head_json":{"title":"Forma do odlewania jig\u00f3w - Formy w\u0119dkarskie","description":"Forma do odlewania jig\u00f3w. Gramatura: 5 6 8 10 13 17 gr. Pasuj\u0105ce haki: VMC 5150BN Barbarian 3\/0. VMC 5150BN Barbarian 4\/0.","robots":{"index":"index","follow":"follow","max-snippet":"max-snippet:-1","max-image-preview":"max-image-preview:large","max-video-preview":"max-video-preview:-1"},"canonical":"https:\/\/zakupynaryby.pl\/index.php\/product\/forma-do-odlewania-jigow-2\/","og_locale":"pl_PL","og_type":"article","og_title":"Forma do odlewania jig\u00f3w - Formy w\u0119dkarskie","og_description":"Forma do odlewania jig\u00f3w. Gramatura: 5 6 8 10 13 17 gr. Pasuj\u0105ce haki: VMC 5150BN Barbarian 3\/0. VMC 5150BN Barbarian 4\/0.","og_url":"https:\/\/zakupynaryby.pl\/index.php\/product\/forma-do-odlewania-jigow-2\/","og_site_name":"Formy w\u0119dkarskie","article_modified_time":"2025-10-22T21:10:37+00:00","og_image":[{"width":600,"height":601,"url":"https:\/\/zakupynaryby.pl\/wp-content\/uploads\/2022\/05\/F-105-2.jpg","type":"image\/jpeg"}],"twitter_card":"summary_large_image","twitter_misc":{"Szacowany czas czytania":"1 minuta"},"schema":{"@context":"https:\/\/schema.org","@graph":[{"@type":"WebPage","@id":"https:\/\/zakupynaryby.pl\/index.php\/product\/forma-do-odlewania-jigow-2\/","url":"https:\/\/zakupynaryby.pl\/index.php\/product\/forma-do-odlewania-jigow-2\/","name":"Forma do odlewania jig\u00f3w - Formy w\u0119dkarskie","isPartOf":{"@id":"https:\/\/zakupynaryby.pl\/#website"},"primaryImageOfPage":{"@id":"https:\/\/zakupynaryby.pl\/index.php\/product\/forma-do-odlewania-jigow-2\/#primaryimage"},"image":{"@id":"https:\/\/zakupynaryby.pl\/index.php\/product\/forma-do-odlewania-jigow-2\/#primaryimage"},"thumbnailUrl":"https:\/\/zakupynaryby.pl\/wp-content\/uploads\/2022\/05\/F-105-2.jpg","datePublished":"2022-05-22T18:09:27+00:00","dateModified":"2025-10-22T21:10:37+00:00","description":"Forma do odlewania jig\u00f3w. Gramatura: 5 6 8 10 13 17 gr. Pasuj\u0105ce haki: VMC 5150BN Barbarian 3\/0. VMC 5150BN Barbarian 4\/0.","breadcrumb":{"@id":"https:\/\/zakupynaryby.pl\/index.php\/product\/forma-do-odlewania-jigow-2\/#breadcrumb"},"inLanguage":"pl-PL","potentialAction":[{"@type":"ReadAction","target":["https:\/\/zakupynaryby.pl\/index.php\/product\/forma-do-odlewania-jigow-2\/"]}]},{"@type":"ImageObject","inLanguage":"pl-PL","@id":"https:\/\/zakupynaryby.pl\/index.php\/product\/forma-do-odlewania-jigow-2\/#primaryimage","url":"https:\/\/zakupynaryby.pl\/wp-content\/uploads\/2022\/05\/F-105-2.jpg","contentUrl":"https:\/\/zakupynaryby.pl\/wp-content\/uploads\/2022\/05\/F-105-2.jpg","width":600,"height":601,"caption":"Forma do odlewania jig\u00f3w"},{"@type":"BreadcrumbList","@id":"https:\/\/zakupynaryby.pl\/index.php\/product\/forma-do-odlewania-jigow-2\/#breadcrumb","itemListElement":[{"@type":"ListItem","position":1,"name":"Strona g\u0142\u00f3wna","item":"https:\/\/zakupynaryby.pl\/"},{"@type":"ListItem","position":2,"name":"Shop","item":"https:\/\/zakupynaryby.pl\/index.php\/shop\/"},{"@type":"ListItem","position":3,"name":"Forma do odlewania jig\u00f3w F-105 ( 5 6 8 10 13 17 gr. )"}]},{"@type":"WebSite","@id":"https:\/\/zakupynaryby.pl\/#website","url":"https:\/\/zakupynaryby.pl\/","name":"Formy w\u0119dkarskie","description":"Formy do odlewania ci\u0119\u017cark&oacute;w w\u0119dkarskich","publisher":{"@id":"https:\/\/zakupynaryby.pl\/#organization"},"potentialAction":[{"@type":"SearchAction","target":{"@type":"EntryPoint","urlTemplate":"https:\/\/zakupynaryby.pl\/?s={search_term_string}"},"query-input":{"@type":"PropertyValueSpecification","valueRequired":true,"valueName":"search_term_string"}}],"inLanguage":"pl-PL"},{"@type":"Organization","@id":"https:\/\/zakupynaryby.pl\/#organization","name":"Formy w\u0119dkarskie","url":"https:\/\/zakupynaryby.pl\/","logo":{"@type":"ImageObject","inLanguage":"pl-PL","@id":"https:\/\/zakupynaryby.pl\/#\/schema\/logo\/image\/","url":"https:\/\/zakupynaryby.pl\/wp-content\/uploads\/2022\/05\/zakupy.jpg","contentUrl":"https:\/\/zakupynaryby.pl\/wp-content\/uploads\/2022\/05\/zakupy.jpg","width":500,"height":153,"caption":"Formy w\u0119dkarskie"},"image":{"@id":"https:\/\/zakupynaryby.pl\/#\/schema\/logo\/image\/"}}]}},"_links":{"self":[{"href":"https:\/\/zakupynaryby.pl\/index.php\/wp-json\/wp\/v2\/product\/1253","targetHints":{"allow":["GET"]}}],"collection":[{"href":"https:\/\/zakupynaryby.pl\/index.php\/wp-json\/wp\/v2\/product"}],"about":[{"href":"https:\/\/zakupynaryby.pl\/index.php\/wp-json\/wp\/v2\/types\/product"}],"wp:featuredmedia":[{"embeddable":true,"href":"https:\/\/zakupynaryby.pl\/index.php\/wp-json\/wp\/v2\/media\/6556"}],"wp:attachment":[{"href":"https:\/\/zakupynaryby.pl\/index.php\/wp-json\/wp\/v2\/media?parent=1253"}],"wp:term":[{"taxonomy":"product_brand","embeddable":true,"href":"https:\/\/zakupynaryby.pl\/index.php\/wp-json\/wp\/v2\/product_brand?post=1253"},{"taxonomy":"product_cat","embeddable":true,"href":"https:\/\/zakupynaryby.pl\/index.php\/wp-json\/wp\/v2\/product_cat?post=1253"},{"taxonomy":"product_tag","embeddable":true,"href":"https:\/\/zakupynaryby.pl\/index.php\/wp-json\/wp\/v2\/product_tag?post=1253"}],"curies":[{"name":"wp","href":"https:\/\/api.w.org\/{rel}","templated":true}]}}