{"id":1387,"date":"2022-05-25T12:50:49","date_gmt":"2022-05-25T12:50:49","guid":{"rendered":"https:\/\/www.zakupynaryby.pl\/?post_type=product&#038;p=1387"},"modified":"2026-03-13T11:02:25","modified_gmt":"2026-03-13T10:02:25","slug":"ciezarek-karpiowy-grip-c-4-2","status":"publish","type":"product","link":"https:\/\/zakupynaryby.pl\/index.php\/product\/ciezarek-karpiowy-grip-c-4-2\/","title":{"rendered":"Ci\u0119\u017carek &#8211; GRIP KARPIOWY <br> &#8211; z oczkiem &#8211; <br> ( 40* 50* 60* 90* 300 gr. )"},"content":{"rendered":"<p>Ci\u0119\u017carki karpiowe z dziur\u0105 w \u015brodku, ci\u0119\u017carki wykonane z o\u0142owiu, odlewane na mocnych oczkach ze stali nierdzewnej<\/p>\n","protected":false},"excerpt":{"rendered":"<p>ci\u0119\u017carki karpiowe z dziur\u0105 w \u015brodku, ci\u0119\u017carki wykonane z o\u0142owiu, odlewane na mocnych oczkach ze stali nierdzewnej<\/p>\n","protected":false},"featured_media":2619,"template":"","meta":[],"product_brand":[],"product_cat":[49,37],"product_tag":[],"class_list":{"0":"post-1387","1":"product","2":"type-product","3":"status-publish","4":"has-post-thumbnail","6":"product_cat-gruntowe-ciezarki-2","7":"product_cat-ciezarki-wedkarskie","9":"first","10":"instock","11":"shipping-taxable","12":"purchasable","13":"product-type-variable"},"yoast_head":"<!-- This site is optimized with the Yoast SEO plugin v27.3 - https:\/\/yoast.com\/product\/yoast-seo-wordpress\/ -->\n<title>Ci\u0119\u017carek - GRIP KARPIOWY  - z oczkiem -  ( 40* 50* 60* 90* 300 gr. ) - Formy w\u0119dkarskie<\/title>\n<meta name=\"robots\" content=\"index, follow, max-snippet:-1, max-image-preview:large, max-video-preview:-1\" \/>\n<link rel=\"canonical\" href=\"https:\/\/zakupynaryby.pl\/index.php\/product\/ciezarek-karpiowy-grip-c-4-2\/\" \/>\n<meta property=\"og:locale\" content=\"pl_PL\" \/>\n<meta property=\"og:type\" content=\"article\" \/>\n<meta property=\"og:title\" content=\"Ci\u0119\u017carek - GRIP KARPIOWY  - z oczkiem -  ( 40* 50* 60* 90* 300 gr. ) - Formy w\u0119dkarskie\" \/>\n<meta property=\"og:description\" content=\"ci\u0119\u017carki karpiowe z dziur\u0105 w \u015brodku, ci\u0119\u017carki wykonane z o\u0142owiu, odlewane na mocnych oczkach ze stali nierdzewnej\" \/>\n<meta property=\"og:url\" content=\"https:\/\/zakupynaryby.pl\/index.php\/product\/ciezarek-karpiowy-grip-c-4-2\/\" \/>\n<meta property=\"og:site_name\" content=\"Formy w\u0119dkarskie\" \/>\n<meta property=\"article:modified_time\" content=\"2026-03-13T10:02:25+00:00\" \/>\n<meta property=\"og:image\" content=\"https:\/\/zakupynaryby.pl\/wp-content\/uploads\/2022\/05\/grip-z-oczkiem.jpg\" \/>\n\t<meta property=\"og:image:width\" content=\"1024\" \/>\n\t<meta property=\"og:image:height\" content=\"980\" \/>\n\t<meta property=\"og:image:type\" content=\"image\/jpeg\" \/>\n<meta name=\"twitter:card\" content=\"summary_large_image\" \/>\n<script type=\"application\/ld+json\" class=\"yoast-schema-graph\">{\"@context\":\"https:\\\/\\\/schema.org\",\"@graph\":[{\"@type\":\"WebPage\",\"@id\":\"https:\\\/\\\/zakupynaryby.pl\\\/index.php\\\/product\\\/ciezarek-karpiowy-grip-c-4-2\\\/\",\"url\":\"https:\\\/\\\/zakupynaryby.pl\\\/index.php\\\/product\\\/ciezarek-karpiowy-grip-c-4-2\\\/\",\"name\":\"Ci\u0119\u017carek - GRIP KARPIOWY - z oczkiem - ( 40* 50* 60* 90* 300 gr. ) - Formy w\u0119dkarskie\",\"isPartOf\":{\"@id\":\"https:\\\/\\\/zakupynaryby.pl\\\/#website\"},\"primaryImageOfPage\":{\"@id\":\"https:\\\/\\\/zakupynaryby.pl\\\/index.php\\\/product\\\/ciezarek-karpiowy-grip-c-4-2\\\/#primaryimage\"},\"image\":{\"@id\":\"https:\\\/\\\/zakupynaryby.pl\\\/index.php\\\/product\\\/ciezarek-karpiowy-grip-c-4-2\\\/#primaryimage\"},\"thumbnailUrl\":\"https:\\\/\\\/zakupynaryby.pl\\\/wp-content\\\/uploads\\\/2022\\\/05\\\/grip-z-oczkiem-e1735305213809.jpg\",\"datePublished\":\"2022-05-25T12:50:49+00:00\",\"dateModified\":\"2026-03-13T10:02:25+00:00\",\"breadcrumb\":{\"@id\":\"https:\\\/\\\/zakupynaryby.pl\\\/index.php\\\/product\\\/ciezarek-karpiowy-grip-c-4-2\\\/#breadcrumb\"},\"inLanguage\":\"pl-PL\",\"potentialAction\":[{\"@type\":\"ReadAction\",\"target\":[\"https:\\\/\\\/zakupynaryby.pl\\\/index.php\\\/product\\\/ciezarek-karpiowy-grip-c-4-2\\\/\"]}]},{\"@type\":\"ImageObject\",\"inLanguage\":\"pl-PL\",\"@id\":\"https:\\\/\\\/zakupynaryby.pl\\\/index.php\\\/product\\\/ciezarek-karpiowy-grip-c-4-2\\\/#primaryimage\",\"url\":\"https:\\\/\\\/zakupynaryby.pl\\\/wp-content\\\/uploads\\\/2022\\\/05\\\/grip-z-oczkiem-e1735305213809.jpg\",\"contentUrl\":\"https:\\\/\\\/zakupynaryby.pl\\\/wp-content\\\/uploads\\\/2022\\\/05\\\/grip-z-oczkiem-e1735305213809.jpg\",\"width\":550,\"height\":526,\"caption\":\"ci\u0119\u017carek karpiowy, ci\u0119\u017carki karpiowe\"},{\"@type\":\"BreadcrumbList\",\"@id\":\"https:\\\/\\\/zakupynaryby.pl\\\/index.php\\\/product\\\/ciezarek-karpiowy-grip-c-4-2\\\/#breadcrumb\",\"itemListElement\":[{\"@type\":\"ListItem\",\"position\":1,\"name\":\"Strona g\u0142\u00f3wna\",\"item\":\"https:\\\/\\\/zakupynaryby.pl\\\/\"},{\"@type\":\"ListItem\",\"position\":2,\"name\":\"Shop\",\"item\":\"https:\\\/\\\/zakupynaryby.pl\\\/index.php\\\/shop\\\/\"},{\"@type\":\"ListItem\",\"position\":3,\"name\":\"Ci\u0119\u017carek &#8211; GRIP KARPIOWY &#8211; z oczkiem &#8211; ( 40* 50* 60* 90* 300 gr. )\"}]},{\"@type\":\"WebSite\",\"@id\":\"https:\\\/\\\/zakupynaryby.pl\\\/#website\",\"url\":\"https:\\\/\\\/zakupynaryby.pl\\\/\",\"name\":\"Formy w\u0119dkarskie\",\"description\":\"Formy do odlewania ci\u0119\u017cark&oacute;w w\u0119dkarskich\",\"publisher\":{\"@id\":\"https:\\\/\\\/zakupynaryby.pl\\\/#organization\"},\"potentialAction\":[{\"@type\":\"SearchAction\",\"target\":{\"@type\":\"EntryPoint\",\"urlTemplate\":\"https:\\\/\\\/zakupynaryby.pl\\\/?s={search_term_string}\"},\"query-input\":{\"@type\":\"PropertyValueSpecification\",\"valueRequired\":true,\"valueName\":\"search_term_string\"}}],\"inLanguage\":\"pl-PL\"},{\"@type\":\"Organization\",\"@id\":\"https:\\\/\\\/zakupynaryby.pl\\\/#organization\",\"name\":\"Formy w\u0119dkarskie\",\"url\":\"https:\\\/\\\/zakupynaryby.pl\\\/\",\"logo\":{\"@type\":\"ImageObject\",\"inLanguage\":\"pl-PL\",\"@id\":\"https:\\\/\\\/zakupynaryby.pl\\\/#\\\/schema\\\/logo\\\/image\\\/\",\"url\":\"https:\\\/\\\/zakupynaryby.pl\\\/wp-content\\\/uploads\\\/2022\\\/05\\\/zakupy.jpg\",\"contentUrl\":\"https:\\\/\\\/zakupynaryby.pl\\\/wp-content\\\/uploads\\\/2022\\\/05\\\/zakupy.jpg\",\"width\":500,\"height\":153,\"caption\":\"Formy w\u0119dkarskie\"},\"image\":{\"@id\":\"https:\\\/\\\/zakupynaryby.pl\\\/#\\\/schema\\\/logo\\\/image\\\/\"}}]}<\/script>\n<!-- \/ Yoast SEO plugin. -->","yoast_head_json":{"title":"Ci\u0119\u017carek - GRIP KARPIOWY  - z oczkiem -  ( 40* 50* 60* 90* 300 gr. ) - Formy w\u0119dkarskie","robots":{"index":"index","follow":"follow","max-snippet":"max-snippet:-1","max-image-preview":"max-image-preview:large","max-video-preview":"max-video-preview:-1"},"canonical":"https:\/\/zakupynaryby.pl\/index.php\/product\/ciezarek-karpiowy-grip-c-4-2\/","og_locale":"pl_PL","og_type":"article","og_title":"Ci\u0119\u017carek - GRIP KARPIOWY  - z oczkiem -  ( 40* 50* 60* 90* 300 gr. ) - Formy w\u0119dkarskie","og_description":"ci\u0119\u017carki karpiowe z dziur\u0105 w \u015brodku, ci\u0119\u017carki wykonane z o\u0142owiu, odlewane na mocnych oczkach ze stali nierdzewnej","og_url":"https:\/\/zakupynaryby.pl\/index.php\/product\/ciezarek-karpiowy-grip-c-4-2\/","og_site_name":"Formy w\u0119dkarskie","article_modified_time":"2026-03-13T10:02:25+00:00","og_image":[{"width":1024,"height":980,"url":"https:\/\/zakupynaryby.pl\/wp-content\/uploads\/2022\/05\/grip-z-oczkiem.jpg","type":"image\/jpeg"}],"twitter_card":"summary_large_image","schema":{"@context":"https:\/\/schema.org","@graph":[{"@type":"WebPage","@id":"https:\/\/zakupynaryby.pl\/index.php\/product\/ciezarek-karpiowy-grip-c-4-2\/","url":"https:\/\/zakupynaryby.pl\/index.php\/product\/ciezarek-karpiowy-grip-c-4-2\/","name":"Ci\u0119\u017carek - GRIP KARPIOWY - z oczkiem - ( 40* 50* 60* 90* 300 gr. ) - Formy w\u0119dkarskie","isPartOf":{"@id":"https:\/\/zakupynaryby.pl\/#website"},"primaryImageOfPage":{"@id":"https:\/\/zakupynaryby.pl\/index.php\/product\/ciezarek-karpiowy-grip-c-4-2\/#primaryimage"},"image":{"@id":"https:\/\/zakupynaryby.pl\/index.php\/product\/ciezarek-karpiowy-grip-c-4-2\/#primaryimage"},"thumbnailUrl":"https:\/\/zakupynaryby.pl\/wp-content\/uploads\/2022\/05\/grip-z-oczkiem-e1735305213809.jpg","datePublished":"2022-05-25T12:50:49+00:00","dateModified":"2026-03-13T10:02:25+00:00","breadcrumb":{"@id":"https:\/\/zakupynaryby.pl\/index.php\/product\/ciezarek-karpiowy-grip-c-4-2\/#breadcrumb"},"inLanguage":"pl-PL","potentialAction":[{"@type":"ReadAction","target":["https:\/\/zakupynaryby.pl\/index.php\/product\/ciezarek-karpiowy-grip-c-4-2\/"]}]},{"@type":"ImageObject","inLanguage":"pl-PL","@id":"https:\/\/zakupynaryby.pl\/index.php\/product\/ciezarek-karpiowy-grip-c-4-2\/#primaryimage","url":"https:\/\/zakupynaryby.pl\/wp-content\/uploads\/2022\/05\/grip-z-oczkiem-e1735305213809.jpg","contentUrl":"https:\/\/zakupynaryby.pl\/wp-content\/uploads\/2022\/05\/grip-z-oczkiem-e1735305213809.jpg","width":550,"height":526,"caption":"ci\u0119\u017carek karpiowy, ci\u0119\u017carki karpiowe"},{"@type":"BreadcrumbList","@id":"https:\/\/zakupynaryby.pl\/index.php\/product\/ciezarek-karpiowy-grip-c-4-2\/#breadcrumb","itemListElement":[{"@type":"ListItem","position":1,"name":"Strona g\u0142\u00f3wna","item":"https:\/\/zakupynaryby.pl\/"},{"@type":"ListItem","position":2,"name":"Shop","item":"https:\/\/zakupynaryby.pl\/index.php\/shop\/"},{"@type":"ListItem","position":3,"name":"Ci\u0119\u017carek &#8211; GRIP KARPIOWY &#8211; z oczkiem &#8211; ( 40* 50* 60* 90* 300 gr. )"}]},{"@type":"WebSite","@id":"https:\/\/zakupynaryby.pl\/#website","url":"https:\/\/zakupynaryby.pl\/","name":"Formy w\u0119dkarskie","description":"Formy do odlewania ci\u0119\u017cark&oacute;w w\u0119dkarskich","publisher":{"@id":"https:\/\/zakupynaryby.pl\/#organization"},"potentialAction":[{"@type":"SearchAction","target":{"@type":"EntryPoint","urlTemplate":"https:\/\/zakupynaryby.pl\/?s={search_term_string}"},"query-input":{"@type":"PropertyValueSpecification","valueRequired":true,"valueName":"search_term_string"}}],"inLanguage":"pl-PL"},{"@type":"Organization","@id":"https:\/\/zakupynaryby.pl\/#organization","name":"Formy w\u0119dkarskie","url":"https:\/\/zakupynaryby.pl\/","logo":{"@type":"ImageObject","inLanguage":"pl-PL","@id":"https:\/\/zakupynaryby.pl\/#\/schema\/logo\/image\/","url":"https:\/\/zakupynaryby.pl\/wp-content\/uploads\/2022\/05\/zakupy.jpg","contentUrl":"https:\/\/zakupynaryby.pl\/wp-content\/uploads\/2022\/05\/zakupy.jpg","width":500,"height":153,"caption":"Formy w\u0119dkarskie"},"image":{"@id":"https:\/\/zakupynaryby.pl\/#\/schema\/logo\/image\/"}}]}},"_links":{"self":[{"href":"https:\/\/zakupynaryby.pl\/index.php\/wp-json\/wp\/v2\/product\/1387","targetHints":{"allow":["GET"]}}],"collection":[{"href":"https:\/\/zakupynaryby.pl\/index.php\/wp-json\/wp\/v2\/product"}],"about":[{"href":"https:\/\/zakupynaryby.pl\/index.php\/wp-json\/wp\/v2\/types\/product"}],"wp:featuredmedia":[{"embeddable":true,"href":"https:\/\/zakupynaryby.pl\/index.php\/wp-json\/wp\/v2\/media\/2619"}],"wp:attachment":[{"href":"https:\/\/zakupynaryby.pl\/index.php\/wp-json\/wp\/v2\/media?parent=1387"}],"wp:term":[{"taxonomy":"product_brand","embeddable":true,"href":"https:\/\/zakupynaryby.pl\/index.php\/wp-json\/wp\/v2\/product_brand?post=1387"},{"taxonomy":"product_cat","embeddable":true,"href":"https:\/\/zakupynaryby.pl\/index.php\/wp-json\/wp\/v2\/product_cat?post=1387"},{"taxonomy":"product_tag","embeddable":true,"href":"https:\/\/zakupynaryby.pl\/index.php\/wp-json\/wp\/v2\/product_tag?post=1387"}],"curies":[{"name":"wp","href":"https:\/\/api.w.org\/{rel}","templated":true}]}}