{"id":1701,"date":"2022-05-27T18:38:42","date_gmt":"2022-05-27T18:38:42","guid":{"rendered":"https:\/\/www.zakupynaryby.pl\/?post_type=product&#038;p=1701"},"modified":"2026-04-16T15:46:38","modified_gmt":"2026-04-16T13:46:38","slug":"ciezarek-przelotowy-szesciokatny","status":"publish","type":"product","link":"https:\/\/zakupynaryby.pl\/index.php\/product\/ciezarek-przelotowy-szesciokatny\/","title":{"rendered":"Ci\u0119\u017carek przelotowy &#8211; SZE\u015aCIOK\u0104TNY <br> 60 80 100 120 150 200 250 300 gr."},"content":{"rendered":"<p>Gramatuta: 40 50 60 80 100 120 150 200 250 300 gr.<\/p>\n<p>\u015arednica otworu przelotowego 3,2 mm<\/p>\n<p>Do ci\u0119\u017cark\u00f3w mo\u017cna zastosowa\u0107 igielit.<\/p>\n<p><a href=\"https:\/\/zakupynaryby.pl\/index.php\/product\/igielit-20-sztuk\/\">https:\/\/zakupynaryby.pl\/index.php\/product\/igielit-20-sztuk\/<\/a><\/p>\n","protected":false},"excerpt":{"rendered":"<p><strong>Gramatuta: 60 80 100 120 150 200 250 300 gr.<\/strong><\/p>\n<p><strong>\u015arednica otworu przelotowego 3,2 mm<\/strong><\/p>\n<p><strong>Do ci\u0119\u017cark\u00f3w mo\u017cna zastosowa\u0107 igielit.<\/strong><\/p>\n<p><a href=\"https:\/\/zakupynaryby.pl\/index.php\/product\/igielit-20-sztuk\/\">https:\/\/zakupynaryby.pl\/index.php\/product\/igielit-20-sztuk\/<\/a><\/p>\n","protected":false},"featured_media":2628,"template":"","meta":[],"product_brand":[],"product_cat":[51,37],"product_tag":[],"class_list":{"0":"post-1701","1":"product","2":"type-product","3":"status-publish","4":"has-post-thumbnail","6":"product_cat-inne","7":"product_cat-ciezarki-wedkarskie","9":"first","10":"instock","11":"shipping-taxable","12":"purchasable","13":"product-type-variable"},"yoast_head":"<!-- This site is optimized with the Yoast SEO plugin v27.5 - https:\/\/yoast.com\/product\/yoast-seo-wordpress\/ -->\n<title>Ci\u0119\u017carek przelotowy - SZE\u015aCIOK\u0104TNY<\/title>\n<meta name=\"description\" content=\"Gramatuta: 60\u00a0 80\u00a0 100\u00a0 120\u00a0 150\u00a0 200\u00a0 250\u00a0 300 gr.\u015arednica otworu przelotowego 3,2 mmDo ci\u0119\u017cark\u00f3w mo\u017cna zastosowa\u0107 igielit.\" \/>\n<meta name=\"robots\" content=\"index, follow, max-snippet:-1, max-image-preview:large, max-video-preview:-1\" \/>\n<link rel=\"canonical\" href=\"https:\/\/zakupynaryby.pl\/index.php\/product\/ciezarek-przelotowy-szesciokatny\/\" \/>\n<meta property=\"og:locale\" content=\"pl_PL\" \/>\n<meta property=\"og:type\" content=\"article\" \/>\n<meta property=\"og:title\" content=\"Ci\u0119\u017carek przelotowy - SZE\u015aCIOK\u0104TNY\" \/>\n<meta property=\"og:description\" content=\"Gramatuta: 60\u00a0 80\u00a0 100\u00a0 120\u00a0 150\u00a0 200\u00a0 250\u00a0 300 gr.\u015arednica otworu przelotowego 3,2 mmDo ci\u0119\u017cark\u00f3w mo\u017cna zastosowa\u0107 igielit.\" \/>\n<meta property=\"og:url\" content=\"https:\/\/zakupynaryby.pl\/index.php\/product\/ciezarek-przelotowy-szesciokatny\/\" \/>\n<meta property=\"og:site_name\" content=\"Formy w\u0119dkarskie\" \/>\n<meta property=\"article:modified_time\" content=\"2026-04-16T13:46:38+00:00\" \/>\n<meta property=\"og:image\" content=\"https:\/\/zakupynaryby.pl\/wp-content\/uploads\/2022\/05\/100-1-e1735305357880.jpg\" \/>\n\t<meta property=\"og:image:width\" content=\"550\" \/>\n\t<meta property=\"og:image:height\" content=\"576\" \/>\n\t<meta property=\"og:image:type\" content=\"image\/jpeg\" \/>\n<meta name=\"twitter:card\" content=\"summary_large_image\" \/>\n<meta name=\"twitter:label1\" content=\"Szacowany czas czytania\" \/>\n\t<meta name=\"twitter:data1\" content=\"1 minuta\" \/>\n<script type=\"application\/ld+json\" class=\"yoast-schema-graph\">{\"@context\":\"https:\\\/\\\/schema.org\",\"@graph\":[{\"@type\":\"WebPage\",\"@id\":\"https:\\\/\\\/zakupynaryby.pl\\\/index.php\\\/product\\\/ciezarek-przelotowy-szesciokatny\\\/\",\"url\":\"https:\\\/\\\/zakupynaryby.pl\\\/index.php\\\/product\\\/ciezarek-przelotowy-szesciokatny\\\/\",\"name\":\"Ci\u0119\u017carek przelotowy - SZE\u015aCIOK\u0104TNY\",\"isPartOf\":{\"@id\":\"https:\\\/\\\/zakupynaryby.pl\\\/#website\"},\"primaryImageOfPage\":{\"@id\":\"https:\\\/\\\/zakupynaryby.pl\\\/index.php\\\/product\\\/ciezarek-przelotowy-szesciokatny\\\/#primaryimage\"},\"image\":{\"@id\":\"https:\\\/\\\/zakupynaryby.pl\\\/index.php\\\/product\\\/ciezarek-przelotowy-szesciokatny\\\/#primaryimage\"},\"thumbnailUrl\":\"https:\\\/\\\/zakupynaryby.pl\\\/wp-content\\\/uploads\\\/2022\\\/05\\\/100-1-e1735305357880.jpg\",\"datePublished\":\"2022-05-27T18:38:42+00:00\",\"dateModified\":\"2026-04-16T13:46:38+00:00\",\"description\":\"Gramatuta: 60\u00a0 80\u00a0 100\u00a0 120\u00a0 150\u00a0 200\u00a0 250\u00a0 300 gr.\u015arednica otworu przelotowego 3,2 mmDo ci\u0119\u017cark\u00f3w mo\u017cna zastosowa\u0107 igielit.\",\"breadcrumb\":{\"@id\":\"https:\\\/\\\/zakupynaryby.pl\\\/index.php\\\/product\\\/ciezarek-przelotowy-szesciokatny\\\/#breadcrumb\"},\"inLanguage\":\"pl-PL\",\"potentialAction\":[{\"@type\":\"ReadAction\",\"target\":[\"https:\\\/\\\/zakupynaryby.pl\\\/index.php\\\/product\\\/ciezarek-przelotowy-szesciokatny\\\/\"]}]},{\"@type\":\"ImageObject\",\"inLanguage\":\"pl-PL\",\"@id\":\"https:\\\/\\\/zakupynaryby.pl\\\/index.php\\\/product\\\/ciezarek-przelotowy-szesciokatny\\\/#primaryimage\",\"url\":\"https:\\\/\\\/zakupynaryby.pl\\\/wp-content\\\/uploads\\\/2022\\\/05\\\/100-1-e1735305357880.jpg\",\"contentUrl\":\"https:\\\/\\\/zakupynaryby.pl\\\/wp-content\\\/uploads\\\/2022\\\/05\\\/100-1-e1735305357880.jpg\",\"width\":550,\"height\":576,\"caption\":\"ci\u0119\u017carki przelotowe, ci\u0119\u017carek przelotowy\"},{\"@type\":\"BreadcrumbList\",\"@id\":\"https:\\\/\\\/zakupynaryby.pl\\\/index.php\\\/product\\\/ciezarek-przelotowy-szesciokatny\\\/#breadcrumb\",\"itemListElement\":[{\"@type\":\"ListItem\",\"position\":1,\"name\":\"Strona g\u0142\u00f3wna\",\"item\":\"https:\\\/\\\/zakupynaryby.pl\\\/\"},{\"@type\":\"ListItem\",\"position\":2,\"name\":\"Shop\",\"item\":\"https:\\\/\\\/zakupynaryby.pl\\\/index.php\\\/shop\\\/\"},{\"@type\":\"ListItem\",\"position\":3,\"name\":\"Ci\u0119\u017carek przelotowy &#8211; SZE\u015aCIOK\u0104TNY 60 80 100 120 150 200 250 300 gr.\"}]},{\"@type\":\"WebSite\",\"@id\":\"https:\\\/\\\/zakupynaryby.pl\\\/#website\",\"url\":\"https:\\\/\\\/zakupynaryby.pl\\\/\",\"name\":\"Formy w\u0119dkarskie\",\"description\":\"Formy do odlewania ci\u0119\u017cark&oacute;w w\u0119dkarskich\",\"publisher\":{\"@id\":\"https:\\\/\\\/zakupynaryby.pl\\\/#organization\"},\"potentialAction\":[{\"@type\":\"SearchAction\",\"target\":{\"@type\":\"EntryPoint\",\"urlTemplate\":\"https:\\\/\\\/zakupynaryby.pl\\\/?s={search_term_string}\"},\"query-input\":{\"@type\":\"PropertyValueSpecification\",\"valueRequired\":true,\"valueName\":\"search_term_string\"}}],\"inLanguage\":\"pl-PL\"},{\"@type\":\"Organization\",\"@id\":\"https:\\\/\\\/zakupynaryby.pl\\\/#organization\",\"name\":\"Formy w\u0119dkarskie\",\"url\":\"https:\\\/\\\/zakupynaryby.pl\\\/\",\"logo\":{\"@type\":\"ImageObject\",\"inLanguage\":\"pl-PL\",\"@id\":\"https:\\\/\\\/zakupynaryby.pl\\\/#\\\/schema\\\/logo\\\/image\\\/\",\"url\":\"https:\\\/\\\/zakupynaryby.pl\\\/wp-content\\\/uploads\\\/2022\\\/05\\\/zakupy.jpg\",\"contentUrl\":\"https:\\\/\\\/zakupynaryby.pl\\\/wp-content\\\/uploads\\\/2022\\\/05\\\/zakupy.jpg\",\"width\":500,\"height\":153,\"caption\":\"Formy w\u0119dkarskie\"},\"image\":{\"@id\":\"https:\\\/\\\/zakupynaryby.pl\\\/#\\\/schema\\\/logo\\\/image\\\/\"}}]}<\/script>\n<!-- \/ Yoast SEO plugin. -->","yoast_head_json":{"title":"Ci\u0119\u017carek przelotowy - SZE\u015aCIOK\u0104TNY","description":"Gramatuta: 60\u00a0 80\u00a0 100\u00a0 120\u00a0 150\u00a0 200\u00a0 250\u00a0 300 gr.\u015arednica otworu przelotowego 3,2 mmDo ci\u0119\u017cark\u00f3w mo\u017cna zastosowa\u0107 igielit.","robots":{"index":"index","follow":"follow","max-snippet":"max-snippet:-1","max-image-preview":"max-image-preview:large","max-video-preview":"max-video-preview:-1"},"canonical":"https:\/\/zakupynaryby.pl\/index.php\/product\/ciezarek-przelotowy-szesciokatny\/","og_locale":"pl_PL","og_type":"article","og_title":"Ci\u0119\u017carek przelotowy - SZE\u015aCIOK\u0104TNY","og_description":"Gramatuta: 60\u00a0 80\u00a0 100\u00a0 120\u00a0 150\u00a0 200\u00a0 250\u00a0 300 gr.\u015arednica otworu przelotowego 3,2 mmDo ci\u0119\u017cark\u00f3w mo\u017cna zastosowa\u0107 igielit.","og_url":"https:\/\/zakupynaryby.pl\/index.php\/product\/ciezarek-przelotowy-szesciokatny\/","og_site_name":"Formy w\u0119dkarskie","article_modified_time":"2026-04-16T13:46:38+00:00","og_image":[{"width":550,"height":576,"url":"https:\/\/zakupynaryby.pl\/wp-content\/uploads\/2022\/05\/100-1-e1735305357880.jpg","type":"image\/jpeg"}],"twitter_card":"summary_large_image","twitter_misc":{"Szacowany czas czytania":"1 minuta"},"schema":{"@context":"https:\/\/schema.org","@graph":[{"@type":"WebPage","@id":"https:\/\/zakupynaryby.pl\/index.php\/product\/ciezarek-przelotowy-szesciokatny\/","url":"https:\/\/zakupynaryby.pl\/index.php\/product\/ciezarek-przelotowy-szesciokatny\/","name":"Ci\u0119\u017carek przelotowy - SZE\u015aCIOK\u0104TNY","isPartOf":{"@id":"https:\/\/zakupynaryby.pl\/#website"},"primaryImageOfPage":{"@id":"https:\/\/zakupynaryby.pl\/index.php\/product\/ciezarek-przelotowy-szesciokatny\/#primaryimage"},"image":{"@id":"https:\/\/zakupynaryby.pl\/index.php\/product\/ciezarek-przelotowy-szesciokatny\/#primaryimage"},"thumbnailUrl":"https:\/\/zakupynaryby.pl\/wp-content\/uploads\/2022\/05\/100-1-e1735305357880.jpg","datePublished":"2022-05-27T18:38:42+00:00","dateModified":"2026-04-16T13:46:38+00:00","description":"Gramatuta: 60\u00a0 80\u00a0 100\u00a0 120\u00a0 150\u00a0 200\u00a0 250\u00a0 300 gr.\u015arednica otworu przelotowego 3,2 mmDo ci\u0119\u017cark\u00f3w mo\u017cna zastosowa\u0107 igielit.","breadcrumb":{"@id":"https:\/\/zakupynaryby.pl\/index.php\/product\/ciezarek-przelotowy-szesciokatny\/#breadcrumb"},"inLanguage":"pl-PL","potentialAction":[{"@type":"ReadAction","target":["https:\/\/zakupynaryby.pl\/index.php\/product\/ciezarek-przelotowy-szesciokatny\/"]}]},{"@type":"ImageObject","inLanguage":"pl-PL","@id":"https:\/\/zakupynaryby.pl\/index.php\/product\/ciezarek-przelotowy-szesciokatny\/#primaryimage","url":"https:\/\/zakupynaryby.pl\/wp-content\/uploads\/2022\/05\/100-1-e1735305357880.jpg","contentUrl":"https:\/\/zakupynaryby.pl\/wp-content\/uploads\/2022\/05\/100-1-e1735305357880.jpg","width":550,"height":576,"caption":"ci\u0119\u017carki przelotowe, ci\u0119\u017carek przelotowy"},{"@type":"BreadcrumbList","@id":"https:\/\/zakupynaryby.pl\/index.php\/product\/ciezarek-przelotowy-szesciokatny\/#breadcrumb","itemListElement":[{"@type":"ListItem","position":1,"name":"Strona g\u0142\u00f3wna","item":"https:\/\/zakupynaryby.pl\/"},{"@type":"ListItem","position":2,"name":"Shop","item":"https:\/\/zakupynaryby.pl\/index.php\/shop\/"},{"@type":"ListItem","position":3,"name":"Ci\u0119\u017carek przelotowy &#8211; SZE\u015aCIOK\u0104TNY 60 80 100 120 150 200 250 300 gr."}]},{"@type":"WebSite","@id":"https:\/\/zakupynaryby.pl\/#website","url":"https:\/\/zakupynaryby.pl\/","name":"Formy w\u0119dkarskie","description":"Formy do odlewania ci\u0119\u017cark&oacute;w w\u0119dkarskich","publisher":{"@id":"https:\/\/zakupynaryby.pl\/#organization"},"potentialAction":[{"@type":"SearchAction","target":{"@type":"EntryPoint","urlTemplate":"https:\/\/zakupynaryby.pl\/?s={search_term_string}"},"query-input":{"@type":"PropertyValueSpecification","valueRequired":true,"valueName":"search_term_string"}}],"inLanguage":"pl-PL"},{"@type":"Organization","@id":"https:\/\/zakupynaryby.pl\/#organization","name":"Formy w\u0119dkarskie","url":"https:\/\/zakupynaryby.pl\/","logo":{"@type":"ImageObject","inLanguage":"pl-PL","@id":"https:\/\/zakupynaryby.pl\/#\/schema\/logo\/image\/","url":"https:\/\/zakupynaryby.pl\/wp-content\/uploads\/2022\/05\/zakupy.jpg","contentUrl":"https:\/\/zakupynaryby.pl\/wp-content\/uploads\/2022\/05\/zakupy.jpg","width":500,"height":153,"caption":"Formy w\u0119dkarskie"},"image":{"@id":"https:\/\/zakupynaryby.pl\/#\/schema\/logo\/image\/"}}]}},"_links":{"self":[{"href":"https:\/\/zakupynaryby.pl\/index.php\/wp-json\/wp\/v2\/product\/1701","targetHints":{"allow":["GET"]}}],"collection":[{"href":"https:\/\/zakupynaryby.pl\/index.php\/wp-json\/wp\/v2\/product"}],"about":[{"href":"https:\/\/zakupynaryby.pl\/index.php\/wp-json\/wp\/v2\/types\/product"}],"wp:featuredmedia":[{"embeddable":true,"href":"https:\/\/zakupynaryby.pl\/index.php\/wp-json\/wp\/v2\/media\/2628"}],"wp:attachment":[{"href":"https:\/\/zakupynaryby.pl\/index.php\/wp-json\/wp\/v2\/media?parent=1701"}],"wp:term":[{"taxonomy":"product_brand","embeddable":true,"href":"https:\/\/zakupynaryby.pl\/index.php\/wp-json\/wp\/v2\/product_brand?post=1701"},{"taxonomy":"product_cat","embeddable":true,"href":"https:\/\/zakupynaryby.pl\/index.php\/wp-json\/wp\/v2\/product_cat?post=1701"},{"taxonomy":"product_tag","embeddable":true,"href":"https:\/\/zakupynaryby.pl\/index.php\/wp-json\/wp\/v2\/product_tag?post=1701"}],"curies":[{"name":"wp","href":"https:\/\/api.w.org\/{rel}","templated":true}]}}