{"id":1714,"date":"2022-05-27T19:12:31","date_gmt":"2022-05-27T19:12:31","guid":{"rendered":"https:\/\/www.zakupynaryby.pl\/?post_type=product&#038;p=1714"},"modified":"2026-02-26T18:08:23","modified_gmt":"2026-02-26T17:08:23","slug":"ciezarki-morskie-piramida","status":"publish","type":"product","link":"https:\/\/zakupynaryby.pl\/index.php\/product\/ciezarki-morskie-piramida\/","title":{"rendered":"Ci\u0119\u017carki morskie piramida <br> 80 110 130 180 gr."},"content":{"rendered":"<p>Ci\u0119\u017carki morskie piramida odlane na mocnych uszach ze stali nierdzewnej.<\/p>\n<p>Gramatura: 80 110 130 180 gr.<\/p>\n<p>\u015awietnie nadaj\u0105 si\u0119 na morza i rzeki itp.<\/p>\n<p><a href=\"https:\/\/zakupynaryby.pl\/index.php\/product\/agrafka-z-kretlikiem-25-kg-10-sztuk-2\/\">Agrafka z kr\u0119tlikiem Wytrzyma\u0142o\u015b\u0107 35 kg ( 10 sztuk )<\/a><\/p>\n","protected":false},"excerpt":{"rendered":"<p><strong>Gramatura: <span style=\"color: #3366ff;\">80 110 130 180<\/span> gr.<\/strong><\/p>\n","protected":false},"featured_media":6597,"template":"","meta":[],"product_brand":[],"product_cat":[59,37],"product_tag":[],"class_list":{"0":"post-1714","1":"product","2":"type-product","3":"status-publish","4":"has-post-thumbnail","6":"product_cat-morskie-ciezarki-2","7":"product_cat-ciezarki-wedkarskie","9":"first","10":"instock","11":"shipping-taxable","12":"purchasable","13":"product-type-variable"},"yoast_head":"<!-- This site is optimized with the Yoast SEO plugin v27.3 - https:\/\/yoast.com\/product\/yoast-seo-wordpress\/ -->\n<title>Ci\u0119\u017carki morskie piramida<\/title>\n<meta name=\"description\" content=\"Ci\u0119\u017carki morskie piramida odlane na mocnych uszach ze stali nierdzewnej. Gramatura: 80 110 130 180 gr. \u015awietnie nadaj\u0105 si\u0119 na morza i rzeki itp.\" \/>\n<meta name=\"robots\" content=\"index, follow, max-snippet:-1, max-image-preview:large, max-video-preview:-1\" \/>\n<link rel=\"canonical\" href=\"https:\/\/zakupynaryby.pl\/index.php\/product\/ciezarki-morskie-piramida\/\" \/>\n<meta property=\"og:locale\" content=\"pl_PL\" \/>\n<meta property=\"og:type\" content=\"article\" \/>\n<meta property=\"og:title\" content=\"Ci\u0119\u017carki morskie piramida\" \/>\n<meta property=\"og:description\" content=\"Ci\u0119\u017carki morskie piramida odlane na mocnych uszach ze stali nierdzewnej. Gramatura: 80 110 130 180 gr. \u015awietnie nadaj\u0105 si\u0119 na morza i rzeki itp.\" \/>\n<meta property=\"og:url\" content=\"https:\/\/zakupynaryby.pl\/index.php\/product\/ciezarki-morskie-piramida\/\" \/>\n<meta property=\"og:site_name\" content=\"Formy w\u0119dkarskie\" \/>\n<meta property=\"article:modified_time\" content=\"2026-02-26T17:08:23+00:00\" \/>\n<meta property=\"og:image\" content=\"https:\/\/zakupynaryby.pl\/wp-content\/uploads\/2022\/05\/Piramida-1-e1735306839674.jpg\" \/>\n\t<meta property=\"og:image:width\" content=\"550\" \/>\n\t<meta property=\"og:image:height\" content=\"536\" \/>\n\t<meta property=\"og:image:type\" content=\"image\/jpeg\" \/>\n<meta name=\"twitter:card\" content=\"summary_large_image\" \/>\n<meta name=\"twitter:label1\" content=\"Szacowany czas czytania\" \/>\n\t<meta name=\"twitter:data1\" content=\"1 minuta\" \/>\n<script type=\"application\/ld+json\" class=\"yoast-schema-graph\">{\"@context\":\"https:\\\/\\\/schema.org\",\"@graph\":[{\"@type\":\"WebPage\",\"@id\":\"https:\\\/\\\/zakupynaryby.pl\\\/index.php\\\/product\\\/ciezarki-morskie-piramida\\\/\",\"url\":\"https:\\\/\\\/zakupynaryby.pl\\\/index.php\\\/product\\\/ciezarki-morskie-piramida\\\/\",\"name\":\"Ci\u0119\u017carki morskie piramida\",\"isPartOf\":{\"@id\":\"https:\\\/\\\/zakupynaryby.pl\\\/#website\"},\"primaryImageOfPage\":{\"@id\":\"https:\\\/\\\/zakupynaryby.pl\\\/index.php\\\/product\\\/ciezarki-morskie-piramida\\\/#primaryimage\"},\"image\":{\"@id\":\"https:\\\/\\\/zakupynaryby.pl\\\/index.php\\\/product\\\/ciezarki-morskie-piramida\\\/#primaryimage\"},\"thumbnailUrl\":\"https:\\\/\\\/zakupynaryby.pl\\\/wp-content\\\/uploads\\\/2022\\\/05\\\/Piramida-1-e1735306839674.jpg\",\"datePublished\":\"2022-05-27T19:12:31+00:00\",\"dateModified\":\"2026-02-26T17:08:23+00:00\",\"description\":\"Ci\u0119\u017carki morskie piramida odlane na mocnych uszach ze stali nierdzewnej. Gramatura: 80 110 130 180 gr. \u015awietnie nadaj\u0105 si\u0119 na morza i rzeki itp.\",\"breadcrumb\":{\"@id\":\"https:\\\/\\\/zakupynaryby.pl\\\/index.php\\\/product\\\/ciezarki-morskie-piramida\\\/#breadcrumb\"},\"inLanguage\":\"pl-PL\",\"potentialAction\":[{\"@type\":\"ReadAction\",\"target\":[\"https:\\\/\\\/zakupynaryby.pl\\\/index.php\\\/product\\\/ciezarki-morskie-piramida\\\/\"]}]},{\"@type\":\"ImageObject\",\"inLanguage\":\"pl-PL\",\"@id\":\"https:\\\/\\\/zakupynaryby.pl\\\/index.php\\\/product\\\/ciezarki-morskie-piramida\\\/#primaryimage\",\"url\":\"https:\\\/\\\/zakupynaryby.pl\\\/wp-content\\\/uploads\\\/2022\\\/05\\\/Piramida-1-e1735306839674.jpg\",\"contentUrl\":\"https:\\\/\\\/zakupynaryby.pl\\\/wp-content\\\/uploads\\\/2022\\\/05\\\/Piramida-1-e1735306839674.jpg\",\"width\":550,\"height\":536,\"caption\":\"Ci\u0119\u017carki morskie piramida\"},{\"@type\":\"BreadcrumbList\",\"@id\":\"https:\\\/\\\/zakupynaryby.pl\\\/index.php\\\/product\\\/ciezarki-morskie-piramida\\\/#breadcrumb\",\"itemListElement\":[{\"@type\":\"ListItem\",\"position\":1,\"name\":\"Strona g\u0142\u00f3wna\",\"item\":\"https:\\\/\\\/zakupynaryby.pl\\\/\"},{\"@type\":\"ListItem\",\"position\":2,\"name\":\"Shop\",\"item\":\"https:\\\/\\\/zakupynaryby.pl\\\/index.php\\\/shop\\\/\"},{\"@type\":\"ListItem\",\"position\":3,\"name\":\"Ci\u0119\u017carki morskie piramida 80 110 130 180 gr.\"}]},{\"@type\":\"WebSite\",\"@id\":\"https:\\\/\\\/zakupynaryby.pl\\\/#website\",\"url\":\"https:\\\/\\\/zakupynaryby.pl\\\/\",\"name\":\"Formy w\u0119dkarskie\",\"description\":\"Formy do odlewania ci\u0119\u017cark&oacute;w w\u0119dkarskich\",\"publisher\":{\"@id\":\"https:\\\/\\\/zakupynaryby.pl\\\/#organization\"},\"potentialAction\":[{\"@type\":\"SearchAction\",\"target\":{\"@type\":\"EntryPoint\",\"urlTemplate\":\"https:\\\/\\\/zakupynaryby.pl\\\/?s={search_term_string}\"},\"query-input\":{\"@type\":\"PropertyValueSpecification\",\"valueRequired\":true,\"valueName\":\"search_term_string\"}}],\"inLanguage\":\"pl-PL\"},{\"@type\":\"Organization\",\"@id\":\"https:\\\/\\\/zakupynaryby.pl\\\/#organization\",\"name\":\"Formy w\u0119dkarskie\",\"url\":\"https:\\\/\\\/zakupynaryby.pl\\\/\",\"logo\":{\"@type\":\"ImageObject\",\"inLanguage\":\"pl-PL\",\"@id\":\"https:\\\/\\\/zakupynaryby.pl\\\/#\\\/schema\\\/logo\\\/image\\\/\",\"url\":\"https:\\\/\\\/zakupynaryby.pl\\\/wp-content\\\/uploads\\\/2022\\\/05\\\/zakupy.jpg\",\"contentUrl\":\"https:\\\/\\\/zakupynaryby.pl\\\/wp-content\\\/uploads\\\/2022\\\/05\\\/zakupy.jpg\",\"width\":500,\"height\":153,\"caption\":\"Formy w\u0119dkarskie\"},\"image\":{\"@id\":\"https:\\\/\\\/zakupynaryby.pl\\\/#\\\/schema\\\/logo\\\/image\\\/\"}}]}<\/script>\n<!-- \/ Yoast SEO plugin. -->","yoast_head_json":{"title":"Ci\u0119\u017carki morskie piramida","description":"Ci\u0119\u017carki morskie piramida odlane na mocnych uszach ze stali nierdzewnej. Gramatura: 80 110 130 180 gr. \u015awietnie nadaj\u0105 si\u0119 na morza i rzeki itp.","robots":{"index":"index","follow":"follow","max-snippet":"max-snippet:-1","max-image-preview":"max-image-preview:large","max-video-preview":"max-video-preview:-1"},"canonical":"https:\/\/zakupynaryby.pl\/index.php\/product\/ciezarki-morskie-piramida\/","og_locale":"pl_PL","og_type":"article","og_title":"Ci\u0119\u017carki morskie piramida","og_description":"Ci\u0119\u017carki morskie piramida odlane na mocnych uszach ze stali nierdzewnej. Gramatura: 80 110 130 180 gr. \u015awietnie nadaj\u0105 si\u0119 na morza i rzeki itp.","og_url":"https:\/\/zakupynaryby.pl\/index.php\/product\/ciezarki-morskie-piramida\/","og_site_name":"Formy w\u0119dkarskie","article_modified_time":"2026-02-26T17:08:23+00:00","og_image":[{"width":550,"height":536,"url":"https:\/\/zakupynaryby.pl\/wp-content\/uploads\/2022\/05\/Piramida-1-e1735306839674.jpg","type":"image\/jpeg"}],"twitter_card":"summary_large_image","twitter_misc":{"Szacowany czas czytania":"1 minuta"},"schema":{"@context":"https:\/\/schema.org","@graph":[{"@type":"WebPage","@id":"https:\/\/zakupynaryby.pl\/index.php\/product\/ciezarki-morskie-piramida\/","url":"https:\/\/zakupynaryby.pl\/index.php\/product\/ciezarki-morskie-piramida\/","name":"Ci\u0119\u017carki morskie piramida","isPartOf":{"@id":"https:\/\/zakupynaryby.pl\/#website"},"primaryImageOfPage":{"@id":"https:\/\/zakupynaryby.pl\/index.php\/product\/ciezarki-morskie-piramida\/#primaryimage"},"image":{"@id":"https:\/\/zakupynaryby.pl\/index.php\/product\/ciezarki-morskie-piramida\/#primaryimage"},"thumbnailUrl":"https:\/\/zakupynaryby.pl\/wp-content\/uploads\/2022\/05\/Piramida-1-e1735306839674.jpg","datePublished":"2022-05-27T19:12:31+00:00","dateModified":"2026-02-26T17:08:23+00:00","description":"Ci\u0119\u017carki morskie piramida odlane na mocnych uszach ze stali nierdzewnej. Gramatura: 80 110 130 180 gr. \u015awietnie nadaj\u0105 si\u0119 na morza i rzeki itp.","breadcrumb":{"@id":"https:\/\/zakupynaryby.pl\/index.php\/product\/ciezarki-morskie-piramida\/#breadcrumb"},"inLanguage":"pl-PL","potentialAction":[{"@type":"ReadAction","target":["https:\/\/zakupynaryby.pl\/index.php\/product\/ciezarki-morskie-piramida\/"]}]},{"@type":"ImageObject","inLanguage":"pl-PL","@id":"https:\/\/zakupynaryby.pl\/index.php\/product\/ciezarki-morskie-piramida\/#primaryimage","url":"https:\/\/zakupynaryby.pl\/wp-content\/uploads\/2022\/05\/Piramida-1-e1735306839674.jpg","contentUrl":"https:\/\/zakupynaryby.pl\/wp-content\/uploads\/2022\/05\/Piramida-1-e1735306839674.jpg","width":550,"height":536,"caption":"Ci\u0119\u017carki morskie piramida"},{"@type":"BreadcrumbList","@id":"https:\/\/zakupynaryby.pl\/index.php\/product\/ciezarki-morskie-piramida\/#breadcrumb","itemListElement":[{"@type":"ListItem","position":1,"name":"Strona g\u0142\u00f3wna","item":"https:\/\/zakupynaryby.pl\/"},{"@type":"ListItem","position":2,"name":"Shop","item":"https:\/\/zakupynaryby.pl\/index.php\/shop\/"},{"@type":"ListItem","position":3,"name":"Ci\u0119\u017carki morskie piramida 80 110 130 180 gr."}]},{"@type":"WebSite","@id":"https:\/\/zakupynaryby.pl\/#website","url":"https:\/\/zakupynaryby.pl\/","name":"Formy w\u0119dkarskie","description":"Formy do odlewania ci\u0119\u017cark&oacute;w w\u0119dkarskich","publisher":{"@id":"https:\/\/zakupynaryby.pl\/#organization"},"potentialAction":[{"@type":"SearchAction","target":{"@type":"EntryPoint","urlTemplate":"https:\/\/zakupynaryby.pl\/?s={search_term_string}"},"query-input":{"@type":"PropertyValueSpecification","valueRequired":true,"valueName":"search_term_string"}}],"inLanguage":"pl-PL"},{"@type":"Organization","@id":"https:\/\/zakupynaryby.pl\/#organization","name":"Formy w\u0119dkarskie","url":"https:\/\/zakupynaryby.pl\/","logo":{"@type":"ImageObject","inLanguage":"pl-PL","@id":"https:\/\/zakupynaryby.pl\/#\/schema\/logo\/image\/","url":"https:\/\/zakupynaryby.pl\/wp-content\/uploads\/2022\/05\/zakupy.jpg","contentUrl":"https:\/\/zakupynaryby.pl\/wp-content\/uploads\/2022\/05\/zakupy.jpg","width":500,"height":153,"caption":"Formy w\u0119dkarskie"},"image":{"@id":"https:\/\/zakupynaryby.pl\/#\/schema\/logo\/image\/"}}]}},"_links":{"self":[{"href":"https:\/\/zakupynaryby.pl\/index.php\/wp-json\/wp\/v2\/product\/1714","targetHints":{"allow":["GET"]}}],"collection":[{"href":"https:\/\/zakupynaryby.pl\/index.php\/wp-json\/wp\/v2\/product"}],"about":[{"href":"https:\/\/zakupynaryby.pl\/index.php\/wp-json\/wp\/v2\/types\/product"}],"wp:featuredmedia":[{"embeddable":true,"href":"https:\/\/zakupynaryby.pl\/index.php\/wp-json\/wp\/v2\/media\/6597"}],"wp:attachment":[{"href":"https:\/\/zakupynaryby.pl\/index.php\/wp-json\/wp\/v2\/media?parent=1714"}],"wp:term":[{"taxonomy":"product_brand","embeddable":true,"href":"https:\/\/zakupynaryby.pl\/index.php\/wp-json\/wp\/v2\/product_brand?post=1714"},{"taxonomy":"product_cat","embeddable":true,"href":"https:\/\/zakupynaryby.pl\/index.php\/wp-json\/wp\/v2\/product_cat?post=1714"},{"taxonomy":"product_tag","embeddable":true,"href":"https:\/\/zakupynaryby.pl\/index.php\/wp-json\/wp\/v2\/product_tag?post=1714"}],"curies":[{"name":"wp","href":"https:\/\/api.w.org\/{rel}","templated":true}]}}