{"id":1824,"date":"2022-05-29T11:34:24","date_gmt":"2022-05-29T11:34:24","guid":{"rendered":"https:\/\/www.zakupynaryby.pl\/?post_type=product&#038;p=1824"},"modified":"2025-03-20T15:08:57","modified_gmt":"2025-03-20T14:08:57","slug":"ciezarek-szesciokatny-30-40-50-60-70-80-90-100-110-120-130-140-180-200-230-gr","status":"publish","type":"product","link":"https:\/\/zakupynaryby.pl\/index.php\/product\/ciezarek-szesciokatny-30-40-50-60-70-80-90-100-110-120-130-140-180-200-230-gr\/","title":{"rendered":"Ci\u0119\u017carek dalekiego rzutu<br>( 30 * 40 * 50 * 60 * 70 * 80 * 90 * 100 gr. )<br>( 110 * 120 * 130 * 140 * 180 * 200 * 230 gr. )"},"content":{"rendered":"<p>Ci\u0119\u017carki odlane z o\u0142owiu na mocnych oczkach ze stali nierdzewnej<\/p>\n","protected":false},"excerpt":{"rendered":"<p>Ci\u0119\u017carki odlane z o\u0142owiu na mocnych oczkach ze stali nierdzewnej<\/p>\n","protected":false},"featured_media":2604,"template":"","meta":[],"product_brand":[],"product_cat":[49,37,16],"product_tag":[],"class_list":{"0":"post-1824","1":"product","2":"type-product","3":"status-publish","4":"has-post-thumbnail","6":"product_cat-gruntowe-ciezarki-2","7":"product_cat-ciezarki-wedkarskie","8":"product_cat-wszystkie-produkty","10":"first","11":"instock","12":"shipping-taxable","13":"purchasable","14":"product-type-variable"},"yoast_head":"<!-- This site is optimized with the Yoast SEO plugin v27.3 - https:\/\/yoast.com\/product\/yoast-seo-wordpress\/ -->\n<title>Ci\u0119\u017carek dalekiego rzutu( 30 * 40 * 50 * 60 * 70 * 80 * 90 * 100 gr. )( 110 * 120 * 130 * 140 * 180 * 200 * 230 gr. ) - Formy w\u0119dkarskie<\/title>\n<meta name=\"robots\" content=\"index, follow, max-snippet:-1, max-image-preview:large, max-video-preview:-1\" \/>\n<link rel=\"canonical\" href=\"https:\/\/zakupynaryby.pl\/index.php\/product\/ciezarek-szesciokatny-30-40-50-60-70-80-90-100-110-120-130-140-180-200-230-gr\/\" \/>\n<meta property=\"og:locale\" content=\"pl_PL\" \/>\n<meta property=\"og:type\" content=\"article\" \/>\n<meta property=\"og:title\" content=\"Ci\u0119\u017carek dalekiego rzutu( 30 * 40 * 50 * 60 * 70 * 80 * 90 * 100 gr. )( 110 * 120 * 130 * 140 * 180 * 200 * 230 gr. ) - Formy w\u0119dkarskie\" \/>\n<meta property=\"og:description\" content=\"Ci\u0119\u017carki odlane z o\u0142owiu na mocnych oczkach ze stali nierdzewnej\" \/>\n<meta property=\"og:url\" content=\"https:\/\/zakupynaryby.pl\/index.php\/product\/ciezarek-szesciokatny-30-40-50-60-70-80-90-100-110-120-130-140-180-200-230-gr\/\" \/>\n<meta property=\"og:site_name\" content=\"Formy w\u0119dkarskie\" \/>\n<meta property=\"article:modified_time\" content=\"2025-03-20T14:08:57+00:00\" \/>\n<meta property=\"og:image\" content=\"https:\/\/zakupynaryby.pl\/wp-content\/uploads\/2022\/05\/pixlr-bg-result-2.jpg\" \/>\n\t<meta property=\"og:image:width\" content=\"1024\" \/>\n\t<meta property=\"og:image:height\" content=\"1006\" \/>\n\t<meta property=\"og:image:type\" content=\"image\/jpeg\" \/>\n<meta name=\"twitter:card\" content=\"summary_large_image\" \/>\n<script type=\"application\/ld+json\" class=\"yoast-schema-graph\">{\"@context\":\"https:\\\/\\\/schema.org\",\"@graph\":[{\"@type\":\"WebPage\",\"@id\":\"https:\\\/\\\/zakupynaryby.pl\\\/index.php\\\/product\\\/ciezarek-szesciokatny-30-40-50-60-70-80-90-100-110-120-130-140-180-200-230-gr\\\/\",\"url\":\"https:\\\/\\\/zakupynaryby.pl\\\/index.php\\\/product\\\/ciezarek-szesciokatny-30-40-50-60-70-80-90-100-110-120-130-140-180-200-230-gr\\\/\",\"name\":\"Ci\u0119\u017carek dalekiego rzutu ( 30 * 40 * 50 * 60 * 70 * 80 * 90 * 100 gr. ) ( 110 * 120 * 130 * 140 * 180 * 200 * 230 gr. ) - Formy w\u0119dkarskie\",\"isPartOf\":{\"@id\":\"https:\\\/\\\/zakupynaryby.pl\\\/#website\"},\"primaryImageOfPage\":{\"@id\":\"https:\\\/\\\/zakupynaryby.pl\\\/index.php\\\/product\\\/ciezarek-szesciokatny-30-40-50-60-70-80-90-100-110-120-130-140-180-200-230-gr\\\/#primaryimage\"},\"image\":{\"@id\":\"https:\\\/\\\/zakupynaryby.pl\\\/index.php\\\/product\\\/ciezarek-szesciokatny-30-40-50-60-70-80-90-100-110-120-130-140-180-200-230-gr\\\/#primaryimage\"},\"thumbnailUrl\":\"https:\\\/\\\/zakupynaryby.pl\\\/wp-content\\\/uploads\\\/2022\\\/05\\\/pixlr-bg-result-2-e1735337441996.jpg\",\"datePublished\":\"2022-05-29T11:34:24+00:00\",\"dateModified\":\"2025-03-20T14:08:57+00:00\",\"breadcrumb\":{\"@id\":\"https:\\\/\\\/zakupynaryby.pl\\\/index.php\\\/product\\\/ciezarek-szesciokatny-30-40-50-60-70-80-90-100-110-120-130-140-180-200-230-gr\\\/#breadcrumb\"},\"inLanguage\":\"pl-PL\",\"potentialAction\":[{\"@type\":\"ReadAction\",\"target\":[\"https:\\\/\\\/zakupynaryby.pl\\\/index.php\\\/product\\\/ciezarek-szesciokatny-30-40-50-60-70-80-90-100-110-120-130-140-180-200-230-gr\\\/\"]}]},{\"@type\":\"ImageObject\",\"inLanguage\":\"pl-PL\",\"@id\":\"https:\\\/\\\/zakupynaryby.pl\\\/index.php\\\/product\\\/ciezarek-szesciokatny-30-40-50-60-70-80-90-100-110-120-130-140-180-200-230-gr\\\/#primaryimage\",\"url\":\"https:\\\/\\\/zakupynaryby.pl\\\/wp-content\\\/uploads\\\/2022\\\/05\\\/pixlr-bg-result-2-e1735337441996.jpg\",\"contentUrl\":\"https:\\\/\\\/zakupynaryby.pl\\\/wp-content\\\/uploads\\\/2022\\\/05\\\/pixlr-bg-result-2-e1735337441996.jpg\",\"width\":550,\"height\":540,\"caption\":\"ci\u0119\u017carek gruntowy, ci\u0119\u017carki gruntowe\"},{\"@type\":\"BreadcrumbList\",\"@id\":\"https:\\\/\\\/zakupynaryby.pl\\\/index.php\\\/product\\\/ciezarek-szesciokatny-30-40-50-60-70-80-90-100-110-120-130-140-180-200-230-gr\\\/#breadcrumb\",\"itemListElement\":[{\"@type\":\"ListItem\",\"position\":1,\"name\":\"Strona g\u0142\u00f3wna\",\"item\":\"https:\\\/\\\/zakupynaryby.pl\\\/\"},{\"@type\":\"ListItem\",\"position\":2,\"name\":\"Shop\",\"item\":\"https:\\\/\\\/zakupynaryby.pl\\\/index.php\\\/shop\\\/\"},{\"@type\":\"ListItem\",\"position\":3,\"name\":\"Ci\u0119\u017carek dalekiego rzutu( 30 * 40 * 50 * 60 * 70 * 80 * 90 * 100 gr. )( 110 * 120 * 130 * 140 * 180 * 200 * 230 gr. )\"}]},{\"@type\":\"WebSite\",\"@id\":\"https:\\\/\\\/zakupynaryby.pl\\\/#website\",\"url\":\"https:\\\/\\\/zakupynaryby.pl\\\/\",\"name\":\"Formy w\u0119dkarskie\",\"description\":\"Formy do odlewania ci\u0119\u017cark&oacute;w w\u0119dkarskich\",\"publisher\":{\"@id\":\"https:\\\/\\\/zakupynaryby.pl\\\/#organization\"},\"potentialAction\":[{\"@type\":\"SearchAction\",\"target\":{\"@type\":\"EntryPoint\",\"urlTemplate\":\"https:\\\/\\\/zakupynaryby.pl\\\/?s={search_term_string}\"},\"query-input\":{\"@type\":\"PropertyValueSpecification\",\"valueRequired\":true,\"valueName\":\"search_term_string\"}}],\"inLanguage\":\"pl-PL\"},{\"@type\":\"Organization\",\"@id\":\"https:\\\/\\\/zakupynaryby.pl\\\/#organization\",\"name\":\"Formy w\u0119dkarskie\",\"url\":\"https:\\\/\\\/zakupynaryby.pl\\\/\",\"logo\":{\"@type\":\"ImageObject\",\"inLanguage\":\"pl-PL\",\"@id\":\"https:\\\/\\\/zakupynaryby.pl\\\/#\\\/schema\\\/logo\\\/image\\\/\",\"url\":\"https:\\\/\\\/zakupynaryby.pl\\\/wp-content\\\/uploads\\\/2022\\\/05\\\/zakupy.jpg\",\"contentUrl\":\"https:\\\/\\\/zakupynaryby.pl\\\/wp-content\\\/uploads\\\/2022\\\/05\\\/zakupy.jpg\",\"width\":500,\"height\":153,\"caption\":\"Formy w\u0119dkarskie\"},\"image\":{\"@id\":\"https:\\\/\\\/zakupynaryby.pl\\\/#\\\/schema\\\/logo\\\/image\\\/\"}}]}<\/script>\n<!-- \/ Yoast SEO plugin. -->","yoast_head_json":{"title":"Ci\u0119\u017carek dalekiego rzutu( 30 * 40 * 50 * 60 * 70 * 80 * 90 * 100 gr. )( 110 * 120 * 130 * 140 * 180 * 200 * 230 gr. ) - Formy w\u0119dkarskie","robots":{"index":"index","follow":"follow","max-snippet":"max-snippet:-1","max-image-preview":"max-image-preview:large","max-video-preview":"max-video-preview:-1"},"canonical":"https:\/\/zakupynaryby.pl\/index.php\/product\/ciezarek-szesciokatny-30-40-50-60-70-80-90-100-110-120-130-140-180-200-230-gr\/","og_locale":"pl_PL","og_type":"article","og_title":"Ci\u0119\u017carek dalekiego rzutu( 30 * 40 * 50 * 60 * 70 * 80 * 90 * 100 gr. )( 110 * 120 * 130 * 140 * 180 * 200 * 230 gr. ) - Formy w\u0119dkarskie","og_description":"Ci\u0119\u017carki odlane z o\u0142owiu na mocnych oczkach ze stali nierdzewnej","og_url":"https:\/\/zakupynaryby.pl\/index.php\/product\/ciezarek-szesciokatny-30-40-50-60-70-80-90-100-110-120-130-140-180-200-230-gr\/","og_site_name":"Formy w\u0119dkarskie","article_modified_time":"2025-03-20T14:08:57+00:00","og_image":[{"width":1024,"height":1006,"url":"https:\/\/zakupynaryby.pl\/wp-content\/uploads\/2022\/05\/pixlr-bg-result-2.jpg","type":"image\/jpeg"}],"twitter_card":"summary_large_image","schema":{"@context":"https:\/\/schema.org","@graph":[{"@type":"WebPage","@id":"https:\/\/zakupynaryby.pl\/index.php\/product\/ciezarek-szesciokatny-30-40-50-60-70-80-90-100-110-120-130-140-180-200-230-gr\/","url":"https:\/\/zakupynaryby.pl\/index.php\/product\/ciezarek-szesciokatny-30-40-50-60-70-80-90-100-110-120-130-140-180-200-230-gr\/","name":"Ci\u0119\u017carek dalekiego rzutu ( 30 * 40 * 50 * 60 * 70 * 80 * 90 * 100 gr. ) ( 110 * 120 * 130 * 140 * 180 * 200 * 230 gr. ) - Formy w\u0119dkarskie","isPartOf":{"@id":"https:\/\/zakupynaryby.pl\/#website"},"primaryImageOfPage":{"@id":"https:\/\/zakupynaryby.pl\/index.php\/product\/ciezarek-szesciokatny-30-40-50-60-70-80-90-100-110-120-130-140-180-200-230-gr\/#primaryimage"},"image":{"@id":"https:\/\/zakupynaryby.pl\/index.php\/product\/ciezarek-szesciokatny-30-40-50-60-70-80-90-100-110-120-130-140-180-200-230-gr\/#primaryimage"},"thumbnailUrl":"https:\/\/zakupynaryby.pl\/wp-content\/uploads\/2022\/05\/pixlr-bg-result-2-e1735337441996.jpg","datePublished":"2022-05-29T11:34:24+00:00","dateModified":"2025-03-20T14:08:57+00:00","breadcrumb":{"@id":"https:\/\/zakupynaryby.pl\/index.php\/product\/ciezarek-szesciokatny-30-40-50-60-70-80-90-100-110-120-130-140-180-200-230-gr\/#breadcrumb"},"inLanguage":"pl-PL","potentialAction":[{"@type":"ReadAction","target":["https:\/\/zakupynaryby.pl\/index.php\/product\/ciezarek-szesciokatny-30-40-50-60-70-80-90-100-110-120-130-140-180-200-230-gr\/"]}]},{"@type":"ImageObject","inLanguage":"pl-PL","@id":"https:\/\/zakupynaryby.pl\/index.php\/product\/ciezarek-szesciokatny-30-40-50-60-70-80-90-100-110-120-130-140-180-200-230-gr\/#primaryimage","url":"https:\/\/zakupynaryby.pl\/wp-content\/uploads\/2022\/05\/pixlr-bg-result-2-e1735337441996.jpg","contentUrl":"https:\/\/zakupynaryby.pl\/wp-content\/uploads\/2022\/05\/pixlr-bg-result-2-e1735337441996.jpg","width":550,"height":540,"caption":"ci\u0119\u017carek gruntowy, ci\u0119\u017carki gruntowe"},{"@type":"BreadcrumbList","@id":"https:\/\/zakupynaryby.pl\/index.php\/product\/ciezarek-szesciokatny-30-40-50-60-70-80-90-100-110-120-130-140-180-200-230-gr\/#breadcrumb","itemListElement":[{"@type":"ListItem","position":1,"name":"Strona g\u0142\u00f3wna","item":"https:\/\/zakupynaryby.pl\/"},{"@type":"ListItem","position":2,"name":"Shop","item":"https:\/\/zakupynaryby.pl\/index.php\/shop\/"},{"@type":"ListItem","position":3,"name":"Ci\u0119\u017carek dalekiego rzutu( 30 * 40 * 50 * 60 * 70 * 80 * 90 * 100 gr. )( 110 * 120 * 130 * 140 * 180 * 200 * 230 gr. )"}]},{"@type":"WebSite","@id":"https:\/\/zakupynaryby.pl\/#website","url":"https:\/\/zakupynaryby.pl\/","name":"Formy w\u0119dkarskie","description":"Formy do odlewania ci\u0119\u017cark&oacute;w w\u0119dkarskich","publisher":{"@id":"https:\/\/zakupynaryby.pl\/#organization"},"potentialAction":[{"@type":"SearchAction","target":{"@type":"EntryPoint","urlTemplate":"https:\/\/zakupynaryby.pl\/?s={search_term_string}"},"query-input":{"@type":"PropertyValueSpecification","valueRequired":true,"valueName":"search_term_string"}}],"inLanguage":"pl-PL"},{"@type":"Organization","@id":"https:\/\/zakupynaryby.pl\/#organization","name":"Formy w\u0119dkarskie","url":"https:\/\/zakupynaryby.pl\/","logo":{"@type":"ImageObject","inLanguage":"pl-PL","@id":"https:\/\/zakupynaryby.pl\/#\/schema\/logo\/image\/","url":"https:\/\/zakupynaryby.pl\/wp-content\/uploads\/2022\/05\/zakupy.jpg","contentUrl":"https:\/\/zakupynaryby.pl\/wp-content\/uploads\/2022\/05\/zakupy.jpg","width":500,"height":153,"caption":"Formy w\u0119dkarskie"},"image":{"@id":"https:\/\/zakupynaryby.pl\/#\/schema\/logo\/image\/"}}]}},"_links":{"self":[{"href":"https:\/\/zakupynaryby.pl\/index.php\/wp-json\/wp\/v2\/product\/1824","targetHints":{"allow":["GET"]}}],"collection":[{"href":"https:\/\/zakupynaryby.pl\/index.php\/wp-json\/wp\/v2\/product"}],"about":[{"href":"https:\/\/zakupynaryby.pl\/index.php\/wp-json\/wp\/v2\/types\/product"}],"wp:featuredmedia":[{"embeddable":true,"href":"https:\/\/zakupynaryby.pl\/index.php\/wp-json\/wp\/v2\/media\/2604"}],"wp:attachment":[{"href":"https:\/\/zakupynaryby.pl\/index.php\/wp-json\/wp\/v2\/media?parent=1824"}],"wp:term":[{"taxonomy":"product_brand","embeddable":true,"href":"https:\/\/zakupynaryby.pl\/index.php\/wp-json\/wp\/v2\/product_brand?post=1824"},{"taxonomy":"product_cat","embeddable":true,"href":"https:\/\/zakupynaryby.pl\/index.php\/wp-json\/wp\/v2\/product_cat?post=1824"},{"taxonomy":"product_tag","embeddable":true,"href":"https:\/\/zakupynaryby.pl\/index.php\/wp-json\/wp\/v2\/product_tag?post=1824"}],"curies":[{"name":"wp","href":"https:\/\/api.w.org\/{rel}","templated":true}]}}