{"id":2427,"date":"2022-06-08T15:26:27","date_gmt":"2022-06-08T13:26:27","guid":{"rendered":"https:\/\/www.zakupynaryby.pl\/?post_type=product&#038;p=2427"},"modified":"2025-11-14T20:22:30","modified_gmt":"2025-11-14T19:22:30","slug":"kolka-lacznikowe-6mm-8kg-20szt","status":"publish","type":"product","link":"https:\/\/zakupynaryby.pl\/index.php\/product\/kolka-lacznikowe-6mm-8kg-20szt\/","title":{"rendered":"K\u00f3\u0142ka \u0142\u0105cznikowe &#8211; 6 mm <br> Wytrzyma\u0142o\u015b\u0107 8 kg ( 20 sztuk )"},"content":{"rendered":"<p>K\u00f3\u0142ka \u0142\u0105cznikowe ze stali nierdzewnej.<\/p>\n","protected":false},"excerpt":{"rendered":"<p>K\u00f3\u0142ka \u0142\u0105cznikowe ze stali nierdzewnej.<\/p>\n","protected":false},"featured_media":3560,"template":"","meta":[],"product_brand":[],"product_cat":[109,34,16],"product_tag":[],"class_list":{"0":"post-2427","1":"product","2":"type-product","3":"status-publish","4":"has-post-thumbnail","6":"product_cat-kolka-lacznikowe","7":"product_cat-akcesoria-wedkarskie","8":"product_cat-wszystkie-produkty","10":"first","11":"instock","12":"shipping-taxable","13":"purchasable","14":"product-type-simple"},"yoast_head":"<!-- This site is optimized with the Yoast SEO plugin v27.3 - https:\/\/yoast.com\/product\/yoast-seo-wordpress\/ -->\n<title>K\u00f3\u0142ka \u0142\u0105cznikowe - 6 mm  Wytrzyma\u0142o\u015b\u0107 8 kg ( 20 sztuk ) - Formy w\u0119dkarskie<\/title>\n<meta name=\"robots\" content=\"index, follow, max-snippet:-1, max-image-preview:large, max-video-preview:-1\" \/>\n<link rel=\"canonical\" href=\"https:\/\/zakupynaryby.pl\/index.php\/product\/kolka-lacznikowe-6mm-8kg-20szt\/\" \/>\n<meta property=\"og:locale\" content=\"pl_PL\" \/>\n<meta property=\"og:type\" content=\"article\" \/>\n<meta property=\"og:title\" content=\"K\u00f3\u0142ka \u0142\u0105cznikowe - 6 mm  Wytrzyma\u0142o\u015b\u0107 8 kg ( 20 sztuk ) - Formy w\u0119dkarskie\" \/>\n<meta property=\"og:description\" content=\"K\u00f3\u0142ka \u0142\u0105cznikowe ze stali nierdzewnej.\" \/>\n<meta property=\"og:url\" content=\"https:\/\/zakupynaryby.pl\/index.php\/product\/kolka-lacznikowe-6mm-8kg-20szt\/\" \/>\n<meta property=\"og:site_name\" content=\"Formy w\u0119dkarskie\" \/>\n<meta property=\"article:modified_time\" content=\"2025-11-14T19:22:30+00:00\" \/>\n<meta property=\"og:image\" content=\"https:\/\/zakupynaryby.pl\/wp-content\/uploads\/2022\/06\/pobrane-bbb-e1735303649327.jpg\" \/>\n\t<meta property=\"og:image:width\" content=\"550\" \/>\n\t<meta property=\"og:image:height\" content=\"580\" \/>\n\t<meta property=\"og:image:type\" content=\"image\/jpeg\" \/>\n<meta name=\"twitter:card\" content=\"summary_large_image\" \/>\n<meta name=\"twitter:label1\" content=\"Szacowany czas czytania\" \/>\n\t<meta name=\"twitter:data1\" content=\"1 minuta\" \/>\n<script type=\"application\/ld+json\" class=\"yoast-schema-graph\">{\"@context\":\"https:\\\/\\\/schema.org\",\"@graph\":[{\"@type\":\"WebPage\",\"@id\":\"https:\\\/\\\/zakupynaryby.pl\\\/index.php\\\/product\\\/kolka-lacznikowe-6mm-8kg-20szt\\\/\",\"url\":\"https:\\\/\\\/zakupynaryby.pl\\\/index.php\\\/product\\\/kolka-lacznikowe-6mm-8kg-20szt\\\/\",\"name\":\"K\u00f3\u0142ka \u0142\u0105cznikowe - 6 mm Wytrzyma\u0142o\u015b\u0107 8 kg ( 20 sztuk ) - Formy w\u0119dkarskie\",\"isPartOf\":{\"@id\":\"https:\\\/\\\/zakupynaryby.pl\\\/#website\"},\"primaryImageOfPage\":{\"@id\":\"https:\\\/\\\/zakupynaryby.pl\\\/index.php\\\/product\\\/kolka-lacznikowe-6mm-8kg-20szt\\\/#primaryimage\"},\"image\":{\"@id\":\"https:\\\/\\\/zakupynaryby.pl\\\/index.php\\\/product\\\/kolka-lacznikowe-6mm-8kg-20szt\\\/#primaryimage\"},\"thumbnailUrl\":\"https:\\\/\\\/zakupynaryby.pl\\\/wp-content\\\/uploads\\\/2022\\\/06\\\/pobrane-bbb-e1735303649327.jpg\",\"datePublished\":\"2022-06-08T13:26:27+00:00\",\"dateModified\":\"2025-11-14T19:22:30+00:00\",\"breadcrumb\":{\"@id\":\"https:\\\/\\\/zakupynaryby.pl\\\/index.php\\\/product\\\/kolka-lacznikowe-6mm-8kg-20szt\\\/#breadcrumb\"},\"inLanguage\":\"pl-PL\",\"potentialAction\":[{\"@type\":\"ReadAction\",\"target\":[\"https:\\\/\\\/zakupynaryby.pl\\\/index.php\\\/product\\\/kolka-lacznikowe-6mm-8kg-20szt\\\/\"]}]},{\"@type\":\"ImageObject\",\"inLanguage\":\"pl-PL\",\"@id\":\"https:\\\/\\\/zakupynaryby.pl\\\/index.php\\\/product\\\/kolka-lacznikowe-6mm-8kg-20szt\\\/#primaryimage\",\"url\":\"https:\\\/\\\/zakupynaryby.pl\\\/wp-content\\\/uploads\\\/2022\\\/06\\\/pobrane-bbb-e1735303649327.jpg\",\"contentUrl\":\"https:\\\/\\\/zakupynaryby.pl\\\/wp-content\\\/uploads\\\/2022\\\/06\\\/pobrane-bbb-e1735303649327.jpg\",\"width\":550,\"height\":580,\"caption\":\"k\u00f3\u0142ko \u0142\u0105cznikowe\"},{\"@type\":\"BreadcrumbList\",\"@id\":\"https:\\\/\\\/zakupynaryby.pl\\\/index.php\\\/product\\\/kolka-lacznikowe-6mm-8kg-20szt\\\/#breadcrumb\",\"itemListElement\":[{\"@type\":\"ListItem\",\"position\":1,\"name\":\"Strona g\u0142\u00f3wna\",\"item\":\"https:\\\/\\\/zakupynaryby.pl\\\/\"},{\"@type\":\"ListItem\",\"position\":2,\"name\":\"Shop\",\"item\":\"https:\\\/\\\/zakupynaryby.pl\\\/index.php\\\/shop\\\/\"},{\"@type\":\"ListItem\",\"position\":3,\"name\":\"K\u00f3\u0142ka \u0142\u0105cznikowe &#8211; 6 mm Wytrzyma\u0142o\u015b\u0107 8 kg ( 20 sztuk )\"}]},{\"@type\":\"WebSite\",\"@id\":\"https:\\\/\\\/zakupynaryby.pl\\\/#website\",\"url\":\"https:\\\/\\\/zakupynaryby.pl\\\/\",\"name\":\"Formy w\u0119dkarskie\",\"description\":\"Formy do odlewania ci\u0119\u017cark&oacute;w w\u0119dkarskich\",\"publisher\":{\"@id\":\"https:\\\/\\\/zakupynaryby.pl\\\/#organization\"},\"potentialAction\":[{\"@type\":\"SearchAction\",\"target\":{\"@type\":\"EntryPoint\",\"urlTemplate\":\"https:\\\/\\\/zakupynaryby.pl\\\/?s={search_term_string}\"},\"query-input\":{\"@type\":\"PropertyValueSpecification\",\"valueRequired\":true,\"valueName\":\"search_term_string\"}}],\"inLanguage\":\"pl-PL\"},{\"@type\":\"Organization\",\"@id\":\"https:\\\/\\\/zakupynaryby.pl\\\/#organization\",\"name\":\"Formy w\u0119dkarskie\",\"url\":\"https:\\\/\\\/zakupynaryby.pl\\\/\",\"logo\":{\"@type\":\"ImageObject\",\"inLanguage\":\"pl-PL\",\"@id\":\"https:\\\/\\\/zakupynaryby.pl\\\/#\\\/schema\\\/logo\\\/image\\\/\",\"url\":\"https:\\\/\\\/zakupynaryby.pl\\\/wp-content\\\/uploads\\\/2022\\\/05\\\/zakupy.jpg\",\"contentUrl\":\"https:\\\/\\\/zakupynaryby.pl\\\/wp-content\\\/uploads\\\/2022\\\/05\\\/zakupy.jpg\",\"width\":500,\"height\":153,\"caption\":\"Formy w\u0119dkarskie\"},\"image\":{\"@id\":\"https:\\\/\\\/zakupynaryby.pl\\\/#\\\/schema\\\/logo\\\/image\\\/\"}}]}<\/script>\n<!-- \/ Yoast SEO plugin. -->","yoast_head_json":{"title":"K\u00f3\u0142ka \u0142\u0105cznikowe - 6 mm  Wytrzyma\u0142o\u015b\u0107 8 kg ( 20 sztuk ) - Formy w\u0119dkarskie","robots":{"index":"index","follow":"follow","max-snippet":"max-snippet:-1","max-image-preview":"max-image-preview:large","max-video-preview":"max-video-preview:-1"},"canonical":"https:\/\/zakupynaryby.pl\/index.php\/product\/kolka-lacznikowe-6mm-8kg-20szt\/","og_locale":"pl_PL","og_type":"article","og_title":"K\u00f3\u0142ka \u0142\u0105cznikowe - 6 mm  Wytrzyma\u0142o\u015b\u0107 8 kg ( 20 sztuk ) - Formy w\u0119dkarskie","og_description":"K\u00f3\u0142ka \u0142\u0105cznikowe ze stali nierdzewnej.","og_url":"https:\/\/zakupynaryby.pl\/index.php\/product\/kolka-lacznikowe-6mm-8kg-20szt\/","og_site_name":"Formy w\u0119dkarskie","article_modified_time":"2025-11-14T19:22:30+00:00","og_image":[{"width":550,"height":580,"url":"https:\/\/zakupynaryby.pl\/wp-content\/uploads\/2022\/06\/pobrane-bbb-e1735303649327.jpg","type":"image\/jpeg"}],"twitter_card":"summary_large_image","twitter_misc":{"Szacowany czas czytania":"1 minuta"},"schema":{"@context":"https:\/\/schema.org","@graph":[{"@type":"WebPage","@id":"https:\/\/zakupynaryby.pl\/index.php\/product\/kolka-lacznikowe-6mm-8kg-20szt\/","url":"https:\/\/zakupynaryby.pl\/index.php\/product\/kolka-lacznikowe-6mm-8kg-20szt\/","name":"K\u00f3\u0142ka \u0142\u0105cznikowe - 6 mm Wytrzyma\u0142o\u015b\u0107 8 kg ( 20 sztuk ) - Formy w\u0119dkarskie","isPartOf":{"@id":"https:\/\/zakupynaryby.pl\/#website"},"primaryImageOfPage":{"@id":"https:\/\/zakupynaryby.pl\/index.php\/product\/kolka-lacznikowe-6mm-8kg-20szt\/#primaryimage"},"image":{"@id":"https:\/\/zakupynaryby.pl\/index.php\/product\/kolka-lacznikowe-6mm-8kg-20szt\/#primaryimage"},"thumbnailUrl":"https:\/\/zakupynaryby.pl\/wp-content\/uploads\/2022\/06\/pobrane-bbb-e1735303649327.jpg","datePublished":"2022-06-08T13:26:27+00:00","dateModified":"2025-11-14T19:22:30+00:00","breadcrumb":{"@id":"https:\/\/zakupynaryby.pl\/index.php\/product\/kolka-lacznikowe-6mm-8kg-20szt\/#breadcrumb"},"inLanguage":"pl-PL","potentialAction":[{"@type":"ReadAction","target":["https:\/\/zakupynaryby.pl\/index.php\/product\/kolka-lacznikowe-6mm-8kg-20szt\/"]}]},{"@type":"ImageObject","inLanguage":"pl-PL","@id":"https:\/\/zakupynaryby.pl\/index.php\/product\/kolka-lacznikowe-6mm-8kg-20szt\/#primaryimage","url":"https:\/\/zakupynaryby.pl\/wp-content\/uploads\/2022\/06\/pobrane-bbb-e1735303649327.jpg","contentUrl":"https:\/\/zakupynaryby.pl\/wp-content\/uploads\/2022\/06\/pobrane-bbb-e1735303649327.jpg","width":550,"height":580,"caption":"k\u00f3\u0142ko \u0142\u0105cznikowe"},{"@type":"BreadcrumbList","@id":"https:\/\/zakupynaryby.pl\/index.php\/product\/kolka-lacznikowe-6mm-8kg-20szt\/#breadcrumb","itemListElement":[{"@type":"ListItem","position":1,"name":"Strona g\u0142\u00f3wna","item":"https:\/\/zakupynaryby.pl\/"},{"@type":"ListItem","position":2,"name":"Shop","item":"https:\/\/zakupynaryby.pl\/index.php\/shop\/"},{"@type":"ListItem","position":3,"name":"K\u00f3\u0142ka \u0142\u0105cznikowe &#8211; 6 mm Wytrzyma\u0142o\u015b\u0107 8 kg ( 20 sztuk )"}]},{"@type":"WebSite","@id":"https:\/\/zakupynaryby.pl\/#website","url":"https:\/\/zakupynaryby.pl\/","name":"Formy w\u0119dkarskie","description":"Formy do odlewania ci\u0119\u017cark&oacute;w w\u0119dkarskich","publisher":{"@id":"https:\/\/zakupynaryby.pl\/#organization"},"potentialAction":[{"@type":"SearchAction","target":{"@type":"EntryPoint","urlTemplate":"https:\/\/zakupynaryby.pl\/?s={search_term_string}"},"query-input":{"@type":"PropertyValueSpecification","valueRequired":true,"valueName":"search_term_string"}}],"inLanguage":"pl-PL"},{"@type":"Organization","@id":"https:\/\/zakupynaryby.pl\/#organization","name":"Formy w\u0119dkarskie","url":"https:\/\/zakupynaryby.pl\/","logo":{"@type":"ImageObject","inLanguage":"pl-PL","@id":"https:\/\/zakupynaryby.pl\/#\/schema\/logo\/image\/","url":"https:\/\/zakupynaryby.pl\/wp-content\/uploads\/2022\/05\/zakupy.jpg","contentUrl":"https:\/\/zakupynaryby.pl\/wp-content\/uploads\/2022\/05\/zakupy.jpg","width":500,"height":153,"caption":"Formy w\u0119dkarskie"},"image":{"@id":"https:\/\/zakupynaryby.pl\/#\/schema\/logo\/image\/"}}]}},"_links":{"self":[{"href":"https:\/\/zakupynaryby.pl\/index.php\/wp-json\/wp\/v2\/product\/2427","targetHints":{"allow":["GET"]}}],"collection":[{"href":"https:\/\/zakupynaryby.pl\/index.php\/wp-json\/wp\/v2\/product"}],"about":[{"href":"https:\/\/zakupynaryby.pl\/index.php\/wp-json\/wp\/v2\/types\/product"}],"wp:featuredmedia":[{"embeddable":true,"href":"https:\/\/zakupynaryby.pl\/index.php\/wp-json\/wp\/v2\/media\/3560"}],"wp:attachment":[{"href":"https:\/\/zakupynaryby.pl\/index.php\/wp-json\/wp\/v2\/media?parent=2427"}],"wp:term":[{"taxonomy":"product_brand","embeddable":true,"href":"https:\/\/zakupynaryby.pl\/index.php\/wp-json\/wp\/v2\/product_brand?post=2427"},{"taxonomy":"product_cat","embeddable":true,"href":"https:\/\/zakupynaryby.pl\/index.php\/wp-json\/wp\/v2\/product_cat?post=2427"},{"taxonomy":"product_tag","embeddable":true,"href":"https:\/\/zakupynaryby.pl\/index.php\/wp-json\/wp\/v2\/product_tag?post=2427"}],"curies":[{"name":"wp","href":"https:\/\/api.w.org\/{rel}","templated":true}]}}