{"id":3200,"date":"2022-07-15T13:11:01","date_gmt":"2022-07-15T11:11:01","guid":{"rendered":"https:\/\/www.zakupynaryby.pl\/?post_type=product&#038;p=3200"},"modified":"2025-10-22T23:04:53","modified_gmt":"2025-10-22T21:04:53","slug":"forma-wedkarska-606-silikonowa-do-przynet-miekkich-przyneta-10-cm","status":"publish","type":"product","link":"https:\/\/zakupynaryby.pl\/index.php\/product\/forma-wedkarska-606-silikonowa-do-przynet-miekkich-przyneta-10-cm\/","title":{"rendered":"Forma silikonowa do przyn\u0119t mi\u0119kkich <br> F-606 ( 10 cm. )"},"content":{"rendered":"<p>Silikonowa forma do odlewania z plastisolu przyn\u0119t mi\u0119kkich.<\/p>\n<p>Dzi\u0119ki przezroczystym \u015bciank\u0105 formy, mo\u017cna obserwowa\u0107 proces nape\u0142niania, co ma szczeg\u00f3lne znaczenie przy odlewaniu wielokolorowych gumowych przyn\u0119t.<\/p>\n","protected":false},"excerpt":{"rendered":"<p>Silikonowa forma do odlewania z plastisolu przyn\u0119t mi\u0119kkich.<\/p>\n<p>Dzi\u0119ki przezroczystym \u015bciank\u0105 formy, mo\u017cna obserwowa\u0107 proces nape\u0142niania, co ma szczeg\u00f3lne znaczenie przy odlewaniu wielokolorowych gumowych przyn\u0119t.<\/p>\n","protected":false},"featured_media":3486,"template":"","meta":[],"product_brand":[],"product_cat":[77,45,78,16],"product_tag":[],"class_list":{"0":"post-3200","1":"product","2":"type-product","3":"status-publish","4":"has-post-thumbnail","6":"product_cat-silikonowe","7":"product_cat-formy-do-przynet-miekkich","8":"product_cat-formy-wedkarskie","9":"product_cat-wszystkie-produkty","11":"first","12":"outofstock","13":"sold-individually","14":"shipping-taxable","15":"purchasable","16":"product-type-simple"},"yoast_head":"<!-- This site is optimized with the Yoast SEO plugin v27.4 - https:\/\/yoast.com\/product\/yoast-seo-wordpress\/ -->\n<title>Forma silikonowa do przyn\u0119t mi\u0119kkich  F-606 ( 10 cm. ) - Formy w\u0119dkarskie<\/title>\n<meta name=\"robots\" content=\"index, follow, max-snippet:-1, max-image-preview:large, max-video-preview:-1\" \/>\n<link rel=\"canonical\" href=\"https:\/\/zakupynaryby.pl\/index.php\/product\/forma-wedkarska-606-silikonowa-do-przynet-miekkich-przyneta-10-cm\/\" \/>\n<meta property=\"og:locale\" content=\"pl_PL\" \/>\n<meta property=\"og:type\" content=\"article\" \/>\n<meta property=\"og:title\" content=\"Forma silikonowa do przyn\u0119t mi\u0119kkich  F-606 ( 10 cm. ) - Formy w\u0119dkarskie\" \/>\n<meta property=\"og:description\" content=\"Silikonowa forma do odlewania z plastisolu przyn\u0119t mi\u0119kkich.  Dzi\u0119ki przezroczystym \u015bciank\u0105 formy, mo\u017cna obserwowa\u0107 proces nape\u0142niania, co ma szczeg\u00f3lne znaczenie przy odlewaniu wielokolorowych gumowych przyn\u0119t.\" \/>\n<meta property=\"og:url\" content=\"https:\/\/zakupynaryby.pl\/index.php\/product\/forma-wedkarska-606-silikonowa-do-przynet-miekkich-przyneta-10-cm\/\" \/>\n<meta property=\"og:site_name\" content=\"Formy w\u0119dkarskie\" \/>\n<meta property=\"article:modified_time\" content=\"2025-10-22T21:04:53+00:00\" \/>\n<meta property=\"og:image\" content=\"https:\/\/zakupynaryby.pl\/wp-content\/uploads\/2022\/05\/f605a-e1735301838575.jpg\" \/>\n\t<meta property=\"og:image:width\" content=\"550\" \/>\n\t<meta property=\"og:image:height\" content=\"547\" \/>\n\t<meta property=\"og:image:type\" content=\"image\/jpeg\" \/>\n<meta name=\"twitter:card\" content=\"summary_large_image\" \/>\n<meta name=\"twitter:label1\" content=\"Szacowany czas czytania\" \/>\n\t<meta name=\"twitter:data1\" content=\"1 minuta\" \/>\n<script type=\"application\/ld+json\" class=\"yoast-schema-graph\">{\"@context\":\"https:\\\/\\\/schema.org\",\"@graph\":[{\"@type\":\"WebPage\",\"@id\":\"https:\\\/\\\/zakupynaryby.pl\\\/index.php\\\/product\\\/forma-wedkarska-606-silikonowa-do-przynet-miekkich-przyneta-10-cm\\\/\",\"url\":\"https:\\\/\\\/zakupynaryby.pl\\\/index.php\\\/product\\\/forma-wedkarska-606-silikonowa-do-przynet-miekkich-przyneta-10-cm\\\/\",\"name\":\"Forma silikonowa do przyn\u0119t mi\u0119kkich F-606 ( 10 cm. ) - Formy w\u0119dkarskie\",\"isPartOf\":{\"@id\":\"https:\\\/\\\/zakupynaryby.pl\\\/#website\"},\"primaryImageOfPage\":{\"@id\":\"https:\\\/\\\/zakupynaryby.pl\\\/index.php\\\/product\\\/forma-wedkarska-606-silikonowa-do-przynet-miekkich-przyneta-10-cm\\\/#primaryimage\"},\"image\":{\"@id\":\"https:\\\/\\\/zakupynaryby.pl\\\/index.php\\\/product\\\/forma-wedkarska-606-silikonowa-do-przynet-miekkich-przyneta-10-cm\\\/#primaryimage\"},\"thumbnailUrl\":\"https:\\\/\\\/zakupynaryby.pl\\\/wp-content\\\/uploads\\\/2022\\\/05\\\/f605a-e1735301838575.jpg\",\"datePublished\":\"2022-07-15T11:11:01+00:00\",\"dateModified\":\"2025-10-22T21:04:53+00:00\",\"breadcrumb\":{\"@id\":\"https:\\\/\\\/zakupynaryby.pl\\\/index.php\\\/product\\\/forma-wedkarska-606-silikonowa-do-przynet-miekkich-przyneta-10-cm\\\/#breadcrumb\"},\"inLanguage\":\"pl-PL\",\"potentialAction\":[{\"@type\":\"ReadAction\",\"target\":[\"https:\\\/\\\/zakupynaryby.pl\\\/index.php\\\/product\\\/forma-wedkarska-606-silikonowa-do-przynet-miekkich-przyneta-10-cm\\\/\"]}]},{\"@type\":\"ImageObject\",\"inLanguage\":\"pl-PL\",\"@id\":\"https:\\\/\\\/zakupynaryby.pl\\\/index.php\\\/product\\\/forma-wedkarska-606-silikonowa-do-przynet-miekkich-przyneta-10-cm\\\/#primaryimage\",\"url\":\"https:\\\/\\\/zakupynaryby.pl\\\/wp-content\\\/uploads\\\/2022\\\/05\\\/f605a-e1735301838575.jpg\",\"contentUrl\":\"https:\\\/\\\/zakupynaryby.pl\\\/wp-content\\\/uploads\\\/2022\\\/05\\\/f605a-e1735301838575.jpg\",\"width\":550,\"height\":547,\"caption\":\"F-606\"},{\"@type\":\"BreadcrumbList\",\"@id\":\"https:\\\/\\\/zakupynaryby.pl\\\/index.php\\\/product\\\/forma-wedkarska-606-silikonowa-do-przynet-miekkich-przyneta-10-cm\\\/#breadcrumb\",\"itemListElement\":[{\"@type\":\"ListItem\",\"position\":1,\"name\":\"Strona g\u0142\u00f3wna\",\"item\":\"https:\\\/\\\/zakupynaryby.pl\\\/\"},{\"@type\":\"ListItem\",\"position\":2,\"name\":\"Shop\",\"item\":\"https:\\\/\\\/zakupynaryby.pl\\\/index.php\\\/shop\\\/\"},{\"@type\":\"ListItem\",\"position\":3,\"name\":\"Forma silikonowa do przyn\u0119t mi\u0119kkich F-606 ( 10 cm. )\"}]},{\"@type\":\"WebSite\",\"@id\":\"https:\\\/\\\/zakupynaryby.pl\\\/#website\",\"url\":\"https:\\\/\\\/zakupynaryby.pl\\\/\",\"name\":\"Formy w\u0119dkarskie\",\"description\":\"Formy do odlewania ci\u0119\u017cark&oacute;w w\u0119dkarskich\",\"publisher\":{\"@id\":\"https:\\\/\\\/zakupynaryby.pl\\\/#organization\"},\"potentialAction\":[{\"@type\":\"SearchAction\",\"target\":{\"@type\":\"EntryPoint\",\"urlTemplate\":\"https:\\\/\\\/zakupynaryby.pl\\\/?s={search_term_string}\"},\"query-input\":{\"@type\":\"PropertyValueSpecification\",\"valueRequired\":true,\"valueName\":\"search_term_string\"}}],\"inLanguage\":\"pl-PL\"},{\"@type\":\"Organization\",\"@id\":\"https:\\\/\\\/zakupynaryby.pl\\\/#organization\",\"name\":\"Formy w\u0119dkarskie\",\"url\":\"https:\\\/\\\/zakupynaryby.pl\\\/\",\"logo\":{\"@type\":\"ImageObject\",\"inLanguage\":\"pl-PL\",\"@id\":\"https:\\\/\\\/zakupynaryby.pl\\\/#\\\/schema\\\/logo\\\/image\\\/\",\"url\":\"https:\\\/\\\/zakupynaryby.pl\\\/wp-content\\\/uploads\\\/2022\\\/05\\\/zakupy.jpg\",\"contentUrl\":\"https:\\\/\\\/zakupynaryby.pl\\\/wp-content\\\/uploads\\\/2022\\\/05\\\/zakupy.jpg\",\"width\":500,\"height\":153,\"caption\":\"Formy w\u0119dkarskie\"},\"image\":{\"@id\":\"https:\\\/\\\/zakupynaryby.pl\\\/#\\\/schema\\\/logo\\\/image\\\/\"}}]}<\/script>\n<!-- \/ Yoast SEO plugin. -->","yoast_head_json":{"title":"Forma silikonowa do przyn\u0119t mi\u0119kkich  F-606 ( 10 cm. ) - Formy w\u0119dkarskie","robots":{"index":"index","follow":"follow","max-snippet":"max-snippet:-1","max-image-preview":"max-image-preview:large","max-video-preview":"max-video-preview:-1"},"canonical":"https:\/\/zakupynaryby.pl\/index.php\/product\/forma-wedkarska-606-silikonowa-do-przynet-miekkich-przyneta-10-cm\/","og_locale":"pl_PL","og_type":"article","og_title":"Forma silikonowa do przyn\u0119t mi\u0119kkich  F-606 ( 10 cm. ) - Formy w\u0119dkarskie","og_description":"Silikonowa forma do odlewania z plastisolu przyn\u0119t mi\u0119kkich.  Dzi\u0119ki przezroczystym \u015bciank\u0105 formy, mo\u017cna obserwowa\u0107 proces nape\u0142niania, co ma szczeg\u00f3lne znaczenie przy odlewaniu wielokolorowych gumowych przyn\u0119t.","og_url":"https:\/\/zakupynaryby.pl\/index.php\/product\/forma-wedkarska-606-silikonowa-do-przynet-miekkich-przyneta-10-cm\/","og_site_name":"Formy w\u0119dkarskie","article_modified_time":"2025-10-22T21:04:53+00:00","og_image":[{"width":550,"height":547,"url":"https:\/\/zakupynaryby.pl\/wp-content\/uploads\/2022\/05\/f605a-e1735301838575.jpg","type":"image\/jpeg"}],"twitter_card":"summary_large_image","twitter_misc":{"Szacowany czas czytania":"1 minuta"},"schema":{"@context":"https:\/\/schema.org","@graph":[{"@type":"WebPage","@id":"https:\/\/zakupynaryby.pl\/index.php\/product\/forma-wedkarska-606-silikonowa-do-przynet-miekkich-przyneta-10-cm\/","url":"https:\/\/zakupynaryby.pl\/index.php\/product\/forma-wedkarska-606-silikonowa-do-przynet-miekkich-przyneta-10-cm\/","name":"Forma silikonowa do przyn\u0119t mi\u0119kkich F-606 ( 10 cm. ) - Formy w\u0119dkarskie","isPartOf":{"@id":"https:\/\/zakupynaryby.pl\/#website"},"primaryImageOfPage":{"@id":"https:\/\/zakupynaryby.pl\/index.php\/product\/forma-wedkarska-606-silikonowa-do-przynet-miekkich-przyneta-10-cm\/#primaryimage"},"image":{"@id":"https:\/\/zakupynaryby.pl\/index.php\/product\/forma-wedkarska-606-silikonowa-do-przynet-miekkich-przyneta-10-cm\/#primaryimage"},"thumbnailUrl":"https:\/\/zakupynaryby.pl\/wp-content\/uploads\/2022\/05\/f605a-e1735301838575.jpg","datePublished":"2022-07-15T11:11:01+00:00","dateModified":"2025-10-22T21:04:53+00:00","breadcrumb":{"@id":"https:\/\/zakupynaryby.pl\/index.php\/product\/forma-wedkarska-606-silikonowa-do-przynet-miekkich-przyneta-10-cm\/#breadcrumb"},"inLanguage":"pl-PL","potentialAction":[{"@type":"ReadAction","target":["https:\/\/zakupynaryby.pl\/index.php\/product\/forma-wedkarska-606-silikonowa-do-przynet-miekkich-przyneta-10-cm\/"]}]},{"@type":"ImageObject","inLanguage":"pl-PL","@id":"https:\/\/zakupynaryby.pl\/index.php\/product\/forma-wedkarska-606-silikonowa-do-przynet-miekkich-przyneta-10-cm\/#primaryimage","url":"https:\/\/zakupynaryby.pl\/wp-content\/uploads\/2022\/05\/f605a-e1735301838575.jpg","contentUrl":"https:\/\/zakupynaryby.pl\/wp-content\/uploads\/2022\/05\/f605a-e1735301838575.jpg","width":550,"height":547,"caption":"F-606"},{"@type":"BreadcrumbList","@id":"https:\/\/zakupynaryby.pl\/index.php\/product\/forma-wedkarska-606-silikonowa-do-przynet-miekkich-przyneta-10-cm\/#breadcrumb","itemListElement":[{"@type":"ListItem","position":1,"name":"Strona g\u0142\u00f3wna","item":"https:\/\/zakupynaryby.pl\/"},{"@type":"ListItem","position":2,"name":"Shop","item":"https:\/\/zakupynaryby.pl\/index.php\/shop\/"},{"@type":"ListItem","position":3,"name":"Forma silikonowa do przyn\u0119t mi\u0119kkich F-606 ( 10 cm. )"}]},{"@type":"WebSite","@id":"https:\/\/zakupynaryby.pl\/#website","url":"https:\/\/zakupynaryby.pl\/","name":"Formy w\u0119dkarskie","description":"Formy do odlewania ci\u0119\u017cark&oacute;w w\u0119dkarskich","publisher":{"@id":"https:\/\/zakupynaryby.pl\/#organization"},"potentialAction":[{"@type":"SearchAction","target":{"@type":"EntryPoint","urlTemplate":"https:\/\/zakupynaryby.pl\/?s={search_term_string}"},"query-input":{"@type":"PropertyValueSpecification","valueRequired":true,"valueName":"search_term_string"}}],"inLanguage":"pl-PL"},{"@type":"Organization","@id":"https:\/\/zakupynaryby.pl\/#organization","name":"Formy w\u0119dkarskie","url":"https:\/\/zakupynaryby.pl\/","logo":{"@type":"ImageObject","inLanguage":"pl-PL","@id":"https:\/\/zakupynaryby.pl\/#\/schema\/logo\/image\/","url":"https:\/\/zakupynaryby.pl\/wp-content\/uploads\/2022\/05\/zakupy.jpg","contentUrl":"https:\/\/zakupynaryby.pl\/wp-content\/uploads\/2022\/05\/zakupy.jpg","width":500,"height":153,"caption":"Formy w\u0119dkarskie"},"image":{"@id":"https:\/\/zakupynaryby.pl\/#\/schema\/logo\/image\/"}}]}},"_links":{"self":[{"href":"https:\/\/zakupynaryby.pl\/index.php\/wp-json\/wp\/v2\/product\/3200","targetHints":{"allow":["GET"]}}],"collection":[{"href":"https:\/\/zakupynaryby.pl\/index.php\/wp-json\/wp\/v2\/product"}],"about":[{"href":"https:\/\/zakupynaryby.pl\/index.php\/wp-json\/wp\/v2\/types\/product"}],"wp:featuredmedia":[{"embeddable":true,"href":"https:\/\/zakupynaryby.pl\/index.php\/wp-json\/wp\/v2\/media\/3486"}],"wp:attachment":[{"href":"https:\/\/zakupynaryby.pl\/index.php\/wp-json\/wp\/v2\/media?parent=3200"}],"wp:term":[{"taxonomy":"product_brand","embeddable":true,"href":"https:\/\/zakupynaryby.pl\/index.php\/wp-json\/wp\/v2\/product_brand?post=3200"},{"taxonomy":"product_cat","embeddable":true,"href":"https:\/\/zakupynaryby.pl\/index.php\/wp-json\/wp\/v2\/product_cat?post=3200"},{"taxonomy":"product_tag","embeddable":true,"href":"https:\/\/zakupynaryby.pl\/index.php\/wp-json\/wp\/v2\/product_tag?post=3200"}],"curies":[{"name":"wp","href":"https:\/\/api.w.org\/{rel}","templated":true}]}}