{"id":3640,"date":"2022-11-24T18:18:59","date_gmt":"2022-11-24T17:18:59","guid":{"rendered":"https:\/\/www.zakupynaryby.pl\/?post_type=product&#038;p=3640"},"modified":"2026-04-12T03:50:15","modified_gmt":"2026-04-12T01:50:15","slug":"plaskownik-do-formy-wedkarskiej-gr-06-mm-1-sztuka","status":"publish","type":"product","link":"https:\/\/zakupynaryby.pl\/index.php\/product\/plaskownik-do-formy-wedkarskiej-gr-06-mm-1-sztuka\/","title":{"rendered":"P\u0142askownik do czeburaszki <br> Szeroko\u015b\u0107 3 mm ( 1 sztuka )"},"content":{"rendered":"<p>P\u0142askownik z blachy stalowej &#8211; spr\u0119\u017cystej stosowany w sprzedawanych przez nas formach w\u0119dkarskich do odlewania czeburaszek.<\/p>\n<p>d\u0142ugo\u015b\u0107 &#8211; 100 mm<\/p>\n<p>szeroko\u015b\u0107 &#8211; 3 mm<\/p>\n<p>grubo\u015b\u0107 &#8211; 0,6 mm<\/p>\n<p>&nbsp;<\/p>\n","protected":false},"excerpt":{"rendered":"<p>P\u0142askownik do czeburaszek.<\/p>\n<p>d\u0142ugo\u015b\u0107 &#8211; 100 mm<\/p>\n<p>szeroko\u015b\u0107 &#8211; 3 mm<\/p>\n<p>grubo\u015b\u0107 &#8211; 0,6 mm<\/p>\n","protected":false},"featured_media":3655,"template":"","meta":[],"product_brand":[],"product_cat":[110,34,16],"product_tag":[],"class_list":{"0":"post-3640","1":"product","2":"type-product","3":"status-publish","4":"has-post-thumbnail","6":"product_cat-inne-2","7":"product_cat-akcesoria-wedkarskie","8":"product_cat-wszystkie-produkty","10":"first","11":"instock","12":"shipping-taxable","13":"purchasable","14":"product-type-simple"},"yoast_head":"<!-- This site is optimized with the Yoast SEO plugin v27.6 - https:\/\/yoast.com\/product\/yoast-seo-wordpress\/ -->\n<title>P\u0142askownik do czeburaszki  Szeroko\u015b\u0107 3 mm ( 1 sztuka ) - Formy w\u0119dkarskie<\/title>\n<meta name=\"robots\" content=\"index, follow, max-snippet:-1, max-image-preview:large, max-video-preview:-1\" \/>\n<link rel=\"canonical\" href=\"https:\/\/zakupynaryby.pl\/index.php\/product\/plaskownik-do-formy-wedkarskiej-gr-06-mm-1-sztuka\/\" \/>\n<meta property=\"og:locale\" content=\"pl_PL\" \/>\n<meta property=\"og:type\" content=\"article\" \/>\n<meta property=\"og:title\" content=\"P\u0142askownik do czeburaszki  Szeroko\u015b\u0107 3 mm ( 1 sztuka ) - Formy w\u0119dkarskie\" \/>\n<meta property=\"og:description\" content=\"P\u0142askownik do czeburaszek.  d\u0142ugo\u015b\u0107 - 100 mm  szeroko\u015b\u0107 - 3 mm  grubo\u015b\u0107 - 0,6 mm\" \/>\n<meta property=\"og:url\" content=\"https:\/\/zakupynaryby.pl\/index.php\/product\/plaskownik-do-formy-wedkarskiej-gr-06-mm-1-sztuka\/\" \/>\n<meta property=\"og:site_name\" content=\"Formy w\u0119dkarskie\" \/>\n<meta property=\"article:modified_time\" content=\"2026-04-12T01:50:15+00:00\" \/>\n<meta property=\"og:image\" content=\"https:\/\/zakupynaryby.pl\/wp-content\/uploads\/2022\/11\/plaskownik-waski-e1735292009462.jpg\" \/>\n\t<meta property=\"og:image:width\" content=\"550\" \/>\n\t<meta property=\"og:image:height\" content=\"550\" \/>\n\t<meta property=\"og:image:type\" content=\"image\/jpeg\" \/>\n<meta name=\"twitter:card\" content=\"summary_large_image\" \/>\n<meta name=\"twitter:label1\" content=\"Szacowany czas czytania\" \/>\n\t<meta name=\"twitter:data1\" content=\"1 minuta\" \/>\n<script type=\"application\/ld+json\" class=\"yoast-schema-graph\">{\"@context\":\"https:\\\/\\\/schema.org\",\"@graph\":[{\"@type\":\"WebPage\",\"@id\":\"https:\\\/\\\/zakupynaryby.pl\\\/index.php\\\/product\\\/plaskownik-do-formy-wedkarskiej-gr-06-mm-1-sztuka\\\/\",\"url\":\"https:\\\/\\\/zakupynaryby.pl\\\/index.php\\\/product\\\/plaskownik-do-formy-wedkarskiej-gr-06-mm-1-sztuka\\\/\",\"name\":\"P\u0142askownik do czeburaszki Szeroko\u015b\u0107 3 mm ( 1 sztuka ) - Formy w\u0119dkarskie\",\"isPartOf\":{\"@id\":\"https:\\\/\\\/zakupynaryby.pl\\\/#website\"},\"primaryImageOfPage\":{\"@id\":\"https:\\\/\\\/zakupynaryby.pl\\\/index.php\\\/product\\\/plaskownik-do-formy-wedkarskiej-gr-06-mm-1-sztuka\\\/#primaryimage\"},\"image\":{\"@id\":\"https:\\\/\\\/zakupynaryby.pl\\\/index.php\\\/product\\\/plaskownik-do-formy-wedkarskiej-gr-06-mm-1-sztuka\\\/#primaryimage\"},\"thumbnailUrl\":\"https:\\\/\\\/zakupynaryby.pl\\\/wp-content\\\/uploads\\\/2022\\\/11\\\/plaskownik-waski-e1735292009462.jpg\",\"datePublished\":\"2022-11-24T17:18:59+00:00\",\"dateModified\":\"2026-04-12T01:50:15+00:00\",\"breadcrumb\":{\"@id\":\"https:\\\/\\\/zakupynaryby.pl\\\/index.php\\\/product\\\/plaskownik-do-formy-wedkarskiej-gr-06-mm-1-sztuka\\\/#breadcrumb\"},\"inLanguage\":\"pl-PL\",\"potentialAction\":[{\"@type\":\"ReadAction\",\"target\":[\"https:\\\/\\\/zakupynaryby.pl\\\/index.php\\\/product\\\/plaskownik-do-formy-wedkarskiej-gr-06-mm-1-sztuka\\\/\"]}]},{\"@type\":\"ImageObject\",\"inLanguage\":\"pl-PL\",\"@id\":\"https:\\\/\\\/zakupynaryby.pl\\\/index.php\\\/product\\\/plaskownik-do-formy-wedkarskiej-gr-06-mm-1-sztuka\\\/#primaryimage\",\"url\":\"https:\\\/\\\/zakupynaryby.pl\\\/wp-content\\\/uploads\\\/2022\\\/11\\\/plaskownik-waski-e1735292009462.jpg\",\"contentUrl\":\"https:\\\/\\\/zakupynaryby.pl\\\/wp-content\\\/uploads\\\/2022\\\/11\\\/plaskownik-waski-e1735292009462.jpg\",\"width\":550,\"height\":550,\"caption\":\"p\u0142askownik w\u0105ski\"},{\"@type\":\"BreadcrumbList\",\"@id\":\"https:\\\/\\\/zakupynaryby.pl\\\/index.php\\\/product\\\/plaskownik-do-formy-wedkarskiej-gr-06-mm-1-sztuka\\\/#breadcrumb\",\"itemListElement\":[{\"@type\":\"ListItem\",\"position\":1,\"name\":\"Strona g\u0142\u00f3wna\",\"item\":\"https:\\\/\\\/zakupynaryby.pl\\\/\"},{\"@type\":\"ListItem\",\"position\":2,\"name\":\"Shop\",\"item\":\"https:\\\/\\\/zakupynaryby.pl\\\/index.php\\\/shop\\\/\"},{\"@type\":\"ListItem\",\"position\":3,\"name\":\"P\u0142askownik do czeburaszki Szeroko\u015b\u0107 3 mm ( 1 sztuka )\"}]},{\"@type\":\"WebSite\",\"@id\":\"https:\\\/\\\/zakupynaryby.pl\\\/#website\",\"url\":\"https:\\\/\\\/zakupynaryby.pl\\\/\",\"name\":\"Formy w\u0119dkarskie\",\"description\":\"Formy do odlewania ci\u0119\u017cark&oacute;w w\u0119dkarskich\",\"publisher\":{\"@id\":\"https:\\\/\\\/zakupynaryby.pl\\\/#organization\"},\"potentialAction\":[{\"@type\":\"SearchAction\",\"target\":{\"@type\":\"EntryPoint\",\"urlTemplate\":\"https:\\\/\\\/zakupynaryby.pl\\\/?s={search_term_string}\"},\"query-input\":{\"@type\":\"PropertyValueSpecification\",\"valueRequired\":true,\"valueName\":\"search_term_string\"}}],\"inLanguage\":\"pl-PL\"},{\"@type\":\"Organization\",\"@id\":\"https:\\\/\\\/zakupynaryby.pl\\\/#organization\",\"name\":\"Formy w\u0119dkarskie\",\"url\":\"https:\\\/\\\/zakupynaryby.pl\\\/\",\"logo\":{\"@type\":\"ImageObject\",\"inLanguage\":\"pl-PL\",\"@id\":\"https:\\\/\\\/zakupynaryby.pl\\\/#\\\/schema\\\/logo\\\/image\\\/\",\"url\":\"https:\\\/\\\/zakupynaryby.pl\\\/wp-content\\\/uploads\\\/2022\\\/05\\\/zakupy.jpg\",\"contentUrl\":\"https:\\\/\\\/zakupynaryby.pl\\\/wp-content\\\/uploads\\\/2022\\\/05\\\/zakupy.jpg\",\"width\":500,\"height\":153,\"caption\":\"Formy w\u0119dkarskie\"},\"image\":{\"@id\":\"https:\\\/\\\/zakupynaryby.pl\\\/#\\\/schema\\\/logo\\\/image\\\/\"}}]}<\/script>\n<!-- \/ Yoast SEO plugin. -->","yoast_head_json":{"title":"P\u0142askownik do czeburaszki  Szeroko\u015b\u0107 3 mm ( 1 sztuka ) - Formy w\u0119dkarskie","robots":{"index":"index","follow":"follow","max-snippet":"max-snippet:-1","max-image-preview":"max-image-preview:large","max-video-preview":"max-video-preview:-1"},"canonical":"https:\/\/zakupynaryby.pl\/index.php\/product\/plaskownik-do-formy-wedkarskiej-gr-06-mm-1-sztuka\/","og_locale":"pl_PL","og_type":"article","og_title":"P\u0142askownik do czeburaszki  Szeroko\u015b\u0107 3 mm ( 1 sztuka ) - Formy w\u0119dkarskie","og_description":"P\u0142askownik do czeburaszek.  d\u0142ugo\u015b\u0107 - 100 mm  szeroko\u015b\u0107 - 3 mm  grubo\u015b\u0107 - 0,6 mm","og_url":"https:\/\/zakupynaryby.pl\/index.php\/product\/plaskownik-do-formy-wedkarskiej-gr-06-mm-1-sztuka\/","og_site_name":"Formy w\u0119dkarskie","article_modified_time":"2026-04-12T01:50:15+00:00","og_image":[{"width":550,"height":550,"url":"https:\/\/zakupynaryby.pl\/wp-content\/uploads\/2022\/11\/plaskownik-waski-e1735292009462.jpg","type":"image\/jpeg"}],"twitter_card":"summary_large_image","twitter_misc":{"Szacowany czas czytania":"1 minuta"},"schema":{"@context":"https:\/\/schema.org","@graph":[{"@type":"WebPage","@id":"https:\/\/zakupynaryby.pl\/index.php\/product\/plaskownik-do-formy-wedkarskiej-gr-06-mm-1-sztuka\/","url":"https:\/\/zakupynaryby.pl\/index.php\/product\/plaskownik-do-formy-wedkarskiej-gr-06-mm-1-sztuka\/","name":"P\u0142askownik do czeburaszki Szeroko\u015b\u0107 3 mm ( 1 sztuka ) - Formy w\u0119dkarskie","isPartOf":{"@id":"https:\/\/zakupynaryby.pl\/#website"},"primaryImageOfPage":{"@id":"https:\/\/zakupynaryby.pl\/index.php\/product\/plaskownik-do-formy-wedkarskiej-gr-06-mm-1-sztuka\/#primaryimage"},"image":{"@id":"https:\/\/zakupynaryby.pl\/index.php\/product\/plaskownik-do-formy-wedkarskiej-gr-06-mm-1-sztuka\/#primaryimage"},"thumbnailUrl":"https:\/\/zakupynaryby.pl\/wp-content\/uploads\/2022\/11\/plaskownik-waski-e1735292009462.jpg","datePublished":"2022-11-24T17:18:59+00:00","dateModified":"2026-04-12T01:50:15+00:00","breadcrumb":{"@id":"https:\/\/zakupynaryby.pl\/index.php\/product\/plaskownik-do-formy-wedkarskiej-gr-06-mm-1-sztuka\/#breadcrumb"},"inLanguage":"pl-PL","potentialAction":[{"@type":"ReadAction","target":["https:\/\/zakupynaryby.pl\/index.php\/product\/plaskownik-do-formy-wedkarskiej-gr-06-mm-1-sztuka\/"]}]},{"@type":"ImageObject","inLanguage":"pl-PL","@id":"https:\/\/zakupynaryby.pl\/index.php\/product\/plaskownik-do-formy-wedkarskiej-gr-06-mm-1-sztuka\/#primaryimage","url":"https:\/\/zakupynaryby.pl\/wp-content\/uploads\/2022\/11\/plaskownik-waski-e1735292009462.jpg","contentUrl":"https:\/\/zakupynaryby.pl\/wp-content\/uploads\/2022\/11\/plaskownik-waski-e1735292009462.jpg","width":550,"height":550,"caption":"p\u0142askownik w\u0105ski"},{"@type":"BreadcrumbList","@id":"https:\/\/zakupynaryby.pl\/index.php\/product\/plaskownik-do-formy-wedkarskiej-gr-06-mm-1-sztuka\/#breadcrumb","itemListElement":[{"@type":"ListItem","position":1,"name":"Strona g\u0142\u00f3wna","item":"https:\/\/zakupynaryby.pl\/"},{"@type":"ListItem","position":2,"name":"Shop","item":"https:\/\/zakupynaryby.pl\/index.php\/shop\/"},{"@type":"ListItem","position":3,"name":"P\u0142askownik do czeburaszki Szeroko\u015b\u0107 3 mm ( 1 sztuka )"}]},{"@type":"WebSite","@id":"https:\/\/zakupynaryby.pl\/#website","url":"https:\/\/zakupynaryby.pl\/","name":"Formy w\u0119dkarskie","description":"Formy do odlewania ci\u0119\u017cark&oacute;w w\u0119dkarskich","publisher":{"@id":"https:\/\/zakupynaryby.pl\/#organization"},"potentialAction":[{"@type":"SearchAction","target":{"@type":"EntryPoint","urlTemplate":"https:\/\/zakupynaryby.pl\/?s={search_term_string}"},"query-input":{"@type":"PropertyValueSpecification","valueRequired":true,"valueName":"search_term_string"}}],"inLanguage":"pl-PL"},{"@type":"Organization","@id":"https:\/\/zakupynaryby.pl\/#organization","name":"Formy w\u0119dkarskie","url":"https:\/\/zakupynaryby.pl\/","logo":{"@type":"ImageObject","inLanguage":"pl-PL","@id":"https:\/\/zakupynaryby.pl\/#\/schema\/logo\/image\/","url":"https:\/\/zakupynaryby.pl\/wp-content\/uploads\/2022\/05\/zakupy.jpg","contentUrl":"https:\/\/zakupynaryby.pl\/wp-content\/uploads\/2022\/05\/zakupy.jpg","width":500,"height":153,"caption":"Formy w\u0119dkarskie"},"image":{"@id":"https:\/\/zakupynaryby.pl\/#\/schema\/logo\/image\/"}}]}},"_links":{"self":[{"href":"https:\/\/zakupynaryby.pl\/index.php\/wp-json\/wp\/v2\/product\/3640","targetHints":{"allow":["GET"]}}],"collection":[{"href":"https:\/\/zakupynaryby.pl\/index.php\/wp-json\/wp\/v2\/product"}],"about":[{"href":"https:\/\/zakupynaryby.pl\/index.php\/wp-json\/wp\/v2\/types\/product"}],"wp:featuredmedia":[{"embeddable":true,"href":"https:\/\/zakupynaryby.pl\/index.php\/wp-json\/wp\/v2\/media\/3655"}],"wp:attachment":[{"href":"https:\/\/zakupynaryby.pl\/index.php\/wp-json\/wp\/v2\/media?parent=3640"}],"wp:term":[{"taxonomy":"product_brand","embeddable":true,"href":"https:\/\/zakupynaryby.pl\/index.php\/wp-json\/wp\/v2\/product_brand?post=3640"},{"taxonomy":"product_cat","embeddable":true,"href":"https:\/\/zakupynaryby.pl\/index.php\/wp-json\/wp\/v2\/product_cat?post=3640"},{"taxonomy":"product_tag","embeddable":true,"href":"https:\/\/zakupynaryby.pl\/index.php\/wp-json\/wp\/v2\/product_tag?post=3640"}],"curies":[{"name":"wp","href":"https:\/\/api.w.org\/{rel}","templated":true}]}}