{"id":3657,"date":"2022-11-25T13:37:15","date_gmt":"2022-11-25T12:37:15","guid":{"rendered":"https:\/\/www.zakupynaryby.pl\/?post_type=product&#038;p=3657"},"modified":"2026-04-08T13:44:20","modified_gmt":"2026-04-08T11:44:20","slug":"forma-wedkarska-229-wirujacy-ogonek-8-10-12-14-gram","status":"publish","type":"product","link":"https:\/\/zakupynaryby.pl\/index.php\/product\/forma-wedkarska-229-wirujacy-ogonek-8-10-12-14-gram\/","title":{"rendered":"Forma wiruj\u0105cy ogonek <br> F-229 ( 8 10 12 14 gr. )"},"content":{"rendered":"<p>Forma wiruj\u0105cy ogonek.<\/p>\n<p>Gramatura: 8 10 12 14 gr.<\/p>\n<p>Do formy nale\u017cy stosowa\u0107 :\u00a0 oczka w rozmiarze mini,\u00a0 k\u00f3\u0142ka \u0142\u0105cznikowe 5,5 mm,\u00a0 kr\u0119tliki &#8211; wytrzyma\u0142o\u015b\u0107 do 13kg,\u00a0 zawieszka &#8211; wiruj\u0105cy ogonek, kotwica w preferowanym rozmiarze.<\/p>\n","protected":false},"excerpt":{"rendered":"<p>Gramatura: 8 10 12 14 gr.<\/p>\n<p>Do formy nale\u017cy stosowa\u0107 :\u00a0 oczka w rozmiarze mini,\u00a0 k\u00f3\u0142ka \u0142\u0105cznikowe 5,5 mm,\u00a0 kr\u0119tliki &#8211; wytrzyma\u0142o\u015b\u0107 do 13kg,\u00a0 zawieszka &#8211; wiruj\u0105cy ogonek,\u00a0 kotwica w preferowanym rozmiarze.<\/p>\n","protected":false},"featured_media":3672,"template":"","meta":[],"product_brand":[],"product_cat":[55,44,78,16],"product_tag":[88,87,89,86,97],"class_list":{"0":"post-3657","1":"product","2":"type-product","3":"status-publish","4":"has-post-thumbnail","6":"product_cat-jigi","7":"product_cat-formy-ciezarkow","8":"product_cat-formy-wedkarskie","9":"product_cat-wszystkie-produkty","10":"product_tag-forma-do-ciezarkow-wedkarskich","11":"product_tag-forma-wedkarska","12":"product_tag-formy-do-odlewania-ciezarkow","13":"product_tag-formy-wedkarskie","14":"product_tag-wirujacy-ogonek","16":"first","17":"outofstock","18":"sold-individually","19":"shipping-taxable","20":"purchasable","21":"product-type-simple"},"yoast_head":"<!-- This site is optimized with the Yoast SEO plugin v27.3 - https:\/\/yoast.com\/product\/yoast-seo-wordpress\/ -->\n<title>Forma wiruj\u0105cy ogonek  F-229 ( 8 10 12 14 gr. ) - Formy w\u0119dkarskie<\/title>\n<meta name=\"robots\" content=\"index, follow, max-snippet:-1, max-image-preview:large, max-video-preview:-1\" \/>\n<link rel=\"canonical\" href=\"https:\/\/zakupynaryby.pl\/index.php\/product\/forma-wedkarska-229-wirujacy-ogonek-8-10-12-14-gram\/\" \/>\n<meta property=\"og:locale\" content=\"pl_PL\" \/>\n<meta property=\"og:type\" content=\"article\" \/>\n<meta property=\"og:title\" content=\"Forma wiruj\u0105cy ogonek  F-229 ( 8 10 12 14 gr. ) - Formy w\u0119dkarskie\" \/>\n<meta property=\"og:description\" content=\"Gramatura: 8 10 12 14 gr.  Do formy nale\u017cy stosowa\u0107 :\u00a0 oczka w rozmiarze mini,\u00a0 k\u00f3\u0142ka \u0142\u0105cznikowe 5,5 mm,\u00a0 kr\u0119tliki - wytrzyma\u0142o\u015b\u0107 do 13kg,\u00a0 zawieszka - wiruj\u0105cy ogonek,\u00a0 kotwica w preferowanym rozmiarze.\" \/>\n<meta property=\"og:url\" content=\"https:\/\/zakupynaryby.pl\/index.php\/product\/forma-wedkarska-229-wirujacy-ogonek-8-10-12-14-gram\/\" \/>\n<meta property=\"og:site_name\" content=\"Formy w\u0119dkarskie\" \/>\n<meta property=\"article:modified_time\" content=\"2026-04-08T11:44:20+00:00\" \/>\n<meta property=\"og:image\" content=\"https:\/\/zakupynaryby.pl\/wp-content\/uploads\/2022\/11\/f229b.jpg-e1735290693977.png\" \/>\n\t<meta property=\"og:image:width\" content=\"600\" \/>\n\t<meta property=\"og:image:height\" content=\"600\" \/>\n\t<meta property=\"og:image:type\" content=\"image\/png\" \/>\n<meta name=\"twitter:card\" content=\"summary_large_image\" \/>\n<meta name=\"twitter:label1\" content=\"Szacowany czas czytania\" \/>\n\t<meta name=\"twitter:data1\" content=\"1 minuta\" \/>\n<script type=\"application\/ld+json\" class=\"yoast-schema-graph\">{\"@context\":\"https:\\\/\\\/schema.org\",\"@graph\":[{\"@type\":\"WebPage\",\"@id\":\"https:\\\/\\\/zakupynaryby.pl\\\/index.php\\\/product\\\/forma-wedkarska-229-wirujacy-ogonek-8-10-12-14-gram\\\/\",\"url\":\"https:\\\/\\\/zakupynaryby.pl\\\/index.php\\\/product\\\/forma-wedkarska-229-wirujacy-ogonek-8-10-12-14-gram\\\/\",\"name\":\"Forma wiruj\u0105cy ogonek F-229 ( 8 10 12 14 gr. ) - Formy w\u0119dkarskie\",\"isPartOf\":{\"@id\":\"https:\\\/\\\/zakupynaryby.pl\\\/#website\"},\"primaryImageOfPage\":{\"@id\":\"https:\\\/\\\/zakupynaryby.pl\\\/index.php\\\/product\\\/forma-wedkarska-229-wirujacy-ogonek-8-10-12-14-gram\\\/#primaryimage\"},\"image\":{\"@id\":\"https:\\\/\\\/zakupynaryby.pl\\\/index.php\\\/product\\\/forma-wedkarska-229-wirujacy-ogonek-8-10-12-14-gram\\\/#primaryimage\"},\"thumbnailUrl\":\"https:\\\/\\\/zakupynaryby.pl\\\/wp-content\\\/uploads\\\/2022\\\/11\\\/f229b.jpg-e1735290693977.png\",\"datePublished\":\"2022-11-25T12:37:15+00:00\",\"dateModified\":\"2026-04-08T11:44:20+00:00\",\"breadcrumb\":{\"@id\":\"https:\\\/\\\/zakupynaryby.pl\\\/index.php\\\/product\\\/forma-wedkarska-229-wirujacy-ogonek-8-10-12-14-gram\\\/#breadcrumb\"},\"inLanguage\":\"pl-PL\",\"potentialAction\":[{\"@type\":\"ReadAction\",\"target\":[\"https:\\\/\\\/zakupynaryby.pl\\\/index.php\\\/product\\\/forma-wedkarska-229-wirujacy-ogonek-8-10-12-14-gram\\\/\"]}]},{\"@type\":\"ImageObject\",\"inLanguage\":\"pl-PL\",\"@id\":\"https:\\\/\\\/zakupynaryby.pl\\\/index.php\\\/product\\\/forma-wedkarska-229-wirujacy-ogonek-8-10-12-14-gram\\\/#primaryimage\",\"url\":\"https:\\\/\\\/zakupynaryby.pl\\\/wp-content\\\/uploads\\\/2022\\\/11\\\/f229b.jpg-e1735290693977.png\",\"contentUrl\":\"https:\\\/\\\/zakupynaryby.pl\\\/wp-content\\\/uploads\\\/2022\\\/11\\\/f229b.jpg-e1735290693977.png\",\"width\":600,\"height\":600,\"caption\":\"forma wiruj\u0105cy ogonek\"},{\"@type\":\"BreadcrumbList\",\"@id\":\"https:\\\/\\\/zakupynaryby.pl\\\/index.php\\\/product\\\/forma-wedkarska-229-wirujacy-ogonek-8-10-12-14-gram\\\/#breadcrumb\",\"itemListElement\":[{\"@type\":\"ListItem\",\"position\":1,\"name\":\"Strona g\u0142\u00f3wna\",\"item\":\"https:\\\/\\\/zakupynaryby.pl\\\/\"},{\"@type\":\"ListItem\",\"position\":2,\"name\":\"Shop\",\"item\":\"https:\\\/\\\/zakupynaryby.pl\\\/index.php\\\/shop\\\/\"},{\"@type\":\"ListItem\",\"position\":3,\"name\":\"Forma wiruj\u0105cy ogonek F-229 ( 8 10 12 14 gr. )\"}]},{\"@type\":\"WebSite\",\"@id\":\"https:\\\/\\\/zakupynaryby.pl\\\/#website\",\"url\":\"https:\\\/\\\/zakupynaryby.pl\\\/\",\"name\":\"Formy w\u0119dkarskie\",\"description\":\"Formy do odlewania ci\u0119\u017cark&oacute;w w\u0119dkarskich\",\"publisher\":{\"@id\":\"https:\\\/\\\/zakupynaryby.pl\\\/#organization\"},\"potentialAction\":[{\"@type\":\"SearchAction\",\"target\":{\"@type\":\"EntryPoint\",\"urlTemplate\":\"https:\\\/\\\/zakupynaryby.pl\\\/?s={search_term_string}\"},\"query-input\":{\"@type\":\"PropertyValueSpecification\",\"valueRequired\":true,\"valueName\":\"search_term_string\"}}],\"inLanguage\":\"pl-PL\"},{\"@type\":\"Organization\",\"@id\":\"https:\\\/\\\/zakupynaryby.pl\\\/#organization\",\"name\":\"Formy w\u0119dkarskie\",\"url\":\"https:\\\/\\\/zakupynaryby.pl\\\/\",\"logo\":{\"@type\":\"ImageObject\",\"inLanguage\":\"pl-PL\",\"@id\":\"https:\\\/\\\/zakupynaryby.pl\\\/#\\\/schema\\\/logo\\\/image\\\/\",\"url\":\"https:\\\/\\\/zakupynaryby.pl\\\/wp-content\\\/uploads\\\/2022\\\/05\\\/zakupy.jpg\",\"contentUrl\":\"https:\\\/\\\/zakupynaryby.pl\\\/wp-content\\\/uploads\\\/2022\\\/05\\\/zakupy.jpg\",\"width\":500,\"height\":153,\"caption\":\"Formy w\u0119dkarskie\"},\"image\":{\"@id\":\"https:\\\/\\\/zakupynaryby.pl\\\/#\\\/schema\\\/logo\\\/image\\\/\"}}]}<\/script>\n<!-- \/ Yoast SEO plugin. -->","yoast_head_json":{"title":"Forma wiruj\u0105cy ogonek  F-229 ( 8 10 12 14 gr. ) - Formy w\u0119dkarskie","robots":{"index":"index","follow":"follow","max-snippet":"max-snippet:-1","max-image-preview":"max-image-preview:large","max-video-preview":"max-video-preview:-1"},"canonical":"https:\/\/zakupynaryby.pl\/index.php\/product\/forma-wedkarska-229-wirujacy-ogonek-8-10-12-14-gram\/","og_locale":"pl_PL","og_type":"article","og_title":"Forma wiruj\u0105cy ogonek  F-229 ( 8 10 12 14 gr. ) - Formy w\u0119dkarskie","og_description":"Gramatura: 8 10 12 14 gr.  Do formy nale\u017cy stosowa\u0107 :\u00a0 oczka w rozmiarze mini,\u00a0 k\u00f3\u0142ka \u0142\u0105cznikowe 5,5 mm,\u00a0 kr\u0119tliki - wytrzyma\u0142o\u015b\u0107 do 13kg,\u00a0 zawieszka - wiruj\u0105cy ogonek,\u00a0 kotwica w preferowanym rozmiarze.","og_url":"https:\/\/zakupynaryby.pl\/index.php\/product\/forma-wedkarska-229-wirujacy-ogonek-8-10-12-14-gram\/","og_site_name":"Formy w\u0119dkarskie","article_modified_time":"2026-04-08T11:44:20+00:00","og_image":[{"width":600,"height":600,"url":"https:\/\/zakupynaryby.pl\/wp-content\/uploads\/2022\/11\/f229b.jpg-e1735290693977.png","type":"image\/png"}],"twitter_card":"summary_large_image","twitter_misc":{"Szacowany czas czytania":"1 minuta"},"schema":{"@context":"https:\/\/schema.org","@graph":[{"@type":"WebPage","@id":"https:\/\/zakupynaryby.pl\/index.php\/product\/forma-wedkarska-229-wirujacy-ogonek-8-10-12-14-gram\/","url":"https:\/\/zakupynaryby.pl\/index.php\/product\/forma-wedkarska-229-wirujacy-ogonek-8-10-12-14-gram\/","name":"Forma wiruj\u0105cy ogonek F-229 ( 8 10 12 14 gr. ) - Formy w\u0119dkarskie","isPartOf":{"@id":"https:\/\/zakupynaryby.pl\/#website"},"primaryImageOfPage":{"@id":"https:\/\/zakupynaryby.pl\/index.php\/product\/forma-wedkarska-229-wirujacy-ogonek-8-10-12-14-gram\/#primaryimage"},"image":{"@id":"https:\/\/zakupynaryby.pl\/index.php\/product\/forma-wedkarska-229-wirujacy-ogonek-8-10-12-14-gram\/#primaryimage"},"thumbnailUrl":"https:\/\/zakupynaryby.pl\/wp-content\/uploads\/2022\/11\/f229b.jpg-e1735290693977.png","datePublished":"2022-11-25T12:37:15+00:00","dateModified":"2026-04-08T11:44:20+00:00","breadcrumb":{"@id":"https:\/\/zakupynaryby.pl\/index.php\/product\/forma-wedkarska-229-wirujacy-ogonek-8-10-12-14-gram\/#breadcrumb"},"inLanguage":"pl-PL","potentialAction":[{"@type":"ReadAction","target":["https:\/\/zakupynaryby.pl\/index.php\/product\/forma-wedkarska-229-wirujacy-ogonek-8-10-12-14-gram\/"]}]},{"@type":"ImageObject","inLanguage":"pl-PL","@id":"https:\/\/zakupynaryby.pl\/index.php\/product\/forma-wedkarska-229-wirujacy-ogonek-8-10-12-14-gram\/#primaryimage","url":"https:\/\/zakupynaryby.pl\/wp-content\/uploads\/2022\/11\/f229b.jpg-e1735290693977.png","contentUrl":"https:\/\/zakupynaryby.pl\/wp-content\/uploads\/2022\/11\/f229b.jpg-e1735290693977.png","width":600,"height":600,"caption":"forma wiruj\u0105cy ogonek"},{"@type":"BreadcrumbList","@id":"https:\/\/zakupynaryby.pl\/index.php\/product\/forma-wedkarska-229-wirujacy-ogonek-8-10-12-14-gram\/#breadcrumb","itemListElement":[{"@type":"ListItem","position":1,"name":"Strona g\u0142\u00f3wna","item":"https:\/\/zakupynaryby.pl\/"},{"@type":"ListItem","position":2,"name":"Shop","item":"https:\/\/zakupynaryby.pl\/index.php\/shop\/"},{"@type":"ListItem","position":3,"name":"Forma wiruj\u0105cy ogonek F-229 ( 8 10 12 14 gr. )"}]},{"@type":"WebSite","@id":"https:\/\/zakupynaryby.pl\/#website","url":"https:\/\/zakupynaryby.pl\/","name":"Formy w\u0119dkarskie","description":"Formy do odlewania ci\u0119\u017cark&oacute;w w\u0119dkarskich","publisher":{"@id":"https:\/\/zakupynaryby.pl\/#organization"},"potentialAction":[{"@type":"SearchAction","target":{"@type":"EntryPoint","urlTemplate":"https:\/\/zakupynaryby.pl\/?s={search_term_string}"},"query-input":{"@type":"PropertyValueSpecification","valueRequired":true,"valueName":"search_term_string"}}],"inLanguage":"pl-PL"},{"@type":"Organization","@id":"https:\/\/zakupynaryby.pl\/#organization","name":"Formy w\u0119dkarskie","url":"https:\/\/zakupynaryby.pl\/","logo":{"@type":"ImageObject","inLanguage":"pl-PL","@id":"https:\/\/zakupynaryby.pl\/#\/schema\/logo\/image\/","url":"https:\/\/zakupynaryby.pl\/wp-content\/uploads\/2022\/05\/zakupy.jpg","contentUrl":"https:\/\/zakupynaryby.pl\/wp-content\/uploads\/2022\/05\/zakupy.jpg","width":500,"height":153,"caption":"Formy w\u0119dkarskie"},"image":{"@id":"https:\/\/zakupynaryby.pl\/#\/schema\/logo\/image\/"}}]}},"_links":{"self":[{"href":"https:\/\/zakupynaryby.pl\/index.php\/wp-json\/wp\/v2\/product\/3657","targetHints":{"allow":["GET"]}}],"collection":[{"href":"https:\/\/zakupynaryby.pl\/index.php\/wp-json\/wp\/v2\/product"}],"about":[{"href":"https:\/\/zakupynaryby.pl\/index.php\/wp-json\/wp\/v2\/types\/product"}],"wp:featuredmedia":[{"embeddable":true,"href":"https:\/\/zakupynaryby.pl\/index.php\/wp-json\/wp\/v2\/media\/3672"}],"wp:attachment":[{"href":"https:\/\/zakupynaryby.pl\/index.php\/wp-json\/wp\/v2\/media?parent=3657"}],"wp:term":[{"taxonomy":"product_brand","embeddable":true,"href":"https:\/\/zakupynaryby.pl\/index.php\/wp-json\/wp\/v2\/product_brand?post=3657"},{"taxonomy":"product_cat","embeddable":true,"href":"https:\/\/zakupynaryby.pl\/index.php\/wp-json\/wp\/v2\/product_cat?post=3657"},{"taxonomy":"product_tag","embeddable":true,"href":"https:\/\/zakupynaryby.pl\/index.php\/wp-json\/wp\/v2\/product_tag?post=3657"}],"curies":[{"name":"wp","href":"https:\/\/api.w.org\/{rel}","templated":true}]}}