{"id":3711,"date":"2022-12-08T08:40:40","date_gmt":"2022-12-08T07:40:40","guid":{"rendered":"https:\/\/www.zakupynaryby.pl\/?post_type=product&#038;p=3711"},"modified":"2026-02-12T22:09:54","modified_gmt":"2026-02-12T21:09:54","slug":"farba-proszkowa-do-jig-fluo-uv-neon-uv-fluorescencyjna-magenta-50-gram","status":"publish","type":"product","link":"https:\/\/zakupynaryby.pl\/index.php\/product\/farba-proszkowa-do-jig-fluo-uv-neon-uv-fluorescencyjna-magenta-50-gram\/","title":{"rendered":"Farba proszkowa FLUO UV \/ NEON UV <br> Fluorescencyjna magenta 50 gr."},"content":{"rendered":"<p>Farba fluorescencyjna tworzy dobrze widoczn\u0105 pow\u0142ok\u0119 o wyrazistych kolorach. Kolory s\u0105 doskonale widoczne w dzie\u0144, o zmierzchu, a tak\u017ce w nocy.<br \/>\nPod wp\u0142ywem promienia \u015bwietlnego uwidaczniaj\u0105 sw\u00f3j intensywny kolor. O zmierzchu i \u015bwicie ju\u017c ma\u0142a ilo\u015b\u0107 \u015bwiat\u0142a sprawia, \u017ce kolor jest wyra\u017anie widoczny.<\/p>\n<p>Farby fluorescencyjne reaguj\u0105 na promieniowanie UV, dzi\u0119ki czemu w \u015bwietle ultrafioletowym wida\u0107 ich faktyczny kolor. Odbijaj\u0105 niewidoczne fale \u015bwietlne i sprawiaj\u0105, \u017ce w przypadku niewidocznych dla ludzkiego oka promieni UV mamy do czynienia z efektem neon.<br \/>\nDla uzyskania efektu NEON farb\u0119 nak\u0142adamy na bia\u0142y podk\u0142ad.<\/p>\n<p>Z farby tej, mo\u017cna uzyska\u0107 dwa odcienie, w zale\u017cno\u015bci od zastosowania podk\u0142adu z bia\u0142ej farby proszkowej lub nie zastosowania podk\u0142adu.<\/p>\n<p><em>Spos\u00f3b wykonania:<\/em><\/p>\n<p><em>G\u0142\u00f3wki nale\u017cy podgrza\u0107 do 180 stopni C ( np. w piekarniku ), a nast\u0119pnie zanurzy\u0107 na sekund\u0119 \u2013\u00a0 dwie w farbie.<\/em><br \/>\n<em>Nast\u0119pnym etapem jest wygrzanie ich w 180 stopniach C przez 20 minut i gotowe.<\/em><\/p>\n","protected":false},"excerpt":{"rendered":"<p>Farba fluorescencyjna tworzy dobrze widoczn\u0105 pow\u0142ok\u0119 o wyrazistych kolorach. Kolory s\u0105 doskonale widoczne w dzie\u0144, o zmierzchu, a tak\u017ce w nocy.<br \/>\nPod wp\u0142ywem promienia \u015bwietlnego uwidaczniaj\u0105 sw\u00f3j intensywny kolor. O zmierzchu i \u015bwicie ju\u017c ma\u0142a ilo\u015b\u0107 \u015bwiat\u0142a sprawia, \u017ce kolor jest wyra\u017anie widoczny.<\/p>\n<p>Farby fluorescencyjne reaguj\u0105 na promieniowanie UV, dzi\u0119ki czemu w \u015bwietle ultrafioletowym wida\u0107 ich faktyczny kolor. Odbijaj\u0105 niewidoczne fale \u015bwietlne i sprawiaj\u0105, \u017ce w przypadku niewidocznych dla ludzkiego oka promieni UV mamy do czynienia z efektem neon.<br \/>\nDla uzyskania efektu NEON farb\u0119 nak\u0142adamy na bia\u0142y podk\u0142ad.<\/p>\n<p>Z farby tej, mo\u017cna uzyska\u0107 dwa odcienie, w zale\u017cno\u015bci od zastosowania podk\u0142adu z bia\u0142ej farby proszkowej lub nie zastosowania podk\u0142adu.<\/p>\n","protected":false},"featured_media":3782,"template":"","meta":[],"product_brand":[],"product_cat":[40,84,38,16],"product_tag":[],"class_list":{"0":"post-3711","1":"product","2":"type-product","3":"status-publish","4":"has-post-thumbnail","6":"product_cat-farby-do-jigow","7":"product_cat-farby-neon-fluo","8":"product_cat-farby-proszkowe","9":"product_cat-wszystkie-produkty","11":"first","12":"outofstock","13":"shipping-taxable","14":"purchasable","15":"product-type-simple"},"yoast_head":"<!-- This site is optimized with the Yoast SEO plugin v27.3 - https:\/\/yoast.com\/product\/yoast-seo-wordpress\/ -->\n<title>Farba proszkowa FLUO UV \/ NEON UV  Fluorescencyjna magenta 50 gr. - Formy w\u0119dkarskie<\/title>\n<meta name=\"robots\" content=\"index, follow, max-snippet:-1, max-image-preview:large, max-video-preview:-1\" \/>\n<link rel=\"canonical\" href=\"https:\/\/zakupynaryby.pl\/index.php\/product\/farba-proszkowa-do-jig-fluo-uv-neon-uv-fluorescencyjna-magenta-50-gram\/\" \/>\n<meta property=\"og:locale\" content=\"pl_PL\" \/>\n<meta property=\"og:type\" content=\"article\" \/>\n<meta property=\"og:title\" content=\"Farba proszkowa FLUO UV \/ NEON UV  Fluorescencyjna magenta 50 gr. - Formy w\u0119dkarskie\" \/>\n<meta property=\"og:description\" content=\"Farba fluorescencyjna tworzy dobrze widoczn\u0105 pow\u0142ok\u0119 o wyrazistych kolorach. Kolory s\u0105 doskonale widoczne w dzie\u0144, o zmierzchu, a tak\u017ce w nocy. Pod wp\u0142ywem promienia \u015bwietlnego uwidaczniaj\u0105 sw\u00f3j intensywny kolor. O zmierzchu i \u015bwicie ju\u017c ma\u0142a ilo\u015b\u0107 \u015bwiat\u0142a sprawia, \u017ce kolor jest wyra\u017anie widoczny.  Farby fluorescencyjne reaguj\u0105 na promieniowanie UV, dzi\u0119ki czemu w \u015bwietle ultrafioletowym wida\u0107 ich faktyczny kolor. Odbijaj\u0105 niewidoczne fale \u015bwietlne i sprawiaj\u0105, \u017ce w przypadku niewidocznych dla ludzkiego oka promieni UV mamy do czynienia z efektem neon. Dla uzyskania efektu NEON farb\u0119 nak\u0142adamy na bia\u0142y podk\u0142ad.  Z farby tej, mo\u017cna uzyska\u0107 dwa odcienie, w zale\u017cno\u015bci od zastosowania podk\u0142adu z bia\u0142ej farby proszkowej lub nie zastosowania podk\u0142adu.\" \/>\n<meta property=\"og:url\" content=\"https:\/\/zakupynaryby.pl\/index.php\/product\/farba-proszkowa-do-jig-fluo-uv-neon-uv-fluorescencyjna-magenta-50-gram\/\" \/>\n<meta property=\"og:site_name\" content=\"Formy w\u0119dkarskie\" \/>\n<meta property=\"article:modified_time\" content=\"2026-02-12T21:09:54+00:00\" \/>\n<meta property=\"og:image\" content=\"https:\/\/zakupynaryby.pl\/wp-content\/uploads\/2022\/12\/UV-magenta-e1735290372200.jpg\" \/>\n\t<meta property=\"og:image:width\" content=\"600\" \/>\n\t<meta property=\"og:image:height\" content=\"602\" \/>\n\t<meta property=\"og:image:type\" content=\"image\/jpeg\" \/>\n<meta name=\"twitter:card\" content=\"summary_large_image\" \/>\n<meta name=\"twitter:label1\" content=\"Szacowany czas czytania\" \/>\n\t<meta name=\"twitter:data1\" content=\"2 minuty\" \/>\n<script type=\"application\/ld+json\" class=\"yoast-schema-graph\">{\"@context\":\"https:\\\/\\\/schema.org\",\"@graph\":[{\"@type\":\"WebPage\",\"@id\":\"https:\\\/\\\/zakupynaryby.pl\\\/index.php\\\/product\\\/farba-proszkowa-do-jig-fluo-uv-neon-uv-fluorescencyjna-magenta-50-gram\\\/\",\"url\":\"https:\\\/\\\/zakupynaryby.pl\\\/index.php\\\/product\\\/farba-proszkowa-do-jig-fluo-uv-neon-uv-fluorescencyjna-magenta-50-gram\\\/\",\"name\":\"Farba proszkowa FLUO UV \\\/ NEON UV Fluorescencyjna magenta 50 gr. - Formy w\u0119dkarskie\",\"isPartOf\":{\"@id\":\"https:\\\/\\\/zakupynaryby.pl\\\/#website\"},\"primaryImageOfPage\":{\"@id\":\"https:\\\/\\\/zakupynaryby.pl\\\/index.php\\\/product\\\/farba-proszkowa-do-jig-fluo-uv-neon-uv-fluorescencyjna-magenta-50-gram\\\/#primaryimage\"},\"image\":{\"@id\":\"https:\\\/\\\/zakupynaryby.pl\\\/index.php\\\/product\\\/farba-proszkowa-do-jig-fluo-uv-neon-uv-fluorescencyjna-magenta-50-gram\\\/#primaryimage\"},\"thumbnailUrl\":\"https:\\\/\\\/zakupynaryby.pl\\\/wp-content\\\/uploads\\\/2022\\\/12\\\/UV-magenta-e1735290372200.jpg\",\"datePublished\":\"2022-12-08T07:40:40+00:00\",\"dateModified\":\"2026-02-12T21:09:54+00:00\",\"breadcrumb\":{\"@id\":\"https:\\\/\\\/zakupynaryby.pl\\\/index.php\\\/product\\\/farba-proszkowa-do-jig-fluo-uv-neon-uv-fluorescencyjna-magenta-50-gram\\\/#breadcrumb\"},\"inLanguage\":\"pl-PL\",\"potentialAction\":[{\"@type\":\"ReadAction\",\"target\":[\"https:\\\/\\\/zakupynaryby.pl\\\/index.php\\\/product\\\/farba-proszkowa-do-jig-fluo-uv-neon-uv-fluorescencyjna-magenta-50-gram\\\/\"]}]},{\"@type\":\"ImageObject\",\"inLanguage\":\"pl-PL\",\"@id\":\"https:\\\/\\\/zakupynaryby.pl\\\/index.php\\\/product\\\/farba-proszkowa-do-jig-fluo-uv-neon-uv-fluorescencyjna-magenta-50-gram\\\/#primaryimage\",\"url\":\"https:\\\/\\\/zakupynaryby.pl\\\/wp-content\\\/uploads\\\/2022\\\/12\\\/UV-magenta-e1735290372200.jpg\",\"contentUrl\":\"https:\\\/\\\/zakupynaryby.pl\\\/wp-content\\\/uploads\\\/2022\\\/12\\\/UV-magenta-e1735290372200.jpg\",\"width\":600,\"height\":602,\"caption\":\"UV magenta\"},{\"@type\":\"BreadcrumbList\",\"@id\":\"https:\\\/\\\/zakupynaryby.pl\\\/index.php\\\/product\\\/farba-proszkowa-do-jig-fluo-uv-neon-uv-fluorescencyjna-magenta-50-gram\\\/#breadcrumb\",\"itemListElement\":[{\"@type\":\"ListItem\",\"position\":1,\"name\":\"Strona g\u0142\u00f3wna\",\"item\":\"https:\\\/\\\/zakupynaryby.pl\\\/\"},{\"@type\":\"ListItem\",\"position\":2,\"name\":\"Shop\",\"item\":\"https:\\\/\\\/zakupynaryby.pl\\\/index.php\\\/shop\\\/\"},{\"@type\":\"ListItem\",\"position\":3,\"name\":\"Farba proszkowa FLUO UV \\\/ NEON UV Fluorescencyjna magenta 50 gr.\"}]},{\"@type\":\"WebSite\",\"@id\":\"https:\\\/\\\/zakupynaryby.pl\\\/#website\",\"url\":\"https:\\\/\\\/zakupynaryby.pl\\\/\",\"name\":\"Formy w\u0119dkarskie\",\"description\":\"Formy do odlewania ci\u0119\u017cark&oacute;w w\u0119dkarskich\",\"publisher\":{\"@id\":\"https:\\\/\\\/zakupynaryby.pl\\\/#organization\"},\"potentialAction\":[{\"@type\":\"SearchAction\",\"target\":{\"@type\":\"EntryPoint\",\"urlTemplate\":\"https:\\\/\\\/zakupynaryby.pl\\\/?s={search_term_string}\"},\"query-input\":{\"@type\":\"PropertyValueSpecification\",\"valueRequired\":true,\"valueName\":\"search_term_string\"}}],\"inLanguage\":\"pl-PL\"},{\"@type\":\"Organization\",\"@id\":\"https:\\\/\\\/zakupynaryby.pl\\\/#organization\",\"name\":\"Formy w\u0119dkarskie\",\"url\":\"https:\\\/\\\/zakupynaryby.pl\\\/\",\"logo\":{\"@type\":\"ImageObject\",\"inLanguage\":\"pl-PL\",\"@id\":\"https:\\\/\\\/zakupynaryby.pl\\\/#\\\/schema\\\/logo\\\/image\\\/\",\"url\":\"https:\\\/\\\/zakupynaryby.pl\\\/wp-content\\\/uploads\\\/2022\\\/05\\\/zakupy.jpg\",\"contentUrl\":\"https:\\\/\\\/zakupynaryby.pl\\\/wp-content\\\/uploads\\\/2022\\\/05\\\/zakupy.jpg\",\"width\":500,\"height\":153,\"caption\":\"Formy w\u0119dkarskie\"},\"image\":{\"@id\":\"https:\\\/\\\/zakupynaryby.pl\\\/#\\\/schema\\\/logo\\\/image\\\/\"}}]}<\/script>\n<!-- \/ Yoast SEO plugin. -->","yoast_head_json":{"title":"Farba proszkowa FLUO UV \/ NEON UV  Fluorescencyjna magenta 50 gr. - Formy w\u0119dkarskie","robots":{"index":"index","follow":"follow","max-snippet":"max-snippet:-1","max-image-preview":"max-image-preview:large","max-video-preview":"max-video-preview:-1"},"canonical":"https:\/\/zakupynaryby.pl\/index.php\/product\/farba-proszkowa-do-jig-fluo-uv-neon-uv-fluorescencyjna-magenta-50-gram\/","og_locale":"pl_PL","og_type":"article","og_title":"Farba proszkowa FLUO UV \/ NEON UV  Fluorescencyjna magenta 50 gr. - Formy w\u0119dkarskie","og_description":"Farba fluorescencyjna tworzy dobrze widoczn\u0105 pow\u0142ok\u0119 o wyrazistych kolorach. Kolory s\u0105 doskonale widoczne w dzie\u0144, o zmierzchu, a tak\u017ce w nocy. Pod wp\u0142ywem promienia \u015bwietlnego uwidaczniaj\u0105 sw\u00f3j intensywny kolor. O zmierzchu i \u015bwicie ju\u017c ma\u0142a ilo\u015b\u0107 \u015bwiat\u0142a sprawia, \u017ce kolor jest wyra\u017anie widoczny.  Farby fluorescencyjne reaguj\u0105 na promieniowanie UV, dzi\u0119ki czemu w \u015bwietle ultrafioletowym wida\u0107 ich faktyczny kolor. Odbijaj\u0105 niewidoczne fale \u015bwietlne i sprawiaj\u0105, \u017ce w przypadku niewidocznych dla ludzkiego oka promieni UV mamy do czynienia z efektem neon. Dla uzyskania efektu NEON farb\u0119 nak\u0142adamy na bia\u0142y podk\u0142ad.  Z farby tej, mo\u017cna uzyska\u0107 dwa odcienie, w zale\u017cno\u015bci od zastosowania podk\u0142adu z bia\u0142ej farby proszkowej lub nie zastosowania podk\u0142adu.","og_url":"https:\/\/zakupynaryby.pl\/index.php\/product\/farba-proszkowa-do-jig-fluo-uv-neon-uv-fluorescencyjna-magenta-50-gram\/","og_site_name":"Formy w\u0119dkarskie","article_modified_time":"2026-02-12T21:09:54+00:00","og_image":[{"width":600,"height":602,"url":"https:\/\/zakupynaryby.pl\/wp-content\/uploads\/2022\/12\/UV-magenta-e1735290372200.jpg","type":"image\/jpeg"}],"twitter_card":"summary_large_image","twitter_misc":{"Szacowany czas czytania":"2 minuty"},"schema":{"@context":"https:\/\/schema.org","@graph":[{"@type":"WebPage","@id":"https:\/\/zakupynaryby.pl\/index.php\/product\/farba-proszkowa-do-jig-fluo-uv-neon-uv-fluorescencyjna-magenta-50-gram\/","url":"https:\/\/zakupynaryby.pl\/index.php\/product\/farba-proszkowa-do-jig-fluo-uv-neon-uv-fluorescencyjna-magenta-50-gram\/","name":"Farba proszkowa FLUO UV \/ NEON UV Fluorescencyjna magenta 50 gr. - Formy w\u0119dkarskie","isPartOf":{"@id":"https:\/\/zakupynaryby.pl\/#website"},"primaryImageOfPage":{"@id":"https:\/\/zakupynaryby.pl\/index.php\/product\/farba-proszkowa-do-jig-fluo-uv-neon-uv-fluorescencyjna-magenta-50-gram\/#primaryimage"},"image":{"@id":"https:\/\/zakupynaryby.pl\/index.php\/product\/farba-proszkowa-do-jig-fluo-uv-neon-uv-fluorescencyjna-magenta-50-gram\/#primaryimage"},"thumbnailUrl":"https:\/\/zakupynaryby.pl\/wp-content\/uploads\/2022\/12\/UV-magenta-e1735290372200.jpg","datePublished":"2022-12-08T07:40:40+00:00","dateModified":"2026-02-12T21:09:54+00:00","breadcrumb":{"@id":"https:\/\/zakupynaryby.pl\/index.php\/product\/farba-proszkowa-do-jig-fluo-uv-neon-uv-fluorescencyjna-magenta-50-gram\/#breadcrumb"},"inLanguage":"pl-PL","potentialAction":[{"@type":"ReadAction","target":["https:\/\/zakupynaryby.pl\/index.php\/product\/farba-proszkowa-do-jig-fluo-uv-neon-uv-fluorescencyjna-magenta-50-gram\/"]}]},{"@type":"ImageObject","inLanguage":"pl-PL","@id":"https:\/\/zakupynaryby.pl\/index.php\/product\/farba-proszkowa-do-jig-fluo-uv-neon-uv-fluorescencyjna-magenta-50-gram\/#primaryimage","url":"https:\/\/zakupynaryby.pl\/wp-content\/uploads\/2022\/12\/UV-magenta-e1735290372200.jpg","contentUrl":"https:\/\/zakupynaryby.pl\/wp-content\/uploads\/2022\/12\/UV-magenta-e1735290372200.jpg","width":600,"height":602,"caption":"UV magenta"},{"@type":"BreadcrumbList","@id":"https:\/\/zakupynaryby.pl\/index.php\/product\/farba-proszkowa-do-jig-fluo-uv-neon-uv-fluorescencyjna-magenta-50-gram\/#breadcrumb","itemListElement":[{"@type":"ListItem","position":1,"name":"Strona g\u0142\u00f3wna","item":"https:\/\/zakupynaryby.pl\/"},{"@type":"ListItem","position":2,"name":"Shop","item":"https:\/\/zakupynaryby.pl\/index.php\/shop\/"},{"@type":"ListItem","position":3,"name":"Farba proszkowa FLUO UV \/ NEON UV Fluorescencyjna magenta 50 gr."}]},{"@type":"WebSite","@id":"https:\/\/zakupynaryby.pl\/#website","url":"https:\/\/zakupynaryby.pl\/","name":"Formy w\u0119dkarskie","description":"Formy do odlewania ci\u0119\u017cark&oacute;w w\u0119dkarskich","publisher":{"@id":"https:\/\/zakupynaryby.pl\/#organization"},"potentialAction":[{"@type":"SearchAction","target":{"@type":"EntryPoint","urlTemplate":"https:\/\/zakupynaryby.pl\/?s={search_term_string}"},"query-input":{"@type":"PropertyValueSpecification","valueRequired":true,"valueName":"search_term_string"}}],"inLanguage":"pl-PL"},{"@type":"Organization","@id":"https:\/\/zakupynaryby.pl\/#organization","name":"Formy w\u0119dkarskie","url":"https:\/\/zakupynaryby.pl\/","logo":{"@type":"ImageObject","inLanguage":"pl-PL","@id":"https:\/\/zakupynaryby.pl\/#\/schema\/logo\/image\/","url":"https:\/\/zakupynaryby.pl\/wp-content\/uploads\/2022\/05\/zakupy.jpg","contentUrl":"https:\/\/zakupynaryby.pl\/wp-content\/uploads\/2022\/05\/zakupy.jpg","width":500,"height":153,"caption":"Formy w\u0119dkarskie"},"image":{"@id":"https:\/\/zakupynaryby.pl\/#\/schema\/logo\/image\/"}}]}},"_links":{"self":[{"href":"https:\/\/zakupynaryby.pl\/index.php\/wp-json\/wp\/v2\/product\/3711","targetHints":{"allow":["GET"]}}],"collection":[{"href":"https:\/\/zakupynaryby.pl\/index.php\/wp-json\/wp\/v2\/product"}],"about":[{"href":"https:\/\/zakupynaryby.pl\/index.php\/wp-json\/wp\/v2\/types\/product"}],"wp:featuredmedia":[{"embeddable":true,"href":"https:\/\/zakupynaryby.pl\/index.php\/wp-json\/wp\/v2\/media\/3782"}],"wp:attachment":[{"href":"https:\/\/zakupynaryby.pl\/index.php\/wp-json\/wp\/v2\/media?parent=3711"}],"wp:term":[{"taxonomy":"product_brand","embeddable":true,"href":"https:\/\/zakupynaryby.pl\/index.php\/wp-json\/wp\/v2\/product_brand?post=3711"},{"taxonomy":"product_cat","embeddable":true,"href":"https:\/\/zakupynaryby.pl\/index.php\/wp-json\/wp\/v2\/product_cat?post=3711"},{"taxonomy":"product_tag","embeddable":true,"href":"https:\/\/zakupynaryby.pl\/index.php\/wp-json\/wp\/v2\/product_tag?post=3711"}],"curies":[{"name":"wp","href":"https:\/\/api.w.org\/{rel}","templated":true}]}}