{"id":3757,"date":"2022-12-11T12:40:38","date_gmt":"2022-12-11T11:40:38","guid":{"rendered":"https:\/\/www.zakupynaryby.pl\/?post_type=product&#038;p=3757"},"modified":"2025-12-16T08:29:16","modified_gmt":"2025-12-16T07:29:16","slug":"forma-wedkarska-196-45-5-7-9-gram","status":"publish","type":"product","link":"https:\/\/zakupynaryby.pl\/index.php\/product\/forma-wedkarska-196-45-5-7-9-gram\/","title":{"rendered":"Forma w\u0119dkarska 196 <br> ( 4,5 * 5 * 7 * 9 gram )"},"content":{"rendered":"<p>Forma w\u0119dkarska do doci\u0105\u017cenia hak\u00f3w offsetowych.<\/p>\n<p>stosuj\u0105c o\u0142\u00f3w &#8211; 4,5 \/ 5 \/ 7 \/ 9 gram<\/p>\n<p>stosuj\u0105c cyn\u0119 &#8211; 3 \/ 3,5 \/ 4,5 \/ 5,8 gram<\/p>\n<p>Pasuj\u0105ce Haki\u00a0 &#8211;<\/p>\n<p>VMC 7316 &#8211; rozmiar 1\/0 do 5\/0<\/p>\n","protected":false},"excerpt":{"rendered":"<p>Forma w\u0119dkarska do doci\u0105\u017cenia hak\u00f3w offsetowych.<\/p>\n<p>stosuj\u0105c o\u0142\u00f3w &#8211; 4,5 \/ 5 \/ 7 \/ 9 gram<\/p>\n<p>stosuj\u0105c cyn\u0119 &#8211; 3 \/ 3,5 \/ 4,5 \/ 5,8 gram<\/p>\n<p>Pasuj\u0105ce Haki\u00a0 &#8211;<\/p>\n<p>VMC 7316 &#8211; rozmiar 1\/0 do 5\/0<\/p>\n","protected":false},"featured_media":3758,"template":"","meta":[],"product_brand":[],"product_cat":[55,44,78,16],"product_tag":[88,87,89,86],"class_list":{"0":"post-3757","1":"product","2":"type-product","3":"status-publish","4":"has-post-thumbnail","6":"product_cat-jigi","7":"product_cat-formy-ciezarkow","8":"product_cat-formy-wedkarskie","9":"product_cat-wszystkie-produkty","10":"product_tag-forma-do-ciezarkow-wedkarskich","11":"product_tag-forma-wedkarska","12":"product_tag-formy-do-odlewania-ciezarkow","13":"product_tag-formy-wedkarskie","15":"first","16":"outofstock","17":"sold-individually","18":"shipping-taxable","19":"purchasable","20":"product-type-simple"},"yoast_head":"<!-- This site is optimized with the Yoast SEO plugin v27.5 - https:\/\/yoast.com\/product\/yoast-seo-wordpress\/ -->\n<title>Forma w\u0119dkarska 196  ( 4,5 * 5 * 7 * 9 gram ) - Formy w\u0119dkarskie<\/title>\n<meta name=\"robots\" content=\"index, follow, max-snippet:-1, max-image-preview:large, max-video-preview:-1\" \/>\n<link rel=\"canonical\" href=\"https:\/\/zakupynaryby.pl\/index.php\/product\/forma-wedkarska-196-45-5-7-9-gram\/\" \/>\n<meta property=\"og:locale\" content=\"pl_PL\" \/>\n<meta property=\"og:type\" content=\"article\" \/>\n<meta property=\"og:title\" content=\"Forma w\u0119dkarska 196  ( 4,5 * 5 * 7 * 9 gram ) - Formy w\u0119dkarskie\" \/>\n<meta property=\"og:description\" content=\"Forma w\u0119dkarska do doci\u0105\u017cenia hak\u00f3w offsetowych.  stosuj\u0105c o\u0142\u00f3w - 4,5 \/ 5 \/ 7 \/ 9 gram  stosuj\u0105c cyn\u0119 - 3 \/ 3,5 \/ 4,5 \/ 5,8 gram  Pasuj\u0105ce Haki\u00a0 -  VMC 7316 - rozmiar 1\/0 do 5\/0\" \/>\n<meta property=\"og:url\" content=\"https:\/\/zakupynaryby.pl\/index.php\/product\/forma-wedkarska-196-45-5-7-9-gram\/\" \/>\n<meta property=\"og:site_name\" content=\"Formy w\u0119dkarskie\" \/>\n<meta property=\"article:modified_time\" content=\"2025-12-16T07:29:16+00:00\" \/>\n<meta property=\"og:image\" content=\"https:\/\/zakupynaryby.pl\/wp-content\/uploads\/2022\/12\/f196-e1735291345692.jpg\" \/>\n\t<meta property=\"og:image:width\" content=\"550\" \/>\n\t<meta property=\"og:image:height\" content=\"580\" \/>\n\t<meta property=\"og:image:type\" content=\"image\/jpeg\" \/>\n<meta name=\"twitter:card\" content=\"summary_large_image\" \/>\n<script type=\"application\/ld+json\" class=\"yoast-schema-graph\">{\"@context\":\"https:\\\/\\\/schema.org\",\"@graph\":[{\"@type\":\"WebPage\",\"@id\":\"https:\\\/\\\/zakupynaryby.pl\\\/index.php\\\/product\\\/forma-wedkarska-196-45-5-7-9-gram\\\/\",\"url\":\"https:\\\/\\\/zakupynaryby.pl\\\/index.php\\\/product\\\/forma-wedkarska-196-45-5-7-9-gram\\\/\",\"name\":\"Forma w\u0119dkarska 196 ( 4,5 * 5 * 7 * 9 gram ) - Formy w\u0119dkarskie\",\"isPartOf\":{\"@id\":\"https:\\\/\\\/zakupynaryby.pl\\\/#website\"},\"primaryImageOfPage\":{\"@id\":\"https:\\\/\\\/zakupynaryby.pl\\\/index.php\\\/product\\\/forma-wedkarska-196-45-5-7-9-gram\\\/#primaryimage\"},\"image\":{\"@id\":\"https:\\\/\\\/zakupynaryby.pl\\\/index.php\\\/product\\\/forma-wedkarska-196-45-5-7-9-gram\\\/#primaryimage\"},\"thumbnailUrl\":\"https:\\\/\\\/zakupynaryby.pl\\\/wp-content\\\/uploads\\\/2022\\\/12\\\/f196-e1735291345692.jpg\",\"datePublished\":\"2022-12-11T11:40:38+00:00\",\"dateModified\":\"2025-12-16T07:29:16+00:00\",\"breadcrumb\":{\"@id\":\"https:\\\/\\\/zakupynaryby.pl\\\/index.php\\\/product\\\/forma-wedkarska-196-45-5-7-9-gram\\\/#breadcrumb\"},\"inLanguage\":\"pl-PL\",\"potentialAction\":[{\"@type\":\"ReadAction\",\"target\":[\"https:\\\/\\\/zakupynaryby.pl\\\/index.php\\\/product\\\/forma-wedkarska-196-45-5-7-9-gram\\\/\"]}]},{\"@type\":\"ImageObject\",\"inLanguage\":\"pl-PL\",\"@id\":\"https:\\\/\\\/zakupynaryby.pl\\\/index.php\\\/product\\\/forma-wedkarska-196-45-5-7-9-gram\\\/#primaryimage\",\"url\":\"https:\\\/\\\/zakupynaryby.pl\\\/wp-content\\\/uploads\\\/2022\\\/12\\\/f196-e1735291345692.jpg\",\"contentUrl\":\"https:\\\/\\\/zakupynaryby.pl\\\/wp-content\\\/uploads\\\/2022\\\/12\\\/f196-e1735291345692.jpg\",\"width\":550,\"height\":580,\"caption\":\"forma do odlewania g\u0142\u00f3wek nr 196\"},{\"@type\":\"BreadcrumbList\",\"@id\":\"https:\\\/\\\/zakupynaryby.pl\\\/index.php\\\/product\\\/forma-wedkarska-196-45-5-7-9-gram\\\/#breadcrumb\",\"itemListElement\":[{\"@type\":\"ListItem\",\"position\":1,\"name\":\"Strona g\u0142\u00f3wna\",\"item\":\"https:\\\/\\\/zakupynaryby.pl\\\/\"},{\"@type\":\"ListItem\",\"position\":2,\"name\":\"Shop\",\"item\":\"https:\\\/\\\/zakupynaryby.pl\\\/index.php\\\/shop\\\/\"},{\"@type\":\"ListItem\",\"position\":3,\"name\":\"Forma w\u0119dkarska 196 ( 4,5 * 5 * 7 * 9 gram )\"}]},{\"@type\":\"WebSite\",\"@id\":\"https:\\\/\\\/zakupynaryby.pl\\\/#website\",\"url\":\"https:\\\/\\\/zakupynaryby.pl\\\/\",\"name\":\"Formy w\u0119dkarskie\",\"description\":\"Formy do odlewania ci\u0119\u017cark&oacute;w w\u0119dkarskich\",\"publisher\":{\"@id\":\"https:\\\/\\\/zakupynaryby.pl\\\/#organization\"},\"potentialAction\":[{\"@type\":\"SearchAction\",\"target\":{\"@type\":\"EntryPoint\",\"urlTemplate\":\"https:\\\/\\\/zakupynaryby.pl\\\/?s={search_term_string}\"},\"query-input\":{\"@type\":\"PropertyValueSpecification\",\"valueRequired\":true,\"valueName\":\"search_term_string\"}}],\"inLanguage\":\"pl-PL\"},{\"@type\":\"Organization\",\"@id\":\"https:\\\/\\\/zakupynaryby.pl\\\/#organization\",\"name\":\"Formy w\u0119dkarskie\",\"url\":\"https:\\\/\\\/zakupynaryby.pl\\\/\",\"logo\":{\"@type\":\"ImageObject\",\"inLanguage\":\"pl-PL\",\"@id\":\"https:\\\/\\\/zakupynaryby.pl\\\/#\\\/schema\\\/logo\\\/image\\\/\",\"url\":\"https:\\\/\\\/zakupynaryby.pl\\\/wp-content\\\/uploads\\\/2022\\\/05\\\/zakupy.jpg\",\"contentUrl\":\"https:\\\/\\\/zakupynaryby.pl\\\/wp-content\\\/uploads\\\/2022\\\/05\\\/zakupy.jpg\",\"width\":500,\"height\":153,\"caption\":\"Formy w\u0119dkarskie\"},\"image\":{\"@id\":\"https:\\\/\\\/zakupynaryby.pl\\\/#\\\/schema\\\/logo\\\/image\\\/\"}}]}<\/script>\n<!-- \/ Yoast SEO plugin. -->","yoast_head_json":{"title":"Forma w\u0119dkarska 196  ( 4,5 * 5 * 7 * 9 gram ) - Formy w\u0119dkarskie","robots":{"index":"index","follow":"follow","max-snippet":"max-snippet:-1","max-image-preview":"max-image-preview:large","max-video-preview":"max-video-preview:-1"},"canonical":"https:\/\/zakupynaryby.pl\/index.php\/product\/forma-wedkarska-196-45-5-7-9-gram\/","og_locale":"pl_PL","og_type":"article","og_title":"Forma w\u0119dkarska 196  ( 4,5 * 5 * 7 * 9 gram ) - Formy w\u0119dkarskie","og_description":"Forma w\u0119dkarska do doci\u0105\u017cenia hak\u00f3w offsetowych.  stosuj\u0105c o\u0142\u00f3w - 4,5 \/ 5 \/ 7 \/ 9 gram  stosuj\u0105c cyn\u0119 - 3 \/ 3,5 \/ 4,5 \/ 5,8 gram  Pasuj\u0105ce Haki\u00a0 -  VMC 7316 - rozmiar 1\/0 do 5\/0","og_url":"https:\/\/zakupynaryby.pl\/index.php\/product\/forma-wedkarska-196-45-5-7-9-gram\/","og_site_name":"Formy w\u0119dkarskie","article_modified_time":"2025-12-16T07:29:16+00:00","og_image":[{"width":550,"height":580,"url":"https:\/\/zakupynaryby.pl\/wp-content\/uploads\/2022\/12\/f196-e1735291345692.jpg","type":"image\/jpeg"}],"twitter_card":"summary_large_image","schema":{"@context":"https:\/\/schema.org","@graph":[{"@type":"WebPage","@id":"https:\/\/zakupynaryby.pl\/index.php\/product\/forma-wedkarska-196-45-5-7-9-gram\/","url":"https:\/\/zakupynaryby.pl\/index.php\/product\/forma-wedkarska-196-45-5-7-9-gram\/","name":"Forma w\u0119dkarska 196 ( 4,5 * 5 * 7 * 9 gram ) - Formy w\u0119dkarskie","isPartOf":{"@id":"https:\/\/zakupynaryby.pl\/#website"},"primaryImageOfPage":{"@id":"https:\/\/zakupynaryby.pl\/index.php\/product\/forma-wedkarska-196-45-5-7-9-gram\/#primaryimage"},"image":{"@id":"https:\/\/zakupynaryby.pl\/index.php\/product\/forma-wedkarska-196-45-5-7-9-gram\/#primaryimage"},"thumbnailUrl":"https:\/\/zakupynaryby.pl\/wp-content\/uploads\/2022\/12\/f196-e1735291345692.jpg","datePublished":"2022-12-11T11:40:38+00:00","dateModified":"2025-12-16T07:29:16+00:00","breadcrumb":{"@id":"https:\/\/zakupynaryby.pl\/index.php\/product\/forma-wedkarska-196-45-5-7-9-gram\/#breadcrumb"},"inLanguage":"pl-PL","potentialAction":[{"@type":"ReadAction","target":["https:\/\/zakupynaryby.pl\/index.php\/product\/forma-wedkarska-196-45-5-7-9-gram\/"]}]},{"@type":"ImageObject","inLanguage":"pl-PL","@id":"https:\/\/zakupynaryby.pl\/index.php\/product\/forma-wedkarska-196-45-5-7-9-gram\/#primaryimage","url":"https:\/\/zakupynaryby.pl\/wp-content\/uploads\/2022\/12\/f196-e1735291345692.jpg","contentUrl":"https:\/\/zakupynaryby.pl\/wp-content\/uploads\/2022\/12\/f196-e1735291345692.jpg","width":550,"height":580,"caption":"forma do odlewania g\u0142\u00f3wek nr 196"},{"@type":"BreadcrumbList","@id":"https:\/\/zakupynaryby.pl\/index.php\/product\/forma-wedkarska-196-45-5-7-9-gram\/#breadcrumb","itemListElement":[{"@type":"ListItem","position":1,"name":"Strona g\u0142\u00f3wna","item":"https:\/\/zakupynaryby.pl\/"},{"@type":"ListItem","position":2,"name":"Shop","item":"https:\/\/zakupynaryby.pl\/index.php\/shop\/"},{"@type":"ListItem","position":3,"name":"Forma w\u0119dkarska 196 ( 4,5 * 5 * 7 * 9 gram )"}]},{"@type":"WebSite","@id":"https:\/\/zakupynaryby.pl\/#website","url":"https:\/\/zakupynaryby.pl\/","name":"Formy w\u0119dkarskie","description":"Formy do odlewania ci\u0119\u017cark&oacute;w w\u0119dkarskich","publisher":{"@id":"https:\/\/zakupynaryby.pl\/#organization"},"potentialAction":[{"@type":"SearchAction","target":{"@type":"EntryPoint","urlTemplate":"https:\/\/zakupynaryby.pl\/?s={search_term_string}"},"query-input":{"@type":"PropertyValueSpecification","valueRequired":true,"valueName":"search_term_string"}}],"inLanguage":"pl-PL"},{"@type":"Organization","@id":"https:\/\/zakupynaryby.pl\/#organization","name":"Formy w\u0119dkarskie","url":"https:\/\/zakupynaryby.pl\/","logo":{"@type":"ImageObject","inLanguage":"pl-PL","@id":"https:\/\/zakupynaryby.pl\/#\/schema\/logo\/image\/","url":"https:\/\/zakupynaryby.pl\/wp-content\/uploads\/2022\/05\/zakupy.jpg","contentUrl":"https:\/\/zakupynaryby.pl\/wp-content\/uploads\/2022\/05\/zakupy.jpg","width":500,"height":153,"caption":"Formy w\u0119dkarskie"},"image":{"@id":"https:\/\/zakupynaryby.pl\/#\/schema\/logo\/image\/"}}]}},"_links":{"self":[{"href":"https:\/\/zakupynaryby.pl\/index.php\/wp-json\/wp\/v2\/product\/3757","targetHints":{"allow":["GET"]}}],"collection":[{"href":"https:\/\/zakupynaryby.pl\/index.php\/wp-json\/wp\/v2\/product"}],"about":[{"href":"https:\/\/zakupynaryby.pl\/index.php\/wp-json\/wp\/v2\/types\/product"}],"wp:featuredmedia":[{"embeddable":true,"href":"https:\/\/zakupynaryby.pl\/index.php\/wp-json\/wp\/v2\/media\/3758"}],"wp:attachment":[{"href":"https:\/\/zakupynaryby.pl\/index.php\/wp-json\/wp\/v2\/media?parent=3757"}],"wp:term":[{"taxonomy":"product_brand","embeddable":true,"href":"https:\/\/zakupynaryby.pl\/index.php\/wp-json\/wp\/v2\/product_brand?post=3757"},{"taxonomy":"product_cat","embeddable":true,"href":"https:\/\/zakupynaryby.pl\/index.php\/wp-json\/wp\/v2\/product_cat?post=3757"},{"taxonomy":"product_tag","embeddable":true,"href":"https:\/\/zakupynaryby.pl\/index.php\/wp-json\/wp\/v2\/product_tag?post=3757"}],"curies":[{"name":"wp","href":"https:\/\/api.w.org\/{rel}","templated":true}]}}