{"id":4149,"date":"2023-02-17T08:41:01","date_gmt":"2023-02-17T07:41:01","guid":{"rendered":"https:\/\/www.zakupynaryby.pl\/?post_type=product&#038;p=4149"},"modified":"2025-05-12T22:18:48","modified_gmt":"2025-05-12T20:18:48","slug":"kotwica-vmc-9650km-perma-steel-rozmiar-5-0-1-sztuka","status":"publish","type":"product","link":"https:\/\/zakupynaryby.pl\/index.php\/product\/kotwica-vmc-9650km-perma-steel-rozmiar-5-0-1-sztuka\/","title":{"rendered":"Kotwica VMC 9650KM Perma Steel <br> Rozmiar 5\/0 ( 1 sztuka )"},"content":{"rendered":"<p>Kotwica VMC 9650KM Perma Steel w rozmiarze 5\/0<\/p>\n<p>Francuskie kotwice &#8211; jedne z najlepszych i najcz\u0119\u015bciej produkowanych na \u015bwiecie,<br \/>\nJest to produkt dla os\u00f3b szukaj\u0105cych produkt\u00f3w najwy\u017cszej jako\u015bci. S\u0105 one idealnie ostre i wytrzyma\u0142e.<\/p>\n<p>Ostrze typu &#8211; Cut Point<br \/>\nKotwice VMC \u00ae zaczynaj\u0105ce si\u0119 od cyfry \u201e9\u201d maj\u0105 standardowy punkt przeci\u0119cia.<\/p>\n<p>Materia\u0142 &#8211; Prema Steel<br \/>\nVMC \u00ae wykorzystuje wysokiej jako\u015bci stal wysokow\u0119glow\u0105, aby uzyska\u0107 cie\u0144szy hak o najwy\u017cszej jako\u015bci i trwa\u0142o\u015bci.<br \/>\nW\u0119giel stabilizuje \u017celazo podczas zmian temperatury, a im wy\u017cszy poziom w\u0119gla, tym silniejsza stal.<\/p>\n","protected":false},"excerpt":{"rendered":"<p>Kotwica VMC 9650KM Perma Steel w rozmiarze 5\/0<\/p>\n<p>Francuskie kotwice &#8211; jedne z najlepszych i najcz\u0119\u015bciej produkowanych na \u015bwiecie,<br \/>\nJest to produkt dla os\u00f3b szukaj\u0105cych produkt\u00f3w najwy\u017cszej jako\u015bci. S\u0105 one idealnie ostre i wytrzyma\u0142e.<\/p>\n<p>Ostrze typu &#8211; Cut Point<br \/>\nKotwice VMC \u00ae zaczynaj\u0105ce si\u0119 od cyfry \u201e9\u201d maj\u0105 standardowy punkt przeci\u0119cia.<\/p>\n<p>Materia\u0142 &#8211; Prema Steel<br \/>\nVMC \u00ae wykorzystuje wysokiej jako\u015bci stal wysokow\u0119glow\u0105, aby uzyska\u0107 cie\u0144szy hak o najwy\u017cszej jako\u015bci i trwa\u0142o\u015bci.<br \/>\nW\u0119giel stabilizuje \u017celazo podczas zmian temperatury, a im wy\u017cszy poziom w\u0119gla, tym silniejsza stal.<\/p>\n","protected":false},"featured_media":4033,"template":"","meta":[],"product_brand":[],"product_cat":[95,16],"product_tag":[],"class_list":{"0":"post-4149","1":"product","2":"type-product","3":"status-publish","4":"has-post-thumbnail","6":"product_cat-vmc-kotwice","7":"product_cat-wszystkie-produkty","9":"first","10":"outofstock","11":"shipping-taxable","12":"purchasable","13":"product-type-simple"},"yoast_head":"<!-- This site is optimized with the Yoast SEO plugin v27.3 - https:\/\/yoast.com\/product\/yoast-seo-wordpress\/ -->\n<title>Kotwica VMC 9650KM Perma Steel  Rozmiar 5\/0 ( 1 sztuka ) - Formy w\u0119dkarskie<\/title>\n<meta name=\"robots\" content=\"index, follow, max-snippet:-1, max-image-preview:large, max-video-preview:-1\" \/>\n<link rel=\"canonical\" href=\"https:\/\/zakupynaryby.pl\/index.php\/product\/kotwica-vmc-9650km-perma-steel-rozmiar-5-0-1-sztuka\/\" \/>\n<meta property=\"og:locale\" content=\"pl_PL\" \/>\n<meta property=\"og:type\" content=\"article\" \/>\n<meta property=\"og:title\" content=\"Kotwica VMC 9650KM Perma Steel  Rozmiar 5\/0 ( 1 sztuka ) - Formy w\u0119dkarskie\" \/>\n<meta property=\"og:description\" content=\"Kotwica VMC 9650KM Perma Steel w rozmiarze 5\/0  Francuskie kotwice - jedne z najlepszych i najcz\u0119\u015bciej produkowanych na \u015bwiecie, Jest to produkt dla os\u00f3b szukaj\u0105cych produkt\u00f3w najwy\u017cszej jako\u015bci. S\u0105 one idealnie ostre i wytrzyma\u0142e.  Ostrze typu - Cut Point Kotwice VMC \u00ae zaczynaj\u0105ce si\u0119 od cyfry \u201e9\u201d maj\u0105 standardowy punkt przeci\u0119cia.  Materia\u0142 - Prema Steel VMC \u00ae wykorzystuje wysokiej jako\u015bci stal wysokow\u0119glow\u0105, aby uzyska\u0107 cie\u0144szy hak o najwy\u017cszej jako\u015bci i trwa\u0142o\u015bci. W\u0119giel stabilizuje \u017celazo podczas zmian temperatury, a im wy\u017cszy poziom w\u0119gla, tym silniejsza stal.\" \/>\n<meta property=\"og:url\" content=\"https:\/\/zakupynaryby.pl\/index.php\/product\/kotwica-vmc-9650km-perma-steel-rozmiar-5-0-1-sztuka\/\" \/>\n<meta property=\"og:site_name\" content=\"Formy w\u0119dkarskie\" \/>\n<meta property=\"article:modified_time\" content=\"2025-05-12T20:18:48+00:00\" \/>\n<meta property=\"og:image\" content=\"https:\/\/zakupynaryby.pl\/wp-content\/uploads\/2023\/02\/vmc-9650PS-4.0-e1735306434882.jpg\" \/>\n\t<meta property=\"og:image:width\" content=\"550\" \/>\n\t<meta property=\"og:image:height\" content=\"550\" \/>\n\t<meta property=\"og:image:type\" content=\"image\/jpeg\" \/>\n<meta name=\"twitter:card\" content=\"summary_large_image\" \/>\n<meta name=\"twitter:label1\" content=\"Szacowany czas czytania\" \/>\n\t<meta name=\"twitter:data1\" content=\"1 minuta\" \/>\n<script type=\"application\/ld+json\" class=\"yoast-schema-graph\">{\"@context\":\"https:\\\/\\\/schema.org\",\"@graph\":[{\"@type\":\"WebPage\",\"@id\":\"https:\\\/\\\/zakupynaryby.pl\\\/index.php\\\/product\\\/kotwica-vmc-9650km-perma-steel-rozmiar-5-0-1-sztuka\\\/\",\"url\":\"https:\\\/\\\/zakupynaryby.pl\\\/index.php\\\/product\\\/kotwica-vmc-9650km-perma-steel-rozmiar-5-0-1-sztuka\\\/\",\"name\":\"Kotwica VMC 9650KM Perma Steel Rozmiar 5\\\/0 ( 1 sztuka ) - Formy w\u0119dkarskie\",\"isPartOf\":{\"@id\":\"https:\\\/\\\/zakupynaryby.pl\\\/#website\"},\"primaryImageOfPage\":{\"@id\":\"https:\\\/\\\/zakupynaryby.pl\\\/index.php\\\/product\\\/kotwica-vmc-9650km-perma-steel-rozmiar-5-0-1-sztuka\\\/#primaryimage\"},\"image\":{\"@id\":\"https:\\\/\\\/zakupynaryby.pl\\\/index.php\\\/product\\\/kotwica-vmc-9650km-perma-steel-rozmiar-5-0-1-sztuka\\\/#primaryimage\"},\"thumbnailUrl\":\"https:\\\/\\\/zakupynaryby.pl\\\/wp-content\\\/uploads\\\/2023\\\/02\\\/vmc-9650PS-4.0-e1735306434882.jpg\",\"datePublished\":\"2023-02-17T07:41:01+00:00\",\"dateModified\":\"2025-05-12T20:18:48+00:00\",\"breadcrumb\":{\"@id\":\"https:\\\/\\\/zakupynaryby.pl\\\/index.php\\\/product\\\/kotwica-vmc-9650km-perma-steel-rozmiar-5-0-1-sztuka\\\/#breadcrumb\"},\"inLanguage\":\"pl-PL\",\"potentialAction\":[{\"@type\":\"ReadAction\",\"target\":[\"https:\\\/\\\/zakupynaryby.pl\\\/index.php\\\/product\\\/kotwica-vmc-9650km-perma-steel-rozmiar-5-0-1-sztuka\\\/\"]}]},{\"@type\":\"ImageObject\",\"inLanguage\":\"pl-PL\",\"@id\":\"https:\\\/\\\/zakupynaryby.pl\\\/index.php\\\/product\\\/kotwica-vmc-9650km-perma-steel-rozmiar-5-0-1-sztuka\\\/#primaryimage\",\"url\":\"https:\\\/\\\/zakupynaryby.pl\\\/wp-content\\\/uploads\\\/2023\\\/02\\\/vmc-9650PS-4.0-e1735306434882.jpg\",\"contentUrl\":\"https:\\\/\\\/zakupynaryby.pl\\\/wp-content\\\/uploads\\\/2023\\\/02\\\/vmc-9650PS-4.0-e1735306434882.jpg\",\"width\":550,\"height\":550,\"caption\":\"vmc 9650KM 4\\\/0\"},{\"@type\":\"BreadcrumbList\",\"@id\":\"https:\\\/\\\/zakupynaryby.pl\\\/index.php\\\/product\\\/kotwica-vmc-9650km-perma-steel-rozmiar-5-0-1-sztuka\\\/#breadcrumb\",\"itemListElement\":[{\"@type\":\"ListItem\",\"position\":1,\"name\":\"Strona g\u0142\u00f3wna\",\"item\":\"https:\\\/\\\/zakupynaryby.pl\\\/\"},{\"@type\":\"ListItem\",\"position\":2,\"name\":\"Shop\",\"item\":\"https:\\\/\\\/zakupynaryby.pl\\\/index.php\\\/shop\\\/\"},{\"@type\":\"ListItem\",\"position\":3,\"name\":\"Kotwica VMC 9650KM Perma Steel Rozmiar 5\\\/0 ( 1 sztuka )\"}]},{\"@type\":\"WebSite\",\"@id\":\"https:\\\/\\\/zakupynaryby.pl\\\/#website\",\"url\":\"https:\\\/\\\/zakupynaryby.pl\\\/\",\"name\":\"Formy w\u0119dkarskie\",\"description\":\"Formy do odlewania ci\u0119\u017cark&oacute;w w\u0119dkarskich\",\"publisher\":{\"@id\":\"https:\\\/\\\/zakupynaryby.pl\\\/#organization\"},\"potentialAction\":[{\"@type\":\"SearchAction\",\"target\":{\"@type\":\"EntryPoint\",\"urlTemplate\":\"https:\\\/\\\/zakupynaryby.pl\\\/?s={search_term_string}\"},\"query-input\":{\"@type\":\"PropertyValueSpecification\",\"valueRequired\":true,\"valueName\":\"search_term_string\"}}],\"inLanguage\":\"pl-PL\"},{\"@type\":\"Organization\",\"@id\":\"https:\\\/\\\/zakupynaryby.pl\\\/#organization\",\"name\":\"Formy w\u0119dkarskie\",\"url\":\"https:\\\/\\\/zakupynaryby.pl\\\/\",\"logo\":{\"@type\":\"ImageObject\",\"inLanguage\":\"pl-PL\",\"@id\":\"https:\\\/\\\/zakupynaryby.pl\\\/#\\\/schema\\\/logo\\\/image\\\/\",\"url\":\"https:\\\/\\\/zakupynaryby.pl\\\/wp-content\\\/uploads\\\/2022\\\/05\\\/zakupy.jpg\",\"contentUrl\":\"https:\\\/\\\/zakupynaryby.pl\\\/wp-content\\\/uploads\\\/2022\\\/05\\\/zakupy.jpg\",\"width\":500,\"height\":153,\"caption\":\"Formy w\u0119dkarskie\"},\"image\":{\"@id\":\"https:\\\/\\\/zakupynaryby.pl\\\/#\\\/schema\\\/logo\\\/image\\\/\"}}]}<\/script>\n<!-- \/ Yoast SEO plugin. -->","yoast_head_json":{"title":"Kotwica VMC 9650KM Perma Steel  Rozmiar 5\/0 ( 1 sztuka ) - Formy w\u0119dkarskie","robots":{"index":"index","follow":"follow","max-snippet":"max-snippet:-1","max-image-preview":"max-image-preview:large","max-video-preview":"max-video-preview:-1"},"canonical":"https:\/\/zakupynaryby.pl\/index.php\/product\/kotwica-vmc-9650km-perma-steel-rozmiar-5-0-1-sztuka\/","og_locale":"pl_PL","og_type":"article","og_title":"Kotwica VMC 9650KM Perma Steel  Rozmiar 5\/0 ( 1 sztuka ) - Formy w\u0119dkarskie","og_description":"Kotwica VMC 9650KM Perma Steel w rozmiarze 5\/0  Francuskie kotwice - jedne z najlepszych i najcz\u0119\u015bciej produkowanych na \u015bwiecie, Jest to produkt dla os\u00f3b szukaj\u0105cych produkt\u00f3w najwy\u017cszej jako\u015bci. S\u0105 one idealnie ostre i wytrzyma\u0142e.  Ostrze typu - Cut Point Kotwice VMC \u00ae zaczynaj\u0105ce si\u0119 od cyfry \u201e9\u201d maj\u0105 standardowy punkt przeci\u0119cia.  Materia\u0142 - Prema Steel VMC \u00ae wykorzystuje wysokiej jako\u015bci stal wysokow\u0119glow\u0105, aby uzyska\u0107 cie\u0144szy hak o najwy\u017cszej jako\u015bci i trwa\u0142o\u015bci. W\u0119giel stabilizuje \u017celazo podczas zmian temperatury, a im wy\u017cszy poziom w\u0119gla, tym silniejsza stal.","og_url":"https:\/\/zakupynaryby.pl\/index.php\/product\/kotwica-vmc-9650km-perma-steel-rozmiar-5-0-1-sztuka\/","og_site_name":"Formy w\u0119dkarskie","article_modified_time":"2025-05-12T20:18:48+00:00","og_image":[{"width":550,"height":550,"url":"https:\/\/zakupynaryby.pl\/wp-content\/uploads\/2023\/02\/vmc-9650PS-4.0-e1735306434882.jpg","type":"image\/jpeg"}],"twitter_card":"summary_large_image","twitter_misc":{"Szacowany czas czytania":"1 minuta"},"schema":{"@context":"https:\/\/schema.org","@graph":[{"@type":"WebPage","@id":"https:\/\/zakupynaryby.pl\/index.php\/product\/kotwica-vmc-9650km-perma-steel-rozmiar-5-0-1-sztuka\/","url":"https:\/\/zakupynaryby.pl\/index.php\/product\/kotwica-vmc-9650km-perma-steel-rozmiar-5-0-1-sztuka\/","name":"Kotwica VMC 9650KM Perma Steel Rozmiar 5\/0 ( 1 sztuka ) - Formy w\u0119dkarskie","isPartOf":{"@id":"https:\/\/zakupynaryby.pl\/#website"},"primaryImageOfPage":{"@id":"https:\/\/zakupynaryby.pl\/index.php\/product\/kotwica-vmc-9650km-perma-steel-rozmiar-5-0-1-sztuka\/#primaryimage"},"image":{"@id":"https:\/\/zakupynaryby.pl\/index.php\/product\/kotwica-vmc-9650km-perma-steel-rozmiar-5-0-1-sztuka\/#primaryimage"},"thumbnailUrl":"https:\/\/zakupynaryby.pl\/wp-content\/uploads\/2023\/02\/vmc-9650PS-4.0-e1735306434882.jpg","datePublished":"2023-02-17T07:41:01+00:00","dateModified":"2025-05-12T20:18:48+00:00","breadcrumb":{"@id":"https:\/\/zakupynaryby.pl\/index.php\/product\/kotwica-vmc-9650km-perma-steel-rozmiar-5-0-1-sztuka\/#breadcrumb"},"inLanguage":"pl-PL","potentialAction":[{"@type":"ReadAction","target":["https:\/\/zakupynaryby.pl\/index.php\/product\/kotwica-vmc-9650km-perma-steel-rozmiar-5-0-1-sztuka\/"]}]},{"@type":"ImageObject","inLanguage":"pl-PL","@id":"https:\/\/zakupynaryby.pl\/index.php\/product\/kotwica-vmc-9650km-perma-steel-rozmiar-5-0-1-sztuka\/#primaryimage","url":"https:\/\/zakupynaryby.pl\/wp-content\/uploads\/2023\/02\/vmc-9650PS-4.0-e1735306434882.jpg","contentUrl":"https:\/\/zakupynaryby.pl\/wp-content\/uploads\/2023\/02\/vmc-9650PS-4.0-e1735306434882.jpg","width":550,"height":550,"caption":"vmc 9650KM 4\/0"},{"@type":"BreadcrumbList","@id":"https:\/\/zakupynaryby.pl\/index.php\/product\/kotwica-vmc-9650km-perma-steel-rozmiar-5-0-1-sztuka\/#breadcrumb","itemListElement":[{"@type":"ListItem","position":1,"name":"Strona g\u0142\u00f3wna","item":"https:\/\/zakupynaryby.pl\/"},{"@type":"ListItem","position":2,"name":"Shop","item":"https:\/\/zakupynaryby.pl\/index.php\/shop\/"},{"@type":"ListItem","position":3,"name":"Kotwica VMC 9650KM Perma Steel Rozmiar 5\/0 ( 1 sztuka )"}]},{"@type":"WebSite","@id":"https:\/\/zakupynaryby.pl\/#website","url":"https:\/\/zakupynaryby.pl\/","name":"Formy w\u0119dkarskie","description":"Formy do odlewania ci\u0119\u017cark&oacute;w w\u0119dkarskich","publisher":{"@id":"https:\/\/zakupynaryby.pl\/#organization"},"potentialAction":[{"@type":"SearchAction","target":{"@type":"EntryPoint","urlTemplate":"https:\/\/zakupynaryby.pl\/?s={search_term_string}"},"query-input":{"@type":"PropertyValueSpecification","valueRequired":true,"valueName":"search_term_string"}}],"inLanguage":"pl-PL"},{"@type":"Organization","@id":"https:\/\/zakupynaryby.pl\/#organization","name":"Formy w\u0119dkarskie","url":"https:\/\/zakupynaryby.pl\/","logo":{"@type":"ImageObject","inLanguage":"pl-PL","@id":"https:\/\/zakupynaryby.pl\/#\/schema\/logo\/image\/","url":"https:\/\/zakupynaryby.pl\/wp-content\/uploads\/2022\/05\/zakupy.jpg","contentUrl":"https:\/\/zakupynaryby.pl\/wp-content\/uploads\/2022\/05\/zakupy.jpg","width":500,"height":153,"caption":"Formy w\u0119dkarskie"},"image":{"@id":"https:\/\/zakupynaryby.pl\/#\/schema\/logo\/image\/"}}]}},"_links":{"self":[{"href":"https:\/\/zakupynaryby.pl\/index.php\/wp-json\/wp\/v2\/product\/4149","targetHints":{"allow":["GET"]}}],"collection":[{"href":"https:\/\/zakupynaryby.pl\/index.php\/wp-json\/wp\/v2\/product"}],"about":[{"href":"https:\/\/zakupynaryby.pl\/index.php\/wp-json\/wp\/v2\/types\/product"}],"wp:featuredmedia":[{"embeddable":true,"href":"https:\/\/zakupynaryby.pl\/index.php\/wp-json\/wp\/v2\/media\/4033"}],"wp:attachment":[{"href":"https:\/\/zakupynaryby.pl\/index.php\/wp-json\/wp\/v2\/media?parent=4149"}],"wp:term":[{"taxonomy":"product_brand","embeddable":true,"href":"https:\/\/zakupynaryby.pl\/index.php\/wp-json\/wp\/v2\/product_brand?post=4149"},{"taxonomy":"product_cat","embeddable":true,"href":"https:\/\/zakupynaryby.pl\/index.php\/wp-json\/wp\/v2\/product_cat?post=4149"},{"taxonomy":"product_tag","embeddable":true,"href":"https:\/\/zakupynaryby.pl\/index.php\/wp-json\/wp\/v2\/product_tag?post=4149"}],"curies":[{"name":"wp","href":"https:\/\/api.w.org\/{rel}","templated":true}]}}