{"id":4361,"date":"2023-03-25T17:05:02","date_gmt":"2023-03-25T16:05:02","guid":{"rendered":"https:\/\/www.zakupynaryby.pl\/?post_type=product&#038;p=4361"},"modified":"2026-02-26T17:38:31","modified_gmt":"2026-02-26T16:38:31","slug":"morski-ciezarek-holowniczy","status":"publish","type":"product","link":"https:\/\/zakupynaryby.pl\/index.php\/product\/morski-ciezarek-holowniczy\/","title":{"rendered":"Morski ci\u0119\u017carek holowniczy <br> 200 400 620 800 gr."},"content":{"rendered":"<p>Morski ci\u0119\u017carek holowniczy na pe\u0142nym drucie ze stali nierdzewnej.<\/p>\n<p>Gramatura: 200 400 620 800 gr.<\/p>\n<p>\u015awietnie nadaj\u0105 si\u0119 na morza i rzeki itp.<\/p>\n<p><a href=\"https:\/\/zakupynaryby.pl\/index.php\/product\/agrafka-z-kretlikiem-65-kg-10-sztuk\/\">Agrafka z kr\u0119tlikiem Wytrzyma\u0142o\u015b\u0107 65 kg ( 5 sztuk )<\/a><\/p>\n","protected":false},"excerpt":{"rendered":"<p>Gramatura: <span style=\"color: #3366ff;\">200 400 620 800<\/span> gr.<\/p>\n","protected":false},"featured_media":4364,"template":"","meta":[],"product_brand":[],"product_cat":[59,37],"product_tag":[],"class_list":{"0":"post-4361","1":"product","2":"type-product","3":"status-publish","4":"has-post-thumbnail","6":"product_cat-morskie-ciezarki-2","7":"product_cat-ciezarki-wedkarskie","9":"first","10":"instock","11":"shipping-taxable","12":"purchasable","13":"product-type-variable"},"yoast_head":"<!-- This site is optimized with the Yoast SEO plugin v27.4 - https:\/\/yoast.com\/product\/yoast-seo-wordpress\/ -->\n<title>morski ci\u0119\u017carek holowniczy<\/title>\n<meta name=\"description\" content=\"Morski ci\u0119\u017carek holowniczy na pe\u0142nym drucie z stali nierdzewnej. Gramatura: 200 400 600 800 gr. \u015awietnie nadaj\u0105 si\u0119 na morza i rzeki itp.\" \/>\n<meta name=\"robots\" content=\"index, follow, max-snippet:-1, max-image-preview:large, max-video-preview:-1\" \/>\n<link rel=\"canonical\" href=\"https:\/\/zakupynaryby.pl\/index.php\/product\/morski-ciezarek-holowniczy\/\" \/>\n<meta property=\"og:locale\" content=\"pl_PL\" \/>\n<meta property=\"og:type\" content=\"article\" \/>\n<meta property=\"og:title\" content=\"morski ci\u0119\u017carek holowniczy\" \/>\n<meta property=\"og:description\" content=\"Morski ci\u0119\u017carek holowniczy na pe\u0142nym drucie z stali nierdzewnej. Gramatura: 200 400 600 800 gr. \u015awietnie nadaj\u0105 si\u0119 na morza i rzeki itp.\" \/>\n<meta property=\"og:url\" content=\"https:\/\/zakupynaryby.pl\/index.php\/product\/morski-ciezarek-holowniczy\/\" \/>\n<meta property=\"og:site_name\" content=\"Formy w\u0119dkarskie\" \/>\n<meta property=\"article:modified_time\" content=\"2026-02-26T16:38:31+00:00\" \/>\n<meta property=\"og:image\" content=\"https:\/\/zakupynaryby.pl\/wp-content\/uploads\/2023\/03\/ciezarek-trolingowy-e1735376031323.jpg\" \/>\n\t<meta property=\"og:image:width\" content=\"550\" \/>\n\t<meta property=\"og:image:height\" content=\"550\" \/>\n\t<meta property=\"og:image:type\" content=\"image\/jpeg\" \/>\n<meta name=\"twitter:card\" content=\"summary_large_image\" \/>\n<meta name=\"twitter:label1\" content=\"Szacowany czas czytania\" \/>\n\t<meta name=\"twitter:data1\" content=\"1 minuta\" \/>\n<script type=\"application\/ld+json\" class=\"yoast-schema-graph\">{\"@context\":\"https:\\\/\\\/schema.org\",\"@graph\":[{\"@type\":\"WebPage\",\"@id\":\"https:\\\/\\\/zakupynaryby.pl\\\/index.php\\\/product\\\/morski-ciezarek-holowniczy\\\/\",\"url\":\"https:\\\/\\\/zakupynaryby.pl\\\/index.php\\\/product\\\/morski-ciezarek-holowniczy\\\/\",\"name\":\"morski ci\u0119\u017carek holowniczy\",\"isPartOf\":{\"@id\":\"https:\\\/\\\/zakupynaryby.pl\\\/#website\"},\"primaryImageOfPage\":{\"@id\":\"https:\\\/\\\/zakupynaryby.pl\\\/index.php\\\/product\\\/morski-ciezarek-holowniczy\\\/#primaryimage\"},\"image\":{\"@id\":\"https:\\\/\\\/zakupynaryby.pl\\\/index.php\\\/product\\\/morski-ciezarek-holowniczy\\\/#primaryimage\"},\"thumbnailUrl\":\"https:\\\/\\\/zakupynaryby.pl\\\/wp-content\\\/uploads\\\/2023\\\/03\\\/ciezarek-trolingowy-e1735376031323.jpg\",\"datePublished\":\"2023-03-25T16:05:02+00:00\",\"dateModified\":\"2026-02-26T16:38:31+00:00\",\"description\":\"Morski ci\u0119\u017carek holowniczy na pe\u0142nym drucie z stali nierdzewnej. Gramatura: 200 400 600 800 gr. \u015awietnie nadaj\u0105 si\u0119 na morza i rzeki itp.\",\"breadcrumb\":{\"@id\":\"https:\\\/\\\/zakupynaryby.pl\\\/index.php\\\/product\\\/morski-ciezarek-holowniczy\\\/#breadcrumb\"},\"inLanguage\":\"pl-PL\",\"potentialAction\":[{\"@type\":\"ReadAction\",\"target\":[\"https:\\\/\\\/zakupynaryby.pl\\\/index.php\\\/product\\\/morski-ciezarek-holowniczy\\\/\"]}]},{\"@type\":\"ImageObject\",\"inLanguage\":\"pl-PL\",\"@id\":\"https:\\\/\\\/zakupynaryby.pl\\\/index.php\\\/product\\\/morski-ciezarek-holowniczy\\\/#primaryimage\",\"url\":\"https:\\\/\\\/zakupynaryby.pl\\\/wp-content\\\/uploads\\\/2023\\\/03\\\/ciezarek-trolingowy-e1735376031323.jpg\",\"contentUrl\":\"https:\\\/\\\/zakupynaryby.pl\\\/wp-content\\\/uploads\\\/2023\\\/03\\\/ciezarek-trolingowy-e1735376031323.jpg\",\"width\":550,\"height\":550,\"caption\":\"Morski ci\u0119\u017carek holowniczy\"},{\"@type\":\"BreadcrumbList\",\"@id\":\"https:\\\/\\\/zakupynaryby.pl\\\/index.php\\\/product\\\/morski-ciezarek-holowniczy\\\/#breadcrumb\",\"itemListElement\":[{\"@type\":\"ListItem\",\"position\":1,\"name\":\"Strona g\u0142\u00f3wna\",\"item\":\"https:\\\/\\\/zakupynaryby.pl\\\/\"},{\"@type\":\"ListItem\",\"position\":2,\"name\":\"Shop\",\"item\":\"https:\\\/\\\/zakupynaryby.pl\\\/index.php\\\/shop\\\/\"},{\"@type\":\"ListItem\",\"position\":3,\"name\":\"Morski ci\u0119\u017carek holowniczy 200 400 620 800 gr.\"}]},{\"@type\":\"WebSite\",\"@id\":\"https:\\\/\\\/zakupynaryby.pl\\\/#website\",\"url\":\"https:\\\/\\\/zakupynaryby.pl\\\/\",\"name\":\"Formy w\u0119dkarskie\",\"description\":\"Formy do odlewania ci\u0119\u017cark&oacute;w w\u0119dkarskich\",\"publisher\":{\"@id\":\"https:\\\/\\\/zakupynaryby.pl\\\/#organization\"},\"potentialAction\":[{\"@type\":\"SearchAction\",\"target\":{\"@type\":\"EntryPoint\",\"urlTemplate\":\"https:\\\/\\\/zakupynaryby.pl\\\/?s={search_term_string}\"},\"query-input\":{\"@type\":\"PropertyValueSpecification\",\"valueRequired\":true,\"valueName\":\"search_term_string\"}}],\"inLanguage\":\"pl-PL\"},{\"@type\":\"Organization\",\"@id\":\"https:\\\/\\\/zakupynaryby.pl\\\/#organization\",\"name\":\"Formy w\u0119dkarskie\",\"url\":\"https:\\\/\\\/zakupynaryby.pl\\\/\",\"logo\":{\"@type\":\"ImageObject\",\"inLanguage\":\"pl-PL\",\"@id\":\"https:\\\/\\\/zakupynaryby.pl\\\/#\\\/schema\\\/logo\\\/image\\\/\",\"url\":\"https:\\\/\\\/zakupynaryby.pl\\\/wp-content\\\/uploads\\\/2022\\\/05\\\/zakupy.jpg\",\"contentUrl\":\"https:\\\/\\\/zakupynaryby.pl\\\/wp-content\\\/uploads\\\/2022\\\/05\\\/zakupy.jpg\",\"width\":500,\"height\":153,\"caption\":\"Formy w\u0119dkarskie\"},\"image\":{\"@id\":\"https:\\\/\\\/zakupynaryby.pl\\\/#\\\/schema\\\/logo\\\/image\\\/\"}}]}<\/script>\n<!-- \/ Yoast SEO plugin. -->","yoast_head_json":{"title":"morski ci\u0119\u017carek holowniczy","description":"Morski ci\u0119\u017carek holowniczy na pe\u0142nym drucie z stali nierdzewnej. Gramatura: 200 400 600 800 gr. \u015awietnie nadaj\u0105 si\u0119 na morza i rzeki itp.","robots":{"index":"index","follow":"follow","max-snippet":"max-snippet:-1","max-image-preview":"max-image-preview:large","max-video-preview":"max-video-preview:-1"},"canonical":"https:\/\/zakupynaryby.pl\/index.php\/product\/morski-ciezarek-holowniczy\/","og_locale":"pl_PL","og_type":"article","og_title":"morski ci\u0119\u017carek holowniczy","og_description":"Morski ci\u0119\u017carek holowniczy na pe\u0142nym drucie z stali nierdzewnej. Gramatura: 200 400 600 800 gr. \u015awietnie nadaj\u0105 si\u0119 na morza i rzeki itp.","og_url":"https:\/\/zakupynaryby.pl\/index.php\/product\/morski-ciezarek-holowniczy\/","og_site_name":"Formy w\u0119dkarskie","article_modified_time":"2026-02-26T16:38:31+00:00","og_image":[{"width":550,"height":550,"url":"https:\/\/zakupynaryby.pl\/wp-content\/uploads\/2023\/03\/ciezarek-trolingowy-e1735376031323.jpg","type":"image\/jpeg"}],"twitter_card":"summary_large_image","twitter_misc":{"Szacowany czas czytania":"1 minuta"},"schema":{"@context":"https:\/\/schema.org","@graph":[{"@type":"WebPage","@id":"https:\/\/zakupynaryby.pl\/index.php\/product\/morski-ciezarek-holowniczy\/","url":"https:\/\/zakupynaryby.pl\/index.php\/product\/morski-ciezarek-holowniczy\/","name":"morski ci\u0119\u017carek holowniczy","isPartOf":{"@id":"https:\/\/zakupynaryby.pl\/#website"},"primaryImageOfPage":{"@id":"https:\/\/zakupynaryby.pl\/index.php\/product\/morski-ciezarek-holowniczy\/#primaryimage"},"image":{"@id":"https:\/\/zakupynaryby.pl\/index.php\/product\/morski-ciezarek-holowniczy\/#primaryimage"},"thumbnailUrl":"https:\/\/zakupynaryby.pl\/wp-content\/uploads\/2023\/03\/ciezarek-trolingowy-e1735376031323.jpg","datePublished":"2023-03-25T16:05:02+00:00","dateModified":"2026-02-26T16:38:31+00:00","description":"Morski ci\u0119\u017carek holowniczy na pe\u0142nym drucie z stali nierdzewnej. Gramatura: 200 400 600 800 gr. \u015awietnie nadaj\u0105 si\u0119 na morza i rzeki itp.","breadcrumb":{"@id":"https:\/\/zakupynaryby.pl\/index.php\/product\/morski-ciezarek-holowniczy\/#breadcrumb"},"inLanguage":"pl-PL","potentialAction":[{"@type":"ReadAction","target":["https:\/\/zakupynaryby.pl\/index.php\/product\/morski-ciezarek-holowniczy\/"]}]},{"@type":"ImageObject","inLanguage":"pl-PL","@id":"https:\/\/zakupynaryby.pl\/index.php\/product\/morski-ciezarek-holowniczy\/#primaryimage","url":"https:\/\/zakupynaryby.pl\/wp-content\/uploads\/2023\/03\/ciezarek-trolingowy-e1735376031323.jpg","contentUrl":"https:\/\/zakupynaryby.pl\/wp-content\/uploads\/2023\/03\/ciezarek-trolingowy-e1735376031323.jpg","width":550,"height":550,"caption":"Morski ci\u0119\u017carek holowniczy"},{"@type":"BreadcrumbList","@id":"https:\/\/zakupynaryby.pl\/index.php\/product\/morski-ciezarek-holowniczy\/#breadcrumb","itemListElement":[{"@type":"ListItem","position":1,"name":"Strona g\u0142\u00f3wna","item":"https:\/\/zakupynaryby.pl\/"},{"@type":"ListItem","position":2,"name":"Shop","item":"https:\/\/zakupynaryby.pl\/index.php\/shop\/"},{"@type":"ListItem","position":3,"name":"Morski ci\u0119\u017carek holowniczy 200 400 620 800 gr."}]},{"@type":"WebSite","@id":"https:\/\/zakupynaryby.pl\/#website","url":"https:\/\/zakupynaryby.pl\/","name":"Formy w\u0119dkarskie","description":"Formy do odlewania ci\u0119\u017cark&oacute;w w\u0119dkarskich","publisher":{"@id":"https:\/\/zakupynaryby.pl\/#organization"},"potentialAction":[{"@type":"SearchAction","target":{"@type":"EntryPoint","urlTemplate":"https:\/\/zakupynaryby.pl\/?s={search_term_string}"},"query-input":{"@type":"PropertyValueSpecification","valueRequired":true,"valueName":"search_term_string"}}],"inLanguage":"pl-PL"},{"@type":"Organization","@id":"https:\/\/zakupynaryby.pl\/#organization","name":"Formy w\u0119dkarskie","url":"https:\/\/zakupynaryby.pl\/","logo":{"@type":"ImageObject","inLanguage":"pl-PL","@id":"https:\/\/zakupynaryby.pl\/#\/schema\/logo\/image\/","url":"https:\/\/zakupynaryby.pl\/wp-content\/uploads\/2022\/05\/zakupy.jpg","contentUrl":"https:\/\/zakupynaryby.pl\/wp-content\/uploads\/2022\/05\/zakupy.jpg","width":500,"height":153,"caption":"Formy w\u0119dkarskie"},"image":{"@id":"https:\/\/zakupynaryby.pl\/#\/schema\/logo\/image\/"}}]}},"_links":{"self":[{"href":"https:\/\/zakupynaryby.pl\/index.php\/wp-json\/wp\/v2\/product\/4361","targetHints":{"allow":["GET"]}}],"collection":[{"href":"https:\/\/zakupynaryby.pl\/index.php\/wp-json\/wp\/v2\/product"}],"about":[{"href":"https:\/\/zakupynaryby.pl\/index.php\/wp-json\/wp\/v2\/types\/product"}],"wp:featuredmedia":[{"embeddable":true,"href":"https:\/\/zakupynaryby.pl\/index.php\/wp-json\/wp\/v2\/media\/4364"}],"wp:attachment":[{"href":"https:\/\/zakupynaryby.pl\/index.php\/wp-json\/wp\/v2\/media?parent=4361"}],"wp:term":[{"taxonomy":"product_brand","embeddable":true,"href":"https:\/\/zakupynaryby.pl\/index.php\/wp-json\/wp\/v2\/product_brand?post=4361"},{"taxonomy":"product_cat","embeddable":true,"href":"https:\/\/zakupynaryby.pl\/index.php\/wp-json\/wp\/v2\/product_cat?post=4361"},{"taxonomy":"product_tag","embeddable":true,"href":"https:\/\/zakupynaryby.pl\/index.php\/wp-json\/wp\/v2\/product_tag?post=4361"}],"curies":[{"name":"wp","href":"https:\/\/api.w.org\/{rel}","templated":true}]}}