{"id":491,"date":"2022-05-16T09:32:54","date_gmt":"2022-05-16T07:32:54","guid":{"rendered":"https:\/\/www.zakupynaryby.pl\/?post_type=product&#038;p=491"},"modified":"2026-03-27T09:13:25","modified_gmt":"2026-03-27T08:13:25","slug":"nalewka-lyzka-do-500-gram-olowiu","status":"publish","type":"product","link":"https:\/\/zakupynaryby.pl\/index.php\/product\/nalewka-lyzka-do-500-gram-olowiu\/","title":{"rendered":"Nalewka w\u0119dkarska do o\u0142owiu <br> ( do 500 gram o\u0142owiu )"},"content":{"rendered":"<p>Nalewka w\u0119dkarska do o\u0142owiu.<\/p>\n<p>\u0141y\u017cka ze stali nierdzewnej do nalewania o\u0142owiu.<br \/>\nMie\u015bci 500 gram o\u0142owiu.<\/p>\n<p>Czerpak o \u015brednicy zewn\u0119trznej &#8211; 60 mm.<\/p>\n<p>Idealna do odlewania ci\u0119\u017cark\u00f3w w\u0119dkarskich, w sprzedawanych przez nas formach odlewniczych.<\/p>\n","protected":false},"excerpt":{"rendered":"<p>\u0141y\u017cka ze stali nierdzewnej do nalewania o\u0142owiu.<br \/>\nMie\u015bci 500 gram o\u0142owiu.<\/p>\n<p>Czerpak o \u015brednicy zewn\u0119trznej &#8211; 60 mm.<\/p>\n<p>Idealna do odlewania ci\u0119\u017cark\u00f3w w\u0119dkarskich, w sprzedawanych przez nas formach odlewniczych.<\/p>\n","protected":false},"featured_media":2819,"template":"","meta":[],"product_brand":[],"product_cat":[60,16],"product_tag":[],"class_list":{"0":"post-491","1":"product","2":"type-product","3":"status-publish","4":"has-post-thumbnail","6":"product_cat-narzedzia-wedkarskie","7":"product_cat-wszystkie-produkty","9":"first","10":"instock","11":"sold-individually","12":"shipping-taxable","13":"purchasable","14":"product-type-simple"},"yoast_head":"<!-- This site is optimized with the Yoast SEO plugin v27.3 - https:\/\/yoast.com\/product\/yoast-seo-wordpress\/ -->\n<title>Nalewka w\u0119dkarska do o\u0142owiu  ( do 500 gram o\u0142owiu ) - Formy w\u0119dkarskie<\/title>\n<meta name=\"robots\" content=\"index, follow, max-snippet:-1, max-image-preview:large, max-video-preview:-1\" \/>\n<link rel=\"canonical\" href=\"https:\/\/zakupynaryby.pl\/index.php\/product\/nalewka-lyzka-do-500-gram-olowiu\/\" \/>\n<meta property=\"og:locale\" content=\"pl_PL\" \/>\n<meta property=\"og:type\" content=\"article\" \/>\n<meta property=\"og:title\" content=\"Nalewka w\u0119dkarska do o\u0142owiu  ( do 500 gram o\u0142owiu ) - Formy w\u0119dkarskie\" \/>\n<meta property=\"og:description\" content=\"\u0141y\u017cka ze stali nierdzewnej do nalewania o\u0142owiu. Mie\u015bci 500 gram o\u0142owiu.  Czerpak o \u015brednicy zewn\u0119trznej - 60 mm.  Idealna do odlewania ci\u0119\u017cark\u00f3w w\u0119dkarskich, w sprzedawanych przez nas formach odlewniczych.\" \/>\n<meta property=\"og:url\" content=\"https:\/\/zakupynaryby.pl\/index.php\/product\/nalewka-lyzka-do-500-gram-olowiu\/\" \/>\n<meta property=\"og:site_name\" content=\"Formy w\u0119dkarskie\" \/>\n<meta property=\"article:modified_time\" content=\"2026-03-27T08:13:25+00:00\" \/>\n<meta property=\"og:image\" content=\"https:\/\/zakupynaryby.pl\/wp-content\/uploads\/2022\/05\/l500-1-e1735304629797.jpg\" \/>\n\t<meta property=\"og:image:width\" content=\"550\" \/>\n\t<meta property=\"og:image:height\" content=\"518\" \/>\n\t<meta property=\"og:image:type\" content=\"image\/jpeg\" \/>\n<meta name=\"twitter:card\" content=\"summary_large_image\" \/>\n<meta name=\"twitter:label1\" content=\"Szacowany czas czytania\" \/>\n\t<meta name=\"twitter:data1\" content=\"1 minuta\" \/>\n<script type=\"application\/ld+json\" class=\"yoast-schema-graph\">{\"@context\":\"https:\\\/\\\/schema.org\",\"@graph\":[{\"@type\":\"WebPage\",\"@id\":\"https:\\\/\\\/zakupynaryby.pl\\\/index.php\\\/product\\\/nalewka-lyzka-do-500-gram-olowiu\\\/\",\"url\":\"https:\\\/\\\/zakupynaryby.pl\\\/index.php\\\/product\\\/nalewka-lyzka-do-500-gram-olowiu\\\/\",\"name\":\"Nalewka w\u0119dkarska do o\u0142owiu ( do 500 gram o\u0142owiu ) - Formy w\u0119dkarskie\",\"isPartOf\":{\"@id\":\"https:\\\/\\\/zakupynaryby.pl\\\/#website\"},\"primaryImageOfPage\":{\"@id\":\"https:\\\/\\\/zakupynaryby.pl\\\/index.php\\\/product\\\/nalewka-lyzka-do-500-gram-olowiu\\\/#primaryimage\"},\"image\":{\"@id\":\"https:\\\/\\\/zakupynaryby.pl\\\/index.php\\\/product\\\/nalewka-lyzka-do-500-gram-olowiu\\\/#primaryimage\"},\"thumbnailUrl\":\"https:\\\/\\\/zakupynaryby.pl\\\/wp-content\\\/uploads\\\/2022\\\/05\\\/l500-1-e1735304629797.jpg\",\"datePublished\":\"2022-05-16T07:32:54+00:00\",\"dateModified\":\"2026-03-27T08:13:25+00:00\",\"breadcrumb\":{\"@id\":\"https:\\\/\\\/zakupynaryby.pl\\\/index.php\\\/product\\\/nalewka-lyzka-do-500-gram-olowiu\\\/#breadcrumb\"},\"inLanguage\":\"pl-PL\",\"potentialAction\":[{\"@type\":\"ReadAction\",\"target\":[\"https:\\\/\\\/zakupynaryby.pl\\\/index.php\\\/product\\\/nalewka-lyzka-do-500-gram-olowiu\\\/\"]}]},{\"@type\":\"ImageObject\",\"inLanguage\":\"pl-PL\",\"@id\":\"https:\\\/\\\/zakupynaryby.pl\\\/index.php\\\/product\\\/nalewka-lyzka-do-500-gram-olowiu\\\/#primaryimage\",\"url\":\"https:\\\/\\\/zakupynaryby.pl\\\/wp-content\\\/uploads\\\/2022\\\/05\\\/l500-1-e1735304629797.jpg\",\"contentUrl\":\"https:\\\/\\\/zakupynaryby.pl\\\/wp-content\\\/uploads\\\/2022\\\/05\\\/l500-1-e1735304629797.jpg\",\"width\":550,\"height\":518,\"caption\":\"nalewka do o\u0142owiu\"},{\"@type\":\"BreadcrumbList\",\"@id\":\"https:\\\/\\\/zakupynaryby.pl\\\/index.php\\\/product\\\/nalewka-lyzka-do-500-gram-olowiu\\\/#breadcrumb\",\"itemListElement\":[{\"@type\":\"ListItem\",\"position\":1,\"name\":\"Strona g\u0142\u00f3wna\",\"item\":\"https:\\\/\\\/zakupynaryby.pl\\\/\"},{\"@type\":\"ListItem\",\"position\":2,\"name\":\"Shop\",\"item\":\"https:\\\/\\\/zakupynaryby.pl\\\/index.php\\\/shop\\\/\"},{\"@type\":\"ListItem\",\"position\":3,\"name\":\"Nalewka w\u0119dkarska do o\u0142owiu ( do 500 gram o\u0142owiu )\"}]},{\"@type\":\"WebSite\",\"@id\":\"https:\\\/\\\/zakupynaryby.pl\\\/#website\",\"url\":\"https:\\\/\\\/zakupynaryby.pl\\\/\",\"name\":\"Formy w\u0119dkarskie\",\"description\":\"Formy do odlewania ci\u0119\u017cark&oacute;w w\u0119dkarskich\",\"publisher\":{\"@id\":\"https:\\\/\\\/zakupynaryby.pl\\\/#organization\"},\"potentialAction\":[{\"@type\":\"SearchAction\",\"target\":{\"@type\":\"EntryPoint\",\"urlTemplate\":\"https:\\\/\\\/zakupynaryby.pl\\\/?s={search_term_string}\"},\"query-input\":{\"@type\":\"PropertyValueSpecification\",\"valueRequired\":true,\"valueName\":\"search_term_string\"}}],\"inLanguage\":\"pl-PL\"},{\"@type\":\"Organization\",\"@id\":\"https:\\\/\\\/zakupynaryby.pl\\\/#organization\",\"name\":\"Formy w\u0119dkarskie\",\"url\":\"https:\\\/\\\/zakupynaryby.pl\\\/\",\"logo\":{\"@type\":\"ImageObject\",\"inLanguage\":\"pl-PL\",\"@id\":\"https:\\\/\\\/zakupynaryby.pl\\\/#\\\/schema\\\/logo\\\/image\\\/\",\"url\":\"https:\\\/\\\/zakupynaryby.pl\\\/wp-content\\\/uploads\\\/2022\\\/05\\\/zakupy.jpg\",\"contentUrl\":\"https:\\\/\\\/zakupynaryby.pl\\\/wp-content\\\/uploads\\\/2022\\\/05\\\/zakupy.jpg\",\"width\":500,\"height\":153,\"caption\":\"Formy w\u0119dkarskie\"},\"image\":{\"@id\":\"https:\\\/\\\/zakupynaryby.pl\\\/#\\\/schema\\\/logo\\\/image\\\/\"}}]}<\/script>\n<!-- \/ Yoast SEO plugin. -->","yoast_head_json":{"title":"Nalewka w\u0119dkarska do o\u0142owiu  ( do 500 gram o\u0142owiu ) - Formy w\u0119dkarskie","robots":{"index":"index","follow":"follow","max-snippet":"max-snippet:-1","max-image-preview":"max-image-preview:large","max-video-preview":"max-video-preview:-1"},"canonical":"https:\/\/zakupynaryby.pl\/index.php\/product\/nalewka-lyzka-do-500-gram-olowiu\/","og_locale":"pl_PL","og_type":"article","og_title":"Nalewka w\u0119dkarska do o\u0142owiu  ( do 500 gram o\u0142owiu ) - Formy w\u0119dkarskie","og_description":"\u0141y\u017cka ze stali nierdzewnej do nalewania o\u0142owiu. Mie\u015bci 500 gram o\u0142owiu.  Czerpak o \u015brednicy zewn\u0119trznej - 60 mm.  Idealna do odlewania ci\u0119\u017cark\u00f3w w\u0119dkarskich, w sprzedawanych przez nas formach odlewniczych.","og_url":"https:\/\/zakupynaryby.pl\/index.php\/product\/nalewka-lyzka-do-500-gram-olowiu\/","og_site_name":"Formy w\u0119dkarskie","article_modified_time":"2026-03-27T08:13:25+00:00","og_image":[{"width":550,"height":518,"url":"https:\/\/zakupynaryby.pl\/wp-content\/uploads\/2022\/05\/l500-1-e1735304629797.jpg","type":"image\/jpeg"}],"twitter_card":"summary_large_image","twitter_misc":{"Szacowany czas czytania":"1 minuta"},"schema":{"@context":"https:\/\/schema.org","@graph":[{"@type":"WebPage","@id":"https:\/\/zakupynaryby.pl\/index.php\/product\/nalewka-lyzka-do-500-gram-olowiu\/","url":"https:\/\/zakupynaryby.pl\/index.php\/product\/nalewka-lyzka-do-500-gram-olowiu\/","name":"Nalewka w\u0119dkarska do o\u0142owiu ( do 500 gram o\u0142owiu ) - Formy w\u0119dkarskie","isPartOf":{"@id":"https:\/\/zakupynaryby.pl\/#website"},"primaryImageOfPage":{"@id":"https:\/\/zakupynaryby.pl\/index.php\/product\/nalewka-lyzka-do-500-gram-olowiu\/#primaryimage"},"image":{"@id":"https:\/\/zakupynaryby.pl\/index.php\/product\/nalewka-lyzka-do-500-gram-olowiu\/#primaryimage"},"thumbnailUrl":"https:\/\/zakupynaryby.pl\/wp-content\/uploads\/2022\/05\/l500-1-e1735304629797.jpg","datePublished":"2022-05-16T07:32:54+00:00","dateModified":"2026-03-27T08:13:25+00:00","breadcrumb":{"@id":"https:\/\/zakupynaryby.pl\/index.php\/product\/nalewka-lyzka-do-500-gram-olowiu\/#breadcrumb"},"inLanguage":"pl-PL","potentialAction":[{"@type":"ReadAction","target":["https:\/\/zakupynaryby.pl\/index.php\/product\/nalewka-lyzka-do-500-gram-olowiu\/"]}]},{"@type":"ImageObject","inLanguage":"pl-PL","@id":"https:\/\/zakupynaryby.pl\/index.php\/product\/nalewka-lyzka-do-500-gram-olowiu\/#primaryimage","url":"https:\/\/zakupynaryby.pl\/wp-content\/uploads\/2022\/05\/l500-1-e1735304629797.jpg","contentUrl":"https:\/\/zakupynaryby.pl\/wp-content\/uploads\/2022\/05\/l500-1-e1735304629797.jpg","width":550,"height":518,"caption":"nalewka do o\u0142owiu"},{"@type":"BreadcrumbList","@id":"https:\/\/zakupynaryby.pl\/index.php\/product\/nalewka-lyzka-do-500-gram-olowiu\/#breadcrumb","itemListElement":[{"@type":"ListItem","position":1,"name":"Strona g\u0142\u00f3wna","item":"https:\/\/zakupynaryby.pl\/"},{"@type":"ListItem","position":2,"name":"Shop","item":"https:\/\/zakupynaryby.pl\/index.php\/shop\/"},{"@type":"ListItem","position":3,"name":"Nalewka w\u0119dkarska do o\u0142owiu ( do 500 gram o\u0142owiu )"}]},{"@type":"WebSite","@id":"https:\/\/zakupynaryby.pl\/#website","url":"https:\/\/zakupynaryby.pl\/","name":"Formy w\u0119dkarskie","description":"Formy do odlewania ci\u0119\u017cark&oacute;w w\u0119dkarskich","publisher":{"@id":"https:\/\/zakupynaryby.pl\/#organization"},"potentialAction":[{"@type":"SearchAction","target":{"@type":"EntryPoint","urlTemplate":"https:\/\/zakupynaryby.pl\/?s={search_term_string}"},"query-input":{"@type":"PropertyValueSpecification","valueRequired":true,"valueName":"search_term_string"}}],"inLanguage":"pl-PL"},{"@type":"Organization","@id":"https:\/\/zakupynaryby.pl\/#organization","name":"Formy w\u0119dkarskie","url":"https:\/\/zakupynaryby.pl\/","logo":{"@type":"ImageObject","inLanguage":"pl-PL","@id":"https:\/\/zakupynaryby.pl\/#\/schema\/logo\/image\/","url":"https:\/\/zakupynaryby.pl\/wp-content\/uploads\/2022\/05\/zakupy.jpg","contentUrl":"https:\/\/zakupynaryby.pl\/wp-content\/uploads\/2022\/05\/zakupy.jpg","width":500,"height":153,"caption":"Formy w\u0119dkarskie"},"image":{"@id":"https:\/\/zakupynaryby.pl\/#\/schema\/logo\/image\/"}}]}},"_links":{"self":[{"href":"https:\/\/zakupynaryby.pl\/index.php\/wp-json\/wp\/v2\/product\/491","targetHints":{"allow":["GET"]}}],"collection":[{"href":"https:\/\/zakupynaryby.pl\/index.php\/wp-json\/wp\/v2\/product"}],"about":[{"href":"https:\/\/zakupynaryby.pl\/index.php\/wp-json\/wp\/v2\/types\/product"}],"wp:featuredmedia":[{"embeddable":true,"href":"https:\/\/zakupynaryby.pl\/index.php\/wp-json\/wp\/v2\/media\/2819"}],"wp:attachment":[{"href":"https:\/\/zakupynaryby.pl\/index.php\/wp-json\/wp\/v2\/media?parent=491"}],"wp:term":[{"taxonomy":"product_brand","embeddable":true,"href":"https:\/\/zakupynaryby.pl\/index.php\/wp-json\/wp\/v2\/product_brand?post=491"},{"taxonomy":"product_cat","embeddable":true,"href":"https:\/\/zakupynaryby.pl\/index.php\/wp-json\/wp\/v2\/product_cat?post=491"},{"taxonomy":"product_tag","embeddable":true,"href":"https:\/\/zakupynaryby.pl\/index.php\/wp-json\/wp\/v2\/product_tag?post=491"}],"curies":[{"name":"wp","href":"https:\/\/api.w.org\/{rel}","templated":true}]}}