{"id":501,"date":"2022-05-16T10:04:14","date_gmt":"2022-05-16T08:04:14","guid":{"rendered":"https:\/\/www.zakupynaryby.pl\/?post_type=product&#038;p=501"},"modified":"2024-12-25T16:46:36","modified_gmt":"2024-12-25T15:46:36","slug":"wkladka-do-czeburaszki-typ-c","status":"publish","type":"product","link":"https:\/\/zakupynaryby.pl\/index.php\/product\/wkladka-do-czeburaszki-typ-c\/","title":{"rendered":"Wk\u0142adka do czeburaszki Typ C"},"content":{"rendered":"<p>Wk\u0142adka do czeburaszki Typ C. stosowana do ci\u0119\u017cark\u00f3w.<\/p>\n<p>Idealnie pasuje do czeburaszek z formy ( F-178 ) ( F-179 ) ( F-183 )<\/p>\n<p>Ca\u0142kowita d\u0142ugo\u015b\u0107 &#8211; 33 mm, \u015brednica zewn\u0119trzna oczka &#8211; 7 mm, drut nierdzewny\u00a0 &#8211; fi 1,2 mm.<\/p>\n<p>Pakowane s\u0105 po 50 sztuk w opakowaniu.<\/p>\n","protected":false},"excerpt":{"rendered":"<p>Pakowane po 50 szt.<\/p>\n","protected":false},"featured_media":6580,"template":"","meta":[],"product_brand":[],"product_cat":[110,34,16],"product_tag":[],"class_list":{"0":"post-501","1":"product","2":"type-product","3":"status-publish","4":"has-post-thumbnail","6":"product_cat-inne-2","7":"product_cat-akcesoria-wedkarskie","8":"product_cat-wszystkie-produkty","10":"first","11":"outofstock","12":"shipping-taxable","13":"purchasable","14":"product-type-simple"},"yoast_head":"<!-- This site is optimized with the Yoast SEO plugin v27.3 - https:\/\/yoast.com\/product\/yoast-seo-wordpress\/ -->\n<title>Wk\u0142adka do czeburaszki Typ C - Formy w\u0119dkarskie<\/title>\n<meta name=\"description\" content=\"Wk\u0142adka do czeburaszki Typ C. stosowana do ci\u0119\u017cark\u00f3w.Idealnie pasuje do czeburaszek z formy ( F-178 ) ( F-179 ) ( F-183 )\" \/>\n<meta name=\"robots\" content=\"index, follow, max-snippet:-1, max-image-preview:large, max-video-preview:-1\" \/>\n<link rel=\"canonical\" href=\"https:\/\/zakupynaryby.pl\/index.php\/product\/wkladka-do-czeburaszki-typ-c\/\" \/>\n<meta property=\"og:locale\" content=\"pl_PL\" \/>\n<meta property=\"og:type\" content=\"article\" \/>\n<meta property=\"og:title\" content=\"Wk\u0142adka do czeburaszki Typ C - Formy w\u0119dkarskie\" \/>\n<meta property=\"og:description\" content=\"Wk\u0142adka do czeburaszki Typ C. stosowana do ci\u0119\u017cark\u00f3w.Idealnie pasuje do czeburaszek z formy ( F-178 ) ( F-179 ) ( F-183 )\" \/>\n<meta property=\"og:url\" content=\"https:\/\/zakupynaryby.pl\/index.php\/product\/wkladka-do-czeburaszki-typ-c\/\" \/>\n<meta property=\"og:site_name\" content=\"Formy w\u0119dkarskie\" \/>\n<meta property=\"article:modified_time\" content=\"2024-12-25T15:46:36+00:00\" \/>\n<meta property=\"og:image\" content=\"https:\/\/zakupynaryby.pl\/wp-content\/uploads\/2022\/05\/wkladka-c-1.jpg\" \/>\n\t<meta property=\"og:image:width\" content=\"600\" \/>\n\t<meta property=\"og:image:height\" content=\"600\" \/>\n\t<meta property=\"og:image:type\" content=\"image\/jpeg\" \/>\n<meta name=\"twitter:card\" content=\"summary_large_image\" \/>\n<meta name=\"twitter:label1\" content=\"Szacowany czas czytania\" \/>\n\t<meta name=\"twitter:data1\" content=\"1 minuta\" \/>\n<script type=\"application\/ld+json\" class=\"yoast-schema-graph\">{\"@context\":\"https:\\\/\\\/schema.org\",\"@graph\":[{\"@type\":\"WebPage\",\"@id\":\"https:\\\/\\\/zakupynaryby.pl\\\/index.php\\\/product\\\/wkladka-do-czeburaszki-typ-c\\\/\",\"url\":\"https:\\\/\\\/zakupynaryby.pl\\\/index.php\\\/product\\\/wkladka-do-czeburaszki-typ-c\\\/\",\"name\":\"Wk\u0142adka do czeburaszki Typ C - Formy w\u0119dkarskie\",\"isPartOf\":{\"@id\":\"https:\\\/\\\/zakupynaryby.pl\\\/#website\"},\"primaryImageOfPage\":{\"@id\":\"https:\\\/\\\/zakupynaryby.pl\\\/index.php\\\/product\\\/wkladka-do-czeburaszki-typ-c\\\/#primaryimage\"},\"image\":{\"@id\":\"https:\\\/\\\/zakupynaryby.pl\\\/index.php\\\/product\\\/wkladka-do-czeburaszki-typ-c\\\/#primaryimage\"},\"thumbnailUrl\":\"https:\\\/\\\/zakupynaryby.pl\\\/wp-content\\\/uploads\\\/2022\\\/05\\\/wkladka-c-1-e1735306748920.jpg\",\"datePublished\":\"2022-05-16T08:04:14+00:00\",\"dateModified\":\"2024-12-25T15:46:36+00:00\",\"description\":\"Wk\u0142adka do czeburaszki Typ C. stosowana do ci\u0119\u017cark\u00f3w.Idealnie pasuje do czeburaszek z formy ( F-178 ) ( F-179 ) ( F-183 )\",\"breadcrumb\":{\"@id\":\"https:\\\/\\\/zakupynaryby.pl\\\/index.php\\\/product\\\/wkladka-do-czeburaszki-typ-c\\\/#breadcrumb\"},\"inLanguage\":\"pl-PL\",\"potentialAction\":[{\"@type\":\"ReadAction\",\"target\":[\"https:\\\/\\\/zakupynaryby.pl\\\/index.php\\\/product\\\/wkladka-do-czeburaszki-typ-c\\\/\"]}]},{\"@type\":\"ImageObject\",\"inLanguage\":\"pl-PL\",\"@id\":\"https:\\\/\\\/zakupynaryby.pl\\\/index.php\\\/product\\\/wkladka-do-czeburaszki-typ-c\\\/#primaryimage\",\"url\":\"https:\\\/\\\/zakupynaryby.pl\\\/wp-content\\\/uploads\\\/2022\\\/05\\\/wkladka-c-1-e1735306748920.jpg\",\"contentUrl\":\"https:\\\/\\\/zakupynaryby.pl\\\/wp-content\\\/uploads\\\/2022\\\/05\\\/wkladka-c-1-e1735306748920.jpg\",\"width\":550,\"height\":550,\"caption\":\"Wk\u0142adka do czeburaszki Typ C\"},{\"@type\":\"BreadcrumbList\",\"@id\":\"https:\\\/\\\/zakupynaryby.pl\\\/index.php\\\/product\\\/wkladka-do-czeburaszki-typ-c\\\/#breadcrumb\",\"itemListElement\":[{\"@type\":\"ListItem\",\"position\":1,\"name\":\"Strona g\u0142\u00f3wna\",\"item\":\"https:\\\/\\\/zakupynaryby.pl\\\/\"},{\"@type\":\"ListItem\",\"position\":2,\"name\":\"Shop\",\"item\":\"https:\\\/\\\/zakupynaryby.pl\\\/index.php\\\/shop\\\/\"},{\"@type\":\"ListItem\",\"position\":3,\"name\":\"Wk\u0142adka do czeburaszki Typ C\"}]},{\"@type\":\"WebSite\",\"@id\":\"https:\\\/\\\/zakupynaryby.pl\\\/#website\",\"url\":\"https:\\\/\\\/zakupynaryby.pl\\\/\",\"name\":\"Formy w\u0119dkarskie\",\"description\":\"Formy do odlewania ci\u0119\u017cark&oacute;w w\u0119dkarskich\",\"publisher\":{\"@id\":\"https:\\\/\\\/zakupynaryby.pl\\\/#organization\"},\"potentialAction\":[{\"@type\":\"SearchAction\",\"target\":{\"@type\":\"EntryPoint\",\"urlTemplate\":\"https:\\\/\\\/zakupynaryby.pl\\\/?s={search_term_string}\"},\"query-input\":{\"@type\":\"PropertyValueSpecification\",\"valueRequired\":true,\"valueName\":\"search_term_string\"}}],\"inLanguage\":\"pl-PL\"},{\"@type\":\"Organization\",\"@id\":\"https:\\\/\\\/zakupynaryby.pl\\\/#organization\",\"name\":\"Formy w\u0119dkarskie\",\"url\":\"https:\\\/\\\/zakupynaryby.pl\\\/\",\"logo\":{\"@type\":\"ImageObject\",\"inLanguage\":\"pl-PL\",\"@id\":\"https:\\\/\\\/zakupynaryby.pl\\\/#\\\/schema\\\/logo\\\/image\\\/\",\"url\":\"https:\\\/\\\/zakupynaryby.pl\\\/wp-content\\\/uploads\\\/2022\\\/05\\\/zakupy.jpg\",\"contentUrl\":\"https:\\\/\\\/zakupynaryby.pl\\\/wp-content\\\/uploads\\\/2022\\\/05\\\/zakupy.jpg\",\"width\":500,\"height\":153,\"caption\":\"Formy w\u0119dkarskie\"},\"image\":{\"@id\":\"https:\\\/\\\/zakupynaryby.pl\\\/#\\\/schema\\\/logo\\\/image\\\/\"}}]}<\/script>\n<!-- \/ Yoast SEO plugin. -->","yoast_head_json":{"title":"Wk\u0142adka do czeburaszki Typ C - Formy w\u0119dkarskie","description":"Wk\u0142adka do czeburaszki Typ C. stosowana do ci\u0119\u017cark\u00f3w.Idealnie pasuje do czeburaszek z formy ( F-178 ) ( F-179 ) ( F-183 )","robots":{"index":"index","follow":"follow","max-snippet":"max-snippet:-1","max-image-preview":"max-image-preview:large","max-video-preview":"max-video-preview:-1"},"canonical":"https:\/\/zakupynaryby.pl\/index.php\/product\/wkladka-do-czeburaszki-typ-c\/","og_locale":"pl_PL","og_type":"article","og_title":"Wk\u0142adka do czeburaszki Typ C - Formy w\u0119dkarskie","og_description":"Wk\u0142adka do czeburaszki Typ C. stosowana do ci\u0119\u017cark\u00f3w.Idealnie pasuje do czeburaszek z formy ( F-178 ) ( F-179 ) ( F-183 )","og_url":"https:\/\/zakupynaryby.pl\/index.php\/product\/wkladka-do-czeburaszki-typ-c\/","og_site_name":"Formy w\u0119dkarskie","article_modified_time":"2024-12-25T15:46:36+00:00","og_image":[{"width":600,"height":600,"url":"https:\/\/zakupynaryby.pl\/wp-content\/uploads\/2022\/05\/wkladka-c-1.jpg","type":"image\/jpeg"}],"twitter_card":"summary_large_image","twitter_misc":{"Szacowany czas czytania":"1 minuta"},"schema":{"@context":"https:\/\/schema.org","@graph":[{"@type":"WebPage","@id":"https:\/\/zakupynaryby.pl\/index.php\/product\/wkladka-do-czeburaszki-typ-c\/","url":"https:\/\/zakupynaryby.pl\/index.php\/product\/wkladka-do-czeburaszki-typ-c\/","name":"Wk\u0142adka do czeburaszki Typ C - Formy w\u0119dkarskie","isPartOf":{"@id":"https:\/\/zakupynaryby.pl\/#website"},"primaryImageOfPage":{"@id":"https:\/\/zakupynaryby.pl\/index.php\/product\/wkladka-do-czeburaszki-typ-c\/#primaryimage"},"image":{"@id":"https:\/\/zakupynaryby.pl\/index.php\/product\/wkladka-do-czeburaszki-typ-c\/#primaryimage"},"thumbnailUrl":"https:\/\/zakupynaryby.pl\/wp-content\/uploads\/2022\/05\/wkladka-c-1-e1735306748920.jpg","datePublished":"2022-05-16T08:04:14+00:00","dateModified":"2024-12-25T15:46:36+00:00","description":"Wk\u0142adka do czeburaszki Typ C. stosowana do ci\u0119\u017cark\u00f3w.Idealnie pasuje do czeburaszek z formy ( F-178 ) ( F-179 ) ( F-183 )","breadcrumb":{"@id":"https:\/\/zakupynaryby.pl\/index.php\/product\/wkladka-do-czeburaszki-typ-c\/#breadcrumb"},"inLanguage":"pl-PL","potentialAction":[{"@type":"ReadAction","target":["https:\/\/zakupynaryby.pl\/index.php\/product\/wkladka-do-czeburaszki-typ-c\/"]}]},{"@type":"ImageObject","inLanguage":"pl-PL","@id":"https:\/\/zakupynaryby.pl\/index.php\/product\/wkladka-do-czeburaszki-typ-c\/#primaryimage","url":"https:\/\/zakupynaryby.pl\/wp-content\/uploads\/2022\/05\/wkladka-c-1-e1735306748920.jpg","contentUrl":"https:\/\/zakupynaryby.pl\/wp-content\/uploads\/2022\/05\/wkladka-c-1-e1735306748920.jpg","width":550,"height":550,"caption":"Wk\u0142adka do czeburaszki Typ C"},{"@type":"BreadcrumbList","@id":"https:\/\/zakupynaryby.pl\/index.php\/product\/wkladka-do-czeburaszki-typ-c\/#breadcrumb","itemListElement":[{"@type":"ListItem","position":1,"name":"Strona g\u0142\u00f3wna","item":"https:\/\/zakupynaryby.pl\/"},{"@type":"ListItem","position":2,"name":"Shop","item":"https:\/\/zakupynaryby.pl\/index.php\/shop\/"},{"@type":"ListItem","position":3,"name":"Wk\u0142adka do czeburaszki Typ C"}]},{"@type":"WebSite","@id":"https:\/\/zakupynaryby.pl\/#website","url":"https:\/\/zakupynaryby.pl\/","name":"Formy w\u0119dkarskie","description":"Formy do odlewania ci\u0119\u017cark&oacute;w w\u0119dkarskich","publisher":{"@id":"https:\/\/zakupynaryby.pl\/#organization"},"potentialAction":[{"@type":"SearchAction","target":{"@type":"EntryPoint","urlTemplate":"https:\/\/zakupynaryby.pl\/?s={search_term_string}"},"query-input":{"@type":"PropertyValueSpecification","valueRequired":true,"valueName":"search_term_string"}}],"inLanguage":"pl-PL"},{"@type":"Organization","@id":"https:\/\/zakupynaryby.pl\/#organization","name":"Formy w\u0119dkarskie","url":"https:\/\/zakupynaryby.pl\/","logo":{"@type":"ImageObject","inLanguage":"pl-PL","@id":"https:\/\/zakupynaryby.pl\/#\/schema\/logo\/image\/","url":"https:\/\/zakupynaryby.pl\/wp-content\/uploads\/2022\/05\/zakupy.jpg","contentUrl":"https:\/\/zakupynaryby.pl\/wp-content\/uploads\/2022\/05\/zakupy.jpg","width":500,"height":153,"caption":"Formy w\u0119dkarskie"},"image":{"@id":"https:\/\/zakupynaryby.pl\/#\/schema\/logo\/image\/"}}]}},"_links":{"self":[{"href":"https:\/\/zakupynaryby.pl\/index.php\/wp-json\/wp\/v2\/product\/501","targetHints":{"allow":["GET"]}}],"collection":[{"href":"https:\/\/zakupynaryby.pl\/index.php\/wp-json\/wp\/v2\/product"}],"about":[{"href":"https:\/\/zakupynaryby.pl\/index.php\/wp-json\/wp\/v2\/types\/product"}],"wp:featuredmedia":[{"embeddable":true,"href":"https:\/\/zakupynaryby.pl\/index.php\/wp-json\/wp\/v2\/media\/6580"}],"wp:attachment":[{"href":"https:\/\/zakupynaryby.pl\/index.php\/wp-json\/wp\/v2\/media?parent=501"}],"wp:term":[{"taxonomy":"product_brand","embeddable":true,"href":"https:\/\/zakupynaryby.pl\/index.php\/wp-json\/wp\/v2\/product_brand?post=501"},{"taxonomy":"product_cat","embeddable":true,"href":"https:\/\/zakupynaryby.pl\/index.php\/wp-json\/wp\/v2\/product_cat?post=501"},{"taxonomy":"product_tag","embeddable":true,"href":"https:\/\/zakupynaryby.pl\/index.php\/wp-json\/wp\/v2\/product_tag?post=501"}],"curies":[{"name":"wp","href":"https:\/\/api.w.org\/{rel}","templated":true}]}}