{"id":526,"date":"2022-05-16T13:12:15","date_gmt":"2022-05-16T11:12:15","guid":{"rendered":"https:\/\/www.zakupynaryby.pl\/?post_type=product&#038;p=526"},"modified":"2025-09-12T09:44:22","modified_gmt":"2025-09-12T07:44:22","slug":"forma-do-odlewania-mini-pilkerow","status":"publish","type":"product","link":"https:\/\/zakupynaryby.pl\/index.php\/product\/forma-do-odlewania-mini-pilkerow\/","title":{"rendered":"Forma do odlewania mini pilker\u00f3w <br> F-012 ( 30 40 55 gr. )"},"content":{"rendered":"<p>Forma do odlewania mini pilker\u00f3w.<\/p>\n<p>Gramatura odlewanych pilker\u00f3w: 30 40 55 gr.<\/p>\n<p>Do odlewania zastosowanie maj\u0105 <span style=\"color: #3366ff;\"><a style=\"color: #3366ff;\" href=\"https:\/\/zakupynaryby.pl\/index.php\/product\/oczka-rozmiar-1\/\">oczka-uszy rozmiar 1 (100 szt.)<\/a><\/span><\/p>\n<p>&nbsp;<\/p>\n","protected":false},"excerpt":{"rendered":"<p><strong>Gramatura: 30 40 55 gr.<\/strong><\/p>\n<p><strong>Pasuj\u0105ce <\/strong><a href=\"https:\/\/zakupynaryby.pl\/index.php\/product\/oczka-rozmiar-1\/\">oczka-uszy roz. 1 (100 szt.)<\/a><\/p>\n","protected":false},"featured_media":3030,"template":"","meta":[],"product_brand":[],"product_cat":[58,44,78,16],"product_tag":[],"class_list":{"0":"post-526","1":"product","2":"type-product","3":"status-publish","4":"has-post-thumbnail","6":"product_cat-morskie","7":"product_cat-formy-ciezarkow","8":"product_cat-formy-wedkarskie","9":"product_cat-wszystkie-produkty","11":"first","12":"instock","13":"shipping-taxable","14":"purchasable","15":"product-type-simple"},"yoast_head":"<!-- This site is optimized with the Yoast SEO plugin v27.3 - https:\/\/yoast.com\/product\/yoast-seo-wordpress\/ -->\n<title>Forma do odlewania mini pilker\u00f3w  F-012 ( 30 40 55 gr. ) - Formy w\u0119dkarskie<\/title>\n<meta name=\"description\" content=\"Forma do odlewania mini pilker\u00f3w.Gramatura odlewanych pilker\u00f3w: 30 40 55 gr.Do odlewania zastosowanie maj\u0105 oczka-uszy rozmiar 1 (100 szt.)\" \/>\n<meta name=\"robots\" content=\"index, follow, max-snippet:-1, max-image-preview:large, max-video-preview:-1\" \/>\n<link rel=\"canonical\" href=\"https:\/\/zakupynaryby.pl\/index.php\/product\/forma-do-odlewania-mini-pilkerow\/\" \/>\n<meta property=\"og:locale\" content=\"pl_PL\" \/>\n<meta property=\"og:type\" content=\"article\" \/>\n<meta property=\"og:title\" content=\"Forma do odlewania mini pilker\u00f3w  F-012 ( 30 40 55 gr. ) - Formy w\u0119dkarskie\" \/>\n<meta property=\"og:description\" content=\"Forma do odlewania mini pilker\u00f3w.Gramatura odlewanych pilker\u00f3w: 30 40 55 gr.Do odlewania zastosowanie maj\u0105 oczka-uszy rozmiar 1 (100 szt.)\" \/>\n<meta property=\"og:url\" content=\"https:\/\/zakupynaryby.pl\/index.php\/product\/forma-do-odlewania-mini-pilkerow\/\" \/>\n<meta property=\"og:site_name\" content=\"Formy w\u0119dkarskie\" \/>\n<meta property=\"article:modified_time\" content=\"2025-09-12T07:44:22+00:00\" \/>\n<meta property=\"og:image\" content=\"https:\/\/zakupynaryby.pl\/wp-content\/uploads\/2022\/05\/f12-2-e1735301965577.jpg\" \/>\n\t<meta property=\"og:image:width\" content=\"550\" \/>\n\t<meta property=\"og:image:height\" content=\"550\" \/>\n\t<meta property=\"og:image:type\" content=\"image\/jpeg\" \/>\n<meta name=\"twitter:card\" content=\"summary_large_image\" \/>\n<meta name=\"twitter:label1\" content=\"Szacowany czas czytania\" \/>\n\t<meta name=\"twitter:data1\" content=\"1 minuta\" \/>\n<script type=\"application\/ld+json\" class=\"yoast-schema-graph\">{\"@context\":\"https:\\\/\\\/schema.org\",\"@graph\":[{\"@type\":\"WebPage\",\"@id\":\"https:\\\/\\\/zakupynaryby.pl\\\/index.php\\\/product\\\/forma-do-odlewania-mini-pilkerow\\\/\",\"url\":\"https:\\\/\\\/zakupynaryby.pl\\\/index.php\\\/product\\\/forma-do-odlewania-mini-pilkerow\\\/\",\"name\":\"Forma do odlewania mini pilker\u00f3w F-012 ( 30 40 55 gr. ) - Formy w\u0119dkarskie\",\"isPartOf\":{\"@id\":\"https:\\\/\\\/zakupynaryby.pl\\\/#website\"},\"primaryImageOfPage\":{\"@id\":\"https:\\\/\\\/zakupynaryby.pl\\\/index.php\\\/product\\\/forma-do-odlewania-mini-pilkerow\\\/#primaryimage\"},\"image\":{\"@id\":\"https:\\\/\\\/zakupynaryby.pl\\\/index.php\\\/product\\\/forma-do-odlewania-mini-pilkerow\\\/#primaryimage\"},\"thumbnailUrl\":\"https:\\\/\\\/zakupynaryby.pl\\\/wp-content\\\/uploads\\\/2022\\\/05\\\/f12-2-e1735301965577.jpg\",\"datePublished\":\"2022-05-16T11:12:15+00:00\",\"dateModified\":\"2025-09-12T07:44:22+00:00\",\"description\":\"Forma do odlewania mini pilker\u00f3w.Gramatura odlewanych pilker\u00f3w: 30 40 55 gr.Do odlewania zastosowanie maj\u0105 oczka-uszy rozmiar 1 (100 szt.)\",\"breadcrumb\":{\"@id\":\"https:\\\/\\\/zakupynaryby.pl\\\/index.php\\\/product\\\/forma-do-odlewania-mini-pilkerow\\\/#breadcrumb\"},\"inLanguage\":\"pl-PL\",\"potentialAction\":[{\"@type\":\"ReadAction\",\"target\":[\"https:\\\/\\\/zakupynaryby.pl\\\/index.php\\\/product\\\/forma-do-odlewania-mini-pilkerow\\\/\"]}]},{\"@type\":\"ImageObject\",\"inLanguage\":\"pl-PL\",\"@id\":\"https:\\\/\\\/zakupynaryby.pl\\\/index.php\\\/product\\\/forma-do-odlewania-mini-pilkerow\\\/#primaryimage\",\"url\":\"https:\\\/\\\/zakupynaryby.pl\\\/wp-content\\\/uploads\\\/2022\\\/05\\\/f12-2-e1735301965577.jpg\",\"contentUrl\":\"https:\\\/\\\/zakupynaryby.pl\\\/wp-content\\\/uploads\\\/2022\\\/05\\\/f12-2-e1735301965577.jpg\",\"width\":550,\"height\":550,\"caption\":\"F-012\"},{\"@type\":\"BreadcrumbList\",\"@id\":\"https:\\\/\\\/zakupynaryby.pl\\\/index.php\\\/product\\\/forma-do-odlewania-mini-pilkerow\\\/#breadcrumb\",\"itemListElement\":[{\"@type\":\"ListItem\",\"position\":1,\"name\":\"Strona g\u0142\u00f3wna\",\"item\":\"https:\\\/\\\/zakupynaryby.pl\\\/\"},{\"@type\":\"ListItem\",\"position\":2,\"name\":\"Shop\",\"item\":\"https:\\\/\\\/zakupynaryby.pl\\\/index.php\\\/shop\\\/\"},{\"@type\":\"ListItem\",\"position\":3,\"name\":\"Forma do odlewania mini pilker\u00f3w F-012 ( 30 40 55 gr. )\"}]},{\"@type\":\"WebSite\",\"@id\":\"https:\\\/\\\/zakupynaryby.pl\\\/#website\",\"url\":\"https:\\\/\\\/zakupynaryby.pl\\\/\",\"name\":\"Formy w\u0119dkarskie\",\"description\":\"Formy do odlewania ci\u0119\u017cark&oacute;w w\u0119dkarskich\",\"publisher\":{\"@id\":\"https:\\\/\\\/zakupynaryby.pl\\\/#organization\"},\"potentialAction\":[{\"@type\":\"SearchAction\",\"target\":{\"@type\":\"EntryPoint\",\"urlTemplate\":\"https:\\\/\\\/zakupynaryby.pl\\\/?s={search_term_string}\"},\"query-input\":{\"@type\":\"PropertyValueSpecification\",\"valueRequired\":true,\"valueName\":\"search_term_string\"}}],\"inLanguage\":\"pl-PL\"},{\"@type\":\"Organization\",\"@id\":\"https:\\\/\\\/zakupynaryby.pl\\\/#organization\",\"name\":\"Formy w\u0119dkarskie\",\"url\":\"https:\\\/\\\/zakupynaryby.pl\\\/\",\"logo\":{\"@type\":\"ImageObject\",\"inLanguage\":\"pl-PL\",\"@id\":\"https:\\\/\\\/zakupynaryby.pl\\\/#\\\/schema\\\/logo\\\/image\\\/\",\"url\":\"https:\\\/\\\/zakupynaryby.pl\\\/wp-content\\\/uploads\\\/2022\\\/05\\\/zakupy.jpg\",\"contentUrl\":\"https:\\\/\\\/zakupynaryby.pl\\\/wp-content\\\/uploads\\\/2022\\\/05\\\/zakupy.jpg\",\"width\":500,\"height\":153,\"caption\":\"Formy w\u0119dkarskie\"},\"image\":{\"@id\":\"https:\\\/\\\/zakupynaryby.pl\\\/#\\\/schema\\\/logo\\\/image\\\/\"}}]}<\/script>\n<!-- \/ Yoast SEO plugin. -->","yoast_head_json":{"title":"Forma do odlewania mini pilker\u00f3w  F-012 ( 30 40 55 gr. ) - Formy w\u0119dkarskie","description":"Forma do odlewania mini pilker\u00f3w.Gramatura odlewanych pilker\u00f3w: 30 40 55 gr.Do odlewania zastosowanie maj\u0105 oczka-uszy rozmiar 1 (100 szt.)","robots":{"index":"index","follow":"follow","max-snippet":"max-snippet:-1","max-image-preview":"max-image-preview:large","max-video-preview":"max-video-preview:-1"},"canonical":"https:\/\/zakupynaryby.pl\/index.php\/product\/forma-do-odlewania-mini-pilkerow\/","og_locale":"pl_PL","og_type":"article","og_title":"Forma do odlewania mini pilker\u00f3w  F-012 ( 30 40 55 gr. ) - Formy w\u0119dkarskie","og_description":"Forma do odlewania mini pilker\u00f3w.Gramatura odlewanych pilker\u00f3w: 30 40 55 gr.Do odlewania zastosowanie maj\u0105 oczka-uszy rozmiar 1 (100 szt.)","og_url":"https:\/\/zakupynaryby.pl\/index.php\/product\/forma-do-odlewania-mini-pilkerow\/","og_site_name":"Formy w\u0119dkarskie","article_modified_time":"2025-09-12T07:44:22+00:00","og_image":[{"width":550,"height":550,"url":"https:\/\/zakupynaryby.pl\/wp-content\/uploads\/2022\/05\/f12-2-e1735301965577.jpg","type":"image\/jpeg"}],"twitter_card":"summary_large_image","twitter_misc":{"Szacowany czas czytania":"1 minuta"},"schema":{"@context":"https:\/\/schema.org","@graph":[{"@type":"WebPage","@id":"https:\/\/zakupynaryby.pl\/index.php\/product\/forma-do-odlewania-mini-pilkerow\/","url":"https:\/\/zakupynaryby.pl\/index.php\/product\/forma-do-odlewania-mini-pilkerow\/","name":"Forma do odlewania mini pilker\u00f3w F-012 ( 30 40 55 gr. ) - Formy w\u0119dkarskie","isPartOf":{"@id":"https:\/\/zakupynaryby.pl\/#website"},"primaryImageOfPage":{"@id":"https:\/\/zakupynaryby.pl\/index.php\/product\/forma-do-odlewania-mini-pilkerow\/#primaryimage"},"image":{"@id":"https:\/\/zakupynaryby.pl\/index.php\/product\/forma-do-odlewania-mini-pilkerow\/#primaryimage"},"thumbnailUrl":"https:\/\/zakupynaryby.pl\/wp-content\/uploads\/2022\/05\/f12-2-e1735301965577.jpg","datePublished":"2022-05-16T11:12:15+00:00","dateModified":"2025-09-12T07:44:22+00:00","description":"Forma do odlewania mini pilker\u00f3w.Gramatura odlewanych pilker\u00f3w: 30 40 55 gr.Do odlewania zastosowanie maj\u0105 oczka-uszy rozmiar 1 (100 szt.)","breadcrumb":{"@id":"https:\/\/zakupynaryby.pl\/index.php\/product\/forma-do-odlewania-mini-pilkerow\/#breadcrumb"},"inLanguage":"pl-PL","potentialAction":[{"@type":"ReadAction","target":["https:\/\/zakupynaryby.pl\/index.php\/product\/forma-do-odlewania-mini-pilkerow\/"]}]},{"@type":"ImageObject","inLanguage":"pl-PL","@id":"https:\/\/zakupynaryby.pl\/index.php\/product\/forma-do-odlewania-mini-pilkerow\/#primaryimage","url":"https:\/\/zakupynaryby.pl\/wp-content\/uploads\/2022\/05\/f12-2-e1735301965577.jpg","contentUrl":"https:\/\/zakupynaryby.pl\/wp-content\/uploads\/2022\/05\/f12-2-e1735301965577.jpg","width":550,"height":550,"caption":"F-012"},{"@type":"BreadcrumbList","@id":"https:\/\/zakupynaryby.pl\/index.php\/product\/forma-do-odlewania-mini-pilkerow\/#breadcrumb","itemListElement":[{"@type":"ListItem","position":1,"name":"Strona g\u0142\u00f3wna","item":"https:\/\/zakupynaryby.pl\/"},{"@type":"ListItem","position":2,"name":"Shop","item":"https:\/\/zakupynaryby.pl\/index.php\/shop\/"},{"@type":"ListItem","position":3,"name":"Forma do odlewania mini pilker\u00f3w F-012 ( 30 40 55 gr. )"}]},{"@type":"WebSite","@id":"https:\/\/zakupynaryby.pl\/#website","url":"https:\/\/zakupynaryby.pl\/","name":"Formy w\u0119dkarskie","description":"Formy do odlewania ci\u0119\u017cark&oacute;w w\u0119dkarskich","publisher":{"@id":"https:\/\/zakupynaryby.pl\/#organization"},"potentialAction":[{"@type":"SearchAction","target":{"@type":"EntryPoint","urlTemplate":"https:\/\/zakupynaryby.pl\/?s={search_term_string}"},"query-input":{"@type":"PropertyValueSpecification","valueRequired":true,"valueName":"search_term_string"}}],"inLanguage":"pl-PL"},{"@type":"Organization","@id":"https:\/\/zakupynaryby.pl\/#organization","name":"Formy w\u0119dkarskie","url":"https:\/\/zakupynaryby.pl\/","logo":{"@type":"ImageObject","inLanguage":"pl-PL","@id":"https:\/\/zakupynaryby.pl\/#\/schema\/logo\/image\/","url":"https:\/\/zakupynaryby.pl\/wp-content\/uploads\/2022\/05\/zakupy.jpg","contentUrl":"https:\/\/zakupynaryby.pl\/wp-content\/uploads\/2022\/05\/zakupy.jpg","width":500,"height":153,"caption":"Formy w\u0119dkarskie"},"image":{"@id":"https:\/\/zakupynaryby.pl\/#\/schema\/logo\/image\/"}}]}},"_links":{"self":[{"href":"https:\/\/zakupynaryby.pl\/index.php\/wp-json\/wp\/v2\/product\/526","targetHints":{"allow":["GET"]}}],"collection":[{"href":"https:\/\/zakupynaryby.pl\/index.php\/wp-json\/wp\/v2\/product"}],"about":[{"href":"https:\/\/zakupynaryby.pl\/index.php\/wp-json\/wp\/v2\/types\/product"}],"wp:featuredmedia":[{"embeddable":true,"href":"https:\/\/zakupynaryby.pl\/index.php\/wp-json\/wp\/v2\/media\/3030"}],"wp:attachment":[{"href":"https:\/\/zakupynaryby.pl\/index.php\/wp-json\/wp\/v2\/media?parent=526"}],"wp:term":[{"taxonomy":"product_brand","embeddable":true,"href":"https:\/\/zakupynaryby.pl\/index.php\/wp-json\/wp\/v2\/product_brand?post=526"},{"taxonomy":"product_cat","embeddable":true,"href":"https:\/\/zakupynaryby.pl\/index.php\/wp-json\/wp\/v2\/product_cat?post=526"},{"taxonomy":"product_tag","embeddable":true,"href":"https:\/\/zakupynaryby.pl\/index.php\/wp-json\/wp\/v2\/product_tag?post=526"}],"curies":[{"name":"wp","href":"https:\/\/api.w.org\/{rel}","templated":true}]}}