{"id":609,"date":"2022-05-17T09:54:17","date_gmt":"2022-05-17T07:54:17","guid":{"rendered":"https:\/\/www.zakupynaryby.pl\/?post_type=product&#038;p=609"},"modified":"2025-06-13T14:00:09","modified_gmt":"2025-06-13T12:00:09","slug":"forma-uniwersalna-do-ciezarkow-motylek-f-083-100-gr","status":"publish","type":"product","link":"https:\/\/zakupynaryby.pl\/index.php\/product\/forma-uniwersalna-do-ciezarkow-motylek-f-083-100-gr\/","title":{"rendered":"Forma uniwersalna do ci\u0119\u017cark\u00f3w motylek <br> F-083 ( 100 gr. )"},"content":{"rendered":"<p>Forma uniwersalna do ci\u0119\u017cark\u00f3w motylek.<\/p>\n<p>Gramatura 100 gr.<\/p>\n<p>Z tej formy, mo\u017cna odlewa\u0107 ci\u0119\u017carki w trzech rodzajach, jako ci\u0119\u017carki przelotowe, jako ci\u0119\u017carki z kr\u0119tlikiem lub uchem.<\/p>\n<p>Do odlewania ci\u0119\u017carka zastosowanie maj\u0105 kr\u0119tliki w rozmiarze 6 lub 8, a tak\u017ce oczka w rozmiarze 1.<\/p>\n<p>Do wersji przelotowej mo\u017cna stosowa\u0107 rurki igielitowe 3 mm.<\/p>\n<p>W zestawie pr\u0119t o \u015brednicy 3,2 mm.<\/p>\n<p>&nbsp;<\/p>\n<p><strong>Uwaga dotycz\u0105ca bezpiecze\u0144stwa produktu<\/strong>:<\/p>\n<ul>\n<li>\u2022 Nigdy nie zalewaj mokrej formy.<br \/>\n\u2022 U\u017cywaj okular\u00f3w ochronnych i r\u0119kawic termicznych.<br \/>\n\u2022 Zapewnij odpowiedni\u0105 wentylacj\u0119 w pomieszczeniu pracy.<\/li>\n<\/ul>\n","protected":false},"excerpt":{"rendered":"<p>Gramatura 100 gram.<\/p>\n<p>Z tej formy, mo\u017cna odlewa\u0107 ci\u0119\u017carki w trzech rodzajach, jako ci\u0119\u017carki przelotowe, jako ci\u0119\u017carki z kr\u0119tlikiem lub oczkiem.<\/p>\n<p>Do odlewania ci\u0119\u017carka zastosowanie maj\u0105 kr\u0119tliki w rozmiarze 6 lub 8, a tak\u017ce oczka w rozmiarze 1.<\/p>\n<p>Do wersji przelotowej mo\u017cna stosowa\u0107 rurki igielitowe 3 mm.<\/p>\n<p>W zestawie pr\u0119t o \u015brednicy 3,2 mm.<\/p>\n","protected":false},"featured_media":2799,"template":"","meta":[],"product_brand":[],"product_cat":[48,82,44,78,16],"product_tag":[],"class_list":{"0":"post-609","1":"product","2":"type-product","3":"status-publish","4":"has-post-thumbnail","6":"product_cat-gruntowe","7":"product_cat-przelotowe","8":"product_cat-formy-ciezarkow","9":"product_cat-formy-wedkarskie","10":"product_cat-wszystkie-produkty","12":"first","13":"instock","14":"sold-individually","15":"shipping-taxable","16":"purchasable","17":"product-type-simple"},"yoast_head":"<!-- This site is optimized with the Yoast SEO plugin v27.5 - https:\/\/yoast.com\/product\/yoast-seo-wordpress\/ -->\n<title>Forma uniwersalna do ci\u0119\u017cark\u00f3w motylek  F-083 ( 100 gr. ) - Formy w\u0119dkarskie<\/title>\n<meta name=\"robots\" content=\"index, follow, max-snippet:-1, max-image-preview:large, max-video-preview:-1\" \/>\n<link rel=\"canonical\" href=\"https:\/\/zakupynaryby.pl\/index.php\/product\/forma-uniwersalna-do-ciezarkow-motylek-f-083-100-gr\/\" \/>\n<meta property=\"og:locale\" content=\"pl_PL\" \/>\n<meta property=\"og:type\" content=\"article\" \/>\n<meta property=\"og:title\" content=\"Forma uniwersalna do ci\u0119\u017cark\u00f3w motylek  F-083 ( 100 gr. ) - Formy w\u0119dkarskie\" \/>\n<meta property=\"og:description\" content=\"Gramatura 100 gram.  Z tej formy, mo\u017cna odlewa\u0107 ci\u0119\u017carki w trzech rodzajach, jako ci\u0119\u017carki przelotowe, jako ci\u0119\u017carki z kr\u0119tlikiem lub oczkiem.  Do odlewania ci\u0119\u017carka zastosowanie maj\u0105 kr\u0119tliki w rozmiarze 6 lub 8, a tak\u017ce oczka w rozmiarze 1.  Do wersji przelotowej mo\u017cna stosowa\u0107 rurki igielitowe 3 mm.  W zestawie pr\u0119t o \u015brednicy 3,2 mm.\" \/>\n<meta property=\"og:url\" content=\"https:\/\/zakupynaryby.pl\/index.php\/product\/forma-uniwersalna-do-ciezarkow-motylek-f-083-100-gr\/\" \/>\n<meta property=\"og:site_name\" content=\"Formy w\u0119dkarskie\" \/>\n<meta property=\"article:modified_time\" content=\"2025-06-13T12:00:09+00:00\" \/>\n<meta property=\"og:image\" content=\"https:\/\/zakupynaryby.pl\/wp-content\/uploads\/2022\/05\/f83.jpg\" \/>\n\t<meta property=\"og:image:width\" content=\"1024\" \/>\n\t<meta property=\"og:image:height\" content=\"1023\" \/>\n\t<meta property=\"og:image:type\" content=\"image\/jpeg\" \/>\n<meta name=\"twitter:card\" content=\"summary_large_image\" \/>\n<meta name=\"twitter:label1\" content=\"Szacowany czas czytania\" \/>\n\t<meta name=\"twitter:data1\" content=\"1 minuta\" \/>\n<script type=\"application\/ld+json\" class=\"yoast-schema-graph\">{\"@context\":\"https:\\\/\\\/schema.org\",\"@graph\":[{\"@type\":\"WebPage\",\"@id\":\"https:\\\/\\\/zakupynaryby.pl\\\/index.php\\\/product\\\/forma-uniwersalna-do-ciezarkow-motylek-f-083-100-gr\\\/\",\"url\":\"https:\\\/\\\/zakupynaryby.pl\\\/index.php\\\/product\\\/forma-uniwersalna-do-ciezarkow-motylek-f-083-100-gr\\\/\",\"name\":\"Forma uniwersalna do ci\u0119\u017cark\u00f3w motylek F-083 ( 100 gr. ) - Formy w\u0119dkarskie\",\"isPartOf\":{\"@id\":\"https:\\\/\\\/zakupynaryby.pl\\\/#website\"},\"primaryImageOfPage\":{\"@id\":\"https:\\\/\\\/zakupynaryby.pl\\\/index.php\\\/product\\\/forma-uniwersalna-do-ciezarkow-motylek-f-083-100-gr\\\/#primaryimage\"},\"image\":{\"@id\":\"https:\\\/\\\/zakupynaryby.pl\\\/index.php\\\/product\\\/forma-uniwersalna-do-ciezarkow-motylek-f-083-100-gr\\\/#primaryimage\"},\"thumbnailUrl\":\"https:\\\/\\\/zakupynaryby.pl\\\/wp-content\\\/uploads\\\/2022\\\/05\\\/f83.jpg\",\"datePublished\":\"2022-05-17T07:54:17+00:00\",\"dateModified\":\"2025-06-13T12:00:09+00:00\",\"breadcrumb\":{\"@id\":\"https:\\\/\\\/zakupynaryby.pl\\\/index.php\\\/product\\\/forma-uniwersalna-do-ciezarkow-motylek-f-083-100-gr\\\/#breadcrumb\"},\"inLanguage\":\"pl-PL\",\"potentialAction\":[{\"@type\":\"ReadAction\",\"target\":[\"https:\\\/\\\/zakupynaryby.pl\\\/index.php\\\/product\\\/forma-uniwersalna-do-ciezarkow-motylek-f-083-100-gr\\\/\"]}]},{\"@type\":\"ImageObject\",\"inLanguage\":\"pl-PL\",\"@id\":\"https:\\\/\\\/zakupynaryby.pl\\\/index.php\\\/product\\\/forma-uniwersalna-do-ciezarkow-motylek-f-083-100-gr\\\/#primaryimage\",\"url\":\"https:\\\/\\\/zakupynaryby.pl\\\/wp-content\\\/uploads\\\/2022\\\/05\\\/f83.jpg\",\"contentUrl\":\"https:\\\/\\\/zakupynaryby.pl\\\/wp-content\\\/uploads\\\/2022\\\/05\\\/f83.jpg\",\"width\":1024,\"height\":1023,\"caption\":\"F-083\"},{\"@type\":\"BreadcrumbList\",\"@id\":\"https:\\\/\\\/zakupynaryby.pl\\\/index.php\\\/product\\\/forma-uniwersalna-do-ciezarkow-motylek-f-083-100-gr\\\/#breadcrumb\",\"itemListElement\":[{\"@type\":\"ListItem\",\"position\":1,\"name\":\"Strona g\u0142\u00f3wna\",\"item\":\"https:\\\/\\\/zakupynaryby.pl\\\/\"},{\"@type\":\"ListItem\",\"position\":2,\"name\":\"Shop\",\"item\":\"https:\\\/\\\/zakupynaryby.pl\\\/index.php\\\/shop\\\/\"},{\"@type\":\"ListItem\",\"position\":3,\"name\":\"Forma uniwersalna do ci\u0119\u017cark\u00f3w motylek F-083 ( 100 gr. )\"}]},{\"@type\":\"WebSite\",\"@id\":\"https:\\\/\\\/zakupynaryby.pl\\\/#website\",\"url\":\"https:\\\/\\\/zakupynaryby.pl\\\/\",\"name\":\"Formy w\u0119dkarskie\",\"description\":\"Formy do odlewania ci\u0119\u017cark&oacute;w w\u0119dkarskich\",\"publisher\":{\"@id\":\"https:\\\/\\\/zakupynaryby.pl\\\/#organization\"},\"potentialAction\":[{\"@type\":\"SearchAction\",\"target\":{\"@type\":\"EntryPoint\",\"urlTemplate\":\"https:\\\/\\\/zakupynaryby.pl\\\/?s={search_term_string}\"},\"query-input\":{\"@type\":\"PropertyValueSpecification\",\"valueRequired\":true,\"valueName\":\"search_term_string\"}}],\"inLanguage\":\"pl-PL\"},{\"@type\":\"Organization\",\"@id\":\"https:\\\/\\\/zakupynaryby.pl\\\/#organization\",\"name\":\"Formy w\u0119dkarskie\",\"url\":\"https:\\\/\\\/zakupynaryby.pl\\\/\",\"logo\":{\"@type\":\"ImageObject\",\"inLanguage\":\"pl-PL\",\"@id\":\"https:\\\/\\\/zakupynaryby.pl\\\/#\\\/schema\\\/logo\\\/image\\\/\",\"url\":\"https:\\\/\\\/zakupynaryby.pl\\\/wp-content\\\/uploads\\\/2022\\\/05\\\/zakupy.jpg\",\"contentUrl\":\"https:\\\/\\\/zakupynaryby.pl\\\/wp-content\\\/uploads\\\/2022\\\/05\\\/zakupy.jpg\",\"width\":500,\"height\":153,\"caption\":\"Formy w\u0119dkarskie\"},\"image\":{\"@id\":\"https:\\\/\\\/zakupynaryby.pl\\\/#\\\/schema\\\/logo\\\/image\\\/\"}}]}<\/script>\n<!-- \/ Yoast SEO plugin. -->","yoast_head_json":{"title":"Forma uniwersalna do ci\u0119\u017cark\u00f3w motylek  F-083 ( 100 gr. ) - Formy w\u0119dkarskie","robots":{"index":"index","follow":"follow","max-snippet":"max-snippet:-1","max-image-preview":"max-image-preview:large","max-video-preview":"max-video-preview:-1"},"canonical":"https:\/\/zakupynaryby.pl\/index.php\/product\/forma-uniwersalna-do-ciezarkow-motylek-f-083-100-gr\/","og_locale":"pl_PL","og_type":"article","og_title":"Forma uniwersalna do ci\u0119\u017cark\u00f3w motylek  F-083 ( 100 gr. ) - Formy w\u0119dkarskie","og_description":"Gramatura 100 gram.  Z tej formy, mo\u017cna odlewa\u0107 ci\u0119\u017carki w trzech rodzajach, jako ci\u0119\u017carki przelotowe, jako ci\u0119\u017carki z kr\u0119tlikiem lub oczkiem.  Do odlewania ci\u0119\u017carka zastosowanie maj\u0105 kr\u0119tliki w rozmiarze 6 lub 8, a tak\u017ce oczka w rozmiarze 1.  Do wersji przelotowej mo\u017cna stosowa\u0107 rurki igielitowe 3 mm.  W zestawie pr\u0119t o \u015brednicy 3,2 mm.","og_url":"https:\/\/zakupynaryby.pl\/index.php\/product\/forma-uniwersalna-do-ciezarkow-motylek-f-083-100-gr\/","og_site_name":"Formy w\u0119dkarskie","article_modified_time":"2025-06-13T12:00:09+00:00","og_image":[{"width":1024,"height":1023,"url":"https:\/\/zakupynaryby.pl\/wp-content\/uploads\/2022\/05\/f83.jpg","type":"image\/jpeg"}],"twitter_card":"summary_large_image","twitter_misc":{"Szacowany czas czytania":"1 minuta"},"schema":{"@context":"https:\/\/schema.org","@graph":[{"@type":"WebPage","@id":"https:\/\/zakupynaryby.pl\/index.php\/product\/forma-uniwersalna-do-ciezarkow-motylek-f-083-100-gr\/","url":"https:\/\/zakupynaryby.pl\/index.php\/product\/forma-uniwersalna-do-ciezarkow-motylek-f-083-100-gr\/","name":"Forma uniwersalna do ci\u0119\u017cark\u00f3w motylek F-083 ( 100 gr. ) - Formy w\u0119dkarskie","isPartOf":{"@id":"https:\/\/zakupynaryby.pl\/#website"},"primaryImageOfPage":{"@id":"https:\/\/zakupynaryby.pl\/index.php\/product\/forma-uniwersalna-do-ciezarkow-motylek-f-083-100-gr\/#primaryimage"},"image":{"@id":"https:\/\/zakupynaryby.pl\/index.php\/product\/forma-uniwersalna-do-ciezarkow-motylek-f-083-100-gr\/#primaryimage"},"thumbnailUrl":"https:\/\/zakupynaryby.pl\/wp-content\/uploads\/2022\/05\/f83.jpg","datePublished":"2022-05-17T07:54:17+00:00","dateModified":"2025-06-13T12:00:09+00:00","breadcrumb":{"@id":"https:\/\/zakupynaryby.pl\/index.php\/product\/forma-uniwersalna-do-ciezarkow-motylek-f-083-100-gr\/#breadcrumb"},"inLanguage":"pl-PL","potentialAction":[{"@type":"ReadAction","target":["https:\/\/zakupynaryby.pl\/index.php\/product\/forma-uniwersalna-do-ciezarkow-motylek-f-083-100-gr\/"]}]},{"@type":"ImageObject","inLanguage":"pl-PL","@id":"https:\/\/zakupynaryby.pl\/index.php\/product\/forma-uniwersalna-do-ciezarkow-motylek-f-083-100-gr\/#primaryimage","url":"https:\/\/zakupynaryby.pl\/wp-content\/uploads\/2022\/05\/f83.jpg","contentUrl":"https:\/\/zakupynaryby.pl\/wp-content\/uploads\/2022\/05\/f83.jpg","width":1024,"height":1023,"caption":"F-083"},{"@type":"BreadcrumbList","@id":"https:\/\/zakupynaryby.pl\/index.php\/product\/forma-uniwersalna-do-ciezarkow-motylek-f-083-100-gr\/#breadcrumb","itemListElement":[{"@type":"ListItem","position":1,"name":"Strona g\u0142\u00f3wna","item":"https:\/\/zakupynaryby.pl\/"},{"@type":"ListItem","position":2,"name":"Shop","item":"https:\/\/zakupynaryby.pl\/index.php\/shop\/"},{"@type":"ListItem","position":3,"name":"Forma uniwersalna do ci\u0119\u017cark\u00f3w motylek F-083 ( 100 gr. )"}]},{"@type":"WebSite","@id":"https:\/\/zakupynaryby.pl\/#website","url":"https:\/\/zakupynaryby.pl\/","name":"Formy w\u0119dkarskie","description":"Formy do odlewania ci\u0119\u017cark&oacute;w w\u0119dkarskich","publisher":{"@id":"https:\/\/zakupynaryby.pl\/#organization"},"potentialAction":[{"@type":"SearchAction","target":{"@type":"EntryPoint","urlTemplate":"https:\/\/zakupynaryby.pl\/?s={search_term_string}"},"query-input":{"@type":"PropertyValueSpecification","valueRequired":true,"valueName":"search_term_string"}}],"inLanguage":"pl-PL"},{"@type":"Organization","@id":"https:\/\/zakupynaryby.pl\/#organization","name":"Formy w\u0119dkarskie","url":"https:\/\/zakupynaryby.pl\/","logo":{"@type":"ImageObject","inLanguage":"pl-PL","@id":"https:\/\/zakupynaryby.pl\/#\/schema\/logo\/image\/","url":"https:\/\/zakupynaryby.pl\/wp-content\/uploads\/2022\/05\/zakupy.jpg","contentUrl":"https:\/\/zakupynaryby.pl\/wp-content\/uploads\/2022\/05\/zakupy.jpg","width":500,"height":153,"caption":"Formy w\u0119dkarskie"},"image":{"@id":"https:\/\/zakupynaryby.pl\/#\/schema\/logo\/image\/"}}]}},"_links":{"self":[{"href":"https:\/\/zakupynaryby.pl\/index.php\/wp-json\/wp\/v2\/product\/609","targetHints":{"allow":["GET"]}}],"collection":[{"href":"https:\/\/zakupynaryby.pl\/index.php\/wp-json\/wp\/v2\/product"}],"about":[{"href":"https:\/\/zakupynaryby.pl\/index.php\/wp-json\/wp\/v2\/types\/product"}],"wp:featuredmedia":[{"embeddable":true,"href":"https:\/\/zakupynaryby.pl\/index.php\/wp-json\/wp\/v2\/media\/2799"}],"wp:attachment":[{"href":"https:\/\/zakupynaryby.pl\/index.php\/wp-json\/wp\/v2\/media?parent=609"}],"wp:term":[{"taxonomy":"product_brand","embeddable":true,"href":"https:\/\/zakupynaryby.pl\/index.php\/wp-json\/wp\/v2\/product_brand?post=609"},{"taxonomy":"product_cat","embeddable":true,"href":"https:\/\/zakupynaryby.pl\/index.php\/wp-json\/wp\/v2\/product_cat?post=609"},{"taxonomy":"product_tag","embeddable":true,"href":"https:\/\/zakupynaryby.pl\/index.php\/wp-json\/wp\/v2\/product_tag?post=609"}],"curies":[{"name":"wp","href":"https:\/\/api.w.org\/{rel}","templated":true}]}}