{"id":6292,"date":"2024-12-04T12:36:27","date_gmt":"2024-12-04T11:36:27","guid":{"rendered":"https:\/\/www.zakupynaryby.pl\/?post_type=product&#038;p=6292"},"modified":"2026-04-24T05:51:18","modified_gmt":"2026-04-24T03:51:18","slug":"forma-do-wirujacych-ogonkow","status":"publish","type":"product","link":"https:\/\/zakupynaryby.pl\/index.php\/product\/forma-do-wirujacych-ogonkow\/","title":{"rendered":"Forma do wiruj\u0105cych ogonk\u00f3w <br> F-147 ( 3,5 4 5 6 7 gr. )"},"content":{"rendered":"<p>Forma do wiruj\u0105cych ogonk\u00f3w.<\/p>\n<p>Gramatura: 3,5 4 5 6 7 gr.<\/p>\n<p>Odpowiednie akcesoria: oczka w rozmiarze \u201emini\u201d, k\u00f3\u0142ka \u0142\u0105cznikowe 5,5 mm, b\u0142ystka i kotwica wed\u0142ug uznania.<\/p>\n<p><a href=\"https:\/\/zakupynaryby.pl\/index.php\/product\/wkladki-do-formy-nr-147\/\">Wk\u0142adki do formy nr 147<\/a><\/p>\n<p>&nbsp;<\/p>\n<p>Uwaga dotycz\u0105ca bezpiecze\u0144stwa produktu:<\/p>\n<ul>\n<li>\u2022 Nigdy nie zalewaj mokrej formy.<br \/>\n\u2022 U\u017cywaj okular\u00f3w ochronnych i r\u0119kawic termicznych.<br \/>\n\u2022 Zapewnij odpowiedni\u0105 wentylacj\u0119 w pomieszczeniu pracy.<\/li>\n<\/ul>\n","protected":false},"excerpt":{"rendered":"<p><strong>Gramatura: 3,5 4 5 6 7 gr.<\/strong><\/p>\n<p><strong><a href=\"https:\/\/zakupynaryby.pl\/index.php\/product\/wkladki-do-formy-nr-147\/\">Wk\u0142adki do formy nr 147<\/a><\/strong><\/p>\n","protected":false},"featured_media":6557,"template":"","meta":[],"product_brand":[],"product_cat":[55,78],"product_tag":[],"class_list":{"0":"post-6292","1":"product","2":"type-product","3":"status-publish","4":"has-post-thumbnail","6":"product_cat-jigi","7":"product_cat-formy-wedkarskie","9":"first","10":"instock","11":"shipping-taxable","12":"purchasable","13":"product-type-simple"},"yoast_head":"<!-- This site is optimized with the Yoast SEO plugin v27.5 - https:\/\/yoast.com\/product\/yoast-seo-wordpress\/ -->\n<title>Forma do wiruj\u0105cych ogonk\u00f3w<\/title>\n<meta name=\"description\" content=\"Forma do wiruj\u0105cych ogonk\u00f3w. Gramatura 3,5 4 5 6 7 gr. Odpowiednie akcesoria uszy mini, k\u00f3\u0142ka \u0142\u0105cznikowe 5,5 mm, b\u0142ystka i kotwica wed\u0142ug uznania.\" \/>\n<meta name=\"robots\" content=\"index, follow, max-snippet:-1, max-image-preview:large, max-video-preview:-1\" \/>\n<link rel=\"canonical\" href=\"https:\/\/zakupynaryby.pl\/index.php\/product\/forma-do-wirujacych-ogonkow\/\" \/>\n<meta property=\"og:locale\" content=\"pl_PL\" \/>\n<meta property=\"og:type\" content=\"article\" \/>\n<meta property=\"og:title\" content=\"Forma do wiruj\u0105cych ogonk\u00f3w\" \/>\n<meta property=\"og:description\" content=\"Forma do wiruj\u0105cych ogonk\u00f3w. Gramatura 3,5 4 5 6 7 gr. Odpowiednie akcesoria uszy mini, k\u00f3\u0142ka \u0142\u0105cznikowe 5,5 mm, b\u0142ystka i kotwica wed\u0142ug uznania.\" \/>\n<meta property=\"og:url\" content=\"https:\/\/zakupynaryby.pl\/index.php\/product\/forma-do-wirujacych-ogonkow\/\" \/>\n<meta property=\"og:site_name\" content=\"Formy w\u0119dkarskie\" \/>\n<meta property=\"article:modified_time\" content=\"2026-04-24T03:51:18+00:00\" \/>\n<meta property=\"og:image\" content=\"https:\/\/zakupynaryby.pl\/wp-content\/uploads\/2024\/12\/F-147-1.jpg\" \/>\n\t<meta property=\"og:image:width\" content=\"600\" \/>\n\t<meta property=\"og:image:height\" content=\"601\" \/>\n\t<meta property=\"og:image:type\" content=\"image\/jpeg\" \/>\n<meta name=\"twitter:card\" content=\"summary_large_image\" \/>\n<meta name=\"twitter:label1\" content=\"Szacowany czas czytania\" \/>\n\t<meta name=\"twitter:data1\" content=\"1 minuta\" \/>\n<script type=\"application\/ld+json\" class=\"yoast-schema-graph\">{\"@context\":\"https:\\\/\\\/schema.org\",\"@graph\":[{\"@type\":\"WebPage\",\"@id\":\"https:\\\/\\\/zakupynaryby.pl\\\/index.php\\\/product\\\/forma-do-wirujacych-ogonkow\\\/\",\"url\":\"https:\\\/\\\/zakupynaryby.pl\\\/index.php\\\/product\\\/forma-do-wirujacych-ogonkow\\\/\",\"name\":\"Forma do wiruj\u0105cych ogonk\u00f3w\",\"isPartOf\":{\"@id\":\"https:\\\/\\\/zakupynaryby.pl\\\/#website\"},\"primaryImageOfPage\":{\"@id\":\"https:\\\/\\\/zakupynaryby.pl\\\/index.php\\\/product\\\/forma-do-wirujacych-ogonkow\\\/#primaryimage\"},\"image\":{\"@id\":\"https:\\\/\\\/zakupynaryby.pl\\\/index.php\\\/product\\\/forma-do-wirujacych-ogonkow\\\/#primaryimage\"},\"thumbnailUrl\":\"https:\\\/\\\/zakupynaryby.pl\\\/wp-content\\\/uploads\\\/2024\\\/12\\\/F-147-1.jpg\",\"datePublished\":\"2024-12-04T11:36:27+00:00\",\"dateModified\":\"2026-04-24T03:51:18+00:00\",\"description\":\"Forma do wiruj\u0105cych ogonk\u00f3w. Gramatura 3,5 4 5 6 7 gr. Odpowiednie akcesoria uszy mini, k\u00f3\u0142ka \u0142\u0105cznikowe 5,5 mm, b\u0142ystka i kotwica wed\u0142ug uznania.\",\"breadcrumb\":{\"@id\":\"https:\\\/\\\/zakupynaryby.pl\\\/index.php\\\/product\\\/forma-do-wirujacych-ogonkow\\\/#breadcrumb\"},\"inLanguage\":\"pl-PL\",\"potentialAction\":[{\"@type\":\"ReadAction\",\"target\":[\"https:\\\/\\\/zakupynaryby.pl\\\/index.php\\\/product\\\/forma-do-wirujacych-ogonkow\\\/\"]}]},{\"@type\":\"ImageObject\",\"inLanguage\":\"pl-PL\",\"@id\":\"https:\\\/\\\/zakupynaryby.pl\\\/index.php\\\/product\\\/forma-do-wirujacych-ogonkow\\\/#primaryimage\",\"url\":\"https:\\\/\\\/zakupynaryby.pl\\\/wp-content\\\/uploads\\\/2024\\\/12\\\/F-147-1.jpg\",\"contentUrl\":\"https:\\\/\\\/zakupynaryby.pl\\\/wp-content\\\/uploads\\\/2024\\\/12\\\/F-147-1.jpg\",\"width\":600,\"height\":601,\"caption\":\"forma do odlewania wiruj\u0105cych ogonk\u00f3w\"},{\"@type\":\"BreadcrumbList\",\"@id\":\"https:\\\/\\\/zakupynaryby.pl\\\/index.php\\\/product\\\/forma-do-wirujacych-ogonkow\\\/#breadcrumb\",\"itemListElement\":[{\"@type\":\"ListItem\",\"position\":1,\"name\":\"Strona g\u0142\u00f3wna\",\"item\":\"https:\\\/\\\/zakupynaryby.pl\\\/\"},{\"@type\":\"ListItem\",\"position\":2,\"name\":\"Shop\",\"item\":\"https:\\\/\\\/zakupynaryby.pl\\\/index.php\\\/shop\\\/\"},{\"@type\":\"ListItem\",\"position\":3,\"name\":\"Forma do wiruj\u0105cych ogonk\u00f3w F-147 ( 3,5 4 5 6 7 gr. )\"}]},{\"@type\":\"WebSite\",\"@id\":\"https:\\\/\\\/zakupynaryby.pl\\\/#website\",\"url\":\"https:\\\/\\\/zakupynaryby.pl\\\/\",\"name\":\"Formy w\u0119dkarskie\",\"description\":\"Formy do odlewania ci\u0119\u017cark&oacute;w w\u0119dkarskich\",\"publisher\":{\"@id\":\"https:\\\/\\\/zakupynaryby.pl\\\/#organization\"},\"potentialAction\":[{\"@type\":\"SearchAction\",\"target\":{\"@type\":\"EntryPoint\",\"urlTemplate\":\"https:\\\/\\\/zakupynaryby.pl\\\/?s={search_term_string}\"},\"query-input\":{\"@type\":\"PropertyValueSpecification\",\"valueRequired\":true,\"valueName\":\"search_term_string\"}}],\"inLanguage\":\"pl-PL\"},{\"@type\":\"Organization\",\"@id\":\"https:\\\/\\\/zakupynaryby.pl\\\/#organization\",\"name\":\"Formy w\u0119dkarskie\",\"url\":\"https:\\\/\\\/zakupynaryby.pl\\\/\",\"logo\":{\"@type\":\"ImageObject\",\"inLanguage\":\"pl-PL\",\"@id\":\"https:\\\/\\\/zakupynaryby.pl\\\/#\\\/schema\\\/logo\\\/image\\\/\",\"url\":\"https:\\\/\\\/zakupynaryby.pl\\\/wp-content\\\/uploads\\\/2022\\\/05\\\/zakupy.jpg\",\"contentUrl\":\"https:\\\/\\\/zakupynaryby.pl\\\/wp-content\\\/uploads\\\/2022\\\/05\\\/zakupy.jpg\",\"width\":500,\"height\":153,\"caption\":\"Formy w\u0119dkarskie\"},\"image\":{\"@id\":\"https:\\\/\\\/zakupynaryby.pl\\\/#\\\/schema\\\/logo\\\/image\\\/\"}}]}<\/script>\n<!-- \/ Yoast SEO plugin. -->","yoast_head_json":{"title":"Forma do wiruj\u0105cych ogonk\u00f3w","description":"Forma do wiruj\u0105cych ogonk\u00f3w. Gramatura 3,5 4 5 6 7 gr. Odpowiednie akcesoria uszy mini, k\u00f3\u0142ka \u0142\u0105cznikowe 5,5 mm, b\u0142ystka i kotwica wed\u0142ug uznania.","robots":{"index":"index","follow":"follow","max-snippet":"max-snippet:-1","max-image-preview":"max-image-preview:large","max-video-preview":"max-video-preview:-1"},"canonical":"https:\/\/zakupynaryby.pl\/index.php\/product\/forma-do-wirujacych-ogonkow\/","og_locale":"pl_PL","og_type":"article","og_title":"Forma do wiruj\u0105cych ogonk\u00f3w","og_description":"Forma do wiruj\u0105cych ogonk\u00f3w. Gramatura 3,5 4 5 6 7 gr. Odpowiednie akcesoria uszy mini, k\u00f3\u0142ka \u0142\u0105cznikowe 5,5 mm, b\u0142ystka i kotwica wed\u0142ug uznania.","og_url":"https:\/\/zakupynaryby.pl\/index.php\/product\/forma-do-wirujacych-ogonkow\/","og_site_name":"Formy w\u0119dkarskie","article_modified_time":"2026-04-24T03:51:18+00:00","og_image":[{"width":600,"height":601,"url":"https:\/\/zakupynaryby.pl\/wp-content\/uploads\/2024\/12\/F-147-1.jpg","type":"image\/jpeg"}],"twitter_card":"summary_large_image","twitter_misc":{"Szacowany czas czytania":"1 minuta"},"schema":{"@context":"https:\/\/schema.org","@graph":[{"@type":"WebPage","@id":"https:\/\/zakupynaryby.pl\/index.php\/product\/forma-do-wirujacych-ogonkow\/","url":"https:\/\/zakupynaryby.pl\/index.php\/product\/forma-do-wirujacych-ogonkow\/","name":"Forma do wiruj\u0105cych ogonk\u00f3w","isPartOf":{"@id":"https:\/\/zakupynaryby.pl\/#website"},"primaryImageOfPage":{"@id":"https:\/\/zakupynaryby.pl\/index.php\/product\/forma-do-wirujacych-ogonkow\/#primaryimage"},"image":{"@id":"https:\/\/zakupynaryby.pl\/index.php\/product\/forma-do-wirujacych-ogonkow\/#primaryimage"},"thumbnailUrl":"https:\/\/zakupynaryby.pl\/wp-content\/uploads\/2024\/12\/F-147-1.jpg","datePublished":"2024-12-04T11:36:27+00:00","dateModified":"2026-04-24T03:51:18+00:00","description":"Forma do wiruj\u0105cych ogonk\u00f3w. Gramatura 3,5 4 5 6 7 gr. Odpowiednie akcesoria uszy mini, k\u00f3\u0142ka \u0142\u0105cznikowe 5,5 mm, b\u0142ystka i kotwica wed\u0142ug uznania.","breadcrumb":{"@id":"https:\/\/zakupynaryby.pl\/index.php\/product\/forma-do-wirujacych-ogonkow\/#breadcrumb"},"inLanguage":"pl-PL","potentialAction":[{"@type":"ReadAction","target":["https:\/\/zakupynaryby.pl\/index.php\/product\/forma-do-wirujacych-ogonkow\/"]}]},{"@type":"ImageObject","inLanguage":"pl-PL","@id":"https:\/\/zakupynaryby.pl\/index.php\/product\/forma-do-wirujacych-ogonkow\/#primaryimage","url":"https:\/\/zakupynaryby.pl\/wp-content\/uploads\/2024\/12\/F-147-1.jpg","contentUrl":"https:\/\/zakupynaryby.pl\/wp-content\/uploads\/2024\/12\/F-147-1.jpg","width":600,"height":601,"caption":"forma do odlewania wiruj\u0105cych ogonk\u00f3w"},{"@type":"BreadcrumbList","@id":"https:\/\/zakupynaryby.pl\/index.php\/product\/forma-do-wirujacych-ogonkow\/#breadcrumb","itemListElement":[{"@type":"ListItem","position":1,"name":"Strona g\u0142\u00f3wna","item":"https:\/\/zakupynaryby.pl\/"},{"@type":"ListItem","position":2,"name":"Shop","item":"https:\/\/zakupynaryby.pl\/index.php\/shop\/"},{"@type":"ListItem","position":3,"name":"Forma do wiruj\u0105cych ogonk\u00f3w F-147 ( 3,5 4 5 6 7 gr. )"}]},{"@type":"WebSite","@id":"https:\/\/zakupynaryby.pl\/#website","url":"https:\/\/zakupynaryby.pl\/","name":"Formy w\u0119dkarskie","description":"Formy do odlewania ci\u0119\u017cark&oacute;w w\u0119dkarskich","publisher":{"@id":"https:\/\/zakupynaryby.pl\/#organization"},"potentialAction":[{"@type":"SearchAction","target":{"@type":"EntryPoint","urlTemplate":"https:\/\/zakupynaryby.pl\/?s={search_term_string}"},"query-input":{"@type":"PropertyValueSpecification","valueRequired":true,"valueName":"search_term_string"}}],"inLanguage":"pl-PL"},{"@type":"Organization","@id":"https:\/\/zakupynaryby.pl\/#organization","name":"Formy w\u0119dkarskie","url":"https:\/\/zakupynaryby.pl\/","logo":{"@type":"ImageObject","inLanguage":"pl-PL","@id":"https:\/\/zakupynaryby.pl\/#\/schema\/logo\/image\/","url":"https:\/\/zakupynaryby.pl\/wp-content\/uploads\/2022\/05\/zakupy.jpg","contentUrl":"https:\/\/zakupynaryby.pl\/wp-content\/uploads\/2022\/05\/zakupy.jpg","width":500,"height":153,"caption":"Formy w\u0119dkarskie"},"image":{"@id":"https:\/\/zakupynaryby.pl\/#\/schema\/logo\/image\/"}}]}},"_links":{"self":[{"href":"https:\/\/zakupynaryby.pl\/index.php\/wp-json\/wp\/v2\/product\/6292","targetHints":{"allow":["GET"]}}],"collection":[{"href":"https:\/\/zakupynaryby.pl\/index.php\/wp-json\/wp\/v2\/product"}],"about":[{"href":"https:\/\/zakupynaryby.pl\/index.php\/wp-json\/wp\/v2\/types\/product"}],"wp:featuredmedia":[{"embeddable":true,"href":"https:\/\/zakupynaryby.pl\/index.php\/wp-json\/wp\/v2\/media\/6557"}],"wp:attachment":[{"href":"https:\/\/zakupynaryby.pl\/index.php\/wp-json\/wp\/v2\/media?parent=6292"}],"wp:term":[{"taxonomy":"product_brand","embeddable":true,"href":"https:\/\/zakupynaryby.pl\/index.php\/wp-json\/wp\/v2\/product_brand?post=6292"},{"taxonomy":"product_cat","embeddable":true,"href":"https:\/\/zakupynaryby.pl\/index.php\/wp-json\/wp\/v2\/product_cat?post=6292"},{"taxonomy":"product_tag","embeddable":true,"href":"https:\/\/zakupynaryby.pl\/index.php\/wp-json\/wp\/v2\/product_tag?post=6292"}],"curies":[{"name":"wp","href":"https:\/\/api.w.org\/{rel}","templated":true}]}}