{"id":6479,"date":"2024-12-20T22:17:07","date_gmt":"2024-12-20T21:17:07","guid":{"rendered":"https:\/\/www.zakupynaryby.pl\/?post_type=product&#038;p=6479"},"modified":"2026-02-04T15:45:14","modified_gmt":"2026-02-04T14:45:14","slug":"blystki-obrotowki-spiningowe","status":"publish","type":"product","link":"https:\/\/zakupynaryby.pl\/index.php\/product\/blystki-obrotowki-spiningowe\/","title":{"rendered":"B\u0142ystki Obrot\u00f3wki spiningowe"},"content":{"rendered":"<p>B\u0142ystki Obrot\u00f3wki spiningowe.<\/p>\n<p>Ilo\u015b\u0107: 10 sztuk obrot\u00f3wek + pude\u0142ko.<\/p>\n<p>Waga: 3 g<\/p>\n<p>Do po\u0142owu: szczupaka, okonia, jazia, klenia, pstr\u0105ga, lipienia.<\/p>\n","protected":false},"excerpt":{"rendered":"<p>Waga: 3 g<\/p>\n<p>Ilo\u015b\u0107: 10 sztuk obrot\u00f3wek + pude\u0142ko.<\/p>\n","protected":false},"featured_media":6481,"template":"","meta":[],"product_brand":[],"product_cat":[110,16,69],"product_tag":[],"class_list":{"0":"post-6479","1":"product","2":"type-product","3":"status-publish","4":"has-post-thumbnail","6":"product_cat-inne-2","7":"product_cat-wszystkie-produkty","8":"product_cat-zestawy","10":"first","11":"instock","12":"shipping-taxable","13":"purchasable","14":"product-type-simple"},"yoast_head":"<!-- This site is optimized with the Yoast SEO plugin v27.3 - https:\/\/yoast.com\/product\/yoast-seo-wordpress\/ -->\n<title>B\u0142ystki Obrot\u00f3wki spiningowe - Formy w\u0119dkarskie<\/title>\n<meta name=\"description\" content=\"B\u0142ystki Obrot\u00f3wki spiningowe. Ilo\u015b\u0107: 10 sztuk obrot\u00f3wek + pude\u0142ko. Waga: 3 gramy. Do po\u0142owu: szczupaka, okonia, jazia, klenia, pstr\u0105ga, lipienia.\" \/>\n<meta name=\"robots\" content=\"index, follow, max-snippet:-1, max-image-preview:large, max-video-preview:-1\" \/>\n<link rel=\"canonical\" href=\"https:\/\/zakupynaryby.pl\/index.php\/product\/blystki-obrotowki-spiningowe\/\" \/>\n<meta property=\"og:locale\" content=\"pl_PL\" \/>\n<meta property=\"og:type\" content=\"article\" \/>\n<meta property=\"og:title\" content=\"B\u0142ystki Obrot\u00f3wki spiningowe - Formy w\u0119dkarskie\" \/>\n<meta property=\"og:description\" content=\"B\u0142ystki Obrot\u00f3wki spiningowe. Ilo\u015b\u0107: 10 sztuk obrot\u00f3wek + pude\u0142ko. Waga: 3 gramy. Do po\u0142owu: szczupaka, okonia, jazia, klenia, pstr\u0105ga, lipienia.\" \/>\n<meta property=\"og:url\" content=\"https:\/\/zakupynaryby.pl\/index.php\/product\/blystki-obrotowki-spiningowe\/\" \/>\n<meta property=\"og:site_name\" content=\"Formy w\u0119dkarskie\" \/>\n<meta property=\"article:modified_time\" content=\"2026-02-04T14:45:14+00:00\" \/>\n<meta property=\"og:image\" content=\"https:\/\/zakupynaryby.pl\/wp-content\/uploads\/2024\/12\/Blystki-10-szt-e1735291638884.jpg\" \/>\n\t<meta property=\"og:image:width\" content=\"550\" \/>\n\t<meta property=\"og:image:height\" content=\"550\" \/>\n\t<meta property=\"og:image:type\" content=\"image\/jpeg\" \/>\n<meta name=\"twitter:card\" content=\"summary_large_image\" \/>\n<meta name=\"twitter:label1\" content=\"Szacowany czas czytania\" \/>\n\t<meta name=\"twitter:data1\" content=\"1 minuta\" \/>\n<script type=\"application\/ld+json\" class=\"yoast-schema-graph\">{\"@context\":\"https:\\\/\\\/schema.org\",\"@graph\":[{\"@type\":\"WebPage\",\"@id\":\"https:\\\/\\\/zakupynaryby.pl\\\/index.php\\\/product\\\/blystki-obrotowki-spiningowe\\\/\",\"url\":\"https:\\\/\\\/zakupynaryby.pl\\\/index.php\\\/product\\\/blystki-obrotowki-spiningowe\\\/\",\"name\":\"B\u0142ystki Obrot\u00f3wki spiningowe - Formy w\u0119dkarskie\",\"isPartOf\":{\"@id\":\"https:\\\/\\\/zakupynaryby.pl\\\/#website\"},\"primaryImageOfPage\":{\"@id\":\"https:\\\/\\\/zakupynaryby.pl\\\/index.php\\\/product\\\/blystki-obrotowki-spiningowe\\\/#primaryimage\"},\"image\":{\"@id\":\"https:\\\/\\\/zakupynaryby.pl\\\/index.php\\\/product\\\/blystki-obrotowki-spiningowe\\\/#primaryimage\"},\"thumbnailUrl\":\"https:\\\/\\\/zakupynaryby.pl\\\/wp-content\\\/uploads\\\/2024\\\/12\\\/Blystki-10-szt-e1735291638884.jpg\",\"datePublished\":\"2024-12-20T21:17:07+00:00\",\"dateModified\":\"2026-02-04T14:45:14+00:00\",\"description\":\"B\u0142ystki Obrot\u00f3wki spiningowe. Ilo\u015b\u0107: 10 sztuk obrot\u00f3wek + pude\u0142ko. Waga: 3 gramy. Do po\u0142owu: szczupaka, okonia, jazia, klenia, pstr\u0105ga, lipienia.\",\"breadcrumb\":{\"@id\":\"https:\\\/\\\/zakupynaryby.pl\\\/index.php\\\/product\\\/blystki-obrotowki-spiningowe\\\/#breadcrumb\"},\"inLanguage\":\"pl-PL\",\"potentialAction\":[{\"@type\":\"ReadAction\",\"target\":[\"https:\\\/\\\/zakupynaryby.pl\\\/index.php\\\/product\\\/blystki-obrotowki-spiningowe\\\/\"]}]},{\"@type\":\"ImageObject\",\"inLanguage\":\"pl-PL\",\"@id\":\"https:\\\/\\\/zakupynaryby.pl\\\/index.php\\\/product\\\/blystki-obrotowki-spiningowe\\\/#primaryimage\",\"url\":\"https:\\\/\\\/zakupynaryby.pl\\\/wp-content\\\/uploads\\\/2024\\\/12\\\/Blystki-10-szt-e1735291638884.jpg\",\"contentUrl\":\"https:\\\/\\\/zakupynaryby.pl\\\/wp-content\\\/uploads\\\/2024\\\/12\\\/Blystki-10-szt-e1735291638884.jpg\",\"width\":550,\"height\":550,\"caption\":\"B\u0142ystki Obrot\u00f3wki spiningowe\"},{\"@type\":\"BreadcrumbList\",\"@id\":\"https:\\\/\\\/zakupynaryby.pl\\\/index.php\\\/product\\\/blystki-obrotowki-spiningowe\\\/#breadcrumb\",\"itemListElement\":[{\"@type\":\"ListItem\",\"position\":1,\"name\":\"Strona g\u0142\u00f3wna\",\"item\":\"https:\\\/\\\/zakupynaryby.pl\\\/\"},{\"@type\":\"ListItem\",\"position\":2,\"name\":\"Shop\",\"item\":\"https:\\\/\\\/zakupynaryby.pl\\\/index.php\\\/shop\\\/\"},{\"@type\":\"ListItem\",\"position\":3,\"name\":\"B\u0142ystki Obrot\u00f3wki spiningowe\"}]},{\"@type\":\"WebSite\",\"@id\":\"https:\\\/\\\/zakupynaryby.pl\\\/#website\",\"url\":\"https:\\\/\\\/zakupynaryby.pl\\\/\",\"name\":\"Formy w\u0119dkarskie\",\"description\":\"Formy do odlewania ci\u0119\u017cark&oacute;w w\u0119dkarskich\",\"publisher\":{\"@id\":\"https:\\\/\\\/zakupynaryby.pl\\\/#organization\"},\"potentialAction\":[{\"@type\":\"SearchAction\",\"target\":{\"@type\":\"EntryPoint\",\"urlTemplate\":\"https:\\\/\\\/zakupynaryby.pl\\\/?s={search_term_string}\"},\"query-input\":{\"@type\":\"PropertyValueSpecification\",\"valueRequired\":true,\"valueName\":\"search_term_string\"}}],\"inLanguage\":\"pl-PL\"},{\"@type\":\"Organization\",\"@id\":\"https:\\\/\\\/zakupynaryby.pl\\\/#organization\",\"name\":\"Formy w\u0119dkarskie\",\"url\":\"https:\\\/\\\/zakupynaryby.pl\\\/\",\"logo\":{\"@type\":\"ImageObject\",\"inLanguage\":\"pl-PL\",\"@id\":\"https:\\\/\\\/zakupynaryby.pl\\\/#\\\/schema\\\/logo\\\/image\\\/\",\"url\":\"https:\\\/\\\/zakupynaryby.pl\\\/wp-content\\\/uploads\\\/2022\\\/05\\\/zakupy.jpg\",\"contentUrl\":\"https:\\\/\\\/zakupynaryby.pl\\\/wp-content\\\/uploads\\\/2022\\\/05\\\/zakupy.jpg\",\"width\":500,\"height\":153,\"caption\":\"Formy w\u0119dkarskie\"},\"image\":{\"@id\":\"https:\\\/\\\/zakupynaryby.pl\\\/#\\\/schema\\\/logo\\\/image\\\/\"}}]}<\/script>\n<!-- \/ Yoast SEO plugin. -->","yoast_head_json":{"title":"B\u0142ystki Obrot\u00f3wki spiningowe - Formy w\u0119dkarskie","description":"B\u0142ystki Obrot\u00f3wki spiningowe. Ilo\u015b\u0107: 10 sztuk obrot\u00f3wek + pude\u0142ko. Waga: 3 gramy. Do po\u0142owu: szczupaka, okonia, jazia, klenia, pstr\u0105ga, lipienia.","robots":{"index":"index","follow":"follow","max-snippet":"max-snippet:-1","max-image-preview":"max-image-preview:large","max-video-preview":"max-video-preview:-1"},"canonical":"https:\/\/zakupynaryby.pl\/index.php\/product\/blystki-obrotowki-spiningowe\/","og_locale":"pl_PL","og_type":"article","og_title":"B\u0142ystki Obrot\u00f3wki spiningowe - Formy w\u0119dkarskie","og_description":"B\u0142ystki Obrot\u00f3wki spiningowe. Ilo\u015b\u0107: 10 sztuk obrot\u00f3wek + pude\u0142ko. Waga: 3 gramy. Do po\u0142owu: szczupaka, okonia, jazia, klenia, pstr\u0105ga, lipienia.","og_url":"https:\/\/zakupynaryby.pl\/index.php\/product\/blystki-obrotowki-spiningowe\/","og_site_name":"Formy w\u0119dkarskie","article_modified_time":"2026-02-04T14:45:14+00:00","og_image":[{"width":550,"height":550,"url":"https:\/\/zakupynaryby.pl\/wp-content\/uploads\/2024\/12\/Blystki-10-szt-e1735291638884.jpg","type":"image\/jpeg"}],"twitter_card":"summary_large_image","twitter_misc":{"Szacowany czas czytania":"1 minuta"},"schema":{"@context":"https:\/\/schema.org","@graph":[{"@type":"WebPage","@id":"https:\/\/zakupynaryby.pl\/index.php\/product\/blystki-obrotowki-spiningowe\/","url":"https:\/\/zakupynaryby.pl\/index.php\/product\/blystki-obrotowki-spiningowe\/","name":"B\u0142ystki Obrot\u00f3wki spiningowe - Formy w\u0119dkarskie","isPartOf":{"@id":"https:\/\/zakupynaryby.pl\/#website"},"primaryImageOfPage":{"@id":"https:\/\/zakupynaryby.pl\/index.php\/product\/blystki-obrotowki-spiningowe\/#primaryimage"},"image":{"@id":"https:\/\/zakupynaryby.pl\/index.php\/product\/blystki-obrotowki-spiningowe\/#primaryimage"},"thumbnailUrl":"https:\/\/zakupynaryby.pl\/wp-content\/uploads\/2024\/12\/Blystki-10-szt-e1735291638884.jpg","datePublished":"2024-12-20T21:17:07+00:00","dateModified":"2026-02-04T14:45:14+00:00","description":"B\u0142ystki Obrot\u00f3wki spiningowe. Ilo\u015b\u0107: 10 sztuk obrot\u00f3wek + pude\u0142ko. Waga: 3 gramy. Do po\u0142owu: szczupaka, okonia, jazia, klenia, pstr\u0105ga, lipienia.","breadcrumb":{"@id":"https:\/\/zakupynaryby.pl\/index.php\/product\/blystki-obrotowki-spiningowe\/#breadcrumb"},"inLanguage":"pl-PL","potentialAction":[{"@type":"ReadAction","target":["https:\/\/zakupynaryby.pl\/index.php\/product\/blystki-obrotowki-spiningowe\/"]}]},{"@type":"ImageObject","inLanguage":"pl-PL","@id":"https:\/\/zakupynaryby.pl\/index.php\/product\/blystki-obrotowki-spiningowe\/#primaryimage","url":"https:\/\/zakupynaryby.pl\/wp-content\/uploads\/2024\/12\/Blystki-10-szt-e1735291638884.jpg","contentUrl":"https:\/\/zakupynaryby.pl\/wp-content\/uploads\/2024\/12\/Blystki-10-szt-e1735291638884.jpg","width":550,"height":550,"caption":"B\u0142ystki Obrot\u00f3wki spiningowe"},{"@type":"BreadcrumbList","@id":"https:\/\/zakupynaryby.pl\/index.php\/product\/blystki-obrotowki-spiningowe\/#breadcrumb","itemListElement":[{"@type":"ListItem","position":1,"name":"Strona g\u0142\u00f3wna","item":"https:\/\/zakupynaryby.pl\/"},{"@type":"ListItem","position":2,"name":"Shop","item":"https:\/\/zakupynaryby.pl\/index.php\/shop\/"},{"@type":"ListItem","position":3,"name":"B\u0142ystki Obrot\u00f3wki spiningowe"}]},{"@type":"WebSite","@id":"https:\/\/zakupynaryby.pl\/#website","url":"https:\/\/zakupynaryby.pl\/","name":"Formy w\u0119dkarskie","description":"Formy do odlewania ci\u0119\u017cark&oacute;w w\u0119dkarskich","publisher":{"@id":"https:\/\/zakupynaryby.pl\/#organization"},"potentialAction":[{"@type":"SearchAction","target":{"@type":"EntryPoint","urlTemplate":"https:\/\/zakupynaryby.pl\/?s={search_term_string}"},"query-input":{"@type":"PropertyValueSpecification","valueRequired":true,"valueName":"search_term_string"}}],"inLanguage":"pl-PL"},{"@type":"Organization","@id":"https:\/\/zakupynaryby.pl\/#organization","name":"Formy w\u0119dkarskie","url":"https:\/\/zakupynaryby.pl\/","logo":{"@type":"ImageObject","inLanguage":"pl-PL","@id":"https:\/\/zakupynaryby.pl\/#\/schema\/logo\/image\/","url":"https:\/\/zakupynaryby.pl\/wp-content\/uploads\/2022\/05\/zakupy.jpg","contentUrl":"https:\/\/zakupynaryby.pl\/wp-content\/uploads\/2022\/05\/zakupy.jpg","width":500,"height":153,"caption":"Formy w\u0119dkarskie"},"image":{"@id":"https:\/\/zakupynaryby.pl\/#\/schema\/logo\/image\/"}}]}},"_links":{"self":[{"href":"https:\/\/zakupynaryby.pl\/index.php\/wp-json\/wp\/v2\/product\/6479","targetHints":{"allow":["GET"]}}],"collection":[{"href":"https:\/\/zakupynaryby.pl\/index.php\/wp-json\/wp\/v2\/product"}],"about":[{"href":"https:\/\/zakupynaryby.pl\/index.php\/wp-json\/wp\/v2\/types\/product"}],"wp:featuredmedia":[{"embeddable":true,"href":"https:\/\/zakupynaryby.pl\/index.php\/wp-json\/wp\/v2\/media\/6481"}],"wp:attachment":[{"href":"https:\/\/zakupynaryby.pl\/index.php\/wp-json\/wp\/v2\/media?parent=6479"}],"wp:term":[{"taxonomy":"product_brand","embeddable":true,"href":"https:\/\/zakupynaryby.pl\/index.php\/wp-json\/wp\/v2\/product_brand?post=6479"},{"taxonomy":"product_cat","embeddable":true,"href":"https:\/\/zakupynaryby.pl\/index.php\/wp-json\/wp\/v2\/product_cat?post=6479"},{"taxonomy":"product_tag","embeddable":true,"href":"https:\/\/zakupynaryby.pl\/index.php\/wp-json\/wp\/v2\/product_tag?post=6479"}],"curies":[{"name":"wp","href":"https:\/\/api.w.org\/{rel}","templated":true}]}}