{"id":657,"date":"2022-05-17T14:11:49","date_gmt":"2022-05-17T12:11:49","guid":{"rendered":"https:\/\/www.zakupynaryby.pl\/?post_type=product&#038;p=657"},"modified":"2026-02-19T20:39:32","modified_gmt":"2026-02-19T19:39:32","slug":"forma-do-dalekigo-rzutu-latawiec","status":"publish","type":"product","link":"https:\/\/zakupynaryby.pl\/index.php\/product\/forma-do-dalekigo-rzutu-latawiec\/","title":{"rendered":"Forma do dalekigo rzutu latawiec <br> F-070 ( 80 100 120 140 gr. )"},"content":{"rendered":"<p>Forma do dalekigo rzutu latawiec.<\/p>\n<p>Gramatura: 80 100 120 140 gr.<\/p>\n<p>Pasuj\u0105ce\u00a0<a href=\"https:\/\/zakupynaryby.pl\/index.php\/product\/oczka-uszy-do-ciezarkow-rozmiar-2-100-sztuk\/\">oczka-uszy roz. 2 (100 szt.)<\/a><\/p>\n<p>Odpowiednie\u00a0<a href=\"https:\/\/zakupynaryby.pl\/index.php\/product\/kretliki-rozmiar-6-100-sztuk\/\">kr\u0119tliki roz. 6 ( 100 szt. )<\/a><\/p>\n<p>&nbsp;<\/p>\n<p><strong>Uwaga dotycz\u0105ca bezpiecze\u0144stwa produktu<\/strong>:<\/p>\n<ul>\n<li>\u2022 Nigdy nie zalewaj mokrej formy.<br \/>\n\u2022 U\u017cywaj okular\u00f3w ochronnych i r\u0119kawic termicznych.<br \/>\n\u2022 Zapewnij odpowiedni\u0105 wentylacj\u0119 w pomieszczeniu pracy.<\/li>\n<\/ul>\n","protected":false},"excerpt":{"rendered":"<p>Gramatura: <span style=\"color: #0000ff;\">80 100 120 140<\/span> gr.<\/p>\n<p>Pasuj\u0105ce<span style=\"color: #0000ff;\">\u00a0<a style=\"color: #0000ff;\" href=\"https:\/\/zakupynaryby.pl\/index.php\/product\/oczka-uszy-do-ciezarkow-rozmiar-2-100-sztuk\/\">oczka-uszy roz. 2 (100 szt.)<\/a><\/span><\/p>\n<p>Odpowiednie<span style=\"color: #0000ff;\">\u00a0<a style=\"color: #0000ff;\" href=\"https:\/\/zakupynaryby.pl\/index.php\/product\/kretliki-rozmiar-6-100-sztuk\/\">kr\u0119tliki roz. 6 ( 100 szt. )<\/a><\/span><\/p>\n","protected":false},"featured_media":2843,"template":"","meta":[],"product_brand":[],"product_cat":[79,54,44,78,16],"product_tag":[],"class_list":{"0":"post-657","1":"product","2":"type-product","3":"status-publish","4":"has-post-thumbnail","6":"product_cat-dalekiego-rzutu","7":"product_cat-inne-ksztalty","8":"product_cat-formy-ciezarkow","9":"product_cat-formy-wedkarskie","10":"product_cat-wszystkie-produkty","12":"first","13":"instock","14":"sold-individually","15":"shipping-taxable","16":"purchasable","17":"product-type-simple"},"yoast_head":"<!-- This site is optimized with the Yoast SEO plugin v27.5 - https:\/\/yoast.com\/product\/yoast-seo-wordpress\/ -->\n<title>Forma do dalekigo rzutu latawiec  F-070 ( 80 100 120 140 gr. ) - Formy w\u0119dkarskie<\/title>\n<meta name=\"description\" content=\"Forma do dalekigo rzutu latawiec Gramatura: 80 100 120 140 gr. Pasuj\u0105ce\u00a0oczka-uszy roz. 2 (100 szt.) Odpowiednie\u00a0kr\u0119tliki roz. 6 ( 100 szt. )\" \/>\n<meta name=\"robots\" content=\"index, follow, max-snippet:-1, max-image-preview:large, max-video-preview:-1\" \/>\n<link rel=\"canonical\" href=\"https:\/\/zakupynaryby.pl\/index.php\/product\/forma-do-dalekigo-rzutu-latawiec\/\" \/>\n<meta property=\"og:locale\" content=\"pl_PL\" \/>\n<meta property=\"og:type\" content=\"article\" \/>\n<meta property=\"og:title\" content=\"Forma do dalekigo rzutu latawiec  F-070 ( 80 100 120 140 gr. ) - Formy w\u0119dkarskie\" \/>\n<meta property=\"og:description\" content=\"Forma do dalekigo rzutu latawiec Gramatura: 80 100 120 140 gr. Pasuj\u0105ce\u00a0oczka-uszy roz. 2 (100 szt.) Odpowiednie\u00a0kr\u0119tliki roz. 6 ( 100 szt. )\" \/>\n<meta property=\"og:url\" content=\"https:\/\/zakupynaryby.pl\/index.php\/product\/forma-do-dalekigo-rzutu-latawiec\/\" \/>\n<meta property=\"og:site_name\" content=\"Formy w\u0119dkarskie\" \/>\n<meta property=\"article:modified_time\" content=\"2026-02-19T19:39:32+00:00\" \/>\n<meta property=\"og:image\" content=\"https:\/\/zakupynaryby.pl\/wp-content\/uploads\/2022\/05\/F70-e1735302884971.jpg\" \/>\n\t<meta property=\"og:image:width\" content=\"550\" \/>\n\t<meta property=\"og:image:height\" content=\"550\" \/>\n\t<meta property=\"og:image:type\" content=\"image\/jpeg\" \/>\n<meta name=\"twitter:card\" content=\"summary_large_image\" \/>\n<meta name=\"twitter:label1\" content=\"Szacowany czas czytania\" \/>\n\t<meta name=\"twitter:data1\" content=\"1 minuta\" \/>\n<script type=\"application\/ld+json\" class=\"yoast-schema-graph\">{\"@context\":\"https:\\\/\\\/schema.org\",\"@graph\":[{\"@type\":\"WebPage\",\"@id\":\"https:\\\/\\\/zakupynaryby.pl\\\/index.php\\\/product\\\/forma-do-dalekigo-rzutu-latawiec\\\/\",\"url\":\"https:\\\/\\\/zakupynaryby.pl\\\/index.php\\\/product\\\/forma-do-dalekigo-rzutu-latawiec\\\/\",\"name\":\"Forma do dalekigo rzutu latawiec F-070 ( 80 100 120 140 gr. ) - Formy w\u0119dkarskie\",\"isPartOf\":{\"@id\":\"https:\\\/\\\/zakupynaryby.pl\\\/#website\"},\"primaryImageOfPage\":{\"@id\":\"https:\\\/\\\/zakupynaryby.pl\\\/index.php\\\/product\\\/forma-do-dalekigo-rzutu-latawiec\\\/#primaryimage\"},\"image\":{\"@id\":\"https:\\\/\\\/zakupynaryby.pl\\\/index.php\\\/product\\\/forma-do-dalekigo-rzutu-latawiec\\\/#primaryimage\"},\"thumbnailUrl\":\"https:\\\/\\\/zakupynaryby.pl\\\/wp-content\\\/uploads\\\/2022\\\/05\\\/F70-e1735302884971.jpg\",\"datePublished\":\"2022-05-17T12:11:49+00:00\",\"dateModified\":\"2026-02-19T19:39:32+00:00\",\"description\":\"Forma do dalekigo rzutu latawiec Gramatura: 80 100 120 140 gr. Pasuj\u0105ce\u00a0oczka-uszy roz. 2 (100 szt.) Odpowiednie\u00a0kr\u0119tliki roz. 6 ( 100 szt. )\",\"breadcrumb\":{\"@id\":\"https:\\\/\\\/zakupynaryby.pl\\\/index.php\\\/product\\\/forma-do-dalekigo-rzutu-latawiec\\\/#breadcrumb\"},\"inLanguage\":\"pl-PL\",\"potentialAction\":[{\"@type\":\"ReadAction\",\"target\":[\"https:\\\/\\\/zakupynaryby.pl\\\/index.php\\\/product\\\/forma-do-dalekigo-rzutu-latawiec\\\/\"]}]},{\"@type\":\"ImageObject\",\"inLanguage\":\"pl-PL\",\"@id\":\"https:\\\/\\\/zakupynaryby.pl\\\/index.php\\\/product\\\/forma-do-dalekigo-rzutu-latawiec\\\/#primaryimage\",\"url\":\"https:\\\/\\\/zakupynaryby.pl\\\/wp-content\\\/uploads\\\/2022\\\/05\\\/F70-e1735302884971.jpg\",\"contentUrl\":\"https:\\\/\\\/zakupynaryby.pl\\\/wp-content\\\/uploads\\\/2022\\\/05\\\/F70-e1735302884971.jpg\",\"width\":550,\"height\":550,\"caption\":\"F-136\"},{\"@type\":\"BreadcrumbList\",\"@id\":\"https:\\\/\\\/zakupynaryby.pl\\\/index.php\\\/product\\\/forma-do-dalekigo-rzutu-latawiec\\\/#breadcrumb\",\"itemListElement\":[{\"@type\":\"ListItem\",\"position\":1,\"name\":\"Strona g\u0142\u00f3wna\",\"item\":\"https:\\\/\\\/zakupynaryby.pl\\\/\"},{\"@type\":\"ListItem\",\"position\":2,\"name\":\"Shop\",\"item\":\"https:\\\/\\\/zakupynaryby.pl\\\/index.php\\\/shop\\\/\"},{\"@type\":\"ListItem\",\"position\":3,\"name\":\"Forma do dalekigo rzutu latawiec F-070 ( 80 100 120 140 gr. )\"}]},{\"@type\":\"WebSite\",\"@id\":\"https:\\\/\\\/zakupynaryby.pl\\\/#website\",\"url\":\"https:\\\/\\\/zakupynaryby.pl\\\/\",\"name\":\"Formy w\u0119dkarskie\",\"description\":\"Formy do odlewania ci\u0119\u017cark&oacute;w w\u0119dkarskich\",\"publisher\":{\"@id\":\"https:\\\/\\\/zakupynaryby.pl\\\/#organization\"},\"potentialAction\":[{\"@type\":\"SearchAction\",\"target\":{\"@type\":\"EntryPoint\",\"urlTemplate\":\"https:\\\/\\\/zakupynaryby.pl\\\/?s={search_term_string}\"},\"query-input\":{\"@type\":\"PropertyValueSpecification\",\"valueRequired\":true,\"valueName\":\"search_term_string\"}}],\"inLanguage\":\"pl-PL\"},{\"@type\":\"Organization\",\"@id\":\"https:\\\/\\\/zakupynaryby.pl\\\/#organization\",\"name\":\"Formy w\u0119dkarskie\",\"url\":\"https:\\\/\\\/zakupynaryby.pl\\\/\",\"logo\":{\"@type\":\"ImageObject\",\"inLanguage\":\"pl-PL\",\"@id\":\"https:\\\/\\\/zakupynaryby.pl\\\/#\\\/schema\\\/logo\\\/image\\\/\",\"url\":\"https:\\\/\\\/zakupynaryby.pl\\\/wp-content\\\/uploads\\\/2022\\\/05\\\/zakupy.jpg\",\"contentUrl\":\"https:\\\/\\\/zakupynaryby.pl\\\/wp-content\\\/uploads\\\/2022\\\/05\\\/zakupy.jpg\",\"width\":500,\"height\":153,\"caption\":\"Formy w\u0119dkarskie\"},\"image\":{\"@id\":\"https:\\\/\\\/zakupynaryby.pl\\\/#\\\/schema\\\/logo\\\/image\\\/\"}}]}<\/script>\n<!-- \/ Yoast SEO plugin. -->","yoast_head_json":{"title":"Forma do dalekigo rzutu latawiec  F-070 ( 80 100 120 140 gr. ) - Formy w\u0119dkarskie","description":"Forma do dalekigo rzutu latawiec Gramatura: 80 100 120 140 gr. Pasuj\u0105ce\u00a0oczka-uszy roz. 2 (100 szt.) Odpowiednie\u00a0kr\u0119tliki roz. 6 ( 100 szt. )","robots":{"index":"index","follow":"follow","max-snippet":"max-snippet:-1","max-image-preview":"max-image-preview:large","max-video-preview":"max-video-preview:-1"},"canonical":"https:\/\/zakupynaryby.pl\/index.php\/product\/forma-do-dalekigo-rzutu-latawiec\/","og_locale":"pl_PL","og_type":"article","og_title":"Forma do dalekigo rzutu latawiec  F-070 ( 80 100 120 140 gr. ) - Formy w\u0119dkarskie","og_description":"Forma do dalekigo rzutu latawiec Gramatura: 80 100 120 140 gr. Pasuj\u0105ce\u00a0oczka-uszy roz. 2 (100 szt.) Odpowiednie\u00a0kr\u0119tliki roz. 6 ( 100 szt. )","og_url":"https:\/\/zakupynaryby.pl\/index.php\/product\/forma-do-dalekigo-rzutu-latawiec\/","og_site_name":"Formy w\u0119dkarskie","article_modified_time":"2026-02-19T19:39:32+00:00","og_image":[{"width":550,"height":550,"url":"https:\/\/zakupynaryby.pl\/wp-content\/uploads\/2022\/05\/F70-e1735302884971.jpg","type":"image\/jpeg"}],"twitter_card":"summary_large_image","twitter_misc":{"Szacowany czas czytania":"1 minuta"},"schema":{"@context":"https:\/\/schema.org","@graph":[{"@type":"WebPage","@id":"https:\/\/zakupynaryby.pl\/index.php\/product\/forma-do-dalekigo-rzutu-latawiec\/","url":"https:\/\/zakupynaryby.pl\/index.php\/product\/forma-do-dalekigo-rzutu-latawiec\/","name":"Forma do dalekigo rzutu latawiec F-070 ( 80 100 120 140 gr. ) - Formy w\u0119dkarskie","isPartOf":{"@id":"https:\/\/zakupynaryby.pl\/#website"},"primaryImageOfPage":{"@id":"https:\/\/zakupynaryby.pl\/index.php\/product\/forma-do-dalekigo-rzutu-latawiec\/#primaryimage"},"image":{"@id":"https:\/\/zakupynaryby.pl\/index.php\/product\/forma-do-dalekigo-rzutu-latawiec\/#primaryimage"},"thumbnailUrl":"https:\/\/zakupynaryby.pl\/wp-content\/uploads\/2022\/05\/F70-e1735302884971.jpg","datePublished":"2022-05-17T12:11:49+00:00","dateModified":"2026-02-19T19:39:32+00:00","description":"Forma do dalekigo rzutu latawiec Gramatura: 80 100 120 140 gr. Pasuj\u0105ce\u00a0oczka-uszy roz. 2 (100 szt.) Odpowiednie\u00a0kr\u0119tliki roz. 6 ( 100 szt. )","breadcrumb":{"@id":"https:\/\/zakupynaryby.pl\/index.php\/product\/forma-do-dalekigo-rzutu-latawiec\/#breadcrumb"},"inLanguage":"pl-PL","potentialAction":[{"@type":"ReadAction","target":["https:\/\/zakupynaryby.pl\/index.php\/product\/forma-do-dalekigo-rzutu-latawiec\/"]}]},{"@type":"ImageObject","inLanguage":"pl-PL","@id":"https:\/\/zakupynaryby.pl\/index.php\/product\/forma-do-dalekigo-rzutu-latawiec\/#primaryimage","url":"https:\/\/zakupynaryby.pl\/wp-content\/uploads\/2022\/05\/F70-e1735302884971.jpg","contentUrl":"https:\/\/zakupynaryby.pl\/wp-content\/uploads\/2022\/05\/F70-e1735302884971.jpg","width":550,"height":550,"caption":"F-136"},{"@type":"BreadcrumbList","@id":"https:\/\/zakupynaryby.pl\/index.php\/product\/forma-do-dalekigo-rzutu-latawiec\/#breadcrumb","itemListElement":[{"@type":"ListItem","position":1,"name":"Strona g\u0142\u00f3wna","item":"https:\/\/zakupynaryby.pl\/"},{"@type":"ListItem","position":2,"name":"Shop","item":"https:\/\/zakupynaryby.pl\/index.php\/shop\/"},{"@type":"ListItem","position":3,"name":"Forma do dalekigo rzutu latawiec F-070 ( 80 100 120 140 gr. )"}]},{"@type":"WebSite","@id":"https:\/\/zakupynaryby.pl\/#website","url":"https:\/\/zakupynaryby.pl\/","name":"Formy w\u0119dkarskie","description":"Formy do odlewania ci\u0119\u017cark&oacute;w w\u0119dkarskich","publisher":{"@id":"https:\/\/zakupynaryby.pl\/#organization"},"potentialAction":[{"@type":"SearchAction","target":{"@type":"EntryPoint","urlTemplate":"https:\/\/zakupynaryby.pl\/?s={search_term_string}"},"query-input":{"@type":"PropertyValueSpecification","valueRequired":true,"valueName":"search_term_string"}}],"inLanguage":"pl-PL"},{"@type":"Organization","@id":"https:\/\/zakupynaryby.pl\/#organization","name":"Formy w\u0119dkarskie","url":"https:\/\/zakupynaryby.pl\/","logo":{"@type":"ImageObject","inLanguage":"pl-PL","@id":"https:\/\/zakupynaryby.pl\/#\/schema\/logo\/image\/","url":"https:\/\/zakupynaryby.pl\/wp-content\/uploads\/2022\/05\/zakupy.jpg","contentUrl":"https:\/\/zakupynaryby.pl\/wp-content\/uploads\/2022\/05\/zakupy.jpg","width":500,"height":153,"caption":"Formy w\u0119dkarskie"},"image":{"@id":"https:\/\/zakupynaryby.pl\/#\/schema\/logo\/image\/"}}]}},"_links":{"self":[{"href":"https:\/\/zakupynaryby.pl\/index.php\/wp-json\/wp\/v2\/product\/657","targetHints":{"allow":["GET"]}}],"collection":[{"href":"https:\/\/zakupynaryby.pl\/index.php\/wp-json\/wp\/v2\/product"}],"about":[{"href":"https:\/\/zakupynaryby.pl\/index.php\/wp-json\/wp\/v2\/types\/product"}],"wp:featuredmedia":[{"embeddable":true,"href":"https:\/\/zakupynaryby.pl\/index.php\/wp-json\/wp\/v2\/media\/2843"}],"wp:attachment":[{"href":"https:\/\/zakupynaryby.pl\/index.php\/wp-json\/wp\/v2\/media?parent=657"}],"wp:term":[{"taxonomy":"product_brand","embeddable":true,"href":"https:\/\/zakupynaryby.pl\/index.php\/wp-json\/wp\/v2\/product_brand?post=657"},{"taxonomy":"product_cat","embeddable":true,"href":"https:\/\/zakupynaryby.pl\/index.php\/wp-json\/wp\/v2\/product_cat?post=657"},{"taxonomy":"product_tag","embeddable":true,"href":"https:\/\/zakupynaryby.pl\/index.php\/wp-json\/wp\/v2\/product_tag?post=657"}],"curies":[{"name":"wp","href":"https:\/\/api.w.org\/{rel}","templated":true}]}}