{"id":673,"date":"2022-05-17T15:17:47","date_gmt":"2022-05-17T13:17:47","guid":{"rendered":"https:\/\/www.zakupynaryby.pl\/?post_type=product&#038;p=673"},"modified":"2026-03-13T11:15:35","modified_gmt":"2026-03-13T10:15:35","slug":"forma-do-malych-pilkerow-banany","status":"publish","type":"product","link":"https:\/\/zakupynaryby.pl\/index.php\/product\/forma-do-malych-pilkerow-banany\/","title":{"rendered":"Forma do ma\u0142ych pilker\u00f3w banany <br> F-082 ( 80 100 120 150 gr. )"},"content":{"rendered":"<p>Forma do ma\u0142ych pilker\u00f3w banany.<\/p>\n<p>Gramatura: 80 100 120 150 gr.<\/p>\n<p>Do odlewania zastosowanie maj\u0105 <a href=\"https:\/\/zakupynaryby.pl\/index.php\/product\/oczka-rozmiar-1\/\">oczka-uszy roz. 1 (100 szt.)<\/a><\/p>\n<p>&nbsp;<\/p>\n<p>Uwaga dotycz\u0105ca bezpiecze\u0144stwa produktu:<\/p>\n<ul>\n<li>\u2022 Nigdy nie zalewaj mokrej formy.<br \/>\n\u2022 U\u017cywaj okular\u00f3w ochronnych i r\u0119kawic termicznych.<br \/>\n\u2022 Zapewnij odpowiedni\u0105 wentylacj\u0119 w pomieszczeniu pracy.<\/li>\n<\/ul>\n","protected":false},"excerpt":{"rendered":"<p><strong>Gramatura: 80 100 120 150 gr.<\/strong><\/p>\n<p><strong>Pasuj\u0105ce <\/strong><a href=\"https:\/\/zakupynaryby.pl\/index.php\/product\/oczka-rozmiar-1\/\">oczka-uszy roz. 1 (100 szt.)<\/a><\/p>\n","protected":false},"featured_media":3136,"template":"","meta":[],"product_brand":[],"product_cat":[58,44,78,16],"product_tag":[],"class_list":{"0":"post-673","1":"product","2":"type-product","3":"status-publish","4":"has-post-thumbnail","6":"product_cat-morskie","7":"product_cat-formy-ciezarkow","8":"product_cat-formy-wedkarskie","9":"product_cat-wszystkie-produkty","11":"first","12":"instock","13":"sold-individually","14":"shipping-taxable","15":"purchasable","16":"product-type-simple"},"yoast_head":"<!-- This site is optimized with the Yoast SEO plugin v27.3 - https:\/\/yoast.com\/product\/yoast-seo-wordpress\/ -->\n<title>Forma do ma\u0142ych pilker\u00f3w banany  F-082 ( 80 100 120 150 gr. ) - Formy w\u0119dkarskie<\/title>\n<meta name=\"description\" content=\"Forma do ma\u0142ych pilker\u00f3w banany. Gramatura: 80 100\u00a0120 150 gr. Do odlewania pilker\u00f3w zastosowanie maj\u0105 oczka-uszy rozmiar 1.\" \/>\n<meta name=\"robots\" content=\"index, follow, max-snippet:-1, max-image-preview:large, max-video-preview:-1\" \/>\n<link rel=\"canonical\" href=\"https:\/\/zakupynaryby.pl\/index.php\/product\/forma-do-malych-pilkerow-banany\/\" \/>\n<meta property=\"og:locale\" content=\"pl_PL\" \/>\n<meta property=\"og:type\" content=\"article\" \/>\n<meta property=\"og:title\" content=\"Forma do ma\u0142ych pilker\u00f3w banany  F-082 ( 80 100 120 150 gr. ) - Formy w\u0119dkarskie\" \/>\n<meta property=\"og:description\" content=\"Forma do ma\u0142ych pilker\u00f3w banany. Gramatura: 80 100\u00a0120 150 gr. Do odlewania pilker\u00f3w zastosowanie maj\u0105 oczka-uszy rozmiar 1.\" \/>\n<meta property=\"og:url\" content=\"https:\/\/zakupynaryby.pl\/index.php\/product\/forma-do-malych-pilkerow-banany\/\" \/>\n<meta property=\"og:site_name\" content=\"Formy w\u0119dkarskie\" \/>\n<meta property=\"article:modified_time\" content=\"2026-03-13T10:15:35+00:00\" \/>\n<meta property=\"og:image\" content=\"https:\/\/zakupynaryby.pl\/wp-content\/uploads\/2022\/05\/f82-e1735292389124.jpg\" \/>\n\t<meta property=\"og:image:width\" content=\"550\" \/>\n\t<meta property=\"og:image:height\" content=\"549\" \/>\n\t<meta property=\"og:image:type\" content=\"image\/jpeg\" \/>\n<meta name=\"twitter:card\" content=\"summary_large_image\" \/>\n<meta name=\"twitter:label1\" content=\"Szacowany czas czytania\" \/>\n\t<meta name=\"twitter:data1\" content=\"1 minuta\" \/>\n<script type=\"application\/ld+json\" class=\"yoast-schema-graph\">{\"@context\":\"https:\\\/\\\/schema.org\",\"@graph\":[{\"@type\":\"WebPage\",\"@id\":\"https:\\\/\\\/zakupynaryby.pl\\\/index.php\\\/product\\\/forma-do-malych-pilkerow-banany\\\/\",\"url\":\"https:\\\/\\\/zakupynaryby.pl\\\/index.php\\\/product\\\/forma-do-malych-pilkerow-banany\\\/\",\"name\":\"Forma do ma\u0142ych pilker\u00f3w banany F-082 ( 80 100 120 150 gr. ) - Formy w\u0119dkarskie\",\"isPartOf\":{\"@id\":\"https:\\\/\\\/zakupynaryby.pl\\\/#website\"},\"primaryImageOfPage\":{\"@id\":\"https:\\\/\\\/zakupynaryby.pl\\\/index.php\\\/product\\\/forma-do-malych-pilkerow-banany\\\/#primaryimage\"},\"image\":{\"@id\":\"https:\\\/\\\/zakupynaryby.pl\\\/index.php\\\/product\\\/forma-do-malych-pilkerow-banany\\\/#primaryimage\"},\"thumbnailUrl\":\"https:\\\/\\\/zakupynaryby.pl\\\/wp-content\\\/uploads\\\/2022\\\/05\\\/f82-e1735292389124.jpg\",\"datePublished\":\"2022-05-17T13:17:47+00:00\",\"dateModified\":\"2026-03-13T10:15:35+00:00\",\"description\":\"Forma do ma\u0142ych pilker\u00f3w banany. Gramatura: 80 100\u00a0120 150 gr. Do odlewania pilker\u00f3w zastosowanie maj\u0105 oczka-uszy rozmiar 1.\",\"breadcrumb\":{\"@id\":\"https:\\\/\\\/zakupynaryby.pl\\\/index.php\\\/product\\\/forma-do-malych-pilkerow-banany\\\/#breadcrumb\"},\"inLanguage\":\"pl-PL\",\"potentialAction\":[{\"@type\":\"ReadAction\",\"target\":[\"https:\\\/\\\/zakupynaryby.pl\\\/index.php\\\/product\\\/forma-do-malych-pilkerow-banany\\\/\"]}]},{\"@type\":\"ImageObject\",\"inLanguage\":\"pl-PL\",\"@id\":\"https:\\\/\\\/zakupynaryby.pl\\\/index.php\\\/product\\\/forma-do-malych-pilkerow-banany\\\/#primaryimage\",\"url\":\"https:\\\/\\\/zakupynaryby.pl\\\/wp-content\\\/uploads\\\/2022\\\/05\\\/f82-e1735292389124.jpg\",\"contentUrl\":\"https:\\\/\\\/zakupynaryby.pl\\\/wp-content\\\/uploads\\\/2022\\\/05\\\/f82-e1735292389124.jpg\",\"width\":550,\"height\":549,\"caption\":\"F-082\"},{\"@type\":\"BreadcrumbList\",\"@id\":\"https:\\\/\\\/zakupynaryby.pl\\\/index.php\\\/product\\\/forma-do-malych-pilkerow-banany\\\/#breadcrumb\",\"itemListElement\":[{\"@type\":\"ListItem\",\"position\":1,\"name\":\"Strona g\u0142\u00f3wna\",\"item\":\"https:\\\/\\\/zakupynaryby.pl\\\/\"},{\"@type\":\"ListItem\",\"position\":2,\"name\":\"Shop\",\"item\":\"https:\\\/\\\/zakupynaryby.pl\\\/index.php\\\/shop\\\/\"},{\"@type\":\"ListItem\",\"position\":3,\"name\":\"Forma do ma\u0142ych pilker\u00f3w banany F-082 ( 80 100 120 150 gr. )\"}]},{\"@type\":\"WebSite\",\"@id\":\"https:\\\/\\\/zakupynaryby.pl\\\/#website\",\"url\":\"https:\\\/\\\/zakupynaryby.pl\\\/\",\"name\":\"Formy w\u0119dkarskie\",\"description\":\"Formy do odlewania ci\u0119\u017cark&oacute;w w\u0119dkarskich\",\"publisher\":{\"@id\":\"https:\\\/\\\/zakupynaryby.pl\\\/#organization\"},\"potentialAction\":[{\"@type\":\"SearchAction\",\"target\":{\"@type\":\"EntryPoint\",\"urlTemplate\":\"https:\\\/\\\/zakupynaryby.pl\\\/?s={search_term_string}\"},\"query-input\":{\"@type\":\"PropertyValueSpecification\",\"valueRequired\":true,\"valueName\":\"search_term_string\"}}],\"inLanguage\":\"pl-PL\"},{\"@type\":\"Organization\",\"@id\":\"https:\\\/\\\/zakupynaryby.pl\\\/#organization\",\"name\":\"Formy w\u0119dkarskie\",\"url\":\"https:\\\/\\\/zakupynaryby.pl\\\/\",\"logo\":{\"@type\":\"ImageObject\",\"inLanguage\":\"pl-PL\",\"@id\":\"https:\\\/\\\/zakupynaryby.pl\\\/#\\\/schema\\\/logo\\\/image\\\/\",\"url\":\"https:\\\/\\\/zakupynaryby.pl\\\/wp-content\\\/uploads\\\/2022\\\/05\\\/zakupy.jpg\",\"contentUrl\":\"https:\\\/\\\/zakupynaryby.pl\\\/wp-content\\\/uploads\\\/2022\\\/05\\\/zakupy.jpg\",\"width\":500,\"height\":153,\"caption\":\"Formy w\u0119dkarskie\"},\"image\":{\"@id\":\"https:\\\/\\\/zakupynaryby.pl\\\/#\\\/schema\\\/logo\\\/image\\\/\"}}]}<\/script>\n<!-- \/ Yoast SEO plugin. -->","yoast_head_json":{"title":"Forma do ma\u0142ych pilker\u00f3w banany  F-082 ( 80 100 120 150 gr. ) - Formy w\u0119dkarskie","description":"Forma do ma\u0142ych pilker\u00f3w banany. Gramatura: 80 100\u00a0120 150 gr. Do odlewania pilker\u00f3w zastosowanie maj\u0105 oczka-uszy rozmiar 1.","robots":{"index":"index","follow":"follow","max-snippet":"max-snippet:-1","max-image-preview":"max-image-preview:large","max-video-preview":"max-video-preview:-1"},"canonical":"https:\/\/zakupynaryby.pl\/index.php\/product\/forma-do-malych-pilkerow-banany\/","og_locale":"pl_PL","og_type":"article","og_title":"Forma do ma\u0142ych pilker\u00f3w banany  F-082 ( 80 100 120 150 gr. ) - Formy w\u0119dkarskie","og_description":"Forma do ma\u0142ych pilker\u00f3w banany. Gramatura: 80 100\u00a0120 150 gr. Do odlewania pilker\u00f3w zastosowanie maj\u0105 oczka-uszy rozmiar 1.","og_url":"https:\/\/zakupynaryby.pl\/index.php\/product\/forma-do-malych-pilkerow-banany\/","og_site_name":"Formy w\u0119dkarskie","article_modified_time":"2026-03-13T10:15:35+00:00","og_image":[{"width":550,"height":549,"url":"https:\/\/zakupynaryby.pl\/wp-content\/uploads\/2022\/05\/f82-e1735292389124.jpg","type":"image\/jpeg"}],"twitter_card":"summary_large_image","twitter_misc":{"Szacowany czas czytania":"1 minuta"},"schema":{"@context":"https:\/\/schema.org","@graph":[{"@type":"WebPage","@id":"https:\/\/zakupynaryby.pl\/index.php\/product\/forma-do-malych-pilkerow-banany\/","url":"https:\/\/zakupynaryby.pl\/index.php\/product\/forma-do-malych-pilkerow-banany\/","name":"Forma do ma\u0142ych pilker\u00f3w banany F-082 ( 80 100 120 150 gr. ) - Formy w\u0119dkarskie","isPartOf":{"@id":"https:\/\/zakupynaryby.pl\/#website"},"primaryImageOfPage":{"@id":"https:\/\/zakupynaryby.pl\/index.php\/product\/forma-do-malych-pilkerow-banany\/#primaryimage"},"image":{"@id":"https:\/\/zakupynaryby.pl\/index.php\/product\/forma-do-malych-pilkerow-banany\/#primaryimage"},"thumbnailUrl":"https:\/\/zakupynaryby.pl\/wp-content\/uploads\/2022\/05\/f82-e1735292389124.jpg","datePublished":"2022-05-17T13:17:47+00:00","dateModified":"2026-03-13T10:15:35+00:00","description":"Forma do ma\u0142ych pilker\u00f3w banany. Gramatura: 80 100\u00a0120 150 gr. Do odlewania pilker\u00f3w zastosowanie maj\u0105 oczka-uszy rozmiar 1.","breadcrumb":{"@id":"https:\/\/zakupynaryby.pl\/index.php\/product\/forma-do-malych-pilkerow-banany\/#breadcrumb"},"inLanguage":"pl-PL","potentialAction":[{"@type":"ReadAction","target":["https:\/\/zakupynaryby.pl\/index.php\/product\/forma-do-malych-pilkerow-banany\/"]}]},{"@type":"ImageObject","inLanguage":"pl-PL","@id":"https:\/\/zakupynaryby.pl\/index.php\/product\/forma-do-malych-pilkerow-banany\/#primaryimage","url":"https:\/\/zakupynaryby.pl\/wp-content\/uploads\/2022\/05\/f82-e1735292389124.jpg","contentUrl":"https:\/\/zakupynaryby.pl\/wp-content\/uploads\/2022\/05\/f82-e1735292389124.jpg","width":550,"height":549,"caption":"F-082"},{"@type":"BreadcrumbList","@id":"https:\/\/zakupynaryby.pl\/index.php\/product\/forma-do-malych-pilkerow-banany\/#breadcrumb","itemListElement":[{"@type":"ListItem","position":1,"name":"Strona g\u0142\u00f3wna","item":"https:\/\/zakupynaryby.pl\/"},{"@type":"ListItem","position":2,"name":"Shop","item":"https:\/\/zakupynaryby.pl\/index.php\/shop\/"},{"@type":"ListItem","position":3,"name":"Forma do ma\u0142ych pilker\u00f3w banany F-082 ( 80 100 120 150 gr. )"}]},{"@type":"WebSite","@id":"https:\/\/zakupynaryby.pl\/#website","url":"https:\/\/zakupynaryby.pl\/","name":"Formy w\u0119dkarskie","description":"Formy do odlewania ci\u0119\u017cark&oacute;w w\u0119dkarskich","publisher":{"@id":"https:\/\/zakupynaryby.pl\/#organization"},"potentialAction":[{"@type":"SearchAction","target":{"@type":"EntryPoint","urlTemplate":"https:\/\/zakupynaryby.pl\/?s={search_term_string}"},"query-input":{"@type":"PropertyValueSpecification","valueRequired":true,"valueName":"search_term_string"}}],"inLanguage":"pl-PL"},{"@type":"Organization","@id":"https:\/\/zakupynaryby.pl\/#organization","name":"Formy w\u0119dkarskie","url":"https:\/\/zakupynaryby.pl\/","logo":{"@type":"ImageObject","inLanguage":"pl-PL","@id":"https:\/\/zakupynaryby.pl\/#\/schema\/logo\/image\/","url":"https:\/\/zakupynaryby.pl\/wp-content\/uploads\/2022\/05\/zakupy.jpg","contentUrl":"https:\/\/zakupynaryby.pl\/wp-content\/uploads\/2022\/05\/zakupy.jpg","width":500,"height":153,"caption":"Formy w\u0119dkarskie"},"image":{"@id":"https:\/\/zakupynaryby.pl\/#\/schema\/logo\/image\/"}}]}},"_links":{"self":[{"href":"https:\/\/zakupynaryby.pl\/index.php\/wp-json\/wp\/v2\/product\/673","targetHints":{"allow":["GET"]}}],"collection":[{"href":"https:\/\/zakupynaryby.pl\/index.php\/wp-json\/wp\/v2\/product"}],"about":[{"href":"https:\/\/zakupynaryby.pl\/index.php\/wp-json\/wp\/v2\/types\/product"}],"wp:featuredmedia":[{"embeddable":true,"href":"https:\/\/zakupynaryby.pl\/index.php\/wp-json\/wp\/v2\/media\/3136"}],"wp:attachment":[{"href":"https:\/\/zakupynaryby.pl\/index.php\/wp-json\/wp\/v2\/media?parent=673"}],"wp:term":[{"taxonomy":"product_brand","embeddable":true,"href":"https:\/\/zakupynaryby.pl\/index.php\/wp-json\/wp\/v2\/product_brand?post=673"},{"taxonomy":"product_cat","embeddable":true,"href":"https:\/\/zakupynaryby.pl\/index.php\/wp-json\/wp\/v2\/product_cat?post=673"},{"taxonomy":"product_tag","embeddable":true,"href":"https:\/\/zakupynaryby.pl\/index.php\/wp-json\/wp\/v2\/product_tag?post=673"}],"curies":[{"name":"wp","href":"https:\/\/api.w.org\/{rel}","templated":true}]}}