{"id":7416,"date":"2026-02-14T18:45:24","date_gmt":"2026-02-14T17:45:24","guid":{"rendered":"https:\/\/zakupynaryby.pl\/?post_type=product&#038;p=7416"},"modified":"2026-04-03T08:33:13","modified_gmt":"2026-04-03T06:33:13","slug":"kretliki-potrojne-rozmiar-8","status":"publish","type":"product","link":"https:\/\/zakupynaryby.pl\/index.php\/product\/kretliki-potrojne-rozmiar-8\/","title":{"rendered":"Kr\u0119tliki potr\u00f3jne rozmiar 8"},"content":{"rendered":"<p>Kr\u0119tliki potr\u00f3jne rozmiar 8.<\/p>\n<p>Wysokiej jako\u015bci kr\u0119tliki w\u0119dkarskie do r\u00f3\u017cnego rodzaj\u00f3w zestaw\u00f3w, skutecznie eliminuj\u0105ce skr\u0119canie linki.<\/p>\n<p>Wyj\u0105tkowo mocne i wytrzyma\u0142e, pasuj\u0105ce do sprzedawanych przez nas form w\u0119dkarskich.<\/p>\n<p>Pakowane s\u0105 po 10 sztuk w opakowaniu.<\/p>\n","protected":false},"excerpt":{"rendered":"<p>Pakowane po 10 szt.<\/p>\n","protected":false},"featured_media":7418,"template":"","meta":[],"product_brand":[],"product_cat":[107,34,16],"product_tag":[],"class_list":{"0":"post-7416","1":"product","2":"type-product","3":"status-publish","4":"has-post-thumbnail","6":"product_cat-kretliki","7":"product_cat-akcesoria-wedkarskie","8":"product_cat-wszystkie-produkty","10":"first","11":"instock","12":"shipping-taxable","13":"purchasable","14":"product-type-simple"},"yoast_head":"<!-- This site is optimized with the Yoast SEO plugin v27.3 - https:\/\/yoast.com\/product\/yoast-seo-wordpress\/ -->\n<title>Kr\u0119tliki potr\u00f3jne rozmiar 8 - Formy w\u0119dkarskie<\/title>\n<meta name=\"description\" content=\"Kr\u0119tliki potr\u00f3jne rozmiar 8. Wysokiej jako\u015bci kr\u0119tliki w\u0119dkarskie do r\u00f3\u017cnego rodzaj\u00f3w zestaw\u00f3w, skutecznie eliminuj\u0105ce skr\u0119canie linki.\" \/>\n<meta name=\"robots\" content=\"index, follow, max-snippet:-1, max-image-preview:large, max-video-preview:-1\" \/>\n<link rel=\"canonical\" href=\"https:\/\/zakupynaryby.pl\/index.php\/product\/kretliki-potrojne-rozmiar-8\/\" \/>\n<meta property=\"og:locale\" content=\"pl_PL\" \/>\n<meta property=\"og:type\" content=\"article\" \/>\n<meta property=\"og:title\" content=\"Kr\u0119tliki potr\u00f3jne rozmiar 8 - Formy w\u0119dkarskie\" \/>\n<meta property=\"og:description\" content=\"Kr\u0119tliki potr\u00f3jne rozmiar 8. Wysokiej jako\u015bci kr\u0119tliki w\u0119dkarskie do r\u00f3\u017cnego rodzaj\u00f3w zestaw\u00f3w, skutecznie eliminuj\u0105ce skr\u0119canie linki.\" \/>\n<meta property=\"og:url\" content=\"https:\/\/zakupynaryby.pl\/index.php\/product\/kretliki-potrojne-rozmiar-8\/\" \/>\n<meta property=\"og:site_name\" content=\"Formy w\u0119dkarskie\" \/>\n<meta property=\"article:modified_time\" content=\"2026-04-03T06:33:13+00:00\" \/>\n<meta property=\"og:image\" content=\"https:\/\/zakupynaryby.pl\/wp-content\/uploads\/2026\/02\/kretlik-POTROJNY.jpg\" \/>\n\t<meta property=\"og:image:width\" content=\"128\" \/>\n\t<meta property=\"og:image:height\" content=\"128\" \/>\n\t<meta property=\"og:image:type\" content=\"image\/jpeg\" \/>\n<meta name=\"twitter:card\" content=\"summary_large_image\" \/>\n<meta name=\"twitter:label1\" content=\"Szacowany czas czytania\" \/>\n\t<meta name=\"twitter:data1\" content=\"1 minuta\" \/>\n<script type=\"application\/ld+json\" class=\"yoast-schema-graph\">{\"@context\":\"https:\\\/\\\/schema.org\",\"@graph\":[{\"@type\":\"WebPage\",\"@id\":\"https:\\\/\\\/zakupynaryby.pl\\\/index.php\\\/product\\\/kretliki-potrojne-rozmiar-8\\\/\",\"url\":\"https:\\\/\\\/zakupynaryby.pl\\\/index.php\\\/product\\\/kretliki-potrojne-rozmiar-8\\\/\",\"name\":\"Kr\u0119tliki potr\u00f3jne rozmiar 8 - Formy w\u0119dkarskie\",\"isPartOf\":{\"@id\":\"https:\\\/\\\/zakupynaryby.pl\\\/#website\"},\"primaryImageOfPage\":{\"@id\":\"https:\\\/\\\/zakupynaryby.pl\\\/index.php\\\/product\\\/kretliki-potrojne-rozmiar-8\\\/#primaryimage\"},\"image\":{\"@id\":\"https:\\\/\\\/zakupynaryby.pl\\\/index.php\\\/product\\\/kretliki-potrojne-rozmiar-8\\\/#primaryimage\"},\"thumbnailUrl\":\"https:\\\/\\\/zakupynaryby.pl\\\/wp-content\\\/uploads\\\/2026\\\/02\\\/kretlik-POTROJNY.jpg\",\"datePublished\":\"2026-02-14T17:45:24+00:00\",\"dateModified\":\"2026-04-03T06:33:13+00:00\",\"description\":\"Kr\u0119tliki potr\u00f3jne rozmiar 8. Wysokiej jako\u015bci kr\u0119tliki w\u0119dkarskie do r\u00f3\u017cnego rodzaj\u00f3w zestaw\u00f3w, skutecznie eliminuj\u0105ce skr\u0119canie linki.\",\"breadcrumb\":{\"@id\":\"https:\\\/\\\/zakupynaryby.pl\\\/index.php\\\/product\\\/kretliki-potrojne-rozmiar-8\\\/#breadcrumb\"},\"inLanguage\":\"pl-PL\",\"potentialAction\":[{\"@type\":\"ReadAction\",\"target\":[\"https:\\\/\\\/zakupynaryby.pl\\\/index.php\\\/product\\\/kretliki-potrojne-rozmiar-8\\\/\"]}]},{\"@type\":\"ImageObject\",\"inLanguage\":\"pl-PL\",\"@id\":\"https:\\\/\\\/zakupynaryby.pl\\\/index.php\\\/product\\\/kretliki-potrojne-rozmiar-8\\\/#primaryimage\",\"url\":\"https:\\\/\\\/zakupynaryby.pl\\\/wp-content\\\/uploads\\\/2026\\\/02\\\/kretlik-POTROJNY.jpg\",\"contentUrl\":\"https:\\\/\\\/zakupynaryby.pl\\\/wp-content\\\/uploads\\\/2026\\\/02\\\/kretlik-POTROJNY.jpg\",\"width\":128,\"height\":128},{\"@type\":\"BreadcrumbList\",\"@id\":\"https:\\\/\\\/zakupynaryby.pl\\\/index.php\\\/product\\\/kretliki-potrojne-rozmiar-8\\\/#breadcrumb\",\"itemListElement\":[{\"@type\":\"ListItem\",\"position\":1,\"name\":\"Strona g\u0142\u00f3wna\",\"item\":\"https:\\\/\\\/zakupynaryby.pl\\\/\"},{\"@type\":\"ListItem\",\"position\":2,\"name\":\"Shop\",\"item\":\"https:\\\/\\\/zakupynaryby.pl\\\/index.php\\\/shop\\\/\"},{\"@type\":\"ListItem\",\"position\":3,\"name\":\"Kr\u0119tliki potr\u00f3jne rozmiar 8\"}]},{\"@type\":\"WebSite\",\"@id\":\"https:\\\/\\\/zakupynaryby.pl\\\/#website\",\"url\":\"https:\\\/\\\/zakupynaryby.pl\\\/\",\"name\":\"Formy w\u0119dkarskie\",\"description\":\"Formy do odlewania ci\u0119\u017cark&oacute;w w\u0119dkarskich\",\"publisher\":{\"@id\":\"https:\\\/\\\/zakupynaryby.pl\\\/#organization\"},\"potentialAction\":[{\"@type\":\"SearchAction\",\"target\":{\"@type\":\"EntryPoint\",\"urlTemplate\":\"https:\\\/\\\/zakupynaryby.pl\\\/?s={search_term_string}\"},\"query-input\":{\"@type\":\"PropertyValueSpecification\",\"valueRequired\":true,\"valueName\":\"search_term_string\"}}],\"inLanguage\":\"pl-PL\"},{\"@type\":\"Organization\",\"@id\":\"https:\\\/\\\/zakupynaryby.pl\\\/#organization\",\"name\":\"Formy w\u0119dkarskie\",\"url\":\"https:\\\/\\\/zakupynaryby.pl\\\/\",\"logo\":{\"@type\":\"ImageObject\",\"inLanguage\":\"pl-PL\",\"@id\":\"https:\\\/\\\/zakupynaryby.pl\\\/#\\\/schema\\\/logo\\\/image\\\/\",\"url\":\"https:\\\/\\\/zakupynaryby.pl\\\/wp-content\\\/uploads\\\/2022\\\/05\\\/zakupy.jpg\",\"contentUrl\":\"https:\\\/\\\/zakupynaryby.pl\\\/wp-content\\\/uploads\\\/2022\\\/05\\\/zakupy.jpg\",\"width\":500,\"height\":153,\"caption\":\"Formy w\u0119dkarskie\"},\"image\":{\"@id\":\"https:\\\/\\\/zakupynaryby.pl\\\/#\\\/schema\\\/logo\\\/image\\\/\"}}]}<\/script>\n<!-- \/ Yoast SEO plugin. -->","yoast_head_json":{"title":"Kr\u0119tliki potr\u00f3jne rozmiar 8 - Formy w\u0119dkarskie","description":"Kr\u0119tliki potr\u00f3jne rozmiar 8. Wysokiej jako\u015bci kr\u0119tliki w\u0119dkarskie do r\u00f3\u017cnego rodzaj\u00f3w zestaw\u00f3w, skutecznie eliminuj\u0105ce skr\u0119canie linki.","robots":{"index":"index","follow":"follow","max-snippet":"max-snippet:-1","max-image-preview":"max-image-preview:large","max-video-preview":"max-video-preview:-1"},"canonical":"https:\/\/zakupynaryby.pl\/index.php\/product\/kretliki-potrojne-rozmiar-8\/","og_locale":"pl_PL","og_type":"article","og_title":"Kr\u0119tliki potr\u00f3jne rozmiar 8 - Formy w\u0119dkarskie","og_description":"Kr\u0119tliki potr\u00f3jne rozmiar 8. Wysokiej jako\u015bci kr\u0119tliki w\u0119dkarskie do r\u00f3\u017cnego rodzaj\u00f3w zestaw\u00f3w, skutecznie eliminuj\u0105ce skr\u0119canie linki.","og_url":"https:\/\/zakupynaryby.pl\/index.php\/product\/kretliki-potrojne-rozmiar-8\/","og_site_name":"Formy w\u0119dkarskie","article_modified_time":"2026-04-03T06:33:13+00:00","og_image":[{"width":128,"height":128,"url":"https:\/\/zakupynaryby.pl\/wp-content\/uploads\/2026\/02\/kretlik-POTROJNY.jpg","type":"image\/jpeg"}],"twitter_card":"summary_large_image","twitter_misc":{"Szacowany czas czytania":"1 minuta"},"schema":{"@context":"https:\/\/schema.org","@graph":[{"@type":"WebPage","@id":"https:\/\/zakupynaryby.pl\/index.php\/product\/kretliki-potrojne-rozmiar-8\/","url":"https:\/\/zakupynaryby.pl\/index.php\/product\/kretliki-potrojne-rozmiar-8\/","name":"Kr\u0119tliki potr\u00f3jne rozmiar 8 - Formy w\u0119dkarskie","isPartOf":{"@id":"https:\/\/zakupynaryby.pl\/#website"},"primaryImageOfPage":{"@id":"https:\/\/zakupynaryby.pl\/index.php\/product\/kretliki-potrojne-rozmiar-8\/#primaryimage"},"image":{"@id":"https:\/\/zakupynaryby.pl\/index.php\/product\/kretliki-potrojne-rozmiar-8\/#primaryimage"},"thumbnailUrl":"https:\/\/zakupynaryby.pl\/wp-content\/uploads\/2026\/02\/kretlik-POTROJNY.jpg","datePublished":"2026-02-14T17:45:24+00:00","dateModified":"2026-04-03T06:33:13+00:00","description":"Kr\u0119tliki potr\u00f3jne rozmiar 8. Wysokiej jako\u015bci kr\u0119tliki w\u0119dkarskie do r\u00f3\u017cnego rodzaj\u00f3w zestaw\u00f3w, skutecznie eliminuj\u0105ce skr\u0119canie linki.","breadcrumb":{"@id":"https:\/\/zakupynaryby.pl\/index.php\/product\/kretliki-potrojne-rozmiar-8\/#breadcrumb"},"inLanguage":"pl-PL","potentialAction":[{"@type":"ReadAction","target":["https:\/\/zakupynaryby.pl\/index.php\/product\/kretliki-potrojne-rozmiar-8\/"]}]},{"@type":"ImageObject","inLanguage":"pl-PL","@id":"https:\/\/zakupynaryby.pl\/index.php\/product\/kretliki-potrojne-rozmiar-8\/#primaryimage","url":"https:\/\/zakupynaryby.pl\/wp-content\/uploads\/2026\/02\/kretlik-POTROJNY.jpg","contentUrl":"https:\/\/zakupynaryby.pl\/wp-content\/uploads\/2026\/02\/kretlik-POTROJNY.jpg","width":128,"height":128},{"@type":"BreadcrumbList","@id":"https:\/\/zakupynaryby.pl\/index.php\/product\/kretliki-potrojne-rozmiar-8\/#breadcrumb","itemListElement":[{"@type":"ListItem","position":1,"name":"Strona g\u0142\u00f3wna","item":"https:\/\/zakupynaryby.pl\/"},{"@type":"ListItem","position":2,"name":"Shop","item":"https:\/\/zakupynaryby.pl\/index.php\/shop\/"},{"@type":"ListItem","position":3,"name":"Kr\u0119tliki potr\u00f3jne rozmiar 8"}]},{"@type":"WebSite","@id":"https:\/\/zakupynaryby.pl\/#website","url":"https:\/\/zakupynaryby.pl\/","name":"Formy w\u0119dkarskie","description":"Formy do odlewania ci\u0119\u017cark&oacute;w w\u0119dkarskich","publisher":{"@id":"https:\/\/zakupynaryby.pl\/#organization"},"potentialAction":[{"@type":"SearchAction","target":{"@type":"EntryPoint","urlTemplate":"https:\/\/zakupynaryby.pl\/?s={search_term_string}"},"query-input":{"@type":"PropertyValueSpecification","valueRequired":true,"valueName":"search_term_string"}}],"inLanguage":"pl-PL"},{"@type":"Organization","@id":"https:\/\/zakupynaryby.pl\/#organization","name":"Formy w\u0119dkarskie","url":"https:\/\/zakupynaryby.pl\/","logo":{"@type":"ImageObject","inLanguage":"pl-PL","@id":"https:\/\/zakupynaryby.pl\/#\/schema\/logo\/image\/","url":"https:\/\/zakupynaryby.pl\/wp-content\/uploads\/2022\/05\/zakupy.jpg","contentUrl":"https:\/\/zakupynaryby.pl\/wp-content\/uploads\/2022\/05\/zakupy.jpg","width":500,"height":153,"caption":"Formy w\u0119dkarskie"},"image":{"@id":"https:\/\/zakupynaryby.pl\/#\/schema\/logo\/image\/"}}]}},"_links":{"self":[{"href":"https:\/\/zakupynaryby.pl\/index.php\/wp-json\/wp\/v2\/product\/7416","targetHints":{"allow":["GET"]}}],"collection":[{"href":"https:\/\/zakupynaryby.pl\/index.php\/wp-json\/wp\/v2\/product"}],"about":[{"href":"https:\/\/zakupynaryby.pl\/index.php\/wp-json\/wp\/v2\/types\/product"}],"wp:featuredmedia":[{"embeddable":true,"href":"https:\/\/zakupynaryby.pl\/index.php\/wp-json\/wp\/v2\/media\/7418"}],"wp:attachment":[{"href":"https:\/\/zakupynaryby.pl\/index.php\/wp-json\/wp\/v2\/media?parent=7416"}],"wp:term":[{"taxonomy":"product_brand","embeddable":true,"href":"https:\/\/zakupynaryby.pl\/index.php\/wp-json\/wp\/v2\/product_brand?post=7416"},{"taxonomy":"product_cat","embeddable":true,"href":"https:\/\/zakupynaryby.pl\/index.php\/wp-json\/wp\/v2\/product_cat?post=7416"},{"taxonomy":"product_tag","embeddable":true,"href":"https:\/\/zakupynaryby.pl\/index.php\/wp-json\/wp\/v2\/product_tag?post=7416"}],"curies":[{"name":"wp","href":"https:\/\/api.w.org\/{rel}","templated":true}]}}