{"id":812,"date":"2022-05-19T07:52:45","date_gmt":"2022-05-19T07:52:45","guid":{"rendered":"https:\/\/www.zakupynaryby.pl\/?post_type=product&#038;p=812"},"modified":"2026-01-14T18:42:56","modified_gmt":"2026-01-14T17:42:56","slug":"pilkery-banany","status":"publish","type":"product","link":"https:\/\/zakupynaryby.pl\/index.php\/product\/pilkery-banany\/","title":{"rendered":"Pilkery banany na dorsza halibuta <br> 80 100 120 150 260 400 450 gr."},"content":{"rendered":"<p>Pilkery banany na dorsza halibuta czarniaka.<\/p>\n<p>Gramatura: 80 100 120 150 260 400 450 gr.<\/p>\n<p>oczka-uszy ze stali nierdzewnej.<\/p>\n<p>Przydatne akcesoria:<\/p>\n<p><a href=\"https:\/\/zakupynaryby.pl\/index.php\/product\/kotwica-vmc-9617km-perma-steel-rozmiar-6-0-1-sztuka\/\">Kotwica 6\/0 <\/a><\/p>\n<p><a href=\"https:\/\/zakupynaryby.pl\/index.php\/product\/kolka-lacznikowe-12mm-30-kg-20szt\/\">Pier\u015bcienie<\/a><\/p>\n","protected":false},"excerpt":{"rendered":"<p><strong>Gramatura: 80 100 120 150 260 400 450 gr.<\/strong><\/p>\n<p><strong>oczka-uszy ze stali nierdzewnej.<\/strong><\/p>\n<p><strong>Przydatne akcesoria:<\/strong><\/p>\n<p><a href=\"https:\/\/zakupynaryby.pl\/index.php\/product\/kotwica-vmc-9617km-perma-steel-rozmiar-6-0-1-sztuka\/\">Kotwica 6\/0 <\/a><\/p>\n<p><a href=\"https:\/\/zakupynaryby.pl\/index.php\/product\/kolka-lacznikowe-12mm-30-kg-20szt\/\">Pier\u015bcienie<\/a><\/p>\n","protected":false},"featured_media":2657,"template":"","meta":[],"product_brand":[],"product_cat":[64,37,16],"product_tag":[],"class_list":{"0":"post-812","1":"product","2":"type-product","3":"status-publish","4":"has-post-thumbnail","6":"product_cat-pilkery","7":"product_cat-ciezarki-wedkarskie","8":"product_cat-wszystkie-produkty","10":"first","11":"instock","12":"shipping-taxable","13":"purchasable","14":"product-type-variable"},"yoast_head":"<!-- This site is optimized with the Yoast SEO plugin v27.3 - https:\/\/yoast.com\/product\/yoast-seo-wordpress\/ -->\n<title>Pilkery banany<\/title>\n<meta name=\"description\" content=\"Pilkery banany na dorsza halibuta czarniaka.\u00a0Gramatura: 80 100 120 150 260 400 450 gr.oczka-uszy ze stali nierdzewnej.Przydatne akcesoria:\u00a0Kotwica 6\/0\" \/>\n<meta name=\"robots\" content=\"index, follow, max-snippet:-1, max-image-preview:large, max-video-preview:-1\" \/>\n<link rel=\"canonical\" href=\"https:\/\/zakupynaryby.pl\/index.php\/product\/pilkery-banany\/\" \/>\n<meta property=\"og:locale\" content=\"pl_PL\" \/>\n<meta property=\"og:type\" content=\"article\" \/>\n<meta property=\"og:title\" content=\"Pilkery banany\" \/>\n<meta property=\"og:description\" content=\"Pilkery banany na dorsza halibuta czarniaka.\u00a0Gramatura: 80 100 120 150 260 400 450 gr.oczka-uszy ze stali nierdzewnej.Przydatne akcesoria:\u00a0Kotwica 6\/0\" \/>\n<meta property=\"og:url\" content=\"https:\/\/zakupynaryby.pl\/index.php\/product\/pilkery-banany\/\" \/>\n<meta property=\"og:site_name\" content=\"Formy w\u0119dkarskie\" \/>\n<meta property=\"article:modified_time\" content=\"2026-01-14T17:42:56+00:00\" \/>\n<meta property=\"og:image\" content=\"https:\/\/zakupynaryby.pl\/wp-content\/uploads\/2022\/05\/p1-e1735305778165.jpg\" \/>\n\t<meta property=\"og:image:width\" content=\"550\" \/>\n\t<meta property=\"og:image:height\" content=\"515\" \/>\n\t<meta property=\"og:image:type\" content=\"image\/jpeg\" \/>\n<meta name=\"twitter:card\" content=\"summary_large_image\" \/>\n<meta name=\"twitter:label1\" content=\"Szacowany czas czytania\" \/>\n\t<meta name=\"twitter:data1\" content=\"1 minuta\" \/>\n<script type=\"application\/ld+json\" class=\"yoast-schema-graph\">{\"@context\":\"https:\\\/\\\/schema.org\",\"@graph\":[{\"@type\":\"WebPage\",\"@id\":\"https:\\\/\\\/zakupynaryby.pl\\\/index.php\\\/product\\\/pilkery-banany\\\/\",\"url\":\"https:\\\/\\\/zakupynaryby.pl\\\/index.php\\\/product\\\/pilkery-banany\\\/\",\"name\":\"Pilkery banany\",\"isPartOf\":{\"@id\":\"https:\\\/\\\/zakupynaryby.pl\\\/#website\"},\"primaryImageOfPage\":{\"@id\":\"https:\\\/\\\/zakupynaryby.pl\\\/index.php\\\/product\\\/pilkery-banany\\\/#primaryimage\"},\"image\":{\"@id\":\"https:\\\/\\\/zakupynaryby.pl\\\/index.php\\\/product\\\/pilkery-banany\\\/#primaryimage\"},\"thumbnailUrl\":\"https:\\\/\\\/zakupynaryby.pl\\\/wp-content\\\/uploads\\\/2022\\\/05\\\/p1-e1735305778165.jpg\",\"datePublished\":\"2022-05-19T07:52:45+00:00\",\"dateModified\":\"2026-01-14T17:42:56+00:00\",\"description\":\"Pilkery banany na dorsza halibuta czarniaka.\u00a0Gramatura: 80 100 120 150 260 400 450 gr.oczka-uszy ze stali nierdzewnej.Przydatne akcesoria:\u00a0Kotwica 6\\\/0\",\"breadcrumb\":{\"@id\":\"https:\\\/\\\/zakupynaryby.pl\\\/index.php\\\/product\\\/pilkery-banany\\\/#breadcrumb\"},\"inLanguage\":\"pl-PL\",\"potentialAction\":[{\"@type\":\"ReadAction\",\"target\":[\"https:\\\/\\\/zakupynaryby.pl\\\/index.php\\\/product\\\/pilkery-banany\\\/\"]}]},{\"@type\":\"ImageObject\",\"inLanguage\":\"pl-PL\",\"@id\":\"https:\\\/\\\/zakupynaryby.pl\\\/index.php\\\/product\\\/pilkery-banany\\\/#primaryimage\",\"url\":\"https:\\\/\\\/zakupynaryby.pl\\\/wp-content\\\/uploads\\\/2022\\\/05\\\/p1-e1735305778165.jpg\",\"contentUrl\":\"https:\\\/\\\/zakupynaryby.pl\\\/wp-content\\\/uploads\\\/2022\\\/05\\\/p1-e1735305778165.jpg\",\"width\":550,\"height\":515,\"caption\":\"pilkery na dorsza\"},{\"@type\":\"BreadcrumbList\",\"@id\":\"https:\\\/\\\/zakupynaryby.pl\\\/index.php\\\/product\\\/pilkery-banany\\\/#breadcrumb\",\"itemListElement\":[{\"@type\":\"ListItem\",\"position\":1,\"name\":\"Strona g\u0142\u00f3wna\",\"item\":\"https:\\\/\\\/zakupynaryby.pl\\\/\"},{\"@type\":\"ListItem\",\"position\":2,\"name\":\"Shop\",\"item\":\"https:\\\/\\\/zakupynaryby.pl\\\/index.php\\\/shop\\\/\"},{\"@type\":\"ListItem\",\"position\":3,\"name\":\"Pilkery banany na dorsza halibuta 80 100 120 150 260 400 450 gr.\"}]},{\"@type\":\"WebSite\",\"@id\":\"https:\\\/\\\/zakupynaryby.pl\\\/#website\",\"url\":\"https:\\\/\\\/zakupynaryby.pl\\\/\",\"name\":\"Formy w\u0119dkarskie\",\"description\":\"Formy do odlewania ci\u0119\u017cark&oacute;w w\u0119dkarskich\",\"publisher\":{\"@id\":\"https:\\\/\\\/zakupynaryby.pl\\\/#organization\"},\"potentialAction\":[{\"@type\":\"SearchAction\",\"target\":{\"@type\":\"EntryPoint\",\"urlTemplate\":\"https:\\\/\\\/zakupynaryby.pl\\\/?s={search_term_string}\"},\"query-input\":{\"@type\":\"PropertyValueSpecification\",\"valueRequired\":true,\"valueName\":\"search_term_string\"}}],\"inLanguage\":\"pl-PL\"},{\"@type\":\"Organization\",\"@id\":\"https:\\\/\\\/zakupynaryby.pl\\\/#organization\",\"name\":\"Formy w\u0119dkarskie\",\"url\":\"https:\\\/\\\/zakupynaryby.pl\\\/\",\"logo\":{\"@type\":\"ImageObject\",\"inLanguage\":\"pl-PL\",\"@id\":\"https:\\\/\\\/zakupynaryby.pl\\\/#\\\/schema\\\/logo\\\/image\\\/\",\"url\":\"https:\\\/\\\/zakupynaryby.pl\\\/wp-content\\\/uploads\\\/2022\\\/05\\\/zakupy.jpg\",\"contentUrl\":\"https:\\\/\\\/zakupynaryby.pl\\\/wp-content\\\/uploads\\\/2022\\\/05\\\/zakupy.jpg\",\"width\":500,\"height\":153,\"caption\":\"Formy w\u0119dkarskie\"},\"image\":{\"@id\":\"https:\\\/\\\/zakupynaryby.pl\\\/#\\\/schema\\\/logo\\\/image\\\/\"}}]}<\/script>\n<!-- \/ Yoast SEO plugin. -->","yoast_head_json":{"title":"Pilkery banany","description":"Pilkery banany na dorsza halibuta czarniaka.\u00a0Gramatura: 80 100 120 150 260 400 450 gr.oczka-uszy ze stali nierdzewnej.Przydatne akcesoria:\u00a0Kotwica 6\/0","robots":{"index":"index","follow":"follow","max-snippet":"max-snippet:-1","max-image-preview":"max-image-preview:large","max-video-preview":"max-video-preview:-1"},"canonical":"https:\/\/zakupynaryby.pl\/index.php\/product\/pilkery-banany\/","og_locale":"pl_PL","og_type":"article","og_title":"Pilkery banany","og_description":"Pilkery banany na dorsza halibuta czarniaka.\u00a0Gramatura: 80 100 120 150 260 400 450 gr.oczka-uszy ze stali nierdzewnej.Przydatne akcesoria:\u00a0Kotwica 6\/0","og_url":"https:\/\/zakupynaryby.pl\/index.php\/product\/pilkery-banany\/","og_site_name":"Formy w\u0119dkarskie","article_modified_time":"2026-01-14T17:42:56+00:00","og_image":[{"width":550,"height":515,"url":"https:\/\/zakupynaryby.pl\/wp-content\/uploads\/2022\/05\/p1-e1735305778165.jpg","type":"image\/jpeg"}],"twitter_card":"summary_large_image","twitter_misc":{"Szacowany czas czytania":"1 minuta"},"schema":{"@context":"https:\/\/schema.org","@graph":[{"@type":"WebPage","@id":"https:\/\/zakupynaryby.pl\/index.php\/product\/pilkery-banany\/","url":"https:\/\/zakupynaryby.pl\/index.php\/product\/pilkery-banany\/","name":"Pilkery banany","isPartOf":{"@id":"https:\/\/zakupynaryby.pl\/#website"},"primaryImageOfPage":{"@id":"https:\/\/zakupynaryby.pl\/index.php\/product\/pilkery-banany\/#primaryimage"},"image":{"@id":"https:\/\/zakupynaryby.pl\/index.php\/product\/pilkery-banany\/#primaryimage"},"thumbnailUrl":"https:\/\/zakupynaryby.pl\/wp-content\/uploads\/2022\/05\/p1-e1735305778165.jpg","datePublished":"2022-05-19T07:52:45+00:00","dateModified":"2026-01-14T17:42:56+00:00","description":"Pilkery banany na dorsza halibuta czarniaka.\u00a0Gramatura: 80 100 120 150 260 400 450 gr.oczka-uszy ze stali nierdzewnej.Przydatne akcesoria:\u00a0Kotwica 6\/0","breadcrumb":{"@id":"https:\/\/zakupynaryby.pl\/index.php\/product\/pilkery-banany\/#breadcrumb"},"inLanguage":"pl-PL","potentialAction":[{"@type":"ReadAction","target":["https:\/\/zakupynaryby.pl\/index.php\/product\/pilkery-banany\/"]}]},{"@type":"ImageObject","inLanguage":"pl-PL","@id":"https:\/\/zakupynaryby.pl\/index.php\/product\/pilkery-banany\/#primaryimage","url":"https:\/\/zakupynaryby.pl\/wp-content\/uploads\/2022\/05\/p1-e1735305778165.jpg","contentUrl":"https:\/\/zakupynaryby.pl\/wp-content\/uploads\/2022\/05\/p1-e1735305778165.jpg","width":550,"height":515,"caption":"pilkery na dorsza"},{"@type":"BreadcrumbList","@id":"https:\/\/zakupynaryby.pl\/index.php\/product\/pilkery-banany\/#breadcrumb","itemListElement":[{"@type":"ListItem","position":1,"name":"Strona g\u0142\u00f3wna","item":"https:\/\/zakupynaryby.pl\/"},{"@type":"ListItem","position":2,"name":"Shop","item":"https:\/\/zakupynaryby.pl\/index.php\/shop\/"},{"@type":"ListItem","position":3,"name":"Pilkery banany na dorsza halibuta 80 100 120 150 260 400 450 gr."}]},{"@type":"WebSite","@id":"https:\/\/zakupynaryby.pl\/#website","url":"https:\/\/zakupynaryby.pl\/","name":"Formy w\u0119dkarskie","description":"Formy do odlewania ci\u0119\u017cark&oacute;w w\u0119dkarskich","publisher":{"@id":"https:\/\/zakupynaryby.pl\/#organization"},"potentialAction":[{"@type":"SearchAction","target":{"@type":"EntryPoint","urlTemplate":"https:\/\/zakupynaryby.pl\/?s={search_term_string}"},"query-input":{"@type":"PropertyValueSpecification","valueRequired":true,"valueName":"search_term_string"}}],"inLanguage":"pl-PL"},{"@type":"Organization","@id":"https:\/\/zakupynaryby.pl\/#organization","name":"Formy w\u0119dkarskie","url":"https:\/\/zakupynaryby.pl\/","logo":{"@type":"ImageObject","inLanguage":"pl-PL","@id":"https:\/\/zakupynaryby.pl\/#\/schema\/logo\/image\/","url":"https:\/\/zakupynaryby.pl\/wp-content\/uploads\/2022\/05\/zakupy.jpg","contentUrl":"https:\/\/zakupynaryby.pl\/wp-content\/uploads\/2022\/05\/zakupy.jpg","width":500,"height":153,"caption":"Formy w\u0119dkarskie"},"image":{"@id":"https:\/\/zakupynaryby.pl\/#\/schema\/logo\/image\/"}}]}},"_links":{"self":[{"href":"https:\/\/zakupynaryby.pl\/index.php\/wp-json\/wp\/v2\/product\/812","targetHints":{"allow":["GET"]}}],"collection":[{"href":"https:\/\/zakupynaryby.pl\/index.php\/wp-json\/wp\/v2\/product"}],"about":[{"href":"https:\/\/zakupynaryby.pl\/index.php\/wp-json\/wp\/v2\/types\/product"}],"wp:featuredmedia":[{"embeddable":true,"href":"https:\/\/zakupynaryby.pl\/index.php\/wp-json\/wp\/v2\/media\/2657"}],"wp:attachment":[{"href":"https:\/\/zakupynaryby.pl\/index.php\/wp-json\/wp\/v2\/media?parent=812"}],"wp:term":[{"taxonomy":"product_brand","embeddable":true,"href":"https:\/\/zakupynaryby.pl\/index.php\/wp-json\/wp\/v2\/product_brand?post=812"},{"taxonomy":"product_cat","embeddable":true,"href":"https:\/\/zakupynaryby.pl\/index.php\/wp-json\/wp\/v2\/product_cat?post=812"},{"taxonomy":"product_tag","embeddable":true,"href":"https:\/\/zakupynaryby.pl\/index.php\/wp-json\/wp\/v2\/product_tag?post=812"}],"curies":[{"name":"wp","href":"https:\/\/api.w.org\/{rel}","templated":true}]}}