{"id":964,"date":"2022-05-20T11:07:18","date_gmt":"2022-05-20T09:07:18","guid":{"rendered":"https:\/\/www.zakupynaryby.pl\/?post_type=product&#038;p=964"},"modified":"2026-04-09T21:03:52","modified_gmt":"2026-04-09T19:03:52","slug":"forma-187-40-50-60-70-gram","status":"publish","type":"product","link":"https:\/\/zakupynaryby.pl\/index.php\/product\/forma-187-40-50-60-70-gram\/","title":{"rendered":"Forma w\u0119dkarska 187 <br> ( 40 50 60 70 gr. )"},"content":{"rendered":"<p>Forma w\u0119dkarska do odlewania okr\u0105g\u0142ych g\u0142\u00f3wek, stosowanych do wyrobu kogut\u00f3w lub jig\u00f3w spr\u0119\u017cynowych.<\/p>\n<p>Gramatura g\u0142\u00f3wek: 40 50 60 70 gr.<\/p>\n<p>Do zastosowania przy wykonywaniu kogut\u00f3w &#8211; drut o \u015brednicy 1,0 mm.<\/p>\n<p>Przy odlewaniu jig-\u00f3w spr\u0119\u017cynowych &#8211; spr\u0119\u017cyna typu S1 oraz oczka w rozmiarze &#8222;ma\u0142e&#8221;<\/p>\n<p>&nbsp;<\/p>\n<p><strong>Uwaga dotycz\u0105ca bezpiecze\u0144stwa produktu<\/strong>:<\/p>\n<ul>\n<li>\u2022 Nigdy nie zalewaj mokrej formy.<br \/>\n\u2022 U\u017cywaj okular\u00f3w ochronnych i r\u0119kawic termicznych.<br \/>\n\u2022 Zapewnij odpowiedni\u0105 wentylacj\u0119 w pomieszczeniu pracy.<\/li>\n<\/ul>\n","protected":false},"excerpt":{"rendered":"<p>Forma w\u0119dkarska do odlewania okr\u0105g\u0142ych g\u0142\u00f3wek, stosowanych do wyrobu kogut\u00f3w lub jig\u00f3w spr\u0119\u017cynowych.<\/p>\n<p>Gramatura g\u0142\u00f3wek: 40 50 60 70 gr.<\/p>\n<p>Do zastosowania przy wykonywaniu kogut\u00f3w &#8211; drut o \u015brednicy 1,0 mm.<\/p>\n<p>Przy odlewaniu jig-\u00f3w spr\u0119\u017cynowych &#8211; spr\u0119\u017cyna typu S1 oraz oczka w rozmiarze &#8222;ma\u0142e&#8221;<\/p>\n","protected":false},"featured_media":2935,"template":"","meta":[],"product_brand":[],"product_cat":[55,57,58,44,78,16],"product_tag":[],"class_list":{"0":"post-964","1":"product","2":"type-product","3":"status-publish","4":"has-post-thumbnail","6":"product_cat-jigi","7":"product_cat-koguty","8":"product_cat-morskie","9":"product_cat-formy-ciezarkow","10":"product_cat-formy-wedkarskie","11":"product_cat-wszystkie-produkty","13":"first","14":"instock","15":"sold-individually","16":"shipping-taxable","17":"purchasable","18":"product-type-simple"},"yoast_head":"<!-- This site is optimized with the Yoast SEO plugin v27.5 - https:\/\/yoast.com\/product\/yoast-seo-wordpress\/ -->\n<title>Forma w\u0119dkarska 187  ( 40 50 60 70 gr. ) - Formy w\u0119dkarskie<\/title>\n<meta name=\"robots\" content=\"index, follow, max-snippet:-1, max-image-preview:large, max-video-preview:-1\" \/>\n<link rel=\"canonical\" href=\"https:\/\/zakupynaryby.pl\/index.php\/product\/forma-187-40-50-60-70-gram\/\" \/>\n<meta property=\"og:locale\" content=\"pl_PL\" \/>\n<meta property=\"og:type\" content=\"article\" \/>\n<meta property=\"og:title\" content=\"Forma w\u0119dkarska 187  ( 40 50 60 70 gr. ) - Formy w\u0119dkarskie\" \/>\n<meta property=\"og:description\" content=\"Forma w\u0119dkarska do odlewania okr\u0105g\u0142ych g\u0142\u00f3wek, stosowanych do wyrobu kogut\u00f3w lub jig\u00f3w spr\u0119\u017cynowych.  Gramatura g\u0142\u00f3wek: 40 50 60 70 gr.  Do zastosowania przy wykonywaniu kogut\u00f3w - drut o \u015brednicy 1,0 mm.  Przy odlewaniu jig-\u00f3w spr\u0119\u017cynowych - spr\u0119\u017cyna typu S1 oraz oczka w rozmiarze &quot;ma\u0142e&quot;\" \/>\n<meta property=\"og:url\" content=\"https:\/\/zakupynaryby.pl\/index.php\/product\/forma-187-40-50-60-70-gram\/\" \/>\n<meta property=\"og:site_name\" content=\"Formy w\u0119dkarskie\" \/>\n<meta property=\"article:modified_time\" content=\"2026-04-09T19:03:52+00:00\" \/>\n<meta property=\"og:image\" content=\"https:\/\/zakupynaryby.pl\/wp-content\/uploads\/2022\/05\/f187-e1735302495998.jpg\" \/>\n\t<meta property=\"og:image:width\" content=\"550\" \/>\n\t<meta property=\"og:image:height\" content=\"525\" \/>\n\t<meta property=\"og:image:type\" content=\"image\/jpeg\" \/>\n<meta name=\"twitter:card\" content=\"summary_large_image\" \/>\n<meta name=\"twitter:label1\" content=\"Szacowany czas czytania\" \/>\n\t<meta name=\"twitter:data1\" content=\"1 minuta\" \/>\n<script type=\"application\/ld+json\" class=\"yoast-schema-graph\">{\"@context\":\"https:\\\/\\\/schema.org\",\"@graph\":[{\"@type\":\"WebPage\",\"@id\":\"https:\\\/\\\/zakupynaryby.pl\\\/index.php\\\/product\\\/forma-187-40-50-60-70-gram\\\/\",\"url\":\"https:\\\/\\\/zakupynaryby.pl\\\/index.php\\\/product\\\/forma-187-40-50-60-70-gram\\\/\",\"name\":\"Forma w\u0119dkarska 187 ( 40 50 60 70 gr. ) - Formy w\u0119dkarskie\",\"isPartOf\":{\"@id\":\"https:\\\/\\\/zakupynaryby.pl\\\/#website\"},\"primaryImageOfPage\":{\"@id\":\"https:\\\/\\\/zakupynaryby.pl\\\/index.php\\\/product\\\/forma-187-40-50-60-70-gram\\\/#primaryimage\"},\"image\":{\"@id\":\"https:\\\/\\\/zakupynaryby.pl\\\/index.php\\\/product\\\/forma-187-40-50-60-70-gram\\\/#primaryimage\"},\"thumbnailUrl\":\"https:\\\/\\\/zakupynaryby.pl\\\/wp-content\\\/uploads\\\/2022\\\/05\\\/f187-e1735302495998.jpg\",\"datePublished\":\"2022-05-20T09:07:18+00:00\",\"dateModified\":\"2026-04-09T19:03:52+00:00\",\"breadcrumb\":{\"@id\":\"https:\\\/\\\/zakupynaryby.pl\\\/index.php\\\/product\\\/forma-187-40-50-60-70-gram\\\/#breadcrumb\"},\"inLanguage\":\"pl-PL\",\"potentialAction\":[{\"@type\":\"ReadAction\",\"target\":[\"https:\\\/\\\/zakupynaryby.pl\\\/index.php\\\/product\\\/forma-187-40-50-60-70-gram\\\/\"]}]},{\"@type\":\"ImageObject\",\"inLanguage\":\"pl-PL\",\"@id\":\"https:\\\/\\\/zakupynaryby.pl\\\/index.php\\\/product\\\/forma-187-40-50-60-70-gram\\\/#primaryimage\",\"url\":\"https:\\\/\\\/zakupynaryby.pl\\\/wp-content\\\/uploads\\\/2022\\\/05\\\/f187-e1735302495998.jpg\",\"contentUrl\":\"https:\\\/\\\/zakupynaryby.pl\\\/wp-content\\\/uploads\\\/2022\\\/05\\\/f187-e1735302495998.jpg\",\"width\":550,\"height\":525,\"caption\":\"forma w\u0119dkarska do jig\u00f3w 187\"},{\"@type\":\"BreadcrumbList\",\"@id\":\"https:\\\/\\\/zakupynaryby.pl\\\/index.php\\\/product\\\/forma-187-40-50-60-70-gram\\\/#breadcrumb\",\"itemListElement\":[{\"@type\":\"ListItem\",\"position\":1,\"name\":\"Strona g\u0142\u00f3wna\",\"item\":\"https:\\\/\\\/zakupynaryby.pl\\\/\"},{\"@type\":\"ListItem\",\"position\":2,\"name\":\"Shop\",\"item\":\"https:\\\/\\\/zakupynaryby.pl\\\/index.php\\\/shop\\\/\"},{\"@type\":\"ListItem\",\"position\":3,\"name\":\"Forma w\u0119dkarska 187 ( 40 50 60 70 gr. )\"}]},{\"@type\":\"WebSite\",\"@id\":\"https:\\\/\\\/zakupynaryby.pl\\\/#website\",\"url\":\"https:\\\/\\\/zakupynaryby.pl\\\/\",\"name\":\"Formy w\u0119dkarskie\",\"description\":\"Formy do odlewania ci\u0119\u017cark&oacute;w w\u0119dkarskich\",\"publisher\":{\"@id\":\"https:\\\/\\\/zakupynaryby.pl\\\/#organization\"},\"potentialAction\":[{\"@type\":\"SearchAction\",\"target\":{\"@type\":\"EntryPoint\",\"urlTemplate\":\"https:\\\/\\\/zakupynaryby.pl\\\/?s={search_term_string}\"},\"query-input\":{\"@type\":\"PropertyValueSpecification\",\"valueRequired\":true,\"valueName\":\"search_term_string\"}}],\"inLanguage\":\"pl-PL\"},{\"@type\":\"Organization\",\"@id\":\"https:\\\/\\\/zakupynaryby.pl\\\/#organization\",\"name\":\"Formy w\u0119dkarskie\",\"url\":\"https:\\\/\\\/zakupynaryby.pl\\\/\",\"logo\":{\"@type\":\"ImageObject\",\"inLanguage\":\"pl-PL\",\"@id\":\"https:\\\/\\\/zakupynaryby.pl\\\/#\\\/schema\\\/logo\\\/image\\\/\",\"url\":\"https:\\\/\\\/zakupynaryby.pl\\\/wp-content\\\/uploads\\\/2022\\\/05\\\/zakupy.jpg\",\"contentUrl\":\"https:\\\/\\\/zakupynaryby.pl\\\/wp-content\\\/uploads\\\/2022\\\/05\\\/zakupy.jpg\",\"width\":500,\"height\":153,\"caption\":\"Formy w\u0119dkarskie\"},\"image\":{\"@id\":\"https:\\\/\\\/zakupynaryby.pl\\\/#\\\/schema\\\/logo\\\/image\\\/\"}}]}<\/script>\n<!-- \/ Yoast SEO plugin. -->","yoast_head_json":{"title":"Forma w\u0119dkarska 187  ( 40 50 60 70 gr. ) - Formy w\u0119dkarskie","robots":{"index":"index","follow":"follow","max-snippet":"max-snippet:-1","max-image-preview":"max-image-preview:large","max-video-preview":"max-video-preview:-1"},"canonical":"https:\/\/zakupynaryby.pl\/index.php\/product\/forma-187-40-50-60-70-gram\/","og_locale":"pl_PL","og_type":"article","og_title":"Forma w\u0119dkarska 187  ( 40 50 60 70 gr. ) - Formy w\u0119dkarskie","og_description":"Forma w\u0119dkarska do odlewania okr\u0105g\u0142ych g\u0142\u00f3wek, stosowanych do wyrobu kogut\u00f3w lub jig\u00f3w spr\u0119\u017cynowych.  Gramatura g\u0142\u00f3wek: 40 50 60 70 gr.  Do zastosowania przy wykonywaniu kogut\u00f3w - drut o \u015brednicy 1,0 mm.  Przy odlewaniu jig-\u00f3w spr\u0119\u017cynowych - spr\u0119\u017cyna typu S1 oraz oczka w rozmiarze \"ma\u0142e\"","og_url":"https:\/\/zakupynaryby.pl\/index.php\/product\/forma-187-40-50-60-70-gram\/","og_site_name":"Formy w\u0119dkarskie","article_modified_time":"2026-04-09T19:03:52+00:00","og_image":[{"width":550,"height":525,"url":"https:\/\/zakupynaryby.pl\/wp-content\/uploads\/2022\/05\/f187-e1735302495998.jpg","type":"image\/jpeg"}],"twitter_card":"summary_large_image","twitter_misc":{"Szacowany czas czytania":"1 minuta"},"schema":{"@context":"https:\/\/schema.org","@graph":[{"@type":"WebPage","@id":"https:\/\/zakupynaryby.pl\/index.php\/product\/forma-187-40-50-60-70-gram\/","url":"https:\/\/zakupynaryby.pl\/index.php\/product\/forma-187-40-50-60-70-gram\/","name":"Forma w\u0119dkarska 187 ( 40 50 60 70 gr. ) - Formy w\u0119dkarskie","isPartOf":{"@id":"https:\/\/zakupynaryby.pl\/#website"},"primaryImageOfPage":{"@id":"https:\/\/zakupynaryby.pl\/index.php\/product\/forma-187-40-50-60-70-gram\/#primaryimage"},"image":{"@id":"https:\/\/zakupynaryby.pl\/index.php\/product\/forma-187-40-50-60-70-gram\/#primaryimage"},"thumbnailUrl":"https:\/\/zakupynaryby.pl\/wp-content\/uploads\/2022\/05\/f187-e1735302495998.jpg","datePublished":"2022-05-20T09:07:18+00:00","dateModified":"2026-04-09T19:03:52+00:00","breadcrumb":{"@id":"https:\/\/zakupynaryby.pl\/index.php\/product\/forma-187-40-50-60-70-gram\/#breadcrumb"},"inLanguage":"pl-PL","potentialAction":[{"@type":"ReadAction","target":["https:\/\/zakupynaryby.pl\/index.php\/product\/forma-187-40-50-60-70-gram\/"]}]},{"@type":"ImageObject","inLanguage":"pl-PL","@id":"https:\/\/zakupynaryby.pl\/index.php\/product\/forma-187-40-50-60-70-gram\/#primaryimage","url":"https:\/\/zakupynaryby.pl\/wp-content\/uploads\/2022\/05\/f187-e1735302495998.jpg","contentUrl":"https:\/\/zakupynaryby.pl\/wp-content\/uploads\/2022\/05\/f187-e1735302495998.jpg","width":550,"height":525,"caption":"forma w\u0119dkarska do jig\u00f3w 187"},{"@type":"BreadcrumbList","@id":"https:\/\/zakupynaryby.pl\/index.php\/product\/forma-187-40-50-60-70-gram\/#breadcrumb","itemListElement":[{"@type":"ListItem","position":1,"name":"Strona g\u0142\u00f3wna","item":"https:\/\/zakupynaryby.pl\/"},{"@type":"ListItem","position":2,"name":"Shop","item":"https:\/\/zakupynaryby.pl\/index.php\/shop\/"},{"@type":"ListItem","position":3,"name":"Forma w\u0119dkarska 187 ( 40 50 60 70 gr. )"}]},{"@type":"WebSite","@id":"https:\/\/zakupynaryby.pl\/#website","url":"https:\/\/zakupynaryby.pl\/","name":"Formy w\u0119dkarskie","description":"Formy do odlewania ci\u0119\u017cark&oacute;w w\u0119dkarskich","publisher":{"@id":"https:\/\/zakupynaryby.pl\/#organization"},"potentialAction":[{"@type":"SearchAction","target":{"@type":"EntryPoint","urlTemplate":"https:\/\/zakupynaryby.pl\/?s={search_term_string}"},"query-input":{"@type":"PropertyValueSpecification","valueRequired":true,"valueName":"search_term_string"}}],"inLanguage":"pl-PL"},{"@type":"Organization","@id":"https:\/\/zakupynaryby.pl\/#organization","name":"Formy w\u0119dkarskie","url":"https:\/\/zakupynaryby.pl\/","logo":{"@type":"ImageObject","inLanguage":"pl-PL","@id":"https:\/\/zakupynaryby.pl\/#\/schema\/logo\/image\/","url":"https:\/\/zakupynaryby.pl\/wp-content\/uploads\/2022\/05\/zakupy.jpg","contentUrl":"https:\/\/zakupynaryby.pl\/wp-content\/uploads\/2022\/05\/zakupy.jpg","width":500,"height":153,"caption":"Formy w\u0119dkarskie"},"image":{"@id":"https:\/\/zakupynaryby.pl\/#\/schema\/logo\/image\/"}}]}},"_links":{"self":[{"href":"https:\/\/zakupynaryby.pl\/index.php\/wp-json\/wp\/v2\/product\/964","targetHints":{"allow":["GET"]}}],"collection":[{"href":"https:\/\/zakupynaryby.pl\/index.php\/wp-json\/wp\/v2\/product"}],"about":[{"href":"https:\/\/zakupynaryby.pl\/index.php\/wp-json\/wp\/v2\/types\/product"}],"wp:featuredmedia":[{"embeddable":true,"href":"https:\/\/zakupynaryby.pl\/index.php\/wp-json\/wp\/v2\/media\/2935"}],"wp:attachment":[{"href":"https:\/\/zakupynaryby.pl\/index.php\/wp-json\/wp\/v2\/media?parent=964"}],"wp:term":[{"taxonomy":"product_brand","embeddable":true,"href":"https:\/\/zakupynaryby.pl\/index.php\/wp-json\/wp\/v2\/product_brand?post=964"},{"taxonomy":"product_cat","embeddable":true,"href":"https:\/\/zakupynaryby.pl\/index.php\/wp-json\/wp\/v2\/product_cat?post=964"},{"taxonomy":"product_tag","embeddable":true,"href":"https:\/\/zakupynaryby.pl\/index.php\/wp-json\/wp\/v2\/product_tag?post=964"}],"curies":[{"name":"wp","href":"https:\/\/api.w.org\/{rel}","templated":true}]}}